{"id":15621,"date":"2025-11-26T11:55:40","date_gmt":"2025-11-26T10:55:40","guid":{"rendered":"https:\/\/ptm-mechatronics.com\/?post_type=product&#038;p=15621"},"modified":"2025-12-03T12:48:27","modified_gmt":"2025-12-03T11:48:27","slug":"fasspumpe-fuer-verduennte-saeuren-laugen","status":"publish","type":"product","link":"https:\/\/ptm-mechatronics.com\/pl\/product\/fasspumpe-fuer-verduennte-saeuren-laugen\/","title":{"rendered":"Pompa beczkowa do rozcie\u0144czonych kwas\u00f3w i zasad"},"content":{"rendered":"<h1 data-start=\"227\" data-end=\"303\"><span style=\"font-size: 75%;\">Zestaw pomp beczkowych do rozcie\u0144czonych kwas\u00f3w i zasad, gotowy do natychmiastowego u\u017cycia<\/span><\/h1>\n<p data-start=\"305\" data-end=\"642\">Kompletny zestaw pompy beczkowej zosta\u0142 specjalnie zaprojektowany do bezpiecznego i wygodnego pompowania rozcie\u0144czonych kwas\u00f3w i zasad. Dzi\u0119ki mocnemu silnikowi elektrycznemu, jednostce pompuj\u0105cej i szerokiej gamie akcesori\u00f3w, zestaw mo\u017ce by\u0107 natychmiast u\u017cyty - idealny do u\u017cytku w laboratoriach, produkcji lub warsztatach.<\/p>\n<p data-start=\"644\" data-end=\"1136\">Zesp\u00f3\u0142 pompy jest wykonany z odpornego na chemikalia polipropylenu (PP) z wa\u0142em nap\u0119dowym ze stali nierdzewnej, dzi\u0119ki czemu jest wyj\u0105tkowo trwa\u0142y. Dostarczony wzmocniony w\u0105\u017c PVC (2 m, DN19) ze z\u0142\u0105czem w\u0119\u017ca i zaciskami w\u0119\u017ca ze stali nierdzewnej gwarantuje bezpieczne i szczelne po\u0142\u0105czenie. Dysza dozuj\u0105ca wykonana z PP z uszczelnieniem FPM i elementami ze stali nierdzewnej zapewnia wygodne dozowanie. Adapter beczki PP i praktyczny uchwyt \u015bcienny uzupe\u0142niaj\u0105 zestaw.<\/p>\n<p data-start=\"644\" data-end=\"1136\">Cecha szczeg\u00f3lna: Silnik mo\u017cna od\u0142\u0105czy\u0107 od pompowni bez u\u017cycia narz\u0119dzi i pod\u0142\u0105czy\u0107 do innych pompowni. Oznacza to, \u017ce jeden silnik mo\u017ce by\u0107 elastycznie u\u017cywany z kilkoma jednostkami pompuj\u0105cymi. Dodatkowe komponenty s\u0105 r\u00f3wnie\u017c dost\u0119pne indywidualnie w sklepie - dla maksymalnej modu\u0142owo\u015bci i mo\u017cliwo\u015bci adaptacji.<\/p>\n<p data-start=\"644\" data-end=\"1136\">Elementy zestawu:<\/p>\n<ul>\n<li>Silnik uniwersalny 230 V, 50 Hz, 2,5 A, 520 W, IP24<\/li>\n<li>Zesp\u00f3\u0142 pompy bezuszczelnieniowej, osiowy, polipropylen, wa\u0142 ze stali nierdzewnej (Niro)<\/li>\n<li>Wzmocniony w\u0105\u017c PVC, 2 m, DN19<\/li>\n<li>Z\u0142\u0105cze w\u0119\u017ca PP, DN19<\/li>\n<li>2x opaski zaciskowe ze stali nierdzewnej<\/li>\n<li>Dysza dozuj\u0105ca PP\/FPM\/Niro<\/li>\n<li>Adapter lufy PP<\/li>\n<li>Wspornik \u015bcienny<\/li>\n<\/ul>","protected":false},"excerpt":{"rendered":"<p>Zestaw pompy beczkowej do bezpiecznego nape\u0142niania rozcie\u0144czonych kwas\u00f3w i zasad - w pe\u0142ni wyposa\u017cony i gotowy do natychmiastowego u\u017cycia.<\/p>","protected":false},"featured_media":15655,"comment_status":"closed","ping_status":"closed","template":"","meta":{"_acf_changed":false},"product_brand":[],"product_cat":[3206,3224],"product_tag":[3234,3235,3226,3227,3228,3229,3230,3231,3232,3233],"class_list":{"0":"post-15621","1":"product","2":"type-product","3":"status-publish","4":"has-post-thumbnail","6":"product_cat-pumpentechnik","7":"product_cat-fasspumpen","8":"product_tag-edelstahlwelle-fasspumpe","9":"product_tag-zapfpistole-fpm","10":"product_tag-fasspumpe-set","11":"product_tag-fasspumpen-komplettset","12":"product_tag-labor-fasspumpe","13":"product_tag-fasspumpenset-bs1","14":"product_tag-fasspumpe-verduennte-saeuren","15":"product_tag-fasspumpe-laugen","16":"product_tag-chemiepumpe-set","17":"product_tag-pp-fasspumpensystem","18":"product_shipping_class-karton-paketversand","19":"pa_dichtung-fpm","20":"pa_foerderleistung-30-50-l-min","21":"pa_leistung-520-watt","22":"pa_material-edelstahl","23":"pa_material-polypropylen-pp","24":"pa_material-pvc","25":"pa_schutzart-ip24","26":"pa_spannung-230v","28":"first","29":"instock","30":"taxable","31":"shipping-taxable","32":"purchasable","33":"product-type-simple"},"bundled_by":[],"bundle_stock_status":"instock","bundle_stock_quantity":null,"bundle_virtual":false,"bundle_layout":"","bundle_add_to_cart_form_location":"","bundle_editable_in_cart":false,"bundle_sold_individually_context":"","bundle_item_grouping":"","bundle_min_size":"","bundle_max_size":"","bundle_price":[],"bundled_items":[],"bundle_sell_ids":[],"exclude_global_add_ons":[],"addons":[],"acf":[],"_links":{"self":[{"href":"https:\/\/ptm-mechatronics.com\/pl\/wp-json\/wp\/v2\/product\/15621","targetHints":{"allow":["GET"]}}],"collection":[{"href":"https:\/\/ptm-mechatronics.com\/pl\/wp-json\/wp\/v2\/product"}],"about":[{"href":"https:\/\/ptm-mechatronics.com\/pl\/wp-json\/wp\/v2\/types\/product"}],"replies":[{"embeddable":true,"href":"https:\/\/ptm-mechatronics.com\/pl\/wp-json\/wp\/v2\/comments?post=15621"}],"wp:featuredmedia":[{"embeddable":true,"href":"https:\/\/ptm-mechatronics.com\/pl\/wp-json\/wp\/v2\/media\/15655"}],"wp:attachment":[{"href":"https:\/\/ptm-mechatronics.com\/pl\/wp-json\/wp\/v2\/media?parent=15621"}],"wp:term":[{"taxonomy":"product_brand","embeddable":true,"href":"https:\/\/ptm-mechatronics.com\/pl\/wp-json\/wp\/v2\/product_brand?post=15621"},{"taxonomy":"product_cat","embeddable":true,"href":"https:\/\/ptm-mechatronics.com\/pl\/wp-json\/wp\/v2\/product_cat?post=15621"},{"taxonomy":"product_tag","embeddable":true,"href":"https:\/\/ptm-mechatronics.com\/pl\/wp-json\/wp\/v2\/product_tag?post=15621"}],"curies":[{"name":"wp","href":"https:\/\/api.w.org\/{rel}","templated":true}]}}