{"id":15620,"date":"2025-11-17T08:47:21","date_gmt":"2025-11-17T07:47:21","guid":{"rendered":"https:\/\/ptm-mechatronics.com\/?post_type=product&#038;p=15620"},"modified":"2026-03-09T10:40:32","modified_gmt":"2026-03-09T09:40:32","slug":"pumpwerk-fuer-ibc-container","status":"publish","type":"product","link":"https:\/\/ptm-mechatronics.com\/pl\/product\/pumpwerk-fuer-ibc-container\/","title":{"rendered":"Pompownia kontener\u00f3w IBC"},"content":{"rendered":"<p data-start=\"332\" data-end=\"703\">Jednostka pompuj\u0105ca o d\u0142ugo\u015bci 1000 mm to doskona\u0142e rozszerzenie modu\u0142owej pompy laboratoryjnej do ma\u0142ych pojemnik\u00f3w i kanistr\u00f3w. Idealnie nadaje si\u0119 do nape\u0142niania szerokiej gamy cieczy w \u015brodowiskach laboratoryjnych i produkcyjnych - zar\u00f3wno chemikali\u00f3w, wody, jak i innych medi\u00f3w. Dzi\u0119ki wysokiej jako\u015bci materia\u0142om jednostka pompuj\u0105ca jest wyj\u0105tkowo wytrzyma\u0142a i trwa\u0142a.<\/p>\n<p data-start=\"705\" data-end=\"1074\">Modu\u0142owa konstrukcja umo\u017cliwia \u0142atw\u0105, beznarz\u0119dziow\u0105 instalacj\u0119 odpowiedniego silnika elektrycznego, kt\u00f3ry jest dost\u0119pny osobno. Rura ss\u0105ca wykonana jest z odpornego na chemikalia polipropylenu (PP), wa\u0142 nap\u0119dowy z wytrzyma\u0142ej stali nierdzewnej, a uszczelka z FKM (Viton). Dostarczane kolanko wylotowe z PP zapewnia czysty wylot do docelowego pojemnika.<\/p>\n<p data-start=\"1076\" data-end=\"1237\">Jednostka pompuj\u0105ca jest kompatybilna z systemem pomp laboratoryjnych firmy PTM mechatronics i umo\u017cliwia szybkie prze\u0142\u0105czanie do r\u00f3\u017cnych zastosowa\u0144 lub medi\u00f3w.<\/p>","protected":false},"excerpt":{"rendered":"<p>Jednostka pompuj\u0105ca o d\u0142ugo\u015bci 1000 mm do modu\u0142owego dodawania do pomp laboratoryjnych PTM, materia\u0142y odporne na chemikalia i beznarz\u0119dziowy monta\u017c silnika.<\/p>","protected":false},"featured_media":15883,"comment_status":"closed","ping_status":"closed","template":"","meta":{"_acf_changed":false},"product_brand":[],"product_cat":[3206,3215],"product_tag":[],"class_list":{"0":"post-15620","1":"product","2":"type-product","3":"status-publish","4":"has-post-thumbnail","6":"product_cat-pumpentechnik","7":"product_cat-laborpumpen","8":"product_shipping_class-karton-paketversand","9":"pa_dichtung-fkm","10":"pa_laenge-1000mm","11":"pa_material-edelstahl","12":"pa_material-polypropylen-pp","14":"first","15":"instock","16":"taxable","17":"shipping-taxable","18":"purchasable","19":"product-type-simple"},"bundled_by":[],"bundle_stock_status":"instock","bundle_stock_quantity":null,"bundle_virtual":false,"bundle_layout":"","bundle_add_to_cart_form_location":"","bundle_editable_in_cart":false,"bundle_sold_individually_context":"","bundle_item_grouping":"","bundle_min_size":"","bundle_max_size":"","bundle_price":[],"bundled_items":[],"bundle_sell_ids":[],"exclude_global_add_ons":[],"addons":[],"acf":[],"_links":{"self":[{"href":"https:\/\/ptm-mechatronics.com\/pl\/wp-json\/wp\/v2\/product\/15620","targetHints":{"allow":["GET"]}}],"collection":[{"href":"https:\/\/ptm-mechatronics.com\/pl\/wp-json\/wp\/v2\/product"}],"about":[{"href":"https:\/\/ptm-mechatronics.com\/pl\/wp-json\/wp\/v2\/types\/product"}],"replies":[{"embeddable":true,"href":"https:\/\/ptm-mechatronics.com\/pl\/wp-json\/wp\/v2\/comments?post=15620"}],"wp:featuredmedia":[{"embeddable":true,"href":"https:\/\/ptm-mechatronics.com\/pl\/wp-json\/wp\/v2\/media\/15883"}],"wp:attachment":[{"href":"https:\/\/ptm-mechatronics.com\/pl\/wp-json\/wp\/v2\/media?parent=15620"}],"wp:term":[{"taxonomy":"product_brand","embeddable":true,"href":"https:\/\/ptm-mechatronics.com\/pl\/wp-json\/wp\/v2\/product_brand?post=15620"},{"taxonomy":"product_cat","embeddable":true,"href":"https:\/\/ptm-mechatronics.com\/pl\/wp-json\/wp\/v2\/product_cat?post=15620"},{"taxonomy":"product_tag","embeddable":true,"href":"https:\/\/ptm-mechatronics.com\/pl\/wp-json\/wp\/v2\/product_tag?post=15620"}],"curies":[{"name":"wp","href":"https:\/\/api.w.org\/{rel}","templated":true}]}}