{"id":15618,"date":"2025-11-14T13:52:53","date_gmt":"2025-11-14T12:52:53","guid":{"rendered":"https:\/\/ptm-mechatronics.com\/?post_type=product&#038;p=15618"},"modified":"2026-03-09T11:10:03","modified_gmt":"2026-03-09T10:10:03","slug":"laborpumpe-fuer-ibc-container","status":"publish","type":"product","link":"https:\/\/ptm-mechatronics.com\/pl\/product\/laborpumpe-fuer-ibc-container\/","title":{"rendered":"Pompa laboratoryjna do pojemnik\u00f3w IBC"},"content":{"rendered":"<p data-start=\"344\" data-end=\"712\">Ta elektryczna pompa laboratoryjna do pojemnik\u00f3w IBC jest idealnym rozwi\u0105zaniem do czystego i wydajnego nape\u0142niania szerokiej gamy p\u0142yn\u00f3w w laboratorium lub w produkcji. W przeciwie\u0144stwie do klasycznych pomp r\u0119cznych, model ten jest wyposa\u017cony w mocny silnik elektryczny o mocy 130 W, kt\u00f3ry gwarantuje sta\u0142\u0105 wydajno\u015b\u0107 i wygodn\u0105 obs\u0142ug\u0119.<\/p>\n<p data-start=\"714\" data-end=\"1003\">Cecha szczeg\u00f3lna: Silnik mo\u017cna od\u0142\u0105czy\u0107 od pompowni bez u\u017cycia narz\u0119dzi i pod\u0142\u0105czy\u0107 do innych pompowni. Oznacza to, \u017ce jeden silnik mo\u017ce by\u0107 elastycznie u\u017cywany z kilkoma jednostkami pompuj\u0105cymi. Dodatkowe komponenty s\u0105 r\u00f3wnie\u017c dost\u0119pne indywidualnie w sklepie - dla maksymalnej modu\u0142owo\u015bci i mo\u017cliwo\u015bci adaptacji.<\/p>\n<h4 data-start=\"1005\" data-end=\"1038\">Sk\u0142adniki zestawu:<\/h4>\n<ul>\n<li data-start=\"1041\" data-end=\"1064\">Pompownia (1000 mm)<\/li>\n<li data-start=\"1041\" data-end=\"1064\">Rura ss\u0105ca wykonana z PP (polipropylen)<\/li>\n<li data-start=\"1106\" data-end=\"1139\">Wa\u0142 nap\u0119dowy ze stali nierdzewnej<\/li>\n<li data-start=\"1142\" data-end=\"1172\">Uszczelka wykonana z FKM (Viton)<\/li>\n<li data-start=\"1175\" data-end=\"1212\">Silnik elektryczny o mocy 130 W<\/li>\n<li data-start=\"1215\" data-end=\"1233\">Kolanko wylotowe<\/li>\n<li data-start=\"1236\" data-end=\"1289\">Korek PP do otwor\u00f3w w naczyniach 40-58 mm<\/li>\n<\/ul>\n<p data-start=\"1291\" data-end=\"1464\">Zestaw imponuje \u0142atwo\u015bci\u0105 czyszczenia, trwa\u0142o\u015bci\u0105 i odporno\u015bci\u0105 chemiczn\u0105.<\/p>","protected":false},"excerpt":{"rendered":"<p>Elektryczna pompa laboratoryjna jako kompletny zestaw z silnikiem, jednostk\u0105 pompuj\u0105c\u0105 i akcesoriami do pojemnik\u00f3w IBC, mo\u017cliwo\u015b\u0107 przebudowy bez u\u017cycia narz\u0119dzi, modu\u0142owa konstrukcja.<\/p>","protected":false},"featured_media":15892,"comment_status":"closed","ping_status":"closed","template":"","meta":{"_acf_changed":false},"product_brand":[],"product_cat":[3206,3215],"product_tag":[],"class_list":{"0":"post-15618","1":"product","2":"type-product","3":"status-publish","4":"has-post-thumbnail","6":"product_cat-pumpentechnik","7":"product_cat-laborpumpen","8":"product_shipping_class-karton-paketversand","9":"pa_dichtung-fkm","10":"pa_foerderleistung-0-30-l-min","11":"pa_laenge-1000mm","12":"pa_leistung-130-watt","13":"pa_material-edelstahl","14":"pa_material-polypropylen-pp","16":"first","17":"instock","18":"taxable","19":"shipping-taxable","20":"purchasable","21":"product-type-simple"},"bundled_by":[],"bundle_stock_status":"instock","bundle_stock_quantity":null,"bundle_virtual":false,"bundle_layout":"","bundle_add_to_cart_form_location":"","bundle_editable_in_cart":false,"bundle_sold_individually_context":"","bundle_item_grouping":"","bundle_min_size":"","bundle_max_size":"","bundle_price":[],"bundled_items":[],"bundle_sell_ids":[],"exclude_global_add_ons":[],"addons":[],"acf":[],"_links":{"self":[{"href":"https:\/\/ptm-mechatronics.com\/pl\/wp-json\/wp\/v2\/product\/15618","targetHints":{"allow":["GET"]}}],"collection":[{"href":"https:\/\/ptm-mechatronics.com\/pl\/wp-json\/wp\/v2\/product"}],"about":[{"href":"https:\/\/ptm-mechatronics.com\/pl\/wp-json\/wp\/v2\/types\/product"}],"replies":[{"embeddable":true,"href":"https:\/\/ptm-mechatronics.com\/pl\/wp-json\/wp\/v2\/comments?post=15618"}],"wp:featuredmedia":[{"embeddable":true,"href":"https:\/\/ptm-mechatronics.com\/pl\/wp-json\/wp\/v2\/media\/15892"}],"wp:attachment":[{"href":"https:\/\/ptm-mechatronics.com\/pl\/wp-json\/wp\/v2\/media?parent=15618"}],"wp:term":[{"taxonomy":"product_brand","embeddable":true,"href":"https:\/\/ptm-mechatronics.com\/pl\/wp-json\/wp\/v2\/product_brand?post=15618"},{"taxonomy":"product_cat","embeddable":true,"href":"https:\/\/ptm-mechatronics.com\/pl\/wp-json\/wp\/v2\/product_cat?post=15618"},{"taxonomy":"product_tag","embeddable":true,"href":"https:\/\/ptm-mechatronics.com\/pl\/wp-json\/wp\/v2\/product_tag?post=15618"}],"curies":[{"name":"wp","href":"https:\/\/api.w.org\/{rel}","templated":true}]}}