{"id":15607,"date":"2025-11-13T13:24:45","date_gmt":"2025-11-13T12:24:45","guid":{"rendered":"https:\/\/ptm-mechatronics.com\/?post_type=product&#038;p=15607"},"modified":"2025-12-15T12:40:27","modified_gmt":"2025-12-15T11:40:27","slug":"auslaufbogen-fuer-laborpumpen","status":"publish","type":"product","link":"https:\/\/ptm-mechatronics.com\/pl\/product\/auslaufbogen-fuer-laborpumpen\/","title":{"rendered":"Kolanko wylotowe do pomp laboratoryjnych"},"content":{"rendered":"<h1><span style=\"font-size: 75%;\">Kolanko wylotowe 250 mm wykonane z PP<br \/>\n- Solidne, precyzyjne dopasowanie, odporno\u015b\u0107 na chemikalia<\/span><\/h1>\n<p data-start=\"253\" data-end=\"600\">Kolanko wylotowe o d\u0142ugo\u015bci 25 cm wykonane z polipropylenu (PP) jest idealnym dodatkiem do modu\u0142owych pomp laboratoryjnych PTM do ma\u0142ych pojemnik\u00f3w i kanistr\u00f3w. Dzi\u0119ki \u015brednicy przy\u0142\u0105cza DN 19 i gwintowi zewn\u0119trznemu 3\/4\u2033, kolanko wylotowe zapewnia kontrolowany i czysty wylot cieczy - bez kapania lub rozpryskiwania.<\/p>\n<p data-start=\"602\" data-end=\"912\">Odporny chemicznie materia\u0142 PP (polipropylen) jest szczeg\u00f3lnie odporny na wiele agresywnych medi\u00f3w i dlatego nadaje si\u0119 do wielu zastosowa\u0144 w \u015brodowisku laboratoryjnym i produkcyjnym. Kolanko wylotowe mo\u017cna \u0142atwo pod\u0142\u0105czy\u0107 do zespo\u0142u pompy i w razie potrzeby wymieni\u0107 bez u\u017cycia narz\u0119dzi.<\/p>","protected":false},"excerpt":{"rendered":"<p>Kolanko wylotowe o d\u0142ugo\u015bci 25 cm wykonane z odpornego chemicznie PP z gwintem DN 19 i 3\/4\u2033 do czystego i bezpiecznego nape\u0142niania pomp laboratoryjnych PTM.<\/p>","protected":false},"featured_media":15884,"comment_status":"closed","ping_status":"closed","template":"","meta":{"_acf_changed":false},"product_brand":[],"product_cat":[3206,3215],"product_tag":[],"class_list":{"0":"post-15607","1":"product","2":"type-product","3":"status-publish","4":"has-post-thumbnail","6":"product_cat-pumpentechnik","7":"product_cat-laborpumpen","8":"product_shipping_class-karton-paketversand","9":"pa_laenge-250mm","10":"pa_material-polypropylen-pp","12":"first","13":"instock","14":"taxable","15":"shipping-taxable","16":"purchasable","17":"product-type-simple"},"bundled_by":[],"bundle_stock_status":"instock","bundle_stock_quantity":1,"bundle_virtual":false,"bundle_layout":"","bundle_add_to_cart_form_location":"","bundle_editable_in_cart":false,"bundle_sold_individually_context":"","bundle_item_grouping":"","bundle_min_size":"","bundle_max_size":"","bundle_price":[],"bundled_items":[],"bundle_sell_ids":[],"exclude_global_add_ons":[],"addons":[],"acf":[],"_links":{"self":[{"href":"https:\/\/ptm-mechatronics.com\/pl\/wp-json\/wp\/v2\/product\/15607","targetHints":{"allow":["GET"]}}],"collection":[{"href":"https:\/\/ptm-mechatronics.com\/pl\/wp-json\/wp\/v2\/product"}],"about":[{"href":"https:\/\/ptm-mechatronics.com\/pl\/wp-json\/wp\/v2\/types\/product"}],"replies":[{"embeddable":true,"href":"https:\/\/ptm-mechatronics.com\/pl\/wp-json\/wp\/v2\/comments?post=15607"}],"wp:featuredmedia":[{"embeddable":true,"href":"https:\/\/ptm-mechatronics.com\/pl\/wp-json\/wp\/v2\/media\/15884"}],"wp:attachment":[{"href":"https:\/\/ptm-mechatronics.com\/pl\/wp-json\/wp\/v2\/media?parent=15607"}],"wp:term":[{"taxonomy":"product_brand","embeddable":true,"href":"https:\/\/ptm-mechatronics.com\/pl\/wp-json\/wp\/v2\/product_brand?post=15607"},{"taxonomy":"product_cat","embeddable":true,"href":"https:\/\/ptm-mechatronics.com\/pl\/wp-json\/wp\/v2\/product_cat?post=15607"},{"taxonomy":"product_tag","embeddable":true,"href":"https:\/\/ptm-mechatronics.com\/pl\/wp-json\/wp\/v2\/product_tag?post=15607"}],"curies":[{"name":"wp","href":"https:\/\/api.w.org\/{rel}","templated":true}]}}