{"id":15596,"date":"2025-11-13T13:01:24","date_gmt":"2025-11-13T12:01:24","guid":{"rendered":"https:\/\/ptm-mechatronics.com\/?post_type=product&#038;p=15596"},"modified":"2025-12-15T13:08:04","modified_gmt":"2025-12-15T12:08:04","slug":"universalmotor-fuer-laborpumpen","status":"publish","type":"product","link":"https:\/\/ptm-mechatronics.com\/pl\/product\/universalmotor-fuer-laborpumpen\/","title":{"rendered":"Uniwersalny silnik do pomp laboratoryjnych"},"content":{"rendered":"<h1 data-start=\"196\" data-end=\"275\"><span style=\"font-size: 75%;\"><strong data-start=\"196\" data-end=\"275\">Uniwersalny silnik do pomp laboratoryjnych<br \/>\n<\/strong><\/span><span style=\"font-size: 75%;\">- Kompaktowy, wydajny, wszechstronny<\/span><\/h1>\n<p data-start=\"277\" data-end=\"588\">Silnik uniwersalny jest centralnym elementem nap\u0119dowym modu\u0142owej pompy laboratoryjnej do ma\u0142ych pojemnik\u00f3w i kanistr\u00f3w. Dzi\u0119ki mocy wyj\u015bciowej 130 W i zakresowi napi\u0119cia 130-230 V przy 50 Hz, silnik oferuje niezawodn\u0105 moc do ci\u0105g\u0142ej pracy w \u015brodowisku laboratoryjnym lub produkcyjnym.<\/p>\n<p data-start=\"590\" data-end=\"911\">Dzi\u0119ki kompaktowej konstrukcji i stopniowi ochrony IP21 silnik idealnie nadaje si\u0119 do zastosowa\u0144 o ograniczonej przestrzeni - w po\u0142\u0105czeniu z pasuj\u0105cymi zespo\u0142ami pompowymi PTM mechatronics. Silnik mo\u017cna montowa\u0107 i demontowa\u0107 bez u\u017cycia narz\u0119dzi, co zapewnia maksymaln\u0105 elastyczno\u015b\u0107 w obs\u0142udze i czyszczeniu.<\/p>\n<p data-start=\"913\" data-end=\"1078\">Jest kompatybilny ze wszystkimi pompowtryskiwaczami PTM ze sklepu i przekonuje bezpiecznym, wygodnym i higienicznym pompowaniem szerokiej gamy p\u0142yn\u00f3w.<\/p>","protected":false},"excerpt":{"rendered":"<p>Silnik uniwersalny o mocy wyj\u015bciowej 130 W, kompaktowa jednostka nap\u0119dowa do modu\u0142owych pomp laboratoryjnych firmy PTM mechatronics, kt\u00f3r\u0105 mo\u017cna zainstalowa\u0107 bez u\u017cycia narz\u0119dzi.<\/p>","protected":false},"featured_media":15890,"comment_status":"closed","ping_status":"closed","template":"","meta":{"_acf_changed":false},"product_brand":[],"product_cat":[3206,3215],"product_tag":[],"class_list":{"0":"post-15596","1":"product","2":"type-product","3":"status-publish","4":"has-post-thumbnail","6":"product_cat-pumpentechnik","7":"product_cat-laborpumpen","8":"product_shipping_class-karton-paketversand","9":"pa_leistung-130-watt","10":"pa_schutzart-ip21","11":"pa_spannung-130-230v","13":"first","14":"instock","15":"taxable","16":"shipping-taxable","17":"purchasable","18":"product-type-simple"},"bundled_by":[],"bundle_stock_status":"instock","bundle_stock_quantity":null,"bundle_virtual":false,"bundle_layout":"","bundle_add_to_cart_form_location":"","bundle_editable_in_cart":false,"bundle_sold_individually_context":"","bundle_item_grouping":"","bundle_min_size":"","bundle_max_size":"","bundle_price":[],"bundled_items":[],"bundle_sell_ids":[],"exclude_global_add_ons":[],"addons":[],"acf":[],"_links":{"self":[{"href":"https:\/\/ptm-mechatronics.com\/pl\/wp-json\/wp\/v2\/product\/15596","targetHints":{"allow":["GET"]}}],"collection":[{"href":"https:\/\/ptm-mechatronics.com\/pl\/wp-json\/wp\/v2\/product"}],"about":[{"href":"https:\/\/ptm-mechatronics.com\/pl\/wp-json\/wp\/v2\/types\/product"}],"replies":[{"embeddable":true,"href":"https:\/\/ptm-mechatronics.com\/pl\/wp-json\/wp\/v2\/comments?post=15596"}],"wp:featuredmedia":[{"embeddable":true,"href":"https:\/\/ptm-mechatronics.com\/pl\/wp-json\/wp\/v2\/media\/15890"}],"wp:attachment":[{"href":"https:\/\/ptm-mechatronics.com\/pl\/wp-json\/wp\/v2\/media?parent=15596"}],"wp:term":[{"taxonomy":"product_brand","embeddable":true,"href":"https:\/\/ptm-mechatronics.com\/pl\/wp-json\/wp\/v2\/product_brand?post=15596"},{"taxonomy":"product_cat","embeddable":true,"href":"https:\/\/ptm-mechatronics.com\/pl\/wp-json\/wp\/v2\/product_cat?post=15596"},{"taxonomy":"product_tag","embeddable":true,"href":"https:\/\/ptm-mechatronics.com\/pl\/wp-json\/wp\/v2\/product_tag?post=15596"}],"curies":[{"name":"wp","href":"https:\/\/api.w.org\/{rel}","templated":true}]}}