{"id":15048,"date":"2025-09-25T10:09:13","date_gmt":"2025-09-25T08:09:13","guid":{"rendered":"https:\/\/ptm-mechatronics.com\/?post_type=product&#038;p=15048"},"modified":"2026-03-09T10:16:50","modified_gmt":"2026-03-09T09:16:50","slug":"stativruehrwerk-pro-hygienic-design-fuer-kleingebinde","status":"publish","type":"product","link":"https:\/\/ptm-mechatronics.com\/pl\/product\/stativruehrwerk-pro-hygienic-design-fuer-kleingebinde\/","title":{"rendered":"Mieszad\u0142o stoj\u0105ce pro Higieniczna konstrukcja dla ma\u0142ych pojemnik\u00f3w"},"content":{"rendered":"<h1><span style=\"font-size: 90%;\">Mikser stoj\u0105cy ze stali nierdzewnej - higieniczna konstrukcja zapewniaj\u0105ca maksymalne bezpiecze\u0144stwo \u017cywno\u015bci<\/span><\/h1>\n<p>Nasz wysokiej jako\u015bci mikser stoj\u0105cy ze stali nierdzewnej zosta\u0142 opracowany specjalnie z my\u015bl\u0105 o wymagaj\u0105cych procesach mieszania w przemy\u015ble spo\u017cywczym, farmaceutycznym i chemicznym. Dzi\u0119ki higienicznemu wzornictwu i pozbawionej martwych stref konstrukcji gwarantuje maksymaln\u0105 higien\u0119 i bezpiecze\u0144stwo \u017cywno\u015bci.<\/p>\n<h2><span style=\"font-size: 80%;\">Idealne po\u0142\u0105czenie z maksymaln\u0105 higien\u0105<\/span><\/h2>\n<p>Mieszad\u0142o zapewnia wydajne i r\u00f3wnomierne mieszanie cieczy, emulsji i lepkich medi\u00f3w. Dzi\u0119ki g\u0142adkim powierzchniom ze stali nierdzewnej jest \u0142atwe w czyszczeniu i zapobiega zanieczyszczeniu produktu - idealne do zastosowa\u0144 wymagaj\u0105cych zachowania higieny.<\/p>\n<p>Zalety w skr\u00f3cie:<\/p>\n<ul>\n<li>Higieniczna konstrukcja - bez martwych przestrzeni, \u0142atwa do czyszczenia, spe\u0142nia najwy\u017csze wymagania higieniczne<\/li>\n<li>Konstrukcja ze stali nierdzewnej - odporna na korozj\u0119, wytrzyma\u0142a i trwa\u0142a<\/li>\n<li>Bezpiecze\u0144stwo \u017cywno\u015bci - certyfikowane materia\u0142y do u\u017cytku w przemy\u015ble spo\u017cywczym<\/li>\n<li>Nap\u0119d do wyboru - elektryczny lub pneumatyczny w zale\u017cno\u015bci od wymaga\u0144<\/li>\n<li>Certyfikat ATEX - nadaje si\u0119 r\u00f3wnie\u017c do u\u017cytku w strefach zagro\u017conych wybuchem<\/li>\n<li>Elastyczne zastosowanie - dla r\u00f3\u017cnych rozmiar\u00f3w pojemnik\u00f3w i proces\u00f3w produkcyjnych, szeroka gama akcesori\u00f3w<\/li>\n<\/ul>\n<p>Obszary zastosowa\u0144:<\/p>\n<ul>\n<li>Produkcja \u017cywno\u015bci (produkty mleczne, sosy, napoje)<\/li>\n<li>Przemys\u0142 farmaceutyczny (sterylne p\u0142yny, kremy, ma\u015bci)<\/li>\n<li>Produkcja kosmetyk\u00f3w (emulsje, p\u0142yny, szampony)<\/li>\n<li>Przemys\u0142 chemiczny (lakiery, farby, rozpuszczalniki)<\/li>\n<li>Strefy ATEX (strefy zagro\u017cone wybuchem)<\/li>\n<\/ul>\n<p>Dzi\u0119ki wysokiej jako\u015bci wykonania i wyrafinowanej konstrukcji nasz mikser stoj\u0105cy spe\u0142nia wszystkie wymagania dotycz\u0105ce higieny, wydajno\u015bci i bezpiecze\u0144stwa.<\/p>\n<p>Nasz mikser stoj\u0105cy ze stali nierdzewnej mo\u017cna optymalnie dostosowa\u0107 do konkretnych wymaga\u0144 dzi\u0119ki szerokiej gamie opcji i akcesori\u00f3w - w tym niestandardowych projekt\u00f3w do specjalnych proces\u00f3w mieszania.<\/p>","protected":false},"excerpt":{"rendered":"<p>Mikser stoj\u0105cy ze stali nierdzewnej o higienicznej konstrukcji zapewniaj\u0105cej maksymalne bezpiecze\u0144stwo \u017cywno\u015bci, dost\u0119pny z nap\u0119dem elektrycznym lub pneumatycznym, z certyfikatem ATEX, wszechstronnymi opcjami i akcesoriami<\/p>","protected":false},"featured_media":15501,"comment_status":"open","ping_status":"closed","template":"","meta":{"_acf_changed":false},"product_brand":[],"product_cat":[595,612],"product_tag":[2544,2555,2545,2556,2546,2557,2547,2558,2548,2559,2549,2560,2550,2561,2551,2562,2552,2553,2554],"class_list":{"0":"post-15048","1":"product","2":"type-product","3":"status-publish","4":"has-post-thumbnail","6":"product_cat-ruehrwerkstechnik","7":"product_cat-kleingebinderuehrwerke","8":"product_tag-stativruehrwerk-edelstahl","9":"product_tag-mischtechnik-edelstahl","10":"product_tag-hygienic-design-ruehrwerk","11":"product_tag-hygienisches-ruehrwerk","12":"product_tag-ruehrwerk-fuer-lebensmittelindustrie","13":"product_tag-edelstahlruehrwerk-mit-atex","14":"product_tag-lebensmittelsicherheit-ruehrwerk","15":"product_tag-lebensmittelruehrwerk-edelstahl","16":"product_tag-atex-ruehrwerk-edelstahl","17":"product_tag-pharma-ruehrwerk-edelstahl","18":"product_tag-pneumatisches-ruehrwerk-atex","19":"product_tag-chemie-ruehrwerk-edelstahl","20":"product_tag-elektrisches-stativruehrwerk","21":"product_tag-pneumatisches-ruehrwerk-fuer-lebensmittel","22":"product_tag-industrie-ruehrwerk-edelstahl","23":"product_tag-ruehrwerk-mit-drehzahlregelung","24":"product_tag-ruehrwerk-mit-hygienic-design","25":"product_tag-edelstahl-ruehrwerk-lebensmittel","26":"product_tag-ruehrwerk-atex-zertifiziert","27":"product_shipping_class-sonderpalette-speditionsversand","28":"pa_antriebsart-pneumatisch","29":"pa_antriebsart-elektrisch","30":"pa_atex-zone-0-1","31":"pa_atex-zone-122122","32":"pa_behaeltervolumen-60-liter","33":"pa_behaeltervolumen-30-liter","34":"pa_behaeltervolumen-100-liter","35":"pa_behaeltervolumen-200-liter","36":"pa_behaeltervolumen-ibc","37":"pa_dichtung-ptfe","38":"pa_ex-gas-ex-ii-2-g-ex-h-iic-t5-gb-x","39":"pa_ex-staub-ex-ii-2-d-ex-h-iiic-t100c-db-x","40":"pa_labs-oel-und-silikonfrei","41":"pa_material-deckel-v4a-edelstahl-1-4404","42":"pa_model-eco-station-pro","43":"pa_typ-stativruehrwerk","45":"first","46":"outofstock","47":"taxable","48":"shipping-taxable","49":"product-type-simple"},"bundled_by":[],"bundle_stock_status":"outofstock","bundle_stock_quantity":null,"bundle_virtual":false,"bundle_layout":"","bundle_add_to_cart_form_location":"","bundle_editable_in_cart":false,"bundle_sold_individually_context":"","bundle_item_grouping":"","bundle_min_size":"","bundle_max_size":"","bundle_price":[],"bundled_items":[],"bundle_sell_ids":[],"exclude_global_add_ons":[],"addons":[],"acf":[],"_links":{"self":[{"href":"https:\/\/ptm-mechatronics.com\/pl\/wp-json\/wp\/v2\/product\/15048","targetHints":{"allow":["GET"]}}],"collection":[{"href":"https:\/\/ptm-mechatronics.com\/pl\/wp-json\/wp\/v2\/product"}],"about":[{"href":"https:\/\/ptm-mechatronics.com\/pl\/wp-json\/wp\/v2\/types\/product"}],"replies":[{"embeddable":true,"href":"https:\/\/ptm-mechatronics.com\/pl\/wp-json\/wp\/v2\/comments?post=15048"}],"wp:featuredmedia":[{"embeddable":true,"href":"https:\/\/ptm-mechatronics.com\/pl\/wp-json\/wp\/v2\/media\/15501"}],"wp:attachment":[{"href":"https:\/\/ptm-mechatronics.com\/pl\/wp-json\/wp\/v2\/media?parent=15048"}],"wp:term":[{"taxonomy":"product_brand","embeddable":true,"href":"https:\/\/ptm-mechatronics.com\/pl\/wp-json\/wp\/v2\/product_brand?post=15048"},{"taxonomy":"product_cat","embeddable":true,"href":"https:\/\/ptm-mechatronics.com\/pl\/wp-json\/wp\/v2\/product_cat?post=15048"},{"taxonomy":"product_tag","embeddable":true,"href":"https:\/\/ptm-mechatronics.com\/pl\/wp-json\/wp\/v2\/product_tag?post=15048"}],"curies":[{"name":"wp","href":"https:\/\/api.w.org\/{rel}","templated":true}]}}