{"id":14973,"date":"2025-09-08T13:14:41","date_gmt":"2025-09-08T11:14:41","guid":{"rendered":"https:\/\/ptm-mechatronics.com\/?post_type=product&#038;p=14973"},"modified":"2026-03-05T17:47:42","modified_gmt":"2026-03-05T16:47:42","slug":"pneumatisches-ruehrwerk-mit-deckel-fuer-30-liter-fass","status":"publish","type":"product","link":"https:\/\/ptm-mechatronics.com\/pl\/product\/pneumatisches-ruehrwerk-mit-deckel-fuer-30-liter-fass\/","title":{"rendered":"Mieszad\u0142o pneumatyczne z pokryw\u0105 do beczki o pojemno\u015bci 30 litr\u00f3w"},"content":{"rendered":"<h1>Mieszad\u0142o do beczek o pojemno\u015bci 30 litr\u00f3w - wydajne, bezpieczne i zorientowane na proces<\/h1>\n<p>To mieszad\u0142o jest przeznaczone do przetwarzania du\u017cych ilo\u015bci produktu w 30-litrowych beczkach. Energooszcz\u0119dny nap\u0119d pneumatyczny w po\u0142\u0105czeniu z wa\u0142em mieszad\u0142a i elementem mieszaj\u0105cym zapewnia wydajne, a jednocze\u015bnie delikatne mieszanie medi\u00f3w o dowolnej klasie lepko\u015bci.<\/p>\n<p>Wszystkie komponenty maj\u0105ce kontakt z mediami - wa\u0142 mieszad\u0142a, element mieszad\u0142a i pokrywa - s\u0105 wykonane z wysokiej jako\u015bci stali nierdzewnej V4A (1.4404), co gwarantuje maksymaln\u0105 higien\u0119, odporno\u015b\u0107 na korozj\u0119 i trwa\u0142o\u015b\u0107. Pokrywa z zakresem mocowania od 300 do 400 mm jest przeznaczona do standardowych 30-litrowych beczek i ma dwa urz\u0105dzenia zaciskowe, praktyczn\u0105 klap\u0119 dost\u0119pu i zintegrowan\u0105 kratk\u0119 bezpiecze\u0144stwa, kt\u00f3ra chroni przed niezamierzon\u0105 interwencj\u0105 podczas pracy.<\/p>\n<p>Dost\u0119pne opcje:<\/p>\n<p>System szybkiej wymiany wa\u0142u mieszad\u0142a:<br \/>\nNasz system szybkiej wymiany eco-Quick umo\u017cliwia szybk\u0105 i czyst\u0105 wymian\u0119 wa\u0142u mieszad\u0142a w ci\u0105gu kilku sekund bez u\u017cycia dodatkowych narz\u0119dzi.<\/p>\n<p>Mieszad\u0142o kubkowe eco-Cup lub mieszad\u0142o z pochylon\u0105 \u0142opatk\u0105<br \/>\nDzi\u0119ki laminarnemu mieszaniu, mieszad\u0142o kubkowe eco-Cup zapewnia jednorodne mieszanie - nawet w przypadku wymagaj\u0105cych medi\u00f3w o wysokiej lepko\u015bci, takich jak pasty, zawiesiny lub emulsje.<\/p>\n<p>Mieszad\u0142o z pochylonymi \u0142opatkami imponuje swoj\u0105 osiow\u0105 charakterystyk\u0105 przenoszenia z lekko promieniowym komponentem i generuje turbulentny przep\u0142yw, kt\u00f3ry umo\u017cliwia szczeg\u00f3lnie skuteczne mieszanie. Jego solidna konstrukcja sprawia, \u017ce idealnie nadaje si\u0119 do substancji o wysokiej lepko\u015bci.<\/p>\n<p>Zestaw pneumatyczny<br \/>\nZestaw pneumatyczny zawiera modu\u0142 zasilania powietrzem z zaworem odcinaj\u0105cym, regulatorem filtra i manometrem do bezpiecznego i czystego zasilania spr\u0119\u017conym powietrzem mi\u0119dzy systemem a nap\u0119dem mieszad\u0142a - dla d\u0142ugotrwa\u0142ej i niezawodnej pracy. Zintegrowany filtr powietrza wylotowego redukuje ha\u0142as roboczy do zaledwie 50 dB(A) i zapewnia bezpieczne odprowadzanie powietrza wylotowego.<\/p>\n<p>Zalety w skr\u00f3cie:<\/p>\n<ul>\n<li>Pneumatyczny, energooszcz\u0119dny i wydajny<\/li>\n<li>Do beczek 30-litrowych o \u00d8 300-400 mm<\/li>\n<li>Wa\u0142 mieszad\u0142a, element mieszad\u0142a i pokrywa wykonane ze stali nierdzewnej V4A<\/li>\n<li>Dwa zaciski zapewniaj\u0105ce pewny chwyt<\/li>\n<li>Z klapk\u0105 dost\u0119pu i kratk\u0105 zabezpieczaj\u0105c\u0105<\/li>\n<li>Nadaje si\u0119 do medi\u00f3w o niskiej i wysokiej lepko\u015bci<\/li>\n<li>Jednorodne, delikatne mieszanie<\/li>\n<li>Wytrzyma\u0142e, higieniczne, niewymagaj\u0105ce konserwacji<\/li>\n<\/ul>","protected":false},"excerpt":{"rendered":"<p><span class=\"_fadeIn_m1hgl_8\">Mieszad\u0142o <\/span><span class=\"_fadeIn_m1hgl_8\">dla 30<\/span><span class=\"_fadeIn_m1hgl_8\">-<\/span><span class=\"_fadeIn_m1hgl_8\">Litr<\/span><span class=\"_fadeIn_m1hgl_8\">Beczki <\/span><span class=\"_fadeIn_m1hgl_8\">z <\/span><span class=\"_fadeIn_m1hgl_8\">V4A-<\/span><span class=\"_fadeIn_m1hgl_8\">Sk\u0142adniki, <\/span><span class=\"_fadeIn_m1hgl_8\">Klapa Encore <\/span><span class=\"_fadeIn_m1hgl_8\">z <\/span><span class=\"_fadeIn_m1hgl_8\">Kratka bezpiecze\u0144stwa, mo\u017cliwo\u015b\u0107 wyboru mieszad\u0142a, <\/span><span class=\"_fadeIn_m1hgl_8\">dla <\/span><span class=\"_fadeIn_m1hgl_8\">jeden <\/span><span class=\"_fadeIn_m1hgl_8\">bezpieczny, <\/span><span class=\"_fadeIn_m1hgl_8\">skuteczny <\/span><span class=\"_fadeIn_m1hgl_8\">i <\/span><span class=\"_fadeIn_m1hgl_8\">higieniczny <\/span><span class=\"_fadeIn_m1hgl_8\">Miesza\u0107 <\/span><span class=\"_fadeIn_m1hgl_8\">bardziej lepki <\/span><span class=\"_fadeIn_m1hgl_8\">Media<\/span><span class=\"_fadeIn_m1hgl_8\">.<\/span><\/p>","protected":false},"featured_media":15551,"comment_status":"open","ping_status":"closed","template":"","meta":{"_acf_changed":false},"product_brand":[],"product_cat":[595,612],"product_tag":[2816,2940,2954,2956,2960,2961,2962,3152,2637,2735],"class_list":{"0":"post-14973","1":"product","2":"type-product","3":"status-publish","4":"has-post-thumbnail","6":"product_cat-ruehrwerkstechnik","7":"product_cat-kleingebinderuehrwerke","8":"product_tag-explosionsgeschuetztes-ruehrwerk","9":"product_tag-becherruehrorgan-eco-cup","10":"product_tag-zugabeklappe-ruehrwerk","11":"product_tag-pneumatischer-ruehrantrieb","12":"product_tag-fassruehrwerk-edelstahl","13":"product_tag-v4a-ruehrwerk-zone-1","14":"product_tag-sicherheitsgitter-ruehrsystem","15":"product_tag-v4a-ruehrwerk-zone-0-1","16":"product_tag-ruehrwerk-fuer-hochviskose-medien","17":"product_tag-schragblattmischer","18":"product_shipping_class-europalette-speditionsversand","19":"pa_antriebsart-pneumatisch","20":"pa_bedien-anschlusskonzept-ohne","21":"pa_bedien-anschlusskonzept-pneumatikset","22":"pa_behaeltervolumen-30-liter","23":"pa_dichtung-ptfe","24":"pa_drehmoment-16nm","25":"pa_drehzahl-0-300-1-min","26":"pa_durchmesser-ruehrwelle-16mm","27":"pa_geeignete-fassdurchmesser-300-400mm","28":"pa_geraeuschpegel-75db","29":"pa_labs-oel-und-silikonfrei","30":"pa_laenge-ruehrwelle-ca-360mm-ab-deckeloberkante","31":"pa_material-deckel-v4a-edelstahl-1-4404","32":"pa_material-gehaeuse-aluminium-eloxiert","33":"pa_mittlerer-luftverbrauch-25l-min","34":"pa_ruehrorgan-becherruehrorgan-eco-cup-320mm","35":"pa_ruehrorgan-schraegblattmischer-325mm","36":"pa_schnellwechselsystem-mit-gewindeverbindung","37":"pa_schnellwechselsystem-mit-schnellwechselsystem","38":"pa_schutzart-ip67","39":"pa_steckverschraubung-abluft-schlauch-o10mm","40":"pa_steckverschraubung-zuluft-schlauch-o6mm","41":"pa_typ-deckelruehrwerk","42":"pa_versorgung-5-6bar","44":"first","45":"instock","46":"taxable","47":"shipping-taxable","48":"purchasable","49":"product-type-variable"},"bundled_by":[],"bundle_stock_status":"instock","bundle_stock_quantity":null,"bundle_virtual":false,"bundle_layout":"","bundle_add_to_cart_form_location":"","bundle_editable_in_cart":false,"bundle_sold_individually_context":"","bundle_item_grouping":"","bundle_min_size":"","bundle_max_size":"","bundle_price":[],"bundled_items":[],"bundle_sell_ids":[],"exclude_global_add_ons":[],"addons":[],"acf":[],"_links":{"self":[{"href":"https:\/\/ptm-mechatronics.com\/pl\/wp-json\/wp\/v2\/product\/14973","targetHints":{"allow":["GET"]}}],"collection":[{"href":"https:\/\/ptm-mechatronics.com\/pl\/wp-json\/wp\/v2\/product"}],"about":[{"href":"https:\/\/ptm-mechatronics.com\/pl\/wp-json\/wp\/v2\/types\/product"}],"replies":[{"embeddable":true,"href":"https:\/\/ptm-mechatronics.com\/pl\/wp-json\/wp\/v2\/comments?post=14973"}],"wp:featuredmedia":[{"embeddable":true,"href":"https:\/\/ptm-mechatronics.com\/pl\/wp-json\/wp\/v2\/media\/15551"}],"wp:attachment":[{"href":"https:\/\/ptm-mechatronics.com\/pl\/wp-json\/wp\/v2\/media?parent=14973"}],"wp:term":[{"taxonomy":"product_brand","embeddable":true,"href":"https:\/\/ptm-mechatronics.com\/pl\/wp-json\/wp\/v2\/product_brand?post=14973"},{"taxonomy":"product_cat","embeddable":true,"href":"https:\/\/ptm-mechatronics.com\/pl\/wp-json\/wp\/v2\/product_cat?post=14973"},{"taxonomy":"product_tag","embeddable":true,"href":"https:\/\/ptm-mechatronics.com\/pl\/wp-json\/wp\/v2\/product_tag?post=14973"}],"curies":[{"name":"wp","href":"https:\/\/api.w.org\/{rel}","templated":true}]}}