{"id":14856,"date":"2025-09-08T12:17:48","date_gmt":"2025-09-08T10:17:48","guid":{"rendered":"https:\/\/ptm-mechatronics.com\/?post_type=product&#038;p=14856"},"modified":"2026-03-09T08:54:59","modified_gmt":"2026-03-09T07:54:59","slug":"pneumatisches-stativruehrwerk-fuer-30-liter-fass","status":"publish","type":"product","link":"https:\/\/ptm-mechatronics.com\/pl\/product\/pneumatisches-stativruehrwerk-fuer-30-liter-fass\/","title":{"rendered":"Pneumatyczny mikser stoj\u0105cy do b\u0119bna o pojemno\u015bci 30 litr\u00f3w"},"content":{"rendered":"<h1><span style=\"font-size: 75%;\"><span class=\"_fadeIn_m1hgl_8\">Mieszad\u0142o stoj\u0105ce <\/span><span class=\"_fadeIn_m1hgl_8\">dla 30<\/span><span class=\"_fadeIn_m1hgl_8\">-<\/span><span class=\"_fadeIn_m1hgl_8\">Litr<\/span><span class=\"_fadeIn_m1hgl_8\">Beczki - <\/span><span class=\"_fadeIn_m1hgl_8\">pot\u0119\u017cny, <\/span><span class=\"_fadeIn_m1hgl_8\">bezpieczny, <\/span><span class=\"_fadeIn_m1hgl_8\">Ergonomiczny<\/span><\/span><\/h1>\n<p data-start=\"372\" data-end=\"913\"><span class=\"_fadeIn_m1hgl_8\">The <\/span><span class=\"_fadeIn_m1hgl_8\">Mieszad\u0142o stoj\u0105ce <\/span><span class=\"_fadeIn_m1hgl_8\">dla 3<\/span><span class=\"_fadeIn_m1hgl_8\">0-<\/span><span class=\"_fadeIn_m1hgl_8\">Litr<\/span><span class=\"_fadeIn_m1hgl_8\">Beczki<\/span> <span class=\"_fadeIn_m1hgl_8\">by\u0142 <\/span><span class=\"_fadeIn_m1hgl_8\">dla <\/span><span class=\"_fadeIn_m1hgl_8\">w <\/span><span class=\"_fadeIn_m1hgl_8\">skuteczny <\/span><span class=\"_fadeIn_m1hgl_8\">i <\/span><span class=\"_fadeIn_m1hgl_8\">bezpieczny <\/span><span class=\"_fadeIn_m1hgl_8\">Przetwarzanie <\/span><span class=\"_fadeIn_m1hgl_8\">niski <\/span><span class=\"_fadeIn_m1hgl_8\">do <\/span><span class=\"_fadeIn_m1hgl_8\">wysoka lepko\u015b\u0107 <\/span><span class=\"_fadeIn_m1hgl_8\">Media<\/span> <span class=\"_fadeIn_m1hgl_8\">opracowany. <\/span><span class=\"_fadeIn_m1hgl_8\">To <\/span><span class=\"_fadeIn_m1hgl_8\">istnieje <\/span><span class=\"_fadeIn_m1hgl_8\">z <\/span><span class=\"_fadeIn_m1hgl_8\">jeden <\/span><span class=\"_fadeIn_m1hgl_8\">pot\u0119\u017cny, <\/span><span class=\"_fadeIn_m1hgl_8\">pneumatyczny <\/span><span class=\"_fadeIn_m1hgl_8\">Nap\u0119d<\/span><span class=\"_fadeIn_m1hgl_8\">, <\/span><span class=\"_fadeIn_m1hgl_8\">jeden <\/span><span class=\"_fadeIn_m1hgl_8\">masywny <\/span><span class=\"_fadeIn_m1hgl_8\">Stal nierdzewna<\/span><span class=\"_fadeIn_m1hgl_8\">Pokrywa<\/span><span class=\"_fadeIn_m1hgl_8\">, <\/span><span class=\"_fadeIn_m1hgl_8\">jeden <\/span><span class=\"_fadeIn_m1hgl_8\">Wa\u0142 mieszad\u0142a <\/span><span class=\"_fadeIn_m1hgl_8\">z <\/span><span class=\"_fadeIn_m1hgl_8\">Mieszad\u0142o<\/span>\u00a0<span class=\"_fadeIn_m1hgl_8\">oraz <\/span><span class=\"_fadeIn_m1hgl_8\">jeden <\/span><span class=\"_fadeIn_m1hgl_8\">Statyw <\/span><span class=\"_fadeIn_m1hgl_8\">z <\/span><span class=\"_fadeIn_m1hgl_8\">bardziej automatyczny <\/span><span class=\"_fadeIn_m1hgl_8\">Urz\u0105dzenie podnosz\u0105ce <\/span><span class=\"_fadeIn_m1hgl_8\">i <\/span><span class=\"_fadeIn_m1hgl_8\">Panel sterowania<\/span><span class=\"_fadeIn_m1hgl_8\">. <\/span><span class=\"_fadeIn_m1hgl_8\">Wszystkie <\/span><span class=\"_fadeIn_m1hgl_8\">media-touching <\/span><span class=\"_fadeIn_m1hgl_8\">Komponenty - <\/span><span class=\"_fadeIn_m1hgl_8\">Wa\u0142 mieszad\u0142a <\/span><span class=\"_fadeIn_m1hgl_8\">i <\/span><span class=\"_fadeIn_m1hgl_8\">Mieszad\u0142o<\/span><span class=\"_fadeIn_m1hgl_8\"> \u2013 <\/span><span class=\"_fadeIn_m1hgl_8\">s\u0105 <\/span><span class=\"_fadeIn_m1hgl_8\">z <\/span><span class=\"_fadeIn_m1hgl_8\">V4A <\/span><span class=\"_fadeIn_m1hgl_8\">Stal nierdzewna (<\/span><span class=\"_fadeIn_m1hgl_8\">1.4404)<\/span> <span class=\"_fadeIn_m1hgl_8\">wyprodukowany <\/span><span class=\"_fadeIn_m1hgl_8\">i <\/span><span class=\"_fadeIn_m1hgl_8\">oferuj\u0105 wysoki <\/span><span class=\"_fadeIn_m1hgl_8\">Higiena <\/span><span class=\"_fadeIn_m1hgl_8\">i <\/span><span class=\"_fadeIn_m1hgl_8\">Odporno\u015b\u0107 na korozj\u0119.<\/span><\/p>\n<p data-start=\"915\" data-end=\"1293\"><span class=\"_fadeIn_m1hgl_8\">The <\/span><span class=\"_fadeIn_m1hgl_8\">Mieszad\u0142o <\/span><span class=\"_fadeIn_m1hgl_8\">jest <\/span><span class=\"_fadeIn_m1hgl_8\">kompletny <\/span><span class=\"_fadeIn_m1hgl_8\">na <\/span><span class=\"_fadeIn_m1hgl_8\">w <\/span><span class=\"_fadeIn_m1hgl_8\">U\u017cycie <\/span><span class=\"_fadeIn_m1hgl_8\">w <\/span><span class=\"_fadeIn_m1hgl_8\">znormalizowany 3<\/span><span class=\"_fadeIn_m1hgl_8\">0-<\/span><span class=\"_fadeIn_m1hgl_8\">Litr<\/span><span class=\"_fadeIn_m1hgl_8\">Beczki<\/span> <span class=\"_fadeIn_m1hgl_8\">zharmonizowany <\/span><span class=\"_fadeIn_m1hgl_8\">i <\/span><span class=\"_fadeIn_m1hgl_8\">oferty <\/span><span class=\"_fadeIn_m1hgl_8\">jeden <\/span><span class=\"_fadeIn_m1hgl_8\">nawet, <\/span><span class=\"_fadeIn_m1hgl_8\">jednorodny <\/span><span class=\"_fadeIn_m1hgl_8\">Wynik mieszania<\/span><span class=\"_fadeIn_m1hgl_8\">, <\/span><span class=\"_fadeIn_m1hgl_8\">sam <\/span><span class=\"_fadeIn_m1hgl_8\">z <\/span><span class=\"_fadeIn_m1hgl_8\">trudne, <\/span><span class=\"_fadeIn_m1hgl_8\">lepki <\/span><span class=\"_fadeIn_m1hgl_8\">Substancje. <\/span><span class=\"_fadeIn_m1hgl_8\">The <\/span><span class=\"_fadeIn_m1hgl_8\">automatyczny <\/span><span class=\"_fadeIn_m1hgl_8\">Urz\u0105dzenie podnosz\u0105ce<\/span> <span class=\"_fadeIn_m1hgl_8\">u\u0142atwia <\/span><span class=\"_fadeIn_m1hgl_8\">w <\/span><span class=\"_fadeIn_m1hgl_8\">Podnoszenie <\/span><span class=\"_fadeIn_m1hgl_8\">i <\/span><span class=\"_fadeIn_m1hgl_8\">Opuszczanie <\/span><span class=\"_fadeIn_m1hgl_8\">z <\/span><span class=\"_fadeIn_m1hgl_8\">mieszad\u0142o, <\/span><span class=\"_fadeIn_m1hgl_8\">zapewnia <\/span><span class=\"_fadeIn_m1hgl_8\">dla <\/span><span class=\"_fadeIn_m1hgl_8\">jeden <\/span><span class=\"_fadeIn_m1hgl_8\">bezpieczny <\/span><span class=\"_fadeIn_m1hgl_8\">Zmiana pojemnika <\/span><span class=\"_fadeIn_m1hgl_8\">i <\/span><span class=\"_fadeIn_m1hgl_8\">zmniejszony <\/span><span class=\"_fadeIn_m1hgl_8\">fizyczny <\/span><span class=\"_fadeIn_m1hgl_8\">Obci\u0105\u017cenie <\/span><span class=\"_fadeIn_m1hgl_8\">w <\/span><span class=\"_fadeIn_m1hgl_8\">Codzienna praca.<\/span><\/p>\n<p data-start=\"1295\" data-end=\"1572\"><span class=\"_fadeIn_m1hgl_8\">Dla <\/span><span class=\"_fadeIn_m1hgl_8\">maksimum <\/span><span class=\"_fadeIn_m1hgl_8\">Bezpiecze\u0144stwo pracy <\/span><span class=\"_fadeIn_m1hgl_8\">ma <\/span><span class=\"_fadeIn_m1hgl_8\">w <\/span><span class=\"_fadeIn_m1hgl_8\">Mieszad\u0142o <\/span><span class=\"_fadeIn_m1hgl_8\">o <\/span><span class=\"_fadeIn_m1hgl_8\">jeden <\/span><span class=\"_fadeIn_m1hgl_8\">automatyczny <\/span><span class=\"_fadeIn_m1hgl_8\">Wy\u0142\u0105cz <\/span><span class=\"_fadeIn_m1hgl_8\">na <\/span><span class=\"_fadeIn_m1hgl_8\">Podnoszenie <\/span><span class=\"_fadeIn_m1hgl_8\">z <\/span><span class=\"_fadeIn_m1hgl_8\">Pokrywy<\/span><span class=\"_fadeIn_m1hgl_8\">, <\/span><span class=\"_fadeIn_m1hgl_8\">na <\/span><span class=\"_fadeIn_m1hgl_8\">Interwencje <\/span><span class=\"_fadeIn_m1hgl_8\">w <\/span><span class=\"_fadeIn_m1hgl_8\">ruchomy <\/span><span class=\"_fadeIn_m1hgl_8\">Cz\u0119\u015bci <\/span><span class=\"_fadeIn_m1hgl_8\">do <\/span><span class=\"_fadeIn_m1hgl_8\">zapobiega\u0107. <\/span><span class=\"_fadeIn_m1hgl_8\">The <\/span><span class=\"_fadeIn_m1hgl_8\">Proces mieszania <\/span><span class=\"_fadeIn_m1hgl_8\">starty <\/span><span class=\"_fadeIn_m1hgl_8\">ponownie <\/span><span class=\"_fadeIn_m1hgl_8\">automatycznie <\/span><span class=\"_fadeIn_m1hgl_8\">o <\/span><span class=\"_fadeIn_m1hgl_8\">jeden <\/span><span class=\"_fadeIn_m1hgl_8\">Wykrywanie pojemnik\u00f3w<\/span> <span class=\"_fadeIn_m1hgl_8\">na <\/span><span class=\"_fadeIn_m1hgl_8\">Opuszczanie - <\/span><span class=\"_fadeIn_m1hgl_8\">skuteczny <\/span><span class=\"_fadeIn_m1hgl_8\">i <\/span><span class=\"_fadeIn_m1hgl_8\">bezpieczny.<\/span><\/p>\n<h3 data-start=\"1337\" data-end=\"1549\"><span class=\"_fadeIn_m1hgl_8\">Dost\u0119pne opcje:<\/span><\/h3>\n<p>System szybkiej wymiany wa\u0142u mieszad\u0142a:<br \/>\nNasz <a href=\"https:\/\/youtu.be\/TjagGW4DoyA?feature=shared\" target=\"_blank\" rel=\"noopener\">System szybkiej wymiany eco-Quick<\/a> Umo\u017cliwia szybk\u0105 i czyst\u0105 wymian\u0119 wa\u0142u mieszad\u0142a w ci\u0105gu kilku sekund bez u\u017cycia dodatkowych narz\u0119dzi.<\/p>\n<p>Mieszad\u0142o kubkowe eco-Cup lub mieszad\u0142o z pochylon\u0105 \u0142opatk\u0105:<br \/>\n<span class=\"_fadeIn_m1hgl_8\">The <\/span><span class=\"_fadeIn_m1hgl_8\">eko-<\/span><span class=\"_fadeIn_m1hgl_8\">Puchar <\/span><span class=\"_fadeIn_m1hgl_8\">Mieszad\u0142o kubkowe<\/span> <span class=\"_fadeIn_m1hgl_8\">oferty <\/span><span class=\"_fadeIn_m1hgl_8\">poprzez <\/span><span class=\"_fadeIn_m1hgl_8\">by\u0107 <\/span><span class=\"_fadeIn_m1hgl_8\">laminarny <\/span><span class=\"_fadeIn_m1hgl_8\">Poruszaj\u0105ce zachowanie<\/span> <span class=\"_fadeIn_m1hgl_8\">jeden <\/span><span class=\"_fadeIn_m1hgl_8\">jednorodny <\/span><span class=\"_fadeIn_m1hgl_8\">Mieszanie<\/span><span class=\"_fadeIn_m1hgl_8\"> \u2013 <\/span><span class=\"_fadeIn_m1hgl_8\">sam <\/span><span class=\"_fadeIn_m1hgl_8\">z <\/span><span class=\"_fadeIn_m1hgl_8\">wymagaj\u0105cy, <\/span><span class=\"_fadeIn_m1hgl_8\">wysoka lepko\u015b\u0107 <\/span><span class=\"_fadeIn_m1hgl_8\">Media <\/span><span class=\"_fadeIn_m1hgl_8\">jak <\/span><span class=\"_fadeIn_m1hgl_8\">Pasty, <\/span><span class=\"_fadeIn_m1hgl_8\">Zawieszenia <\/span><span class=\"_fadeIn_m1hgl_8\">lub <\/span><span class=\"_fadeIn_m1hgl_8\">Emulsje.<\/span><\/p>\n<p data-start=\"1337\" data-end=\"1549\">Mieszad\u0142o z pochylonymi \u0142opatkami imponuje swoj\u0105 osiow\u0105 charakterystyk\u0105 przenoszenia z lekko promieniowym komponentem i generuje turbulentny przep\u0142yw, kt\u00f3ry umo\u017cliwia szczeg\u00f3lnie skuteczne mieszanie. Jego solidna konstrukcja sprawia, \u017ce idealnie nadaje si\u0119 do substancji o wysokiej lepko\u015bci.<\/p>\n<p data-start=\"1337\" data-end=\"1549\">Koncepcja dzia\u0142ania:<br \/>\nMikser stoj\u0105cy jest opcjonalnie dost\u0119pny ze standardowym panelem sterowania z uchwytem typu dead-man lub <a href=\"https:\/\/ptm-mechatronics.com\/pl\/product\/dguv-schalttafel\/\" target=\"_blank\" rel=\"noopener\">Panel sterowania DGUV<\/a> z <a href=\"https:\/\/ptm-mechatronics.com\/pl\/grundlagen-guide\/not-aus\/\" target=\"_blank\" rel=\"noopener\">Zatrzymanie awaryjne<\/a> i <a href=\"https:\/\/ptm-mechatronics.com\/pl\/grundlagen-guide\/zweihandbedienung\/\" target=\"_blank\" rel=\"noopener\">Obs\u0142uga obur\u0119czna<\/a>.<\/p>\n<p data-start=\"1337\" data-end=\"1549\">Zapi\u0119cie:<br \/>\nMikser stoj\u0105cy jest dost\u0119pny w wersji do monta\u017cu \u015bciennego i pod\u0142ogowego.<\/p>\n<p data-start=\"1617\" data-end=\"1648\"><span class=\"_fadeIn_m1hgl_8\">Zalety <\/span><span class=\"_fadeIn_m1hgl_8\">na <\/span><span class=\"_fadeIn_m1hgl_8\">jeden <\/span><span class=\"_fadeIn_m1hgl_8\">Widok:<\/span><\/p>\n<ul>\n<li data-start=\"1651\" data-end=\"1697\"><span class=\"_fadeIn_m1hgl_8\">Pneumatyczny <\/span><span class=\"_fadeIn_m1hgl_8\">Nap\u0119d <\/span><span class=\"_fadeIn_m1hgl_8\">dla <\/span><span class=\"_fadeIn_m1hgl_8\">pot\u0119\u017cny <\/span><span class=\"_fadeIn_m1hgl_8\">Miesza\u0107<\/span><\/li>\n<li data-start=\"1651\" data-end=\"1697\"><span class=\"_fadeIn_m1hgl_8\">Dla 3<\/span><span class=\"_fadeIn_m1hgl_8\">0-<\/span><span class=\"_fadeIn_m1hgl_8\">Litr<\/span><span class=\"_fadeIn_m1hgl_8\">Beczki <\/span><span class=\"_fadeIn_m1hgl_8\">zoptymalizowany<\/span><\/li>\n<li data-start=\"1651\" data-end=\"1697\"><span class=\"_fadeIn_m1hgl_8\">Wa\u0142 mieszad\u0142a &amp; <\/span><span class=\"_fadeIn_m1hgl_8\">eko-<\/span><span class=\"_fadeIn_m1hgl_8\">Puchar <\/span><span class=\"_fadeIn_m1hgl_8\">z <\/span><span class=\"_fadeIn_m1hgl_8\">V4A <\/span><span class=\"_fadeIn_m1hgl_8\">Stal nierdzewna<\/span><\/li>\n<li data-start=\"1651\" data-end=\"1697\"><span class=\"_fadeIn_m1hgl_8\">Automatyczny <\/span><span class=\"_fadeIn_m1hgl_8\">Urz\u0105dzenie podnosz\u0105ce <\/span><span class=\"_fadeIn_m1hgl_8\">dla <\/span><span class=\"_fadeIn_m1hgl_8\">ergonomiczny <\/span><span class=\"_fadeIn_m1hgl_8\">Praca<\/span><\/li>\n<li data-start=\"1651\" data-end=\"1697\"><span class=\"_fadeIn_m1hgl_8\">Panel sterowania <\/span><span class=\"_fadeIn_m1hgl_8\">do <\/span><span class=\"_fadeIn_m1hgl_8\">prosty <\/span><span class=\"_fadeIn_m1hgl_8\">System sterowania<\/span><\/li>\n<li data-start=\"1651\" data-end=\"1697\"><span class=\"_fadeIn_m1hgl_8\">Wy\u0142\u0105czenie bezpiecze\u0144stwa <\/span><span class=\"_fadeIn_m1hgl_8\">z <\/span><span class=\"_fadeIn_m1hgl_8\">Podnoszenie pokrywy<\/span><\/li>\n<li data-start=\"1651\" data-end=\"1697\"><span class=\"_fadeIn_m1hgl_8\">Automatyczny <\/span><span class=\"_fadeIn_m1hgl_8\">Restart <\/span><span class=\"_fadeIn_m1hgl_8\">poprzez <\/span><span class=\"_fadeIn_m1hgl_8\">Wykrywanie pojemnik\u00f3w<\/span><\/li>\n<li data-start=\"1651\" data-end=\"1697\"><span class=\"_fadeIn_m1hgl_8\">Dla <\/span><span class=\"_fadeIn_m1hgl_8\">niski <\/span><span class=\"_fadeIn_m1hgl_8\">do <\/span><span class=\"_fadeIn_m1hgl_8\">wysoka lepko\u015b\u0107 <\/span><span class=\"_fadeIn_m1hgl_8\">Media<\/span><\/li>\n<li data-start=\"1651\" data-end=\"1697\"><span class=\"_fadeIn_m1hgl_8\">Higiena, <\/span><span class=\"_fadeIn_m1hgl_8\">bezpieczny, <\/span><span class=\"_fadeIn_m1hgl_8\">nadaje si\u0119 do zastosowa\u0144 przemys\u0142owych<\/span><\/li>\n<\/ul>","protected":false},"excerpt":{"rendered":"<p class=\"translation-block\"><span class=\"_fadeIn_m1hgl_8\">Mieszad\u0142o stoj\u0105ce <\/span><span class=\"_fadeIn_m1hgl_8\">na 3<\/span><span class=\"_fadeIn_m1hgl_8\">0-<\/span><span class=\"_fadeIn_m1hgl_8\">litrowe <\/span><span class=\"_fadeIn_m1hgl_8\">beczki<\/span><span class=\"_fadeIn_m1hgl_8\">z <\/span><span class=\"_fadeIn_m1hgl_8\">a<\/span><span class=\"_fadeIn_m1hgl_8\">b\u0119bny <\/span><span class=\"_fadeIn_m1hgl_8\">z <\/span><span class=\"_fadeIn_m1hgl_8\">nap\u0119dem pneumatycznym <\/span><span class=\"_fadeIn_m1hgl_8\">, <\/span><span class=\"_fadeIn_m1hgl_8\">V4A-<\/span><span class=\"_fadeIn_m1hgl_8\">cz\u0119\u015bci, <\/span><span class=\"_fadeIn_m1hgl_8\">automatyczne <\/span><span class=\"_fadeIn_m1hgl_8\">urz\u0105dzenie podnosz\u0105ce<\/span><span class=\"_fadeIn_m1hgl_8\">, <\/span><span class=\"_fadeIn_m1hgl_8\">bezpieczne wy\u0142\u0105czanie <\/span><span class=\"_fadeIn_m1hgl_8\">i <\/span><span class=\"_fadeIn_m1hgl_8\">urz\u0105dzenie mieszaj\u0105ce <\/span><span class=\"_fadeIn_m1hgl_8\">dla <\/span><span class=\"_fadeIn_m1hgl_8\">wydajno\u015bci, <\/span><span class=\"_fadeIn_m1hgl_8\">bezpieczne <\/span><span class=\"_fadeIn_m1hgl_8\">urz\u0105dzenie mieszaj\u0105ce <\/span><span class=\"_fadeIn_m1hgl_8\">dla <\/span><span class=\"_fadeIn_m1hgl_8\">wszystkich <\/span><span class=\"_fadeIn_m1hgl_8\">przedmiot\u00f3w, <\/span><span class=\"_fadeIn_m1hgl_8\">z mo\u017cliwo\u015bci\u0105 monta\u017cu na \u015bcianie lub pod\u0142odze.<\/span><\/p>","protected":false},"featured_media":15566,"comment_status":"open","ping_status":"closed","template":"","meta":{"_acf_changed":false},"product_brand":[],"product_cat":[595,612],"product_tag":[2978,2979,2980,2893,2950,2956,2966,2977],"class_list":{"0":"post-14856","1":"product","2":"type-product","3":"status-publish","4":"has-post-thumbnail","6":"product_cat-ruehrwerkstechnik","7":"product_cat-kleingebinderuehrwerke","8":"product_tag-ruehrwerk-edelstahl-30l","9":"product_tag-edelstahl-ruehrsystem-30-liter","10":"product_tag-bedienpult-ruehrwerk","11":"product_tag-ruehrwerk-mit-hebevorrichtung","12":"product_tag-hygienisches-fassruehrwerk","13":"product_tag-pneumatischer-ruehrantrieb","14":"product_tag-v4a-ruehrwelle-eco-cup","15":"product_tag-stativruehrwerk-30-liter","16":"product_shipping_class-europalette-speditionsversand","17":"pa_antriebsart-pneumatisch","18":"pa_bedienkonzept-standardschalttafel","19":"pa_bedienkonzept-dguv-schalttafel","20":"pa_befestigung-mit-bodenbefestigung","21":"pa_befestigung-mit-wandbefestigung","22":"pa_behaeltervolumen-30-liter","23":"pa_deckeldurchmesser-380mm","24":"pa_dichtung-ptfe","25":"pa_drehmoment-4nm","26":"pa_drehzahl-0-300-1-min","27":"pa_durchmesser-ruehrwelle-16mm","28":"pa_geeignete-fassdurchmesser-30-liter","29":"pa_geraeuschpegel-75db","30":"pa_gesamtbreite-440mm","31":"pa_gesamthoehe-1335mm","32":"pa_labs-oel-und-silikonfrei","33":"pa_laenge-ruehrwelle-ca-360mm-ab-deckeloberkante","34":"pa_material-deckel-v4a-edelstahl-1-4404","35":"pa_mittlerer-luftverbrauch-25l-min","36":"pa_model-eco-station-30","37":"pa_ruehrorgan-schraegblattmischer-175mm","38":"pa_ruehrorgan-becherruehrorgan-eco-cup-170mm","39":"pa_schnellwechselsystem-mit-gewindeverbindung","40":"pa_schnellwechselsystem-mit-schnellwechselsystem","41":"pa_stativverfahrweg-500mm","42":"pa_typ-stativruehrwerk","43":"pa_versorgung-5-6bar","45":"first","46":"instock","47":"taxable","48":"shipping-taxable","49":"purchasable","50":"product-type-variable"},"bundled_by":[],"bundle_stock_status":"instock","bundle_stock_quantity":null,"bundle_virtual":false,"bundle_layout":"","bundle_add_to_cart_form_location":"","bundle_editable_in_cart":false,"bundle_sold_individually_context":"","bundle_item_grouping":"","bundle_min_size":"","bundle_max_size":"","bundle_price":[],"bundled_items":[],"bundle_sell_ids":[],"exclude_global_add_ons":[],"addons":[],"acf":[],"_links":{"self":[{"href":"https:\/\/ptm-mechatronics.com\/pl\/wp-json\/wp\/v2\/product\/14856","targetHints":{"allow":["GET"]}}],"collection":[{"href":"https:\/\/ptm-mechatronics.com\/pl\/wp-json\/wp\/v2\/product"}],"about":[{"href":"https:\/\/ptm-mechatronics.com\/pl\/wp-json\/wp\/v2\/types\/product"}],"replies":[{"embeddable":true,"href":"https:\/\/ptm-mechatronics.com\/pl\/wp-json\/wp\/v2\/comments?post=14856"}],"wp:featuredmedia":[{"embeddable":true,"href":"https:\/\/ptm-mechatronics.com\/pl\/wp-json\/wp\/v2\/media\/15566"}],"wp:attachment":[{"href":"https:\/\/ptm-mechatronics.com\/pl\/wp-json\/wp\/v2\/media?parent=14856"}],"wp:term":[{"taxonomy":"product_brand","embeddable":true,"href":"https:\/\/ptm-mechatronics.com\/pl\/wp-json\/wp\/v2\/product_brand?post=14856"},{"taxonomy":"product_cat","embeddable":true,"href":"https:\/\/ptm-mechatronics.com\/pl\/wp-json\/wp\/v2\/product_cat?post=14856"},{"taxonomy":"product_tag","embeddable":true,"href":"https:\/\/ptm-mechatronics.com\/pl\/wp-json\/wp\/v2\/product_tag?post=14856"}],"curies":[{"name":"wp","href":"https:\/\/api.w.org\/{rel}","templated":true}]}}