{"id":14503,"date":"2025-08-25T09:10:11","date_gmt":"2025-08-25T07:10:11","guid":{"rendered":"https:\/\/ptm-mechatronics.com\/?post_type=product&#038;p=14503"},"modified":"2025-11-07T15:56:13","modified_gmt":"2025-11-07T14:56:13","slug":"elektrisches-ruehrwerk-mit-traverse-fuer-ibc-container-atex","status":"publish","type":"product","link":"https:\/\/ptm-mechatronics.com\/pl\/product\/elektrisches-ruehrwerk-mit-traverse-fuer-ibc-container-atex\/","title":{"rendered":"Elektryczne mieszad\u0142o z trawers\u0105 do IBC i kontener\u00f3w ATEX"},"content":{"rendered":"<h1><span style=\"font-size: 75%;\">Elektryczne mieszad\u0142o do pojemnik\u00f3w IBC i kontener\u00f3w - zgodne z ATEX, elastyczne, \u0142atwe w instalacji<\/span><\/h1>\n<p>Nasze mieszad\u0142a elektryczne do kontener\u00f3w IBC i pojemnik\u00f3w przekonuj\u0105 \u0142atw\u0105 obs\u0142ug\u0105 i solidn\u0105 jako\u015bci\u0105 - nawet w strefach zagro\u017conych wybuchem ATEX 1. Dzi\u0119ki praktycznej poprzeczce wykonanej z wysokiej jako\u015bci stali nierdzewnej V4A (1.4404) mo\u017cna szybko i bezpiecznie przymocowa\u0107 mieszad\u0142o do pojemnika. Dzi\u0119ki dw\u00f3m szybko zwalnianym zaciskom monta\u017c trwa zaledwie kilka sekund.<\/p>\n<p>Trawersa jest elastycznie regulowana i nadaje si\u0119 do pojemnik\u00f3w IBC o pojemno\u015bci od 600 do 1200 litr\u00f3w. Mieszad\u0142o jest dostarczane w stanie gotowym do u\u017cycia, wraz z pasuj\u0105cym wa\u0142em mieszad\u0142a i specjalnie zaprojektowanym mieszad\u0142em kubkowym eco-Cup, r\u00f3wnie\u017c wykonanym z wytrzyma\u0142ej stali nierdzewnej V4A (1.4404).<\/p>\n<p>Opcjonalnie, pr\u0119dko\u015b\u0107 mo\u017ce by\u0107 precyzyjnie i wygodnie kontrolowana i odczytywana za pomoc\u0105 przetwornicy cz\u0119stotliwo\u015bci z obwodem zabezpieczaj\u0105cym silnik i wy\u0142\u0105cznikiem awaryjnym. Wst\u0119pnie zmontowane uchwyty do w\u00f3zk\u00f3w wid\u0142owych zapewniaj\u0105 nieskomplikowany transport i s\u0105 idealne do u\u017cytku z w\u00f3zkiem wid\u0142owym.<\/p>\n<h3 data-start=\"1337\" data-end=\"1549\"><span class=\"_fadeIn_m1hgl_8\">Dost\u0119pne opcje:<\/span><\/h3>\n<p>Trzy poziomy mocy w zale\u017cno\u015bci od potrzeb:<\/p>\n<ul>\n<li>Do cieczy o lepko\u015bci do 2000 mPas.<\/li>\n<li>Do cieczy o lepko\u015bci do 10 000 mPas.<\/li>\n<li>Do cieczy o lepko\u015bci do 50 000 mPas.<\/li>\n<\/ul>\n<p>System szybkiej wymiany wa\u0142u mieszad\u0142a:<br \/>\nNasz <a href=\"https:\/\/youtu.be\/TjagGW4DoyA?feature=shared\" target=\"_blank\" rel=\"noopener\">System szybkiej wymiany eco-Quick<\/a> Umo\u017cliwia szybk\u0105 i czyst\u0105 wymian\u0119 wa\u0142u mieszad\u0142a w ci\u0105gu kilku sekund bez u\u017cycia dodatkowych narz\u0119dzi.<\/p>\n<p>Przetwornica cz\u0119stotliwo\u015bci:<br \/>\nWybierz opcjonaln\u0105 przetwornic\u0119 cz\u0119stotliwo\u015bci do monta\u017cu na \u015bcianie.<\/p>\n<p>&nbsp;<\/p>\n<p>Wa\u017cna uwaga:<br \/>\nPoniewa\u017c kontenery IBC nie s\u0105 znormalizowane, prosimy o wcze\u015bniejsze dok\u0142adne sprawdzenie wymiar\u00f3w kontener\u00f3w. W razie jakichkolwiek pyta\u0144 prosimy o kontakt - ch\u0119tnie doradzimy osobi\u015bcie!<\/p>\n<p>Zakres dostawy:<br \/>\nMieszad\u0142o jest dostarczane bez pojemnika.<\/p>","protected":false},"excerpt":{"rendered":"<p>Wydajne mieszad\u0142o IBC w pe\u0142ni wyposa\u017cone w wa\u0142 mieszad\u0142a, element mieszad\u0142a i trawers\u0119. Silnik elektryczny dost\u0119pny w trzech wariantach mocy.<\/p>","protected":false},"featured_media":15561,"comment_status":"open","ping_status":"closed","template":"","meta":{"_acf_changed":false},"product_brand":[],"product_cat":[595,614],"product_tag":[3168,3169,3170,2816,2854,2867,3159,3166,3167],"class_list":{"0":"post-14503","1":"product","2":"type-product","3":"status-publish","4":"has-post-thumbnail","6":"product_cat-ruehrwerkstechnik","7":"product_cat-containerruehrwerke","8":"product_tag-ibc-ruehrwerk-edelstahl","9":"product_tag-v4a-ruehrwerk","10":"product_tag-ruehrwerk-mit-traverse","11":"product_tag-explosionsgeschuetztes-ruehrwerk","12":"product_tag-frequenzumrichter-ruehrwerk","13":"product_tag-atex-ruehrwerk-elektrisch","14":"product_tag-eco-cup-ruehrorgan","15":"product_tag-elektrisches-ibc-ruehrwerk","16":"product_tag-ruehrwerk-fuer-container","17":"product_shipping_class-europalette-speditionsversand","18":"pa_antriebsart-elektrisch","19":"pa_atex-zone-122122","20":"pa_atex-gas-ex-db-eb-iic-t4-gb","21":"pa_behaeltervolumen-ibc","22":"pa_durchmesser-ruehrwelle-25mm","23":"pa_frequenzumrichter-ohne","24":"pa_frequenzumrichter-zur-wandmontage","25":"pa_geeignete-ibc-groessen-600-1200-liter","26":"pa_laenge-ruehrwelle-ca-795mm-ab-deckeloberkante","27":"pa_material-traverse-v4a-edelstahl-1-4404","28":"pa_motorart-stirnradgetriebemotor","29":"pa_motorgroessen-0-411-1-min-15kw-32nm-bis-2-000mpas","30":"pa_motorgroessen-0-245-1-min-15kw-58nm-bis-10-000mpas","31":"pa_motorgroessen-0-337-1-min-3kw-85nm-bis-50-000mpas","32":"pa_ruehrorgan-becherruehrorgan-eco-cup-500mm","33":"pa_schaltart-dreieck-stern","34":"pa_schnellwechselsystem-mit-gewindeverbindung","35":"pa_schnellwechselsystem-mit-schnellwechselsystem","36":"pa_typ-traversenruehrwerk","38":"first","39":"instock","40":"taxable","41":"shipping-taxable","42":"purchasable","43":"product-type-variable"},"bundled_by":[],"bundle_stock_status":"instock","bundle_stock_quantity":null,"bundle_virtual":false,"bundle_layout":"","bundle_add_to_cart_form_location":"","bundle_editable_in_cart":false,"bundle_sold_individually_context":"","bundle_item_grouping":"","bundle_min_size":"","bundle_max_size":"","bundle_price":[],"bundled_items":[],"bundle_sell_ids":[],"exclude_global_add_ons":[],"addons":[],"acf":[],"_links":{"self":[{"href":"https:\/\/ptm-mechatronics.com\/pl\/wp-json\/wp\/v2\/product\/14503","targetHints":{"allow":["GET"]}}],"collection":[{"href":"https:\/\/ptm-mechatronics.com\/pl\/wp-json\/wp\/v2\/product"}],"about":[{"href":"https:\/\/ptm-mechatronics.com\/pl\/wp-json\/wp\/v2\/types\/product"}],"replies":[{"embeddable":true,"href":"https:\/\/ptm-mechatronics.com\/pl\/wp-json\/wp\/v2\/comments?post=14503"}],"wp:featuredmedia":[{"embeddable":true,"href":"https:\/\/ptm-mechatronics.com\/pl\/wp-json\/wp\/v2\/media\/15561"}],"wp:attachment":[{"href":"https:\/\/ptm-mechatronics.com\/pl\/wp-json\/wp\/v2\/media?parent=14503"}],"wp:term":[{"taxonomy":"product_brand","embeddable":true,"href":"https:\/\/ptm-mechatronics.com\/pl\/wp-json\/wp\/v2\/product_brand?post=14503"},{"taxonomy":"product_cat","embeddable":true,"href":"https:\/\/ptm-mechatronics.com\/pl\/wp-json\/wp\/v2\/product_cat?post=14503"},{"taxonomy":"product_tag","embeddable":true,"href":"https:\/\/ptm-mechatronics.com\/pl\/wp-json\/wp\/v2\/product_tag?post=14503"}],"curies":[{"name":"wp","href":"https:\/\/api.w.org\/{rel}","templated":true}]}}