{"id":14428,"date":"2025-07-25T09:35:54","date_gmt":"2025-07-25T07:35:54","guid":{"rendered":"https:\/\/ptm-mechatronics.com\/?post_type=product&#038;p=14428"},"modified":"2026-03-09T10:20:09","modified_gmt":"2026-03-09T09:20:09","slug":"ruehrwerk-mit-traverse-fuer-ibc-container","status":"publish","type":"product","link":"https:\/\/ptm-mechatronics.com\/pl\/product\/ruehrwerk-mit-traverse-fuer-ibc-container\/","title":{"rendered":"Mieszad\u0142o pneumatyczne z trawersem do pojemnik\u00f3w IBC i kontener\u00f3w"},"content":{"rendered":"<h1 data-start=\"186\" data-end=\"280\"><span style=\"font-size: 90%;\">Pneumatyczne mieszad\u0142o IBC z belk\u0105 poprzeczn\u0105 ze stali nierdzewnej - elastyczne, wydajne, \u0142atwe w instalacji<\/span><\/h1>\n<p data-start=\"282\" data-end=\"621\">Nasze wydajne mieszad\u0142a pneumatyczne do pojemnik\u00f3w IBC i kontener\u00f3w s\u0105 idealnym rozwi\u0105zaniem dla niezawodnych proces\u00f3w mieszania w przemy\u015ble i produkcji. Wytrzyma\u0142a belka poprzeczna wykonana ze stali nierdzewnej V4A 1.4404 mo\u017ce by\u0107 szybko i bezpiecznie zamontowana na pojemniku - dwa zaciski szybkomocuj\u0105ce pozwalaj\u0105 na jej zamocowanie w zaledwie kilka sekund.<\/p>\n<p data-start=\"623\" data-end=\"975\">Dzi\u0119ki zmiennemu zakresowi regulacji mieszad\u0142o nadaje si\u0119 do pojemnik\u00f3w IBC o pojemno\u015bci od 600 do 1200 litr\u00f3w. Zakres dostawy obejmuje pasuj\u0105cy wa\u0142 mieszad\u0142a i specjalnie zaprojektowane mieszad\u0142o kubkowe eco-Cup - r\u00f3wnie\u017c wykonane ze stali nierdzewnej V4A - do wydajnego, delikatnego mieszania medi\u00f3w o niskiej i wysokiej lepko\u015bci.<\/p>\n<h3 data-start=\"1337\" data-end=\"1549\"><span class=\"_fadeIn_m1hgl_8\">Dost\u0119pne opcje:<\/span><\/h3>\n<p>System szybkiej wymiany wa\u0142u mieszad\u0142a:<br \/>\nNasz system szybkiej wymiany eco-Quick umo\u017cliwia szybk\u0105 i czyst\u0105 wymian\u0119 wa\u0142u mieszad\u0142a w ci\u0105gu kilku sekund bez u\u017cycia dodatkowych narz\u0119dzi.<\/p>\n<p data-start=\"1337\" data-end=\"1549\">Koncepcja dzia\u0142ania:<br \/>\nMikser stoj\u0105cy jest opcjonalnie dost\u0119pny z zestawem pneumatycznym (zaw\u00f3r odcinaj\u0105cy, regulator filtra i manometr) lub panelem sterowania DGUV. Panel sterowania DGUV zapewnia bezpiecze\u0144stwo pracy zgodnie z UVV z zatrzymaniem awaryjnym z kontrolowanym restartem, podw\u00f3jnym monitorowaniem pojemnika oraz przejrzystym i bezpiecznym rozmieszczeniem element\u00f3w obs\u0142ugi.<\/p>\n<p data-start=\"623\" data-end=\"975\">Uwaga: Poniewa\u017c pojemniki IBC nie s\u0105 znormalizowane, zalecamy wcze\u015bniejsze sprawdzenie wymiar\u00f3w. Nasz zesp\u00f3\u0142 PTM z przyjemno\u015bci\u0105 pomo\u017ce w wyborze.<\/p>\n<p data-start=\"1118\" data-end=\"1150\">Zakres dostawy bez pojemnika.<\/p>","protected":false},"excerpt":{"rendered":"<p>Pneumatyczne mieszad\u0142o IBC z belk\u0105 poprzeczn\u0105 ze stali nierdzewnej, gotowe do natychmiastowego u\u017cycia i mo\u017ce by\u0107 elastycznie montowane na pojemnikach o pojemno\u015bci 600-1200 litr\u00f3w - w tym wa\u0142 mieszad\u0142a i mieszad\u0142o eco-Cup.<\/p>","protected":false},"featured_media":15558,"comment_status":"open","ping_status":"closed","template":"","meta":{"_acf_changed":false},"product_brand":[],"product_cat":[595,614],"product_tag":[3159,3160,3161,3162,2517,2743,2891,2892,3155],"class_list":{"0":"post-14428","1":"product","2":"type-product","3":"status-publish","4":"has-post-thumbnail","6":"product_cat-ruehrwerkstechnik","7":"product_cat-containerruehrwerke","8":"product_tag-eco-cup-ruehrorgan","9":"product_tag-ruehrwelle-ibc","10":"product_tag-ibc-ruehrtechnik","11":"product_tag-schnellspanner-ruehrwerk","12":"product_tag-edelstahl-ruehrwerk","13":"product_tag-ruehrwerk-v4a","14":"product_tag-container-ruehrwerk","15":"product_tag-pneumatisches-ruehrwerk","16":"product_tag-ibc-ruehrwerk","17":"product_shipping_class-karton-paketversand","18":"pa_antriebsart-pneumatisch","19":"pa_atex-zone-122122","20":"pa_bedien-anschlusskonzept-ohne","21":"pa_bedien-anschlusskonzept-pneumatikset","22":"pa_bedien-anschlusskonzept-dguv-schalttafel","23":"pa_behaeltervolumen-ibc","24":"pa_dichtung-ptfe","25":"pa_drehmoment-32nm","26":"pa_drehzahl-0-300-1-min","27":"pa_durchmesser-ruehrwelle-25mm","28":"pa_ex-gas-ex-ii-2-g-ex-h-iic-t5-gb-x","29":"pa_ex-staub-ex-ii-2-d-ex-h-iiic-t100c-db-x","30":"pa_geeignete-ibc-groessen-600-1200-liter","31":"pa_geraeuschpegel-75db","32":"pa_labs-oel-und-silikonfrei","33":"pa_laenge-ruehrwelle-ca-795mm-ab-deckeloberkante","34":"pa_material-gehaeuse-aluminium-eloxiert","35":"pa_material-traverse-v4a-edelstahl-1-4404","36":"pa_mittlerer-luftverbrauch-200l-min","37":"pa_ruehrorgan-becherruehrorgan-eco-cup-500mm","38":"pa_schnellwechselsystem-mit-gewindeverbindung","39":"pa_schnellwechselsystem-mit-schnellwechselsystem","40":"pa_schutzart-ip67","41":"pa_steckverschraubung-abluft-schlauch-o12mm","42":"pa_steckverschraubung-zuluft-schlauch-o8mm","43":"pa_typ-traversenruehrwerk","44":"pa_versorgung-5-6bar","46":"first","47":"instock","48":"taxable","49":"shipping-taxable","50":"purchasable","51":"product-type-variable"},"bundled_by":[],"bundle_stock_status":"instock","bundle_stock_quantity":null,"bundle_virtual":false,"bundle_layout":"","bundle_add_to_cart_form_location":"","bundle_editable_in_cart":false,"bundle_sold_individually_context":"","bundle_item_grouping":"","bundle_min_size":"","bundle_max_size":"","bundle_price":[],"bundled_items":[],"bundle_sell_ids":[],"exclude_global_add_ons":[],"addons":[],"acf":[],"_links":{"self":[{"href":"https:\/\/ptm-mechatronics.com\/pl\/wp-json\/wp\/v2\/product\/14428","targetHints":{"allow":["GET"]}}],"collection":[{"href":"https:\/\/ptm-mechatronics.com\/pl\/wp-json\/wp\/v2\/product"}],"about":[{"href":"https:\/\/ptm-mechatronics.com\/pl\/wp-json\/wp\/v2\/types\/product"}],"replies":[{"embeddable":true,"href":"https:\/\/ptm-mechatronics.com\/pl\/wp-json\/wp\/v2\/comments?post=14428"}],"wp:featuredmedia":[{"embeddable":true,"href":"https:\/\/ptm-mechatronics.com\/pl\/wp-json\/wp\/v2\/media\/15558"}],"wp:attachment":[{"href":"https:\/\/ptm-mechatronics.com\/pl\/wp-json\/wp\/v2\/media?parent=14428"}],"wp:term":[{"taxonomy":"product_brand","embeddable":true,"href":"https:\/\/ptm-mechatronics.com\/pl\/wp-json\/wp\/v2\/product_brand?post=14428"},{"taxonomy":"product_cat","embeddable":true,"href":"https:\/\/ptm-mechatronics.com\/pl\/wp-json\/wp\/v2\/product_cat?post=14428"},{"taxonomy":"product_tag","embeddable":true,"href":"https:\/\/ptm-mechatronics.com\/pl\/wp-json\/wp\/v2\/product_tag?post=14428"}],"curies":[{"name":"wp","href":"https:\/\/api.w.org\/{rel}","templated":true}]}}