{"id":14421,"date":"2025-07-25T09:20:21","date_gmt":"2025-07-25T07:20:21","guid":{"rendered":"https:\/\/ptm-mechatronics.com\/?post_type=product&#038;p=14421"},"modified":"2025-11-07T15:56:02","modified_gmt":"2025-11-07T14:56:02","slug":"ruehrwerk-mit-traverse-fuer-ibc-container-atex","status":"publish","type":"product","link":"https:\/\/ptm-mechatronics.com\/pl\/product\/ruehrwerk-mit-traverse-fuer-ibc-container-atex\/","title":{"rendered":"Mieszad\u0142o pneumatyczne z trawers\u0105 do pojemnik\u00f3w IBC i kontener\u00f3w - ATEX"},"content":{"rendered":"<h1 data-start=\"194\" data-end=\"290\"><span style=\"font-size: 75%;\">Pneumatyczne mieszad\u0142o IBC z belk\u0105 poprzeczn\u0105 ze stali nierdzewnej - bezpieczne dla ATEX, elastyczne, \u0142atwe w monta\u017cu<\/span><\/h1>\n<p data-start=\"292\" data-end=\"535\">Nasze wydajne mieszad\u0142a pneumatyczne do pojemnik\u00f3w IBC i kontener\u00f3w s\u0105 specjalnie zaprojektowane do ci\u0105g\u0142ego u\u017cytku przemys\u0142owego i oferuj\u0105 maksymalne bezpiecze\u0144stwo i wydajno\u015b\u0107 - nawet w strefach zagro\u017conych wybuchem ATEX Zone 1.<\/p>\n<p data-start=\"537\" data-end=\"871\">Wytrzyma\u0142\u0105 poprzeczk\u0119 wykonan\u0105 z wysokiej jako\u015bci stali nierdzewnej V4A 1.4404 mo\u017cna szybko i \u0142atwo przymocowa\u0107 do pojemnika. Mieszad\u0142o jest bezpiecznie mocowane w ci\u0105gu kilku sekund za pomoc\u0105 dw\u00f3ch praktycznych zacisk\u00f3w szybkomocuj\u0105cych. Dzi\u0119ki zmiennemu zakresowi regulacji system nadaje si\u0119 do pojemnik\u00f3w IBC o pojemno\u015bci od 600 do 1200 litr\u00f3w.<\/p>\n<p data-start=\"873\" data-end=\"1102\">Mieszad\u0142o jest dostarczane w stanie gotowym do u\u017cycia z dostosowanym wa\u0142em mieszad\u0142a i sprawdzonym mieszad\u0142em kubkowym eco-Cup - oba wykonane ze stali nierdzewnej V4A - w celu uzyskania jednorodnych wynik\u00f3w w przypadku medi\u00f3w o niskiej i wysokiej lepko\u015bci.<\/p>\n<h3 data-start=\"1337\" data-end=\"1549\"><span class=\"_fadeIn_m1hgl_8\">Dost\u0119pne opcje:<\/span><\/h3>\n<p>System szybkiej wymiany wa\u0142u mieszad\u0142a:<br \/>\nNasz <a href=\"https:\/\/youtu.be\/TjagGW4DoyA?feature=shared\" target=\"_blank\" rel=\"noopener\">System szybkiej wymiany eco-Quick<\/a> Umo\u017cliwia szybk\u0105 i czyst\u0105 wymian\u0119 wa\u0142u mieszad\u0142a w ci\u0105gu kilku sekund bez u\u017cycia dodatkowych narz\u0119dzi.<\/p>\n<p data-start=\"1337\" data-end=\"1549\">Koncepcja dzia\u0142ania:<br \/>\nMieszad\u0142o jest opcjonalnie dost\u0119pne z zestawem pneumatycznym (zaw\u00f3r odcinaj\u0105cy, regulator filtra i manometr) lub panelem sterowania DGUV. Panel sterowania <a href=\"https:\/\/ptm-mechatronics.com\/pl\/product\/dguv-schalttafel\/\" target=\"_blank\" rel=\"noopener\">Panel sterowania DGUV<\/a> oferuje bezpiecze\u0144stwo pracy zgodnie z UVV z <a href=\"https:\/\/ptm-mechatronics.com\/pl\/grundlagen-guide\/not-aus\/\" target=\"_blank\" rel=\"noopener\">Zatrzymanie awaryjne<\/a> z kontrolowanym restartem, podw\u00f3jnym monitorowaniem pojemnika oraz przejrzystym i bezpiecznym rozmieszczeniem element\u00f3w obs\u0142ugi.<\/p>\n<p data-start=\"873\" data-end=\"1102\">Uwaga: Kontenery IBC nie s\u0105 znormalizowane. Prosimy o wcze\u015bniejsze sprawdzenie wymiar\u00f3w kontenera. Ch\u0119tnie doradzimy osobi\u015bcie.<\/p>\n<p data-start=\"1237\" data-end=\"1269\">Zakres dostawy bez pojemnika.<\/p>","protected":false},"excerpt":{"rendered":"<p>Pneumatyczne mieszad\u0142o IBC z belk\u0105 poprzeczn\u0105 ze stali nierdzewnej dla strefy ATEX 1, mo\u017ce by\u0107 elastycznie montowane na pojemnikach 600-1200 litr\u00f3w i jest gotowe do natychmiastowego u\u017cycia z wa\u0142em mieszad\u0142a i mieszad\u0142em eco-Cup.<\/p>","protected":false},"featured_media":15557,"comment_status":"open","ping_status":"closed","template":"","meta":{"_acf_changed":false},"product_brand":[],"product_cat":[595,614],"product_tag":[2517,2707,2814,2892,2896,3155,3156,3157,3158,3159],"class_list":{"0":"post-14421","1":"product","2":"type-product","3":"status-publish","4":"has-post-thumbnail","6":"product_cat-ruehrwerkstechnik","7":"product_cat-containerruehrwerke","8":"product_tag-edelstahl-ruehrwerk","9":"product_tag-ruehrtechnik-industrie","10":"product_tag-atex-ruehrwerk","11":"product_tag-pneumatisches-ruehrwerk","12":"product_tag-ibc-ruehrwerk-atex","13":"product_tag-ibc-ruehrwerk","14":"product_tag-ruehrwerk-container","15":"product_tag-zone-1-ruehrwerk","16":"product_tag-v4a-traverse","17":"product_tag-eco-cup-ruehrorgan","18":"product_shipping_class-karton-paketversand","19":"pa_antriebsart-pneumatisch","20":"pa_atex-zone-122122","21":"pa_bedien-anschlusskonzept-ohne","22":"pa_bedien-anschlusskonzept-pneumatikset","23":"pa_bedien-anschlusskonzept-dguv-schalttafel","24":"pa_behaeltervolumen-ibc","25":"pa_dichtung-ptfe","26":"pa_drehmoment-32nm","27":"pa_drehzahl-0-300-1-min","28":"pa_durchmesser-ruehrwelle-25mm","29":"pa_ex-gas-ex-ii-2-g-ex-h-iic-t5-gb-x","30":"pa_ex-staub-ex-ii-2-d-ex-h-iiic-t100c-db-x","31":"pa_geeignete-ibc-groessen-600-1200-liter","32":"pa_geraeuschpegel-75db","33":"pa_labs-oel-und-silikonfrei","34":"pa_laenge-ruehrwelle-ca-795mm-ab-deckeloberkante","35":"pa_material-gehaeuse-aluminium-eloxiert","36":"pa_material-traverse-v4a-edelstahl-1-4404","37":"pa_mittlerer-luftverbrauch-200l-min","38":"pa_ruehrorgan-becherruehrorgan-eco-cup-500mm","39":"pa_schnellwechselsystem-mit-gewindeverbindung","40":"pa_schnellwechselsystem-mit-schnellwechselsystem","41":"pa_schutzart-ip67","42":"pa_steckverschraubung-abluft-schlauch-o12mm","43":"pa_steckverschraubung-zuluft-schlauch-o8mm","44":"pa_typ-traversenruehrwerk","45":"pa_versorgung-5-6bar","47":"first","48":"instock","49":"taxable","50":"shipping-taxable","51":"purchasable","52":"product-type-variable"},"bundled_by":[],"bundle_stock_status":"instock","bundle_stock_quantity":null,"bundle_virtual":false,"bundle_layout":"","bundle_add_to_cart_form_location":"","bundle_editable_in_cart":false,"bundle_sold_individually_context":"","bundle_item_grouping":"","bundle_min_size":"","bundle_max_size":"","bundle_price":[],"bundled_items":[],"bundle_sell_ids":[],"exclude_global_add_ons":[],"addons":[],"acf":[],"_links":{"self":[{"href":"https:\/\/ptm-mechatronics.com\/pl\/wp-json\/wp\/v2\/product\/14421","targetHints":{"allow":["GET"]}}],"collection":[{"href":"https:\/\/ptm-mechatronics.com\/pl\/wp-json\/wp\/v2\/product"}],"about":[{"href":"https:\/\/ptm-mechatronics.com\/pl\/wp-json\/wp\/v2\/types\/product"}],"replies":[{"embeddable":true,"href":"https:\/\/ptm-mechatronics.com\/pl\/wp-json\/wp\/v2\/comments?post=14421"}],"wp:featuredmedia":[{"embeddable":true,"href":"https:\/\/ptm-mechatronics.com\/pl\/wp-json\/wp\/v2\/media\/15557"}],"wp:attachment":[{"href":"https:\/\/ptm-mechatronics.com\/pl\/wp-json\/wp\/v2\/media?parent=14421"}],"wp:term":[{"taxonomy":"product_brand","embeddable":true,"href":"https:\/\/ptm-mechatronics.com\/pl\/wp-json\/wp\/v2\/product_brand?post=14421"},{"taxonomy":"product_cat","embeddable":true,"href":"https:\/\/ptm-mechatronics.com\/pl\/wp-json\/wp\/v2\/product_cat?post=14421"},{"taxonomy":"product_tag","embeddable":true,"href":"https:\/\/ptm-mechatronics.com\/pl\/wp-json\/wp\/v2\/product_tag?post=14421"}],"curies":[{"name":"wp","href":"https:\/\/api.w.org\/{rel}","templated":true}]}}