{"id":14412,"date":"2025-07-25T09:05:44","date_gmt":"2025-07-25T07:05:44","guid":{"rendered":"https:\/\/ptm-mechatronics.com\/?post_type=product&#038;p=14412"},"modified":"2026-03-09T10:20:05","modified_gmt":"2026-03-09T09:20:05","slug":"stativruehrwerk-fuer-ibc-container","status":"publish","type":"product","link":"https:\/\/ptm-mechatronics.com\/pl\/product\/stativruehrwerk-fuer-ibc-container\/","title":{"rendered":"Pneumatyczny mikser stoj\u0105cy do pojemnik\u00f3w IBC i kontener\u00f3w"},"content":{"rendered":"<h1 data-start=\"188\" data-end=\"272\"><span style=\"font-size: 90%;\"><span class=\"_fadeIn_m1hgl_8\">Mieszad\u0142o stoj\u0105ce <\/span><span class=\"_fadeIn_m1hgl_8\">dla <\/span><span class=\"_fadeIn_m1hgl_8\">IBC <\/span><span class=\"_fadeIn_m1hgl_8\">i <\/span><span class=\"_fadeIn_m1hgl_8\">Pojemnik - <\/span><span class=\"_fadeIn_m1hgl_8\">pot\u0119\u017cny, <\/span><span class=\"_fadeIn_m1hgl_8\">bezpieczny <\/span><span class=\"_fadeIn_m1hgl_8\">i <\/span><span class=\"_fadeIn_m1hgl_8\">Ergonomiczny <\/span><span class=\"_fadeIn_m1hgl_8\">miesza\u0107<\/span><\/span><\/h1>\n<p data-start=\"274\" data-end=\"737\"><span class=\"_fadeIn_m1hgl_8\">Nasz <\/span><span class=\"_fadeIn_m1hgl_8\">Mieszad\u0142o stoj\u0105ce <\/span><span class=\"_fadeIn_m1hgl_8\">dla <\/span><span class=\"_fadeIn_m1hgl_8\">IBC <\/span><span class=\"_fadeIn_m1hgl_8\">i <\/span><span class=\"_fadeIn_m1hgl_8\">Pojemnik<\/span> <span class=\"_fadeIn_m1hgl_8\">by\u0142 <\/span><span class=\"_fadeIn_m1hgl_8\">zw\u0142aszcza <\/span><span class=\"_fadeIn_m1hgl_8\">dla <\/span><span class=\"_fadeIn_m1hgl_8\">w <\/span><span class=\"_fadeIn_m1hgl_8\">pot\u0119\u017cny <\/span><span class=\"_fadeIn_m1hgl_8\">i <\/span><span class=\"_fadeIn_m1hgl_8\">niezawodny proces <\/span><span class=\"_fadeIn_m1hgl_8\">Miesza\u0107 <\/span><span class=\"_fadeIn_m1hgl_8\">z <\/span><span class=\"_fadeIn_m1hgl_8\">niski <\/span><span class=\"_fadeIn_m1hgl_8\">do <\/span><span class=\"_fadeIn_m1hgl_8\">wysoka lepko\u015b\u0107 <\/span><span class=\"_fadeIn_m1hgl_8\">Media<\/span> <span class=\"_fadeIn_m1hgl_8\">opracowany. <\/span><span class=\"_fadeIn_m1hgl_8\">Wyposa\u017cony <\/span><span class=\"_fadeIn_m1hgl_8\">z <\/span><span class=\"_fadeIn_m1hgl_8\">jeden <\/span><span class=\"_fadeIn_m1hgl_8\">pot\u0119\u017cny, <\/span><span class=\"_fadeIn_m1hgl_8\">pneumatyczny <\/span><span class=\"_fadeIn_m1hgl_8\">Nap\u0119d<\/span><span class=\"_fadeIn_m1hgl_8\">, <\/span><span class=\"_fadeIn_m1hgl_8\">jeden <\/span><span class=\"_fadeIn_m1hgl_8\">solidny <\/span><span class=\"_fadeIn_m1hgl_8\">System os\u0142on<\/span> <span class=\"_fadeIn_m1hgl_8\">oraz <\/span><span class=\"_fadeIn_m1hgl_8\">jeden <\/span><span class=\"_fadeIn_m1hgl_8\">stabilny <\/span><span class=\"_fadeIn_m1hgl_8\">Statyw <\/span><span class=\"_fadeIn_m1hgl_8\">z <\/span><span class=\"_fadeIn_m1hgl_8\">bardziej automatyczny <\/span><span class=\"_fadeIn_m1hgl_8\">Urz\u0105dzenie podnosz\u0105ce<\/span><span class=\"_fadeIn_m1hgl_8\">, <\/span><span class=\"_fadeIn_m1hgl_8\">jest <\/span><span class=\"_fadeIn_m1hgl_8\">to <\/span><span class=\"_fadeIn_m1hgl_8\">Mieszad\u0142o <\/span><span class=\"_fadeIn_m1hgl_8\">idealny <\/span><span class=\"_fadeIn_m1hgl_8\">dla <\/span><span class=\"_fadeIn_m1hgl_8\">w <\/span><span class=\"_fadeIn_m1hgl_8\">przemys\u0142owy <\/span><span class=\"_fadeIn_m1hgl_8\">Praca ci\u0105g\u0142a <\/span><span class=\"_fadeIn_m1hgl_8\">w <\/span><span class=\"_fadeIn_m1hgl_8\">w <\/span><span class=\"_fadeIn_m1hgl_8\">Chemia, <\/span><span class=\"_fadeIn_m1hgl_8\">\u017bywno\u015b\u0107-, <\/span><span class=\"_fadeIn_m1hgl_8\">Farmaceutyczny <\/span><span class=\"_fadeIn_m1hgl_8\">i <\/span><span class=\"_fadeIn_m1hgl_8\">Przemys\u0142 kosmetyczny<\/span> <span class=\"_fadeIn_m1hgl_8\">odpowiedni.<\/span><\/p>\n<p data-start=\"739\" data-end=\"1149\"><span class=\"_fadeIn_m1hgl_8\">The <\/span><span class=\"_fadeIn_m1hgl_8\">zintegrowany <\/span><span class=\"_fadeIn_m1hgl_8\">Wa\u0142 mieszad\u0142a<\/span> <span class=\"_fadeIn_m1hgl_8\">i <\/span><span class=\"_fadeIn_m1hgl_8\">w <\/span><span class=\"_fadeIn_m1hgl_8\">sprawdzony <\/span><span class=\"_fadeIn_m1hgl_8\">Sk\u0142adanie<\/span><span class=\"_fadeIn_m1hgl_8\">Mieszad\u0142o kubkowe <\/span><span class=\"_fadeIn_m1hgl_8\">eko-<\/span><span class=\"_fadeIn_m1hgl_8\">Puchar<\/span><span class=\"_fadeIn_m1hgl_8\"> \u2013 <\/span><span class=\"_fadeIn_m1hgl_8\">oba <\/span><span class=\"_fadeIn_m1hgl_8\">wyprodukowany <\/span><span class=\"_fadeIn_m1hgl_8\">z <\/span><span class=\"_fadeIn_m1hgl_8\">wysoka jako\u015b\u0107 <\/span><span class=\"_fadeIn_m1hgl_8\">V4A <\/span><span class=\"_fadeIn_m1hgl_8\">Stal nierdzewna (<\/span><span class=\"_fadeIn_m1hgl_8\">1.4404)<\/span><span class=\"_fadeIn_m1hgl_8\"> \u2013 <\/span><span class=\"_fadeIn_m1hgl_8\">gwarancja <\/span><span class=\"_fadeIn_m1hgl_8\">jeden <\/span><span class=\"_fadeIn_m1hgl_8\">skuteczny <\/span><span class=\"_fadeIn_m1hgl_8\">Mieszanie<\/span> <span class=\"_fadeIn_m1hgl_8\">z <\/span><span class=\"_fadeIn_m1hgl_8\">P\u0142yny <\/span><span class=\"_fadeIn_m1hgl_8\">i <\/span><span class=\"_fadeIn_m1hgl_8\">lepki <\/span><span class=\"_fadeIn_m1hgl_8\">Substancje <\/span><span class=\"_fadeIn_m1hgl_8\">bezpo\u015bredni <\/span><span class=\"_fadeIn_m1hgl_8\">w <\/span><span class=\"_fadeIn_m1hgl_8\">IBC <\/span><span class=\"_fadeIn_m1hgl_8\">lub <\/span><span class=\"_fadeIn_m1hgl_8\">Pojemnik. <\/span><span class=\"_fadeIn_m1hgl_8\">The <\/span><span class=\"_fadeIn_m1hgl_8\">Komponenty <\/span><span class=\"_fadeIn_m1hgl_8\">s\u0105 <\/span><span class=\"_fadeIn_m1hgl_8\">optymalny <\/span><span class=\"_fadeIn_m1hgl_8\">na siebie nawzajem <\/span><span class=\"_fadeIn_m1hgl_8\">zharmonizowany <\/span><span class=\"_fadeIn_m1hgl_8\">i <\/span><span class=\"_fadeIn_m1hgl_8\">zapewnia\u0107 <\/span><span class=\"_fadeIn_m1hgl_8\">dla <\/span><span class=\"_fadeIn_m1hgl_8\">jeden <\/span><span class=\"_fadeIn_m1hgl_8\">nawet, <\/span><span class=\"_fadeIn_m1hgl_8\">jednorodny <\/span><span class=\"_fadeIn_m1hgl_8\">Poruszaj\u0105cy wynik - <\/span><span class=\"_fadeIn_m1hgl_8\">r\u00f3wnie\u017c <\/span><span class=\"_fadeIn_m1hgl_8\">z <\/span><span class=\"_fadeIn_m1hgl_8\">wymagaj\u0105cy <\/span><span class=\"_fadeIn_m1hgl_8\">Media.<\/span><\/p>\n<p data-start=\"1151\" data-end=\"1431\"><span class=\"_fadeIn_m1hgl_8\">The <\/span><span class=\"_fadeIn_m1hgl_8\">automatyczny <\/span><span class=\"_fadeIn_m1hgl_8\">Urz\u0105dzenie podnosz\u0105ce<\/span> <span class=\"_fadeIn_m1hgl_8\">umo\u017cliwia <\/span><span class=\"_fadeIn_m1hgl_8\">jeden <\/span><span class=\"_fadeIn_m1hgl_8\">bardziej komfortowy <\/span><span class=\"_fadeIn_m1hgl_8\">i <\/span><span class=\"_fadeIn_m1hgl_8\">ergonomiczny <\/span><span class=\"_fadeIn_m1hgl_8\">Zmiana pojemnika<\/span><span class=\"_fadeIn_m1hgl_8\">, <\/span><span class=\"_fadeIn_m1hgl_8\">zmniejszony <\/span><span class=\"_fadeIn_m1hgl_8\">fizyczny <\/span><span class=\"_fadeIn_m1hgl_8\">Obci\u0105\u017cenie <\/span><span class=\"_fadeIn_m1hgl_8\">i <\/span><span class=\"_fadeIn_m1hgl_8\">zwi\u0119kszony <\/span><span class=\"_fadeIn_m1hgl_8\">w <\/span><span class=\"_fadeIn_m1hgl_8\">Bezpiecze\u0144stwo pracy. <\/span><span class=\"_fadeIn_m1hgl_8\">O <\/span><span class=\"_fadeIn_m1hgl_8\">jeden <\/span><span class=\"_fadeIn_m1hgl_8\">intuicyjny <\/span><span class=\"_fadeIn_m1hgl_8\">sprawny <\/span><span class=\"_fadeIn_m1hgl_8\">Panel sterowania <\/span><span class=\"_fadeIn_m1hgl_8\">na <\/span><span class=\"_fadeIn_m1hgl_8\">Statyw<\/span> <span class=\"_fadeIn_m1hgl_8\">li\u015bcie <\/span><span class=\"_fadeIn_m1hgl_8\">sam <\/span><span class=\"_fadeIn_m1hgl_8\">w <\/span><span class=\"_fadeIn_m1hgl_8\">ca\u0142o\u015b\u0107 <\/span><span class=\"_fadeIn_m1hgl_8\">Proces mieszania <\/span><span class=\"_fadeIn_m1hgl_8\">skuteczny <\/span><span class=\"_fadeIn_m1hgl_8\">kontrola.<\/span><\/p>\n<p data-start=\"1433\" data-end=\"1758\"><span class=\"_fadeIn_m1hgl_8\">Dla <\/span><span class=\"_fadeIn_m1hgl_8\">dodatkowy <\/span><span class=\"_fadeIn_m1hgl_8\">Bezpiecze\u0144stwo <\/span><span class=\"_fadeIn_m1hgl_8\">zapewnia <\/span><span class=\"_fadeIn_m1hgl_8\">w <\/span><span class=\"_fadeIn_m1hgl_8\">zintegrowany <\/span><span class=\"_fadeIn_m1hgl_8\">automatyczny <\/span><span class=\"_fadeIn_m1hgl_8\">Wy\u0142\u0105czenie mieszad\u0142a <\/span><span class=\"_fadeIn_m1hgl_8\">na <\/span><span class=\"_fadeIn_m1hgl_8\">Podnoszenie <\/span><span class=\"_fadeIn_m1hgl_8\">z <\/span><span class=\"_fadeIn_m1hgl_8\">Pokrywy<\/span><span class=\"_fadeIn_m1hgl_8\">, <\/span><span class=\"_fadeIn_m1hgl_8\">na <\/span><span class=\"_fadeIn_m1hgl_8\">w <\/span><span class=\"_fadeIn_m1hgl_8\">Zasi\u0119g <\/span><span class=\"_fadeIn_m1hgl_8\">w <\/span><span class=\"_fadeIn_m1hgl_8\">ruchomy <\/span><span class=\"_fadeIn_m1hgl_8\">Cz\u0119\u015bci <\/span><span class=\"_fadeIn_m1hgl_8\">do <\/span><span class=\"_fadeIn_m1hgl_8\">zapobiega\u0107. <\/span><span class=\"_fadeIn_m1hgl_8\">Na <\/span><span class=\"_fadeIn_m1hgl_8\">Opuszczanie <\/span><span class=\"_fadeIn_m1hgl_8\">uznaje <\/span><span class=\"_fadeIn_m1hgl_8\">w <\/span><span class=\"_fadeIn_m1hgl_8\">System <\/span><span class=\"_fadeIn_m1hgl_8\">w <\/span><span class=\"_fadeIn_m1hgl_8\">Pojemnik <\/span><span class=\"_fadeIn_m1hgl_8\">automatycznie <\/span><span class=\"_fadeIn_m1hgl_8\">i <\/span><span class=\"_fadeIn_m1hgl_8\">starty <\/span><span class=\"_fadeIn_m1hgl_8\">w <\/span><span class=\"_fadeIn_m1hgl_8\">Proces mieszania <\/span><span class=\"_fadeIn_m1hgl_8\">niezale\u017cny - <\/span><span class=\"_fadeIn_m1hgl_8\">dla <\/span><span class=\"_fadeIn_m1hgl_8\">jeden <\/span><span class=\"_fadeIn_m1hgl_8\">bez tarcia, <\/span><span class=\"_fadeIn_m1hgl_8\">kontrolowany <\/span><span class=\"_fadeIn_m1hgl_8\">Przep\u0142yw procesu.<\/span><\/p>\n<h3 data-start=\"1337\" data-end=\"1549\"><span class=\"_fadeIn_m1hgl_8\">Dost\u0119pne opcje:<\/span><\/h3>\n<p>System szybkiej wymiany wa\u0142u mieszad\u0142a:<br \/>\nNasz <a href=\"https:\/\/youtu.be\/TjagGW4DoyA?feature=shared\" target=\"_blank\" rel=\"noopener\">System szybkiej wymiany eco-Quick<\/a> Umo\u017cliwia szybk\u0105 i czyst\u0105 wymian\u0119 wa\u0142u mieszad\u0142a w ci\u0105gu kilku sekund bez u\u017cycia dodatkowych narz\u0119dzi.<\/p>\n<p>Koncepcja dzia\u0142ania:<br \/>\nMikser stoj\u0105cy jest opcjonalnie dost\u0119pny ze standardowym panelem sterowania z uchwytem typu dead-man lub <a href=\"https:\/\/ptm-mechatronics.com\/pl\/product\/dguv-schalttafel\/\" target=\"_blank\" rel=\"noopener\">Panel sterowania DGUV<\/a> z <a href=\"https:\/\/ptm-mechatronics.com\/pl\/grundlagen-guide\/not-aus\/\" target=\"_blank\" rel=\"noopener\">Zatrzymanie awaryjne<\/a> i <a href=\"https:\/\/ptm-mechatronics.com\/pl\/grundlagen-guide\/zweihandbedienung\/\" target=\"_blank\" rel=\"noopener\">Obs\u0142uga obur\u0119czna<\/a>.<\/p>\n<p data-start=\"1760\" data-end=\"1791\"><span class=\"_fadeIn_m1hgl_8\">Zalety <\/span><span class=\"_fadeIn_m1hgl_8\">na <\/span><span class=\"_fadeIn_m1hgl_8\">jeden <\/span><span class=\"_fadeIn_m1hgl_8\">Widok:<\/span><\/p>\n<ul>\n<li data-start=\"1794\" data-end=\"1835\"><span class=\"_fadeIn_m1hgl_8\">Wi\u0119ksza moc, <\/span><span class=\"_fadeIn_m1hgl_8\">pneumatyczny <\/span><span class=\"_fadeIn_m1hgl_8\">Nap\u0119d<\/span><\/li>\n<li data-start=\"1794\" data-end=\"1835\"><span class=\"_fadeIn_m1hgl_8\">Wi\u0119ksza wytrzyma\u0142o\u015b\u0107 <\/span><span class=\"_fadeIn_m1hgl_8\">Stal nierdzewna (<\/span><span class=\"_fadeIn_m1hgl_8\">V4A \/ <\/span><span class=\"_fadeIn_m1hgl_8\">1.4404) <\/span><span class=\"_fadeIn_m1hgl_8\">dla <\/span><span class=\"_fadeIn_m1hgl_8\">Wa\u0142 mieszad\u0142a <\/span><span class=\"_fadeIn_m1hgl_8\">i <\/span><span class=\"_fadeIn_m1hgl_8\">Mieszad\u0142o<\/span><\/li>\n<li data-start=\"1794\" data-end=\"1835\"><span class=\"_fadeIn_m1hgl_8\">Sk\u0142adanie<\/span><span class=\"_fadeIn_m1hgl_8\">Mieszad\u0142o kubkowe <\/span><span class=\"_fadeIn_m1hgl_8\">eko-<\/span><span class=\"_fadeIn_m1hgl_8\">Puchar <\/span><span class=\"_fadeIn_m1hgl_8\">dla <\/span><span class=\"_fadeIn_m1hgl_8\">skuteczny <\/span><span class=\"_fadeIn_m1hgl_8\">Mieszanka<\/span><\/li>\n<li data-start=\"1794\" data-end=\"1835\"><span class=\"_fadeIn_m1hgl_8\">Odpowiedni <\/span><span class=\"_fadeIn_m1hgl_8\">dla <\/span><span class=\"_fadeIn_m1hgl_8\">niski <\/span><span class=\"_fadeIn_m1hgl_8\">do <\/span><span class=\"_fadeIn_m1hgl_8\">wysoka lepko\u015b\u0107 <\/span><span class=\"_fadeIn_m1hgl_8\">Media<\/span><\/li>\n<li data-start=\"1794\" data-end=\"1835\"><span class=\"_fadeIn_m1hgl_8\">Automatyczny <\/span><span class=\"_fadeIn_m1hgl_8\">Urz\u0105dzenie podnosz\u0105ce <\/span><span class=\"_fadeIn_m1hgl_8\">dla <\/span><span class=\"_fadeIn_m1hgl_8\">ergonomiczny <\/span><span class=\"_fadeIn_m1hgl_8\">Praca<\/span><\/li>\n<li data-start=\"1794\" data-end=\"1835\"><span class=\"_fadeIn_m1hgl_8\">Zintegrowany <\/span><span class=\"_fadeIn_m1hgl_8\">Wy\u0142\u0105czenie bezpiecze\u0144stwa <\/span><span class=\"_fadeIn_m1hgl_8\">na <\/span><span class=\"_fadeIn_m1hgl_8\">Podnoszenie pokrywy<\/span><\/li>\n<li data-start=\"1794\" data-end=\"1835\"><span class=\"_fadeIn_m1hgl_8\">Automatyczny <\/span><span class=\"_fadeIn_m1hgl_8\">Start <\/span><span class=\"_fadeIn_m1hgl_8\">poprzez <\/span><span class=\"_fadeIn_m1hgl_8\">Wykrywanie pojemnik\u00f3w<\/span><\/li>\n<li data-start=\"1794\" data-end=\"1835\"><span class=\"_fadeIn_m1hgl_8\">Praktyczny <\/span><span class=\"_fadeIn_m1hgl_8\">Panel sterowania <\/span><span class=\"_fadeIn_m1hgl_8\">dla <\/span><span class=\"_fadeIn_m1hgl_8\">prosty <\/span><span class=\"_fadeIn_m1hgl_8\">System sterowania<\/span><\/li>\n<li data-start=\"1794\" data-end=\"1835\"><span class=\"_fadeIn_m1hgl_8\">Idealny <\/span><span class=\"_fadeIn_m1hgl_8\">dla <\/span><span class=\"_fadeIn_m1hgl_8\">IBC <\/span><span class=\"_fadeIn_m1hgl_8\">i <\/span><span class=\"_fadeIn_m1hgl_8\">Pojemnik<\/span><\/li>\n<\/ul>\n<p data-start=\"1794\" data-end=\"1835\">Zakres dostawy bez kontenera, bez w\u00f3zka paletowego<\/p>","protected":false},"excerpt":{"rendered":"<p><span class=\"_fadeIn_m1hgl_8\">Mieszad\u0142o stoj\u0105ce <\/span><span class=\"_fadeIn_m1hgl_8\">dla <\/span><span class=\"_fadeIn_m1hgl_8\">IBC <\/span><span class=\"_fadeIn_m1hgl_8\">i <\/span><span class=\"_fadeIn_m1hgl_8\">Pojemnik <\/span><span class=\"_fadeIn_m1hgl_8\">z <\/span><span class=\"_fadeIn_m1hgl_8\">pneumatyczny <\/span><span class=\"_fadeIn_m1hgl_8\">Nap\u0119d, <\/span><span class=\"_fadeIn_m1hgl_8\">bardziej automatyczny <\/span><span class=\"_fadeIn_m1hgl_8\">Urz\u0105dzenie podnosz\u0105ce, <\/span><span class=\"_fadeIn_m1hgl_8\">Wy\u0142\u0105czenie bezpiecze\u0144stwa <\/span><span class=\"_fadeIn_m1hgl_8\">i <\/span><span class=\"_fadeIn_m1hgl_8\">V4A-<\/span><span class=\"_fadeIn_m1hgl_8\">Stal nierdzewna<\/span><span class=\"_fadeIn_m1hgl_8\">Sk\u0142adniki, <\/span><span class=\"_fadeIn_m1hgl_8\">optymalny <\/span><span class=\"_fadeIn_m1hgl_8\">na <\/span><span class=\"_fadeIn_m1hgl_8\">w <\/span><span class=\"_fadeIn_m1hgl_8\">skuteczny <\/span><span class=\"_fadeIn_m1hgl_8\">i <\/span><span class=\"_fadeIn_m1hgl_8\">bezpieczny <\/span><span class=\"_fadeIn_m1hgl_8\">Miesza\u0107 <\/span><span class=\"_fadeIn_m1hgl_8\">z <\/span><span class=\"_fadeIn_m1hgl_8\">niski <\/span><span class=\"_fadeIn_m1hgl_8\">do <\/span><span class=\"_fadeIn_m1hgl_8\">wysoka lepko\u015b\u0107 <\/span><span class=\"_fadeIn_m1hgl_8\">Media <\/span><span class=\"_fadeIn_m1hgl_8\">skoordynowane.<\/span><\/p>","protected":false},"featured_media":15556,"comment_status":"open","ping_status":"closed","template":"","meta":{"_acf_changed":false},"product_brand":[],"product_cat":[595,614],"product_tag":[2892,2893,2894,2895,2897,2898,3155,2637,2890,2891],"class_list":{"0":"post-14412","1":"product","2":"type-product","3":"status-publish","4":"has-post-thumbnail","6":"product_cat-ruehrwerkstechnik","7":"product_cat-containerruehrwerke","8":"product_tag-pneumatisches-ruehrwerk","9":"product_tag-ruehrwerk-mit-hebevorrichtung","10":"product_tag-edelstahl-ruehrwerk-v4a","11":"product_tag-ruehrwerk-mit-sicherheitsabschaltung","12":"product_tag-automatisches-stativruehrwerk","13":"product_tag-ruehrwerk-mit-bedienpult","14":"product_tag-ibc-ruehrwerk","15":"product_tag-ruehrwerk-fuer-hochviskose-medien","16":"product_tag-stativruehrwerk-ibc","17":"product_tag-container-ruehrwerk","18":"product_shipping_class-sonderpalette-speditionsversand","19":"pa_antriebsart-pneumatisch","20":"pa_bedienkonzept-standardschalttafel","21":"pa_bedienkonzept-dguv-schalttafel","22":"pa_behaeltervolumen-ibc","23":"pa_deckeldurchmesser-fuer-ibc-oeffnungen-dn150-und-dn225-geeignet","24":"pa_dichtung-ptfe","25":"pa_drehmoment-32nm","26":"pa_drehzahl-0-300-1-min","27":"pa_durchmesser-ruehrwelle-25mm","28":"pa_geeignete-container-600-1200-liter-ibc","29":"pa_geraeuschpegel-75db","30":"pa_gesamtbreite-1290mm","31":"pa_gesamthoehe-2825mm","32":"pa_labs-oel-und-silikonfrei","33":"pa_laenge-ruehrwelle-ca-739mm-ab-deckeloberkante","34":"pa_material-deckel-v4a-edelstahl-1-4404","35":"pa_mittlerer-luftverbrauch-200l-min","36":"pa_model-eco-station-ibc","37":"pa_ruehrorgan-becherruehrorgan-eco-cup-500mm","38":"pa_schnellwechselsystem-mit-gewindeverbindung","39":"pa_schnellwechselsystem-mit-schnellwechselsystem","40":"pa_stativverfahrweg-1200mm","41":"pa_typ-stativruehrwerk","42":"pa_versorgung-5-6bar","44":"first","45":"instock","46":"taxable","47":"shipping-taxable","48":"purchasable","49":"product-type-variable"},"bundled_by":[],"bundle_stock_status":"instock","bundle_stock_quantity":null,"bundle_virtual":false,"bundle_layout":"","bundle_add_to_cart_form_location":"","bundle_editable_in_cart":false,"bundle_sold_individually_context":"","bundle_item_grouping":"","bundle_min_size":"","bundle_max_size":"","bundle_price":[],"bundled_items":[],"bundle_sell_ids":[],"exclude_global_add_ons":[],"addons":[],"acf":[],"_links":{"self":[{"href":"https:\/\/ptm-mechatronics.com\/pl\/wp-json\/wp\/v2\/product\/14412","targetHints":{"allow":["GET"]}}],"collection":[{"href":"https:\/\/ptm-mechatronics.com\/pl\/wp-json\/wp\/v2\/product"}],"about":[{"href":"https:\/\/ptm-mechatronics.com\/pl\/wp-json\/wp\/v2\/types\/product"}],"replies":[{"embeddable":true,"href":"https:\/\/ptm-mechatronics.com\/pl\/wp-json\/wp\/v2\/comments?post=14412"}],"wp:featuredmedia":[{"embeddable":true,"href":"https:\/\/ptm-mechatronics.com\/pl\/wp-json\/wp\/v2\/media\/15556"}],"wp:attachment":[{"href":"https:\/\/ptm-mechatronics.com\/pl\/wp-json\/wp\/v2\/media?parent=14412"}],"wp:term":[{"taxonomy":"product_brand","embeddable":true,"href":"https:\/\/ptm-mechatronics.com\/pl\/wp-json\/wp\/v2\/product_brand?post=14412"},{"taxonomy":"product_cat","embeddable":true,"href":"https:\/\/ptm-mechatronics.com\/pl\/wp-json\/wp\/v2\/product_cat?post=14412"},{"taxonomy":"product_tag","embeddable":true,"href":"https:\/\/ptm-mechatronics.com\/pl\/wp-json\/wp\/v2\/product_tag?post=14412"}],"curies":[{"name":"wp","href":"https:\/\/api.w.org\/{rel}","templated":true}]}}