{"id":14100,"date":"2025-07-23T09:14:48","date_gmt":"2025-07-23T07:14:48","guid":{"rendered":"https:\/\/ptm-mechatronics.com\/?post_type=product&#038;p=14100"},"modified":"2025-11-07T15:55:27","modified_gmt":"2025-11-07T14:55:27","slug":"ruehrwerk-mit-deckel-fuer-200-liter-fass-atex","status":"publish","type":"product","link":"https:\/\/ptm-mechatronics.com\/pl\/product\/ruehrwerk-mit-deckel-fuer-200-liter-fass-atex\/","title":{"rendered":"Mieszad\u0142o pneumatyczne z pokryw\u0105 do beczki o pojemno\u015bci 200 litr\u00f3w - ATEX"},"content":{"rendered":"<h1 data-start=\"306\" data-end=\"391\"><span style=\"font-size: 75%;\"><span class=\"_fadeIn_m1hgl_8\">ATEX-<\/span><span class=\"_fadeIn_m1hgl_8\">Mieszad\u0142o <\/span><span class=\"_fadeIn_m1hgl_8\">dla <\/span><span class=\"_fadeIn_m1hgl_8\">200-<\/span><span class=\"_fadeIn_m1hgl_8\">Litr<\/span><span class=\"_fadeIn_m1hgl_8\">Beczki - <\/span><span class=\"_fadeIn_m1hgl_8\">pot\u0119\u017cny, <\/span><span class=\"_fadeIn_m1hgl_8\">bezpieczny <\/span><span class=\"_fadeIn_m1hgl_8\">i <\/span><span class=\"_fadeIn_m1hgl_8\">zorientowany na proces<\/span><\/span><\/h1>\n<p data-start=\"393\" data-end=\"819\"><span class=\"_fadeIn_m1hgl_8\">To <\/span><span class=\"_fadeIn_m1hgl_8\">ATEX-<\/span><span class=\"_fadeIn_m1hgl_8\">certyfikowany <\/span><span class=\"_fadeIn_m1hgl_8\">Mieszad\u0142o<\/span> <span class=\"_fadeIn_m1hgl_8\">dla ATEX <\/span><span class=\"_fadeIn_m1hgl_8\">Strefa <\/span><span class=\"_fadeIn_m1hgl_8\">1 lub 0\/1 <\/span><span class=\"_fadeIn_m1hgl_8\">jest <\/span><span class=\"_fadeIn_m1hgl_8\">zw\u0142aszcza <\/span><span class=\"_fadeIn_m1hgl_8\">dla <\/span><span class=\"_fadeIn_m1hgl_8\">w <\/span><span class=\"_fadeIn_m1hgl_8\">U\u017cycie <\/span><span class=\"_fadeIn_m1hgl_8\">w <\/span><span class=\"_fadeIn_m1hgl_8\">atmosfery potencjalnie wybuchowe <\/span><span class=\"_fadeIn_m1hgl_8\">Obszary<\/span> <span class=\"_fadeIn_m1hgl_8\">i <\/span><span class=\"_fadeIn_m1hgl_8\">dla <\/span><span class=\"_fadeIn_m1hgl_8\">w <\/span><span class=\"_fadeIn_m1hgl_8\">Przetwarzanie <\/span><span class=\"_fadeIn_m1hgl_8\">du\u017cy <\/span><span class=\"_fadeIn_m1hgl_8\">Ilo\u015bci produkt\u00f3w<\/span> <span class=\"_fadeIn_m1hgl_8\">w <\/span><span class=\"_fadeIn_m1hgl_8\">200-<\/span><span class=\"_fadeIn_m1hgl_8\">Litr<\/span><span class=\"_fadeIn_m1hgl_8\">Beczki<\/span> <span class=\"_fadeIn_m1hgl_8\">zaprojektowany. <\/span><span class=\"_fadeIn_m1hgl_8\">The <\/span><span class=\"_fadeIn_m1hgl_8\">energooszcz\u0119dno\u015b\u0107, <\/span><span class=\"_fadeIn_m1hgl_8\">pneumatyczny <\/span><span class=\"_fadeIn_m1hgl_8\">Nap\u0119d<\/span> <span class=\"_fadeIn_m1hgl_8\">zapewnia <\/span><span class=\"_fadeIn_m1hgl_8\">w <\/span><span class=\"_fadeIn_m1hgl_8\">Po\u0142\u0105czenie <\/span><span class=\"_fadeIn_m1hgl_8\">z <\/span><span class=\"_fadeIn_m1hgl_8\">Wa\u0142 i organ mieszad\u0142a<\/span>\u00a0<span class=\"_fadeIn_m1hgl_8\">dla <\/span><span class=\"_fadeIn_m1hgl_8\">jeden <\/span><span class=\"_fadeIn_m1hgl_8\">pot\u0119\u017cny, <\/span><span class=\"_fadeIn_m1hgl_8\">ale <\/span><span class=\"_fadeIn_m1hgl_8\">w tym samym czasie <\/span><span class=\"_fadeIn_m1hgl_8\">\u0142agodny <\/span><span class=\"_fadeIn_m1hgl_8\">Mieszanie<\/span> <span class=\"_fadeIn_m1hgl_8\">z <\/span><span class=\"_fadeIn_m1hgl_8\">Media <\/span><span class=\"_fadeIn_m1hgl_8\">ka\u017cdy <\/span><span class=\"_fadeIn_m1hgl_8\">Klasa lepko\u015bci.<\/span><\/p>\n<p data-start=\"821\" data-end=\"1335\"><span class=\"_fadeIn_m1hgl_8\">Wszystkie <\/span><span class=\"_fadeIn_m1hgl_8\">media-touching <\/span><span class=\"_fadeIn_m1hgl_8\">Komponenty - <\/span><span class=\"_fadeIn_m1hgl_8\">Wa\u0142 mieszad\u0142a, <\/span><span class=\"_fadeIn_m1hgl_8\">Mieszad\u0142o <\/span><span class=\"_fadeIn_m1hgl_8\">i <\/span><span class=\"_fadeIn_m1hgl_8\">Pokrywa<\/span><span class=\"_fadeIn_m1hgl_8\"> \u2013 <\/span><span class=\"_fadeIn_m1hgl_8\">istnie\u0107 <\/span><span class=\"_fadeIn_m1hgl_8\">z <\/span><span class=\"_fadeIn_m1hgl_8\">wysoka jako\u015b\u0107 <\/span><span class=\"_fadeIn_m1hgl_8\">V4A <\/span><span class=\"_fadeIn_m1hgl_8\">Stal nierdzewna (<\/span><span class=\"_fadeIn_m1hgl_8\">1.4404)<\/span> <span class=\"_fadeIn_m1hgl_8\">i <\/span><span class=\"_fadeIn_m1hgl_8\">gwarancja <\/span><span class=\"_fadeIn_m1hgl_8\">tak, \u017ce <\/span><span class=\"_fadeIn_m1hgl_8\">najwy\u017cszy <\/span><span class=\"_fadeIn_m1hgl_8\">Higiena, <\/span><span class=\"_fadeIn_m1hgl_8\">Odporno\u015b\u0107 na korozj\u0119<\/span> <span class=\"_fadeIn_m1hgl_8\">i <\/span><span class=\"_fadeIn_m1hgl_8\">D\u0142ugowieczno\u015b\u0107. <\/span><span class=\"_fadeIn_m1hgl_8\">The <\/span><span class=\"_fadeIn_m1hgl_8\">Pokrywa <\/span><span class=\"_fadeIn_m1hgl_8\">z <\/span><span class=\"_fadeIn_m1hgl_8\">jeden <\/span><span class=\"_fadeIn_m1hgl_8\">Zakres mocowania <\/span><span class=\"_fadeIn_m1hgl_8\">z <\/span><span class=\"_fadeIn_m1hgl_8\">500 <\/span><span class=\"_fadeIn_m1hgl_8\">do <\/span><span class=\"_fadeIn_m1hgl_8\">600 <\/span><span class=\"_fadeIn_m1hgl_8\">mm<\/span> <span class=\"_fadeIn_m1hgl_8\">jest <\/span><span class=\"_fadeIn_m1hgl_8\">na <\/span><span class=\"_fadeIn_m1hgl_8\">znormalizowany <\/span><span class=\"_fadeIn_m1hgl_8\">200-<\/span><span class=\"_fadeIn_m1hgl_8\">Litr<\/span><span class=\"_fadeIn_m1hgl_8\">Beczki <\/span><span class=\"_fadeIn_m1hgl_8\">zharmonizowany <\/span><span class=\"_fadeIn_m1hgl_8\">i <\/span><span class=\"_fadeIn_m1hgl_8\">ma <\/span><span class=\"_fadeIn_m1hgl_8\">o <\/span><span class=\"_fadeIn_m1hgl_8\">dwa <\/span><span class=\"_fadeIn_m1hgl_8\">Urz\u0105dzenia zaciskowe<\/span><span class=\"_fadeIn_m1hgl_8\">, <\/span><span class=\"_fadeIn_m1hgl_8\">jeden <\/span><span class=\"_fadeIn_m1hgl_8\">praktyczny <\/span><span class=\"_fadeIn_m1hgl_8\">Klapa Encore<\/span> <span class=\"_fadeIn_m1hgl_8\">oraz <\/span><span class=\"_fadeIn_m1hgl_8\">jeden <\/span><span class=\"_fadeIn_m1hgl_8\">zintegrowany <\/span><span class=\"_fadeIn_m1hgl_8\">Kratka zabezpieczaj\u0105ca<\/span><span class=\"_fadeIn_m1hgl_8\">, <\/span><span class=\"_fadeIn_m1hgl_8\">w <\/span><span class=\"_fadeIn_m1hgl_8\">z <\/span><span class=\"_fadeIn_m1hgl_8\">bieganie <\/span><span class=\"_fadeIn_m1hgl_8\">Dzia\u0142anie <\/span><span class=\"_fadeIn_m1hgl_8\">przed <\/span><span class=\"_fadeIn_m1hgl_8\">niezamierzony <\/span><span class=\"_fadeIn_m1hgl_8\">Interweniowa\u0107 <\/span><span class=\"_fadeIn_m1hgl_8\">chroni.<\/span><\/p>\n<h3 data-start=\"1337\" data-end=\"1549\"><span class=\"_fadeIn_m1hgl_8\" style=\"font-size: 90%;\">Dost\u0119pne opcje:<\/span><\/h3>\n<p><strong>ATEX Strefa 1:<br \/>\n<\/strong>Ex II 2 G Ex h IIC T5 Gb X<br \/>\nEx II 2 D Ex h IIIC T100\u00b0C Db X<strong> lub<br \/>\nATEX Strefa 0\/1:<br \/>\n<\/strong>Ex II 1\/2 G Ex h IIC T5 Ga\/Gb<br \/>\nEx II 1\/2 D Ex h IIIC T100\u00b0C Da\/Db<strong><br \/>\n<\/strong><\/p>\n<p>System szybkiej wymiany wa\u0142u mieszad\u0142a:<br \/>\nNasz <a href=\"https:\/\/youtu.be\/TjagGW4DoyA?feature=shared\" target=\"_blank\" rel=\"noopener\">System szybkiej wymiany eco-Quick<\/a> Umo\u017cliwia szybk\u0105 i czyst\u0105 wymian\u0119 wa\u0142u mieszad\u0142a w ci\u0105gu kilku sekund bez u\u017cycia dodatkowych narz\u0119dzi.<\/p>\n<p>Mieszad\u0142o kubkowe eco-Cup lub mieszad\u0142o z pochylon\u0105 \u0142opatk\u0105<br \/>\n<span class=\"_fadeIn_m1hgl_8\">The <\/span><span class=\"_fadeIn_m1hgl_8\">eko-<\/span><span class=\"_fadeIn_m1hgl_8\">Puchar <\/span><span class=\"_fadeIn_m1hgl_8\">Mieszad\u0142o kubkowe<\/span> <span class=\"_fadeIn_m1hgl_8\">oferty <\/span><span class=\"_fadeIn_m1hgl_8\">poprzez <\/span><span class=\"_fadeIn_m1hgl_8\">by\u0107 <\/span><span class=\"_fadeIn_m1hgl_8\">laminarny <\/span><span class=\"_fadeIn_m1hgl_8\">Poruszaj\u0105ce zachowanie<\/span> <span class=\"_fadeIn_m1hgl_8\">jeden <\/span><span class=\"_fadeIn_m1hgl_8\">jednorodny <\/span><span class=\"_fadeIn_m1hgl_8\">Mieszanie<\/span><span class=\"_fadeIn_m1hgl_8\"> \u2013 <\/span><span class=\"_fadeIn_m1hgl_8\">sam <\/span><span class=\"_fadeIn_m1hgl_8\">z <\/span><span class=\"_fadeIn_m1hgl_8\">wymagaj\u0105cy, <\/span><span class=\"_fadeIn_m1hgl_8\">wysoka lepko\u015b\u0107 <\/span><span class=\"_fadeIn_m1hgl_8\">Media <\/span><span class=\"_fadeIn_m1hgl_8\">jak <\/span><span class=\"_fadeIn_m1hgl_8\">Pasty, <\/span><span class=\"_fadeIn_m1hgl_8\">Zawieszenia <\/span><span class=\"_fadeIn_m1hgl_8\">lub <\/span><span class=\"_fadeIn_m1hgl_8\">Emulsje.<\/span><\/p>\n<p data-start=\"1337\" data-end=\"1549\">Mieszad\u0142o z pochylonymi \u0142opatkami imponuje swoj\u0105 osiow\u0105 charakterystyk\u0105 przenoszenia z lekko promieniowym komponentem i generuje turbulentny przep\u0142yw, kt\u00f3ry umo\u017cliwia szczeg\u00f3lnie skuteczne mieszanie. Jego solidna konstrukcja sprawia, \u017ce idealnie nadaje si\u0119 do substancji o wysokiej lepko\u015bci.<\/p>\n<p data-start=\"1337\" data-end=\"1549\"><strong>Zestaw pneumatyczny<br \/>\n<\/strong>Zestaw pneumatyczny zawiera <a href=\"https:\/\/ptm-mechatronics.com\/pl\/product\/luftversorgungsmodul-mit-absperrventil-filterregler-und-manometer-fuer-ptm-ruehrwerksantriebe\/\" target=\"_blank\" rel=\"noopener\">Modu\u0142 zasilania powietrzem<\/a> z zaworem odcinaj\u0105cym, regulatorem filtra i manometrem do bezpiecznego i czystego zasilania spr\u0119\u017conym powietrzem mi\u0119dzy systemem a nap\u0119dem mieszad\u0142a - dla d\u0142ugotrwa\u0142ej i niezawodnej pracy. Zintegrowany <a href=\"https:\/\/ptm-mechatronics.com\/pl\/product\/abluftfilter-paket\/\" target=\"_blank\" rel=\"noopener\">Filtr powietrza wylotowego<\/a> redukuje ha\u0142as roboczy do zaledwie 50 dB(A) i zapewnia bezpieczne odprowadzanie powietrza wylotowego.<\/p>\n<p data-start=\"1551\" data-end=\"1582\"><span class=\"_fadeIn_m1hgl_8\">Zalety <\/span><span class=\"_fadeIn_m1hgl_8\">na <\/span><span class=\"_fadeIn_m1hgl_8\">jeden <\/span><span class=\"_fadeIn_m1hgl_8\">Widok:<\/span><\/p>\n<ul>\n<li data-start=\"1585\" data-end=\"1625\"><span class=\"_fadeIn_m1hgl_8\">ATEX-<\/span><span class=\"_fadeIn_m1hgl_8\">certyfikowany <\/span><span class=\"_fadeIn_m1hgl_8\">Nap\u0119d <\/span><span class=\"_fadeIn_m1hgl_8\">dla <\/span><span class=\"_fadeIn_m1hgl_8\">Strefa <\/span><span class=\"_fadeIn_m1hgl_8\">1 lub 0\/1<\/span><\/li>\n<li data-start=\"1585\" data-end=\"1625\"><span class=\"_fadeIn_m1hgl_8\">Pneumatyczny, <\/span><span class=\"_fadeIn_m1hgl_8\">energooszcz\u0119dno\u015b\u0107 <\/span><span class=\"_fadeIn_m1hgl_8\">i <\/span><span class=\"_fadeIn_m1hgl_8\">Pot\u0119\u017cny<\/span><\/li>\n<li data-start=\"1585\" data-end=\"1625\"><span class=\"_fadeIn_m1hgl_8\">Dla <\/span><span class=\"_fadeIn_m1hgl_8\">200-<\/span><span class=\"_fadeIn_m1hgl_8\">Litr<\/span><span class=\"_fadeIn_m1hgl_8\">Beczki <\/span><span class=\"_fadeIn_m1hgl_8\">z <\/span><span class=\"_fadeIn_m1hgl_8\">\u00d8 <\/span><span class=\"_fadeIn_m1hgl_8\">500-<\/span><span class=\"_fadeIn_m1hgl_8\">600 <\/span><span class=\"_fadeIn_m1hgl_8\">mm<\/span><\/li>\n<li data-start=\"1585\" data-end=\"1625\"><span class=\"_fadeIn_m1hgl_8\">Wa\u0142 mieszad\u0142a, <\/span><span class=\"_fadeIn_m1hgl_8\">Mieszad\u0142o <\/span><span class=\"_fadeIn_m1hgl_8\">i <\/span><span class=\"_fadeIn_m1hgl_8\">Pokrywa <\/span><span class=\"_fadeIn_m1hgl_8\">z <\/span><span class=\"_fadeIn_m1hgl_8\">V4A <\/span><span class=\"_fadeIn_m1hgl_8\">Stal nierdzewna<\/span><\/li>\n<li data-start=\"1585\" data-end=\"1625\"><span class=\"_fadeIn_m1hgl_8\">Dwa <\/span><span class=\"_fadeIn_m1hgl_8\">Urz\u0105dzenia zaciskowe <\/span><span class=\"_fadeIn_m1hgl_8\">dla <\/span><span class=\"_fadeIn_m1hgl_8\">bezpieczny <\/span><span class=\"_fadeIn_m1hgl_8\">Stop<\/span><\/li>\n<li data-start=\"1585\" data-end=\"1625\"><span class=\"_fadeIn_m1hgl_8\">Z <\/span><span class=\"_fadeIn_m1hgl_8\">Klapa Encore <\/span><span class=\"_fadeIn_m1hgl_8\">i <\/span><span class=\"_fadeIn_m1hgl_8\">Kratka zabezpieczaj\u0105ca<\/span><\/li>\n<li data-start=\"1585\" data-end=\"1625\"><span class=\"_fadeIn_m1hgl_8\">Odpowiedni <\/span><span class=\"_fadeIn_m1hgl_8\">dla <\/span><span class=\"_fadeIn_m1hgl_8\">niski <\/span><span class=\"_fadeIn_m1hgl_8\">i <\/span><span class=\"_fadeIn_m1hgl_8\">wysoka lepko\u015b\u0107 <\/span><span class=\"_fadeIn_m1hgl_8\">Media<\/span><\/li>\n<li data-start=\"1585\" data-end=\"1625\"><span class=\"_fadeIn_m1hgl_8\">Jednorodny, <\/span><span class=\"_fadeIn_m1hgl_8\">\u0142agodny <\/span><span class=\"_fadeIn_m1hgl_8\">Poruszaj\u0105ce zachowanie<\/span><\/li>\n<li data-start=\"1585\" data-end=\"1625\"><span class=\"_fadeIn_m1hgl_8\">Wytrzyma\u0142o\u015b\u0107, <\/span><span class=\"_fadeIn_m1hgl_8\">higieniczne, <\/span><span class=\"_fadeIn_m1hgl_8\">Niskie koszty utrzymania<\/span><\/li>\n<\/ul>","protected":false},"excerpt":{"rendered":"<p><span class=\"_fadeIn_m1hgl_8\">ATEX-<\/span><span class=\"_fadeIn_m1hgl_8\">Mieszad\u0142o <\/span><span class=\"_fadeIn_m1hgl_8\">dla <\/span><span class=\"_fadeIn_m1hgl_8\">200-<\/span><span class=\"_fadeIn_m1hgl_8\">Litr<\/span><span class=\"_fadeIn_m1hgl_8\">Beczki <\/span><span class=\"_fadeIn_m1hgl_8\">z <\/span><span class=\"_fadeIn_m1hgl_8\">V4A-<\/span><span class=\"_fadeIn_m1hgl_8\">Sk\u0142adniki, <\/span><span class=\"_fadeIn_m1hgl_8\">Klapa Encore <\/span><span class=\"_fadeIn_m1hgl_8\">z <\/span><span class=\"_fadeIn_m1hgl_8\">Kratka bezpiecze\u0144stwa, mo\u017cliwo\u015b\u0107 wyboru mieszad\u0142a, <\/span><span class=\"_fadeIn_m1hgl_8\">dla <\/span><span class=\"_fadeIn_m1hgl_8\">jeden <\/span><span class=\"_fadeIn_m1hgl_8\">bezpieczny, <\/span><span class=\"_fadeIn_m1hgl_8\">skuteczny <\/span><span class=\"_fadeIn_m1hgl_8\">i <\/span><span class=\"_fadeIn_m1hgl_8\">higieniczny <\/span><span class=\"_fadeIn_m1hgl_8\">Miesza\u0107 <\/span><span class=\"_fadeIn_m1hgl_8\">bardziej lepki <\/span><span class=\"_fadeIn_m1hgl_8\">Media, r\u00f3wnie\u017c <\/span><span class=\"_fadeIn_m1hgl_8\">w <\/span><span class=\"_fadeIn_m1hgl_8\">potencjalnie wybuchowy <\/span><span class=\"_fadeIn_m1hgl_8\">Otoczenie.<\/span><\/p>","protected":false},"featured_media":15550,"comment_status":"open","ping_status":"closed","template":"","meta":{"_acf_changed":false},"product_brand":[],"product_cat":[595,603],"product_tag":[2735,2816,2939,2940,2954,2959,2960,2961,2962,2963,2637,3152],"class_list":{"0":"post-14100","1":"product","2":"type-product","3":"status-publish","4":"has-post-thumbnail","6":"product_cat-ruehrwerkstechnik","7":"product_cat-fassruehrwerke","8":"product_tag-schragblattmischer","9":"product_tag-explosionsgeschuetztes-ruehrwerk","10":"product_tag-pneumatischer-ruehrantrieb-atex","11":"product_tag-becherruehrorgan-eco-cup","12":"product_tag-zugabeklappe-ruehrwerk","13":"product_tag-atex-ruehrwerk-200-liter","14":"product_tag-fassruehrwerk-edelstahl","15":"product_tag-v4a-ruehrwerk-zone-1","16":"product_tag-sicherheitsgitter-ruehrsystem","17":"product_tag-edelstahl-ruehrwerk-500-600-mm","18":"product_tag-ruehrwerk-fuer-hochviskose-medien","19":"product_tag-v4a-ruehrwerk-zone-0-1","20":"product_shipping_class-europalette-speditionsversand","21":"pa_antriebsart-pneumatisch","22":"pa_atex-fuer-atex-zone-1","23":"pa_atex-fuer-atex-zone-0-1","24":"pa_bedien-anschlusskonzept-ohne","25":"pa_bedien-anschlusskonzept-pneumatikset","26":"pa_behaeltervolumen-200-liter","27":"pa_dichtung-ptfe","28":"pa_drehmoment-16nm","29":"pa_drehzahl-0-300-1-min","30":"pa_durchmesser-ruehrwelle-20mm","31":"pa_geeignete-fassdurchmesser-500-600mm","32":"pa_geraeuschpegel-75db","33":"pa_labs-oel-und-silikonfrei","34":"pa_laenge-ruehrwelle-ca-780mm-ab-deckeloberkante","35":"pa_material-deckel-v4a-edelstahl-1-4404","36":"pa_material-gehaeuse-aluminium-eloxiert","37":"pa_mittlerer-luftverbrauch-100l-min","38":"pa_ruehrorgan-schraegblattmischer-325mm","39":"pa_ruehrorgan-becherruehrorgan-eco-cup-320mm","40":"pa_schnellwechselsystem-mit-gewindeverbindung","41":"pa_schnellwechselsystem-mit-schnellwechselsystem","42":"pa_schutzart-ip67","43":"pa_steckverschraubung-abluft-schlauch-o12mm","44":"pa_steckverschraubung-zuluft-schlauch-o8mm","45":"pa_typ-deckelruehrwerk","46":"pa_versorgung-5-6bar","48":"first","49":"instock","50":"taxable","51":"shipping-taxable","52":"purchasable","53":"product-type-variable"},"bundled_by":[],"bundle_stock_status":"instock","bundle_stock_quantity":null,"bundle_virtual":false,"bundle_layout":"","bundle_add_to_cart_form_location":"","bundle_editable_in_cart":false,"bundle_sold_individually_context":"","bundle_item_grouping":"","bundle_min_size":"","bundle_max_size":"","bundle_price":[],"bundled_items":[],"bundle_sell_ids":[],"exclude_global_add_ons":[],"addons":[],"acf":[],"_links":{"self":[{"href":"https:\/\/ptm-mechatronics.com\/pl\/wp-json\/wp\/v2\/product\/14100","targetHints":{"allow":["GET"]}}],"collection":[{"href":"https:\/\/ptm-mechatronics.com\/pl\/wp-json\/wp\/v2\/product"}],"about":[{"href":"https:\/\/ptm-mechatronics.com\/pl\/wp-json\/wp\/v2\/types\/product"}],"replies":[{"embeddable":true,"href":"https:\/\/ptm-mechatronics.com\/pl\/wp-json\/wp\/v2\/comments?post=14100"}],"wp:featuredmedia":[{"embeddable":true,"href":"https:\/\/ptm-mechatronics.com\/pl\/wp-json\/wp\/v2\/media\/15550"}],"wp:attachment":[{"href":"https:\/\/ptm-mechatronics.com\/pl\/wp-json\/wp\/v2\/media?parent=14100"}],"wp:term":[{"taxonomy":"product_brand","embeddable":true,"href":"https:\/\/ptm-mechatronics.com\/pl\/wp-json\/wp\/v2\/product_brand?post=14100"},{"taxonomy":"product_cat","embeddable":true,"href":"https:\/\/ptm-mechatronics.com\/pl\/wp-json\/wp\/v2\/product_cat?post=14100"},{"taxonomy":"product_tag","embeddable":true,"href":"https:\/\/ptm-mechatronics.com\/pl\/wp-json\/wp\/v2\/product_tag?post=14100"}],"curies":[{"name":"wp","href":"https:\/\/api.w.org\/{rel}","templated":true}]}}