{"id":14070,"date":"2025-07-17T10:12:53","date_gmt":"2025-07-17T08:12:53","guid":{"rendered":"https:\/\/ptm-mechatronics.com\/?post_type=product&#038;p=14070"},"modified":"2025-11-07T15:55:17","modified_gmt":"2025-11-07T14:55:17","slug":"ruehrwelle-fuer-ibc-fuer-restmengenruehrorgan-mit-gewindenabe","status":"publish","type":"product","link":"https:\/\/ptm-mechatronics.com\/pl\/product\/ruehrwelle-fuer-ibc-fuer-restmengenruehrorgan-mit-gewindenabe\/","title":{"rendered":"Wa\u0142 mieszad\u0142a do IBC dla mieszad\u0142a resztkowego z piast\u0105 gwintowan\u0105"},"content":{"rendered":"<h1 data-start=\"179\" data-end=\"263\"><span style=\"font-size: 75%;\">Wa\u0142 mieszad\u0142a z ramieniem do mieszade\u0142 resztkowych - precyzyjny, higieniczny, wydajny<\/span><\/h1>\n<p data-start=\"265\" data-end=\"475\">Nasze wa\u0142y mieszade\u0142 wykonane z wysokiej jako\u015bci stali nierdzewnej V4A 1.4404 s\u0105 wyj\u0105tkowo odporne na korozj\u0119, higieniczne i wytrzyma\u0142e - idealne do wymagaj\u0105cych zastosowa\u0144 w przemy\u015ble spo\u017cywczym, kosmetycznym i chemicznym.<\/p>\n<p data-start=\"477\" data-end=\"803\">Ta specjalna wersja zosta\u0142a opracowana specjalnie do u\u017cytku z mieszad\u0142ami resztkowymi. Ma ona dodatkow\u0105 d\u0142ugo\u015b\u0107 z ramieniem \u230020 mm dla optymalnego pozycjonowania dodatkowego mieszad\u0142a resztkowego w zbiorniku. Opatentowana piasta gwintowana umo\u017cliwia bezpieczn\u0105 i \u0142atw\u0105 instalacj\u0119 na wszystkich nap\u0119dach PTM.<\/p>\n<p data-start=\"805\" data-end=\"967\">Podczas dokonywania wyboru nale\u017cy zwr\u00f3ci\u0107 uwag\u0119 na odpowiedni\u0105 \u015brednic\u0119 wa\u0142u dla danego nap\u0119du. W razie jakichkolwiek pyta\u0144 nasz zesp\u00f3\u0142 obs\u0142ugi klienta PTM ch\u0119tnie udzieli porady.<\/p>","protected":false},"excerpt":{"rendered":"<p>Wa\u0142y mieszade\u0142 wykonane ze stali nierdzewnej V4A 1.4404 z ramieniem i gwintowan\u0105 piast\u0105 dla dodatkowych mieszade\u0142 resztkowych, umo\u017cliwiaj\u0105 optymalne pozycjonowanie w zbiorniku, gdy poziom nape\u0142nienia jest niski.<\/p>","protected":false},"featured_media":15364,"comment_status":"closed","ping_status":"closed","template":"","meta":{"_acf_changed":false},"product_brand":[],"product_cat":[595,651],"product_tag":[3137,3138,3139,3140,3141,3142,3120,3123,3135,3136],"class_list":{"0":"post-14070","1":"product","2":"type-product","3":"status-publish","4":"has-post-thumbnail","6":"product_cat-ruehrwerkstechnik","7":"product_cat-ruehrwellen","8":"product_tag-edelstahlruehrwelle-v4a","9":"product_tag-ruehrwelle-absatz","10":"product_tag-ruehrwelle-gewindenabe","11":"product_tag-ruehrwelle-sonderlaenge","12":"product_tag-restmengenruehrwerk-zubehoer","13":"product_tag-ptm-antrieb-ruehrwelle","14":"product_tag-ruehrwelle-1-4404","15":"product_tag-hygienische-ruehrwelle","16":"product_tag-ptm-ruehrwelle","17":"product_tag-ruehrwelle-restmengen","18":"product_shipping_class-karton-paketversand","19":"pa_absatz-20mm","20":"pa_gewinde-m16","21":"pa_material-v4a-edelstahl-1-4404","22":"pa_patentnummer-20-2020-107-558","24":"first","25":"instock","26":"taxable","27":"shipping-taxable","28":"purchasable","29":"product-type-variable"},"bundled_by":[],"bundle_stock_status":"instock","bundle_stock_quantity":null,"bundle_virtual":false,"bundle_layout":"","bundle_add_to_cart_form_location":"","bundle_editable_in_cart":false,"bundle_sold_individually_context":"","bundle_item_grouping":"","bundle_min_size":"","bundle_max_size":"","bundle_price":[],"bundled_items":[],"bundle_sell_ids":[],"exclude_global_add_ons":[],"addons":[],"acf":[],"_links":{"self":[{"href":"https:\/\/ptm-mechatronics.com\/pl\/wp-json\/wp\/v2\/product\/14070","targetHints":{"allow":["GET"]}}],"collection":[{"href":"https:\/\/ptm-mechatronics.com\/pl\/wp-json\/wp\/v2\/product"}],"about":[{"href":"https:\/\/ptm-mechatronics.com\/pl\/wp-json\/wp\/v2\/types\/product"}],"replies":[{"embeddable":true,"href":"https:\/\/ptm-mechatronics.com\/pl\/wp-json\/wp\/v2\/comments?post=14070"}],"wp:featuredmedia":[{"embeddable":true,"href":"https:\/\/ptm-mechatronics.com\/pl\/wp-json\/wp\/v2\/media\/15364"}],"wp:attachment":[{"href":"https:\/\/ptm-mechatronics.com\/pl\/wp-json\/wp\/v2\/media?parent=14070"}],"wp:term":[{"taxonomy":"product_brand","embeddable":true,"href":"https:\/\/ptm-mechatronics.com\/pl\/wp-json\/wp\/v2\/product_brand?post=14070"},{"taxonomy":"product_cat","embeddable":true,"href":"https:\/\/ptm-mechatronics.com\/pl\/wp-json\/wp\/v2\/product_cat?post=14070"},{"taxonomy":"product_tag","embeddable":true,"href":"https:\/\/ptm-mechatronics.com\/pl\/wp-json\/wp\/v2\/product_tag?post=14070"}],"curies":[{"name":"wp","href":"https:\/\/api.w.org\/{rel}","templated":true}]}}