{"id":14021,"date":"2025-07-17T09:40:00","date_gmt":"2025-07-17T07:40:00","guid":{"rendered":"https:\/\/ptm-mechatronics.com\/?post_type=product&#038;p=14021"},"modified":"2025-11-07T15:55:17","modified_gmt":"2025-11-07T14:55:17","slug":"ruehrwellen-fuer-ibc-fuer-schnellmischer-mit-gewindenabe","status":"publish","type":"product","link":"https:\/\/ptm-mechatronics.com\/pl\/product\/ruehrwellen-fuer-ibc-fuer-schnellmischer-mit-gewindenabe\/","title":{"rendered":"Wa\u0142y mieszade\u0142 do pojemnik\u00f3w IBC do mieszalnik\u00f3w szybkoobrotowych z piast\u0105 gwintowan\u0105"},"content":{"rendered":"<h1 data-start=\"178\" data-end=\"265\"><span style=\"font-size: 75%;\">Wa\u0142y mieszade\u0142 wykonane ze stali nierdzewnej V4A z gwintowan\u0105 piast\u0105 - wytrzyma\u0142e, precyzyjne, odpowiednie do du\u017cych pr\u0119dko\u015bci.<\/span><\/h1>\n<p data-start=\"267\" data-end=\"562\">Nasze wa\u0142y mieszade\u0142 wykonane z wysokiej jako\u015bci stali nierdzewnej V4A 1.4404 przekonuj\u0105 wysok\u0105 odporno\u015bci\u0105 na korozj\u0119, stabilno\u015bci\u0105 i d\u0142ug\u0105 \u017cywotno\u015bci\u0105 - s\u0105 idealne do wymagaj\u0105cych higienicznie zastosowa\u0144. Opatentowana piasta gwintowana umo\u017cliwia ich bezpieczne i precyzyjne mocowanie do nap\u0119d\u00f3w PTM.<\/p>\n<p data-start=\"564\" data-end=\"750\">Ten wa\u0142 mieszad\u0142a zosta\u0142 specjalnie opracowany do u\u017cytku z mieszad\u0142ami szybkoobrotowymi o pr\u0119dko\u015bciach powy\u017cej 600 obr\/min i zapewnia maksymaln\u0105 p\u0142ynno\u015b\u0107 pracy oraz niezawodno\u015b\u0107 procesu przy du\u017cych obci\u0105\u017ceniach.<\/p>\n<p data-start=\"752\" data-end=\"914\">Podczas dokonywania wyboru nale\u017cy zwr\u00f3ci\u0107 uwag\u0119 na odpowiedni\u0105 \u015brednic\u0119 wa\u0142u dla danego nap\u0119du. W razie jakichkolwiek pyta\u0144 nasz zesp\u00f3\u0142 obs\u0142ugi klienta PTM ch\u0119tnie udzieli porady.<\/p>","protected":false},"excerpt":{"rendered":"<p>Wa\u0142 mieszad\u0142a wykonany ze stali nierdzewnej V4A 1.4404 z gwintowan\u0105 piast\u0105 do mieszade\u0142 szybkoobrotowych o pr\u0119dko\u015bci powy\u017cej 600 obr\/min - solidny, precyzyjny i trwa\u0142y.<\/p>","protected":false},"featured_media":15364,"comment_status":"closed","ping_status":"closed","template":"","meta":{"_acf_changed":false},"product_brand":[],"product_cat":[651,595],"product_tag":[3117,3119,3123,3125,3128,3132,3133,3134,3135,3116],"class_list":{"0":"post-14021","1":"product","2":"type-product","3":"status-publish","4":"has-post-thumbnail","6":"product_cat-ruehrwellen","7":"product_cat-ruehrwerkstechnik","8":"product_tag-v4a-ruehrwelle","9":"product_tag-gewindenabe-ptm","10":"product_tag-hygienische-ruehrwelle","11":"product_tag-ruehrwelle-industrie","12":"product_tag-edelstahlruehrwelle-1-4404","13":"product_tag-ruehrwelle-schnellmischer","14":"product_tag-hochdrehzahl-ruehrwelle","15":"product_tag-ruehrwelle-600-u-min","16":"product_tag-ptm-ruehrwelle","17":"product_tag-ruehrwelle-edelstahl","18":"product_shipping_class-karton-paketversand","19":"pa_gewinde-m16","20":"pa_material-v4a-edelstahl-1-4404","21":"pa_patentnummer-20-2020-107-558","23":"first","24":"instock","25":"taxable","26":"shipping-taxable","27":"purchasable","28":"product-type-variable"},"bundled_by":[],"bundle_stock_status":"instock","bundle_stock_quantity":null,"bundle_virtual":false,"bundle_layout":"","bundle_add_to_cart_form_location":"","bundle_editable_in_cart":false,"bundle_sold_individually_context":"","bundle_item_grouping":"","bundle_min_size":"","bundle_max_size":"","bundle_price":[],"bundled_items":[],"bundle_sell_ids":[],"exclude_global_add_ons":[],"addons":[],"acf":[],"_links":{"self":[{"href":"https:\/\/ptm-mechatronics.com\/pl\/wp-json\/wp\/v2\/product\/14021","targetHints":{"allow":["GET"]}}],"collection":[{"href":"https:\/\/ptm-mechatronics.com\/pl\/wp-json\/wp\/v2\/product"}],"about":[{"href":"https:\/\/ptm-mechatronics.com\/pl\/wp-json\/wp\/v2\/types\/product"}],"replies":[{"embeddable":true,"href":"https:\/\/ptm-mechatronics.com\/pl\/wp-json\/wp\/v2\/comments?post=14021"}],"wp:featuredmedia":[{"embeddable":true,"href":"https:\/\/ptm-mechatronics.com\/pl\/wp-json\/wp\/v2\/media\/15364"}],"wp:attachment":[{"href":"https:\/\/ptm-mechatronics.com\/pl\/wp-json\/wp\/v2\/media?parent=14021"}],"wp:term":[{"taxonomy":"product_brand","embeddable":true,"href":"https:\/\/ptm-mechatronics.com\/pl\/wp-json\/wp\/v2\/product_brand?post=14021"},{"taxonomy":"product_cat","embeddable":true,"href":"https:\/\/ptm-mechatronics.com\/pl\/wp-json\/wp\/v2\/product_cat?post=14021"},{"taxonomy":"product_tag","embeddable":true,"href":"https:\/\/ptm-mechatronics.com\/pl\/wp-json\/wp\/v2\/product_tag?post=14021"}],"curies":[{"name":"wp","href":"https:\/\/api.w.org\/{rel}","templated":true}]}}