{"id":13925,"date":"2025-07-08T09:48:12","date_gmt":"2025-07-08T07:48:12","guid":{"rendered":"https:\/\/ptm-mechatronics.com\/?post_type=product&#038;p=13925"},"modified":"2025-11-07T15:55:17","modified_gmt":"2025-11-07T14:55:17","slug":"ruehrwellen-mit-schnellwechselsystem","status":"publish","type":"product","link":"https:\/\/ptm-mechatronics.com\/pl\/product\/ruehrwellen-mit-schnellwechselsystem\/","title":{"rendered":"Wa\u0142y mieszad\u0142a z systemem szybkiej wymiany"},"content":{"rendered":"<h1 data-start=\"209\" data-end=\"318\"><span style=\"font-size: 75%;\">Wa\u0142 mieszad\u0142a wykonany ze stali nierdzewnej V4A 1.4404 z systemem szybkiej wymiany eco-Quick - higieniczny, kompatybilny, wydajny<\/span><\/h1>\n<p data-start=\"320\" data-end=\"573\">Nasze wa\u0142y mieszade\u0142 wykonane z wysokiej jako\u015bci stali nierdzewnej V4A 1.4404 s\u0105 szczeg\u00f3lnie odporne na korozj\u0119, trwa\u0142e i spe\u0142niaj\u0105 najwy\u017csze wymagania higieniczne - idealne do stosowania w obszarach wra\u017cliwych, takich jak przemys\u0142 spo\u017cywczy, kosmetyczny i farmaceutyczny.<\/p>\n<p data-start=\"575\" data-end=\"815\">Dzi\u0119ki opatentowanemu systemowi szybkiej wymiany eco-Quick, wa\u0142y mo\u017cna pod\u0142\u0105czy\u0107 do wszystkich odpowiednich nap\u0119d\u00f3w PTM bez u\u017cycia narz\u0119dzi i w ci\u0105gu kilku sekund. Oszcz\u0119dza to czas podczas wymiany mieszade\u0142 i zwi\u0119ksza wydajno\u015b\u0107 procesu.<\/p>\n<p data-start=\"817\" data-end=\"1023\">Oferujemy odpowiedni\u0105 \u015brednic\u0119 wa\u0142u dla ka\u017cdego si\u0142ownika PTM - prosimy o sprawdzenie kompatybilno\u015bci podczas dokonywania wyboru. W razie jakichkolwiek pyta\u0144 prosimy o kontakt z naszym dzia\u0142em obs\u0142ugi klienta PTM: <a href=\"tel:+498134257970\">+49 8134 25 797 0<\/a>.<\/p>\n<p data-start=\"817\" data-end=\"1023\">Numery patent\u00f3w:<br \/>\ndla beczki 10-litrowej: 20 2020 107 551<br \/>\ndla beczki 30-litrowej: 20 2020 107 552<br \/>\ndla beczki o pojemno\u015bci 60 litr\u00f3w: 20 2020 107 553<br \/>\ndla beczki o pojemno\u015bci 100 litr\u00f3w: 20 2020 107 554<br \/>\ndla beczki 200 litr\u00f3w: 20 2020 107 555<br \/>\ndla IBC 600 litr\u00f3w: 20 2020 107 556<br \/>\ndla IBC 1000 litr\u00f3w: 20 2020 107 557<\/p>","protected":false},"excerpt":{"rendered":"<p>Wa\u0142 mieszad\u0142a wykonany ze stali nierdzewnej V4A 1.4404 z systemem szybkiej wymiany eco-Quick do beznarz\u0119dziowego, higienicznego i precyzyjnego po\u0142\u0105czenia z nap\u0119dami mieszade\u0142 PTM.<\/p>","protected":false},"featured_media":15365,"comment_status":"closed","ping_status":"closed","template":"","meta":{"_acf_changed":false},"product_brand":[],"product_cat":[651],"product_tag":[3130,3131,3116,3117,3121,3123,3126,3127,3128,3129],"class_list":{"0":"post-13925","1":"product","2":"type-product","3":"status-publish","4":"has-post-thumbnail","6":"product_cat-ruehrwellen","7":"product_tag-ruehrwelle-pharma","8":"product_tag-schnellwechsel-ruehrwelle","9":"product_tag-ruehrwelle-edelstahl","10":"product_tag-v4a-ruehrwelle","11":"product_tag-ptm-ruehrwellen","12":"product_tag-hygienische-ruehrwelle","13":"product_tag-eco-quick-ruehrwelle","14":"product_tag-schnellwechselsystem-ptm","15":"product_tag-edelstahlruehrwelle-1-4404","16":"product_tag-ruehrwelle-lebensmittelindustrie","17":"product_shipping_class-karton-paketversand","18":"pa_material-v4a-edelstahl-1-4404","20":"first","21":"instock","22":"taxable","23":"shipping-taxable","24":"purchasable","25":"product-type-variable"},"bundled_by":[],"bundle_stock_status":"instock","bundle_stock_quantity":null,"bundle_virtual":false,"bundle_layout":"","bundle_add_to_cart_form_location":"","bundle_editable_in_cart":false,"bundle_sold_individually_context":"","bundle_item_grouping":"","bundle_min_size":"","bundle_max_size":"","bundle_price":[],"bundled_items":[],"bundle_sell_ids":[],"exclude_global_add_ons":[],"addons":[],"acf":[],"_links":{"self":[{"href":"https:\/\/ptm-mechatronics.com\/pl\/wp-json\/wp\/v2\/product\/13925","targetHints":{"allow":["GET"]}}],"collection":[{"href":"https:\/\/ptm-mechatronics.com\/pl\/wp-json\/wp\/v2\/product"}],"about":[{"href":"https:\/\/ptm-mechatronics.com\/pl\/wp-json\/wp\/v2\/types\/product"}],"replies":[{"embeddable":true,"href":"https:\/\/ptm-mechatronics.com\/pl\/wp-json\/wp\/v2\/comments?post=13925"}],"wp:featuredmedia":[{"embeddable":true,"href":"https:\/\/ptm-mechatronics.com\/pl\/wp-json\/wp\/v2\/media\/15365"}],"wp:attachment":[{"href":"https:\/\/ptm-mechatronics.com\/pl\/wp-json\/wp\/v2\/media?parent=13925"}],"wp:term":[{"taxonomy":"product_brand","embeddable":true,"href":"https:\/\/ptm-mechatronics.com\/pl\/wp-json\/wp\/v2\/product_brand?post=13925"},{"taxonomy":"product_cat","embeddable":true,"href":"https:\/\/ptm-mechatronics.com\/pl\/wp-json\/wp\/v2\/product_cat?post=13925"},{"taxonomy":"product_tag","embeddable":true,"href":"https:\/\/ptm-mechatronics.com\/pl\/wp-json\/wp\/v2\/product_tag?post=13925"}],"curies":[{"name":"wp","href":"https:\/\/api.w.org\/{rel}","templated":true}]}}