{"id":13916,"date":"2025-07-08T09:21:15","date_gmt":"2025-07-08T07:21:15","guid":{"rendered":"https:\/\/ptm-mechatronics.com\/?post_type=product&#038;p=13916"},"modified":"2025-11-07T15:55:17","modified_gmt":"2025-11-07T14:55:17","slug":"ruehrwellen-mit-gewindenabe","status":"publish","type":"product","link":"https:\/\/ptm-mechatronics.com\/pl\/product\/ruehrwellen-mit-gewindenabe\/","title":{"rendered":"Wa\u0142y mieszade\u0142 z piast\u0105 gwintowan\u0105"},"content":{"rendered":"<h1 data-start=\"221\" data-end=\"305\"><span style=\"font-size: 75%;\">Wa\u0142 mieszad\u0142a wykonany ze stali nierdzewnej V4A 1.4404 z gwintowan\u0105 piast\u0105 - precyzyjny, wytrzyma\u0142y, kompatybilny<\/span><\/h1>\n<p data-start=\"307\" data-end=\"568\">Nasze wa\u0142y mieszade\u0142 wykonane z wysokiej jako\u015bci stali nierdzewnej V4A 1.4404 charakteryzuj\u0105 si\u0119 doskona\u0142\u0105 odporno\u015bci\u0105 na korozj\u0119, trwa\u0142o\u015bci\u0105 i higieniczn\u0105 powierzchni\u0105 - s\u0105 idealne do wymagaj\u0105cych zastosowa\u0144 w przemy\u015ble spo\u017cywczym, farmaceutycznym i chemicznym.<\/p>\n<p data-start=\"570\" data-end=\"837\">Wa\u0142y mo\u017cna szybko i bezpiecznie pod\u0142\u0105czy\u0107 do wszystkich nap\u0119d\u00f3w mieszade\u0142 PTM za pomoc\u0105 opatentowanej piasty gwintowanej. Posiadamy odpowiedni\u0105 \u015brednic\u0119 wa\u0142u dla ka\u017cdego nap\u0119du - nale\u017cy wybra\u0107 \u015brednic\u0119 zgodnie z projektem nap\u0119du.<\/p>\n<p data-start=\"839\" data-end=\"1001\">Precyzyjnie wykonane wa\u0142y ze stali nierdzewnej zapewniaj\u0105 stabiln\u0105 prac\u0119 przy niskich wibracjach i idealnie nadaj\u0105 si\u0119 zar\u00f3wno do medi\u00f3w o niskiej, jak i wysokiej lepko\u015bci.<\/p>\n<p data-start=\"1003\" data-end=\"1103\">W razie jakichkolwiek pyta\u0144 dotycz\u0105cych wyboru odpowiedniego wa\u0142u mieszad\u0142a, nasz zesp\u00f3\u0142 obs\u0142ugi klienta PTM ch\u0119tnie pomo\u017ce: <a href=\"tel:+498134257970\">+49 8134 25 797 0<\/a>.<\/p>\n<p data-start=\"1003\" data-end=\"1103\">Numery patent\u00f3w:<br \/>\ndla beczki 10-litrowej: 20 2020 107 551<br \/>\ndla beczki 30-litrowej: 20 2020 107 552<br \/>\ndla beczki o pojemno\u015bci 60 litr\u00f3w: 20 2020 107 553<br \/>\ndla beczki o pojemno\u015bci 100 litr\u00f3w: 20 2020 107 554<br \/>\ndla beczki 200 litr\u00f3w: 20 2020 107 555<br \/>\ndla IBC 600 litr\u00f3w: 20 2020 107 556<br \/>\ndla IBC 1000 litr\u00f3w: 20 2020 107 557<\/p>","protected":false},"excerpt":{"rendered":"<p>Wa\u0142 mieszad\u0142a wykonany ze stali nierdzewnej V4A 1.4404 z gwintowan\u0105 piast\u0105 do bezpiecznego, precyzyjnego po\u0142\u0105czenia z nap\u0119dami PTM - odporny na korozj\u0119, higieniczny i precyzyjny.<\/p>","protected":false},"featured_media":15364,"comment_status":"closed","ping_status":"closed","template":"","meta":{"_acf_changed":false},"product_brand":[],"product_cat":[651],"product_tag":[3116,3117,3118,3119,3120,3121,3122,3123,3124,3125],"class_list":{"0":"post-13916","1":"product","2":"type-product","3":"status-publish","4":"has-post-thumbnail","6":"product_cat-ruehrwellen","7":"product_tag-ruehrwelle-edelstahl","8":"product_tag-v4a-ruehrwelle","9":"product_tag-edelstahlwelle-ruehrwerk","10":"product_tag-gewindenabe-ptm","11":"product_tag-ruehrwelle-1-4404","12":"product_tag-ptm-ruehrwellen","13":"product_tag-edelstahlruehrwelle-gewinde","14":"product_tag-hygienische-ruehrwelle","15":"product_tag-ruehrwelle-fuer-antrieb","16":"product_tag-ruehrwelle-industrie","17":"product_shipping_class-karton-paketversand","18":"pa_material-v4a-edelstahl-1-4404","20":"first","21":"instock","22":"taxable","23":"shipping-taxable","24":"purchasable","25":"product-type-variable"},"bundled_by":[],"bundle_stock_status":"instock","bundle_stock_quantity":null,"bundle_virtual":false,"bundle_layout":"","bundle_add_to_cart_form_location":"","bundle_editable_in_cart":false,"bundle_sold_individually_context":"","bundle_item_grouping":"","bundle_min_size":"","bundle_max_size":"","bundle_price":[],"bundled_items":[],"bundle_sell_ids":[],"exclude_global_add_ons":[],"addons":[],"acf":[],"_links":{"self":[{"href":"https:\/\/ptm-mechatronics.com\/pl\/wp-json\/wp\/v2\/product\/13916","targetHints":{"allow":["GET"]}}],"collection":[{"href":"https:\/\/ptm-mechatronics.com\/pl\/wp-json\/wp\/v2\/product"}],"about":[{"href":"https:\/\/ptm-mechatronics.com\/pl\/wp-json\/wp\/v2\/types\/product"}],"replies":[{"embeddable":true,"href":"https:\/\/ptm-mechatronics.com\/pl\/wp-json\/wp\/v2\/comments?post=13916"}],"wp:featuredmedia":[{"embeddable":true,"href":"https:\/\/ptm-mechatronics.com\/pl\/wp-json\/wp\/v2\/media\/15364"}],"wp:attachment":[{"href":"https:\/\/ptm-mechatronics.com\/pl\/wp-json\/wp\/v2\/media?parent=13916"}],"wp:term":[{"taxonomy":"product_brand","embeddable":true,"href":"https:\/\/ptm-mechatronics.com\/pl\/wp-json\/wp\/v2\/product_brand?post=13916"},{"taxonomy":"product_cat","embeddable":true,"href":"https:\/\/ptm-mechatronics.com\/pl\/wp-json\/wp\/v2\/product_cat?post=13916"},{"taxonomy":"product_tag","embeddable":true,"href":"https:\/\/ptm-mechatronics.com\/pl\/wp-json\/wp\/v2\/product_tag?post=13916"}],"curies":[{"name":"wp","href":"https:\/\/api.w.org\/{rel}","templated":true}]}}