{"id":13863,"date":"2025-06-30T09:05:44","date_gmt":"2025-06-30T07:05:44","guid":{"rendered":"https:\/\/ptm-mechatronics.com\/?post_type=product&#038;p=13863"},"modified":"2025-11-07T15:55:05","modified_gmt":"2025-11-07T14:55:05","slug":"drosselventil-fuer-edelstahlantriebe","status":"publish","type":"product","link":"https:\/\/ptm-mechatronics.com\/pl\/product\/drosselventil-fuer-edelstahlantriebe\/","title":{"rendered":"Zaw\u00f3r d\u0142awi\u0105cy do si\u0142ownik\u00f3w ze stali nierdzewnej"},"content":{"rendered":"<h2 data-start=\"232\" data-end=\"304\"><span style=\"font-size: 75%;\">Zaw\u00f3r d\u0142awi\u0105cy do si\u0142ownik\u00f3w pneumatycznych - kompaktowy, precyzyjny, regulowany<\/span><\/h2>\n<p data-start=\"306\" data-end=\"732\">Zaw\u00f3r d\u0142awi\u0105cy (zaw\u00f3r zwrotny d\u0142awi\u0105cy, zaw\u00f3r iglicowy) umo\u017cliwia precyzyjn\u0105 regulacj\u0119 ilo\u015bci powietrza w pneumatycznych silnikach PTM ze stali nierdzewnej i nap\u0119dach mieszade\u0142. Jest on zintegrowany bezpo\u015brednio z przewodem spr\u0119\u017conego powietrza i umo\u017cliwia precyzyjn\u0105 regulacj\u0119 pr\u0119dko\u015bci poprzez kontrolowany przep\u0142yw powietrza. Pozwala to zoptymalizowa\u0107 nap\u0119dy pod k\u0105tem odpowiednich wymaga\u0144 procesowych - zar\u00f3wno w przypadku wra\u017cliwych proces\u00f3w mieszania, jak i zastosowa\u0144 wymagaj\u0105cych du\u017cej mocy.<\/p>\n<p data-start=\"734\" data-end=\"987\">Zaw\u00f3r jest kompaktowy, solidny i \u0142atwy w instalacji, idealny do \u015brodowisk przemys\u0142owych o wysokich wymaganiach dotycz\u0105cych niezawodno\u015bci i zachowania sterowania. Nadaje si\u0119 do sta\u0142ego u\u017cytku w zautomatyzowanych procesach mieszania i nap\u0119du.<\/p>","protected":false},"excerpt":{"rendered":"<p>Zaw\u00f3r d\u0142awi\u0105cy do precyzyjnej regulacji ilo\u015bci powietrza w pneumatycznych silnikach ze stali nierdzewnej i nap\u0119dach mieszade\u0142 - idealny do regulacji pr\u0119dko\u015bci w zastosowaniach przemys\u0142owych.<\/p>","protected":false},"featured_media":15544,"comment_status":"closed","ping_status":"closed","template":"","meta":{"_acf_changed":false},"product_brand":[],"product_cat":[2745],"product_tag":[3084,3075,3076,3077,3078,3079,3080,3081,3082,3083],"class_list":{"0":"post-13863","1":"product","2":"type-product","3":"status-publish","4":"has-post-thumbnail","6":"product_cat-ersatzteile","7":"product_tag-drosselventil-mischtechnik","8":"product_tag-drosselventil-druckluftmotor","9":"product_tag-luftmengenregler-ptm","10":"product_tag-regelventil-pneumatischer-antrieb","11":"product_tag-luftsteuerung-ruehrwerk","12":"product_tag-drehzahlregelung-pneumatik","13":"product_tag-drosselventil-ruehrwerksantrieb","14":"product_tag-druckluftregelventil-ptm","15":"product_tag-pneumatikventil-feinregelbar","16":"product_tag-luftmengenventil-industrie","17":"product_shipping_class-karton-paketversand","18":"pa_anschluss-einbau-in-zuluftleitung","20":"first","21":"instock","22":"taxable","23":"shipping-taxable","24":"purchasable","25":"product-type-variable"},"bundled_by":[],"bundle_stock_status":"instock","bundle_stock_quantity":null,"bundle_virtual":false,"bundle_layout":"","bundle_add_to_cart_form_location":"","bundle_editable_in_cart":false,"bundle_sold_individually_context":"","bundle_item_grouping":"","bundle_min_size":"","bundle_max_size":"","bundle_price":[],"bundled_items":[],"bundle_sell_ids":[],"exclude_global_add_ons":[],"addons":[],"acf":[],"_links":{"self":[{"href":"https:\/\/ptm-mechatronics.com\/pl\/wp-json\/wp\/v2\/product\/13863","targetHints":{"allow":["GET"]}}],"collection":[{"href":"https:\/\/ptm-mechatronics.com\/pl\/wp-json\/wp\/v2\/product"}],"about":[{"href":"https:\/\/ptm-mechatronics.com\/pl\/wp-json\/wp\/v2\/types\/product"}],"replies":[{"embeddable":true,"href":"https:\/\/ptm-mechatronics.com\/pl\/wp-json\/wp\/v2\/comments?post=13863"}],"wp:featuredmedia":[{"embeddable":true,"href":"https:\/\/ptm-mechatronics.com\/pl\/wp-json\/wp\/v2\/media\/15544"}],"wp:attachment":[{"href":"https:\/\/ptm-mechatronics.com\/pl\/wp-json\/wp\/v2\/media?parent=13863"}],"wp:term":[{"taxonomy":"product_brand","embeddable":true,"href":"https:\/\/ptm-mechatronics.com\/pl\/wp-json\/wp\/v2\/product_brand?post=13863"},{"taxonomy":"product_cat","embeddable":true,"href":"https:\/\/ptm-mechatronics.com\/pl\/wp-json\/wp\/v2\/product_cat?post=13863"},{"taxonomy":"product_tag","embeddable":true,"href":"https:\/\/ptm-mechatronics.com\/pl\/wp-json\/wp\/v2\/product_tag?post=13863"}],"curies":[{"name":"wp","href":"https:\/\/api.w.org\/{rel}","templated":true}]}}