{"id":13740,"date":"2025-05-27T11:00:30","date_gmt":"2025-05-27T09:00:30","guid":{"rendered":"https:\/\/ptm-mechatronics.com\/?post_type=product&#038;p=13740"},"modified":"2025-11-07T15:54:49","modified_gmt":"2025-11-07T14:54:49","slug":"hdpe-ruehrorgan-fuer-container","status":"publish","type":"product","link":"https:\/\/ptm-mechatronics.com\/pl\/product\/hdpe-ruehrorgan-fuer-container\/","title":{"rendered":"Mieszad\u0142o z tworzywa sztucznego HDPE 450 mm, na zawiasach"},"content":{"rendered":"<h1 data-start=\"215\" data-end=\"309\"><span style=\"font-size: 75%;\">Zawiasowe mieszad\u0142o HDPE \u00d8450 mm do pojemnik\u00f3w IBC - lekkie, odporne na chemikalia, sprytnie zaprojektowane<\/span><\/h1>\n<p data-start=\"311\" data-end=\"767\">Zawiasowa tarcza mieszaj\u0105ca HDPE \u00d8450 mm zosta\u0142a opracowana specjalnie do u\u017cytku w pojemnikach IBC z otworami od DN160 i oferuje wydajne i bezpieczne rozwi\u0105zanie do mieszania szerokiej gamy medi\u00f3w - od cieczy o niskiej lepko\u015bci po g\u0119stsze substancje. Tarcza mieszad\u0142a jest wykonana z odpornego na chemikalia (np. chlor) HDPE i wyr\u00f3\u017cnia si\u0119 nisk\u0105 wag\u0105 oraz wysok\u0105 odporno\u015bci\u0105 na agresywne substancje.<\/p>\n<p data-start=\"769\" data-end=\"1189\">Mieszad\u0142o zawiasowe jest zamontowane na wydr\u0105\u017conym wale z tworzywa sztucznego z wewn\u0119trznym wa\u0142em ze stali nierdzewnej i posiada mocowanie M16 zapewniaj\u0105ce bezpieczne i stabilne po\u0142\u0105czenie z uk\u0142adem nap\u0119dowym. Dzi\u0119ki mechanizmowi zawiasowemu mieszad\u0142o mo\u017cna \u0142atwo w\u0142o\u017cy\u0107 przez otw\u00f3r IBC (od DN160) i automatycznie roz\u0142o\u017cy\u0107 do pe\u0142nej \u015brednicy po obr\u00f3ceniu - bez konieczno\u015bci r\u0119cznej interwencji.<\/p>\n<p data-start=\"1191\" data-end=\"1371\">Ta wyrafinowana konstrukcja zapewnia oszcz\u0119dno\u015b\u0107 miejsca, szybk\u0105 gotowo\u015b\u0107 do u\u017cycia i jednorodny wynik mieszania przy minimalnym wysi\u0142ku.<\/p>","protected":false},"excerpt":{"rendered":"<p>Mieszad\u0142o zawiasowe HDPE \u00d8450 mm z mocowaniem M16 i wewn\u0119trznym wa\u0142em ze stali nierdzewnej do otwor\u00f3w IBC od DN160, rozk\u0142ada si\u0119 automatycznie po obr\u00f3ceniu - idealne do wydajnego, odpornego na chemikalia mieszania w pojemnikach IBC.<\/p>","protected":false},"featured_media":15538,"comment_status":"closed","ping_status":"closed","template":"","meta":{"_acf_changed":false},"product_brand":[],"product_cat":[1421,631],"product_tag":[2987,2988,2989,2990,2991,2992,2993,2983,2994,2984,2985,2986],"class_list":{"0":"post-13740","1":"product","2":"type-product","3":"status-publish","4":"has-post-thumbnail","6":"product_cat-zubehoer-ruehrwerkstechnik","7":"product_cat-ruehrorgane","8":"product_tag-hdpe-ruehrfluegel","9":"product_tag-ruehrwerk-ibc-container","10":"product_tag-chemikalienbestaendiges-ruehrorgan","11":"product_tag-ruehrorgan-mit-m16-befestigung","12":"product_tag-kunststoff-hohlwelle","13":"product_tag-ruehrorgan-fuer-ibc-behaelter","14":"product_tag-kunststoff-ruehrorgan","15":"product_tag-hdpe-ruehrorgan","16":"product_tag-ruehrorgan-chlorbestaendig","17":"product_tag-klappruehrorgan-ibc","18":"product_tag-ruehrscheibe-dn160","19":"product_tag-ruehrorgan-o450-mm","20":"product_shipping_class-karton-paketversand","21":"pa_durchmesser-450mm","22":"pa_material-hdpe","23":"pa_oeffnung-dn160-und-dn225","25":"first","26":"instock","27":"taxable","28":"shipping-taxable","29":"purchasable","30":"product-type-simple"},"bundled_by":[],"bundle_stock_status":"instock","bundle_stock_quantity":null,"bundle_virtual":false,"bundle_layout":"","bundle_add_to_cart_form_location":"","bundle_editable_in_cart":false,"bundle_sold_individually_context":"","bundle_item_grouping":"","bundle_min_size":"","bundle_max_size":"","bundle_price":[],"bundled_items":[],"bundle_sell_ids":[],"exclude_global_add_ons":[],"addons":[],"acf":[],"_links":{"self":[{"href":"https:\/\/ptm-mechatronics.com\/pl\/wp-json\/wp\/v2\/product\/13740","targetHints":{"allow":["GET"]}}],"collection":[{"href":"https:\/\/ptm-mechatronics.com\/pl\/wp-json\/wp\/v2\/product"}],"about":[{"href":"https:\/\/ptm-mechatronics.com\/pl\/wp-json\/wp\/v2\/types\/product"}],"replies":[{"embeddable":true,"href":"https:\/\/ptm-mechatronics.com\/pl\/wp-json\/wp\/v2\/comments?post=13740"}],"wp:featuredmedia":[{"embeddable":true,"href":"https:\/\/ptm-mechatronics.com\/pl\/wp-json\/wp\/v2\/media\/15538"}],"wp:attachment":[{"href":"https:\/\/ptm-mechatronics.com\/pl\/wp-json\/wp\/v2\/media?parent=13740"}],"wp:term":[{"taxonomy":"product_brand","embeddable":true,"href":"https:\/\/ptm-mechatronics.com\/pl\/wp-json\/wp\/v2\/product_brand?post=13740"},{"taxonomy":"product_cat","embeddable":true,"href":"https:\/\/ptm-mechatronics.com\/pl\/wp-json\/wp\/v2\/product_cat?post=13740"},{"taxonomy":"product_tag","embeddable":true,"href":"https:\/\/ptm-mechatronics.com\/pl\/wp-json\/wp\/v2\/product_tag?post=13740"}],"curies":[{"name":"wp","href":"https:\/\/api.w.org\/{rel}","templated":true}]}}