{"id":13516,"date":"2025-05-08T09:42:50","date_gmt":"2025-05-08T07:42:50","guid":{"rendered":"https:\/\/ptm-mechatronics.com\/?post_type=product&#038;p=13516"},"modified":"2025-11-07T15:54:51","modified_gmt":"2025-11-07T14:54:51","slug":"elektr-ruehrwerksantrieb-atex-mit-gewindenabe-m16","status":"publish","type":"product","link":"https:\/\/ptm-mechatronics.com\/pl\/product\/elektr-ruehrwerksantrieb-atex-mit-gewindenabe-m16\/","title":{"rendered":"Elektryczny nap\u0119d mieszad\u0142a ATEX z piast\u0105 gwintowan\u0105 M16"},"content":{"rendered":"<p data-start=\"124\" data-end=\"216\"><span class=\"_fadeIn_pfttw_8\">Elektryczny <\/span><span class=\"_fadeIn_pfttw_8\">Nap\u0119dy mieszade\u0142 - <\/span><span class=\"_fadeIn_pfttw_8\">ATEX-<\/span><span class=\"_fadeIn_pfttw_8\">certyfikowany, <\/span><span class=\"_fadeIn_pfttw_8\">Pot\u0119\u017cny <\/span><span class=\"_fadeIn_pfttw_8\">i <\/span><span class=\"_fadeIn_pfttw_8\">Elastyczno\u015b\u0107 <\/span><span class=\"_fadeIn_pfttw_8\">sterowalny<\/span><\/p>\n<p data-start=\"218\" data-end=\"588\"><span class=\"_fadeIn_pfttw_8\">Nasz <\/span><span class=\"_fadeIn_pfttw_8\">elektryczny <\/span><span class=\"_fadeIn_pfttw_8\">Nap\u0119dy mieszade\u0142<\/span> <span class=\"_fadeIn_pfttw_8\">s\u0105 <\/span><span class=\"_fadeIn_pfttw_8\">w <\/span><span class=\"_fadeIn_pfttw_8\">idealny <\/span><span class=\"_fadeIn_pfttw_8\">Rozwi\u0105zanie <\/span><span class=\"_fadeIn_pfttw_8\">dla <\/span><span class=\"_fadeIn_pfttw_8\">wymagaj\u0105cy <\/span><span class=\"_fadeIn_pfttw_8\">przemys\u0142owy <\/span><span class=\"_fadeIn_pfttw_8\">Procesy mieszania<\/span><span class=\"_fadeIn_pfttw_8\">, <\/span><span class=\"_fadeIn_pfttw_8\">z <\/span><span class=\"_fadeIn_pfttw_8\">te <\/span><span class=\"_fadeIn_pfttw_8\">oba <\/span><span class=\"_fadeIn_pfttw_8\">Wysoka wydajno\u015b\u0107<\/span> <span class=\"_fadeIn_pfttw_8\">jak <\/span><span class=\"_fadeIn_pfttw_8\">r\u00f3wnie\u017c <\/span><span class=\"_fadeIn_pfttw_8\">niezawodno\u015b\u0107 <\/span><span class=\"_fadeIn_pfttw_8\">i <\/span><span class=\"_fadeIn_pfttw_8\">Bezpiecze\u0144stwo<\/span> <span class=\"_fadeIn_pfttw_8\">zapyta\u0142 <\/span><span class=\"_fadeIn_pfttw_8\">s\u0105. <\/span><span class=\"_fadeIn_pfttw_8\">Wyprodukowano <\/span><span class=\"_fadeIn_pfttw_8\">dla <\/span><span class=\"_fadeIn_pfttw_8\">w <\/span><span class=\"_fadeIn_pfttw_8\">Praca ci\u0105g\u0142a<\/span> <span class=\"_fadeIn_pfttw_8\">pod <\/span><span class=\"_fadeIn_pfttw_8\">twardy <\/span><span class=\"_fadeIn_pfttw_8\">Warunki, <\/span><span class=\"_fadeIn_pfttw_8\">losowanie <\/span><span class=\"_fadeIn_pfttw_8\">oni <\/span><span class=\"_fadeIn_pfttw_8\">sam <\/span><span class=\"_fadeIn_pfttw_8\">poprzez <\/span><span class=\"_fadeIn_pfttw_8\">ich <\/span><span class=\"_fadeIn_pfttw_8\">Solidno\u015b\u0107<\/span><span class=\"_fadeIn_pfttw_8\">, <\/span><span class=\"_fadeIn_pfttw_8\">D\u0142ugowieczno\u015b\u0107<\/span> <span class=\"_fadeIn_pfttw_8\">i <\/span><span class=\"_fadeIn_pfttw_8\">elastyczny <\/span><span class=\"_fadeIn_pfttw_8\">Zastosowanie<\/span> <span class=\"_fadeIn_pfttw_8\">od.<\/span><\/p>\n<p data-start=\"590\" data-end=\"1011\"><span class=\"_fadeIn_pfttw_8\">Szczeg\u00f3lnie <\/span><span class=\"_fadeIn_pfttw_8\">nale\u017cy podkre\u015bli\u0107: <\/span><span class=\"_fadeIn_pfttw_8\">Te <\/span><span class=\"_fadeIn_pfttw_8\">Nap\u0119dy <\/span><span class=\"_fadeIn_pfttw_8\">s\u0105 <\/span><span class=\"_fadeIn_pfttw_8\">ATEX-<\/span><span class=\"_fadeIn_pfttw_8\">certyfikowany <\/span><span class=\"_fadeIn_pfttw_8\">dla <\/span><span class=\"_fadeIn_pfttw_8\">Strefa <\/span><span class=\"_fadeIn_pfttw_8\">0\/<\/span><span class=\"_fadeIn_pfttw_8\">1<\/span> <span class=\"_fadeIn_pfttw_8\">i <\/span><span class=\"_fadeIn_pfttw_8\">tak, \u017ce <\/span><span class=\"_fadeIn_pfttw_8\">r\u00f3wnie\u017c <\/span><span class=\"_fadeIn_pfttw_8\">dla <\/span><span class=\"_fadeIn_pfttw_8\">w <\/span><span class=\"_fadeIn_pfttw_8\">U\u017cycie <\/span><span class=\"_fadeIn_pfttw_8\">w <\/span><span class=\"_fadeIn_pfttw_8\">atmosfery potencjalnie wybuchowe <\/span><span class=\"_fadeIn_pfttw_8\">Obszary<\/span> <span class=\"_fadeIn_pfttw_8\">odpowiedni - <\/span><span class=\"_fadeIn_pfttw_8\">o <\/span><span class=\"_fadeIn_pfttw_8\">w <\/span><span class=\"_fadeIn_pfttw_8\">w <\/span><span class=\"_fadeIn_pfttw_8\">Chemia, <\/span><span class=\"_fadeIn_pfttw_8\">Farmaceutyczny <\/span><span class=\"_fadeIn_pfttw_8\">lub <\/span><span class=\"_fadeIn_pfttw_8\">Przemys\u0142 spo\u017cywczy<\/span><span class=\"_fadeIn_pfttw_8\">. <\/span><span class=\"_fadeIn_pfttw_8\">W <\/span><span class=\"_fadeIn_pfttw_8\">Po\u0142\u0105czenie <\/span><span class=\"_fadeIn_pfttw_8\">z <\/span><span class=\"_fadeIn_pfttw_8\">jeden <\/span><span class=\"_fadeIn_pfttw_8\">osobno <\/span><span class=\"_fadeIn_pfttw_8\">dost\u0119pny <\/span><span class=\"_fadeIn_pfttw_8\">Przetwornica cz\u0119stotliwo\u015bci<\/span> <span class=\"_fadeIn_pfttw_8\">urlop <\/span><span class=\"_fadeIn_pfttw_8\">sam <\/span><span class=\"_fadeIn_pfttw_8\">w <\/span><span class=\"_fadeIn_pfttw_8\">Nap\u0119dy <\/span><span class=\"_fadeIn_pfttw_8\">precyzyjny <\/span><span class=\"_fadeIn_pfttw_8\">regulowa\u0107, <\/span><span class=\"_fadeIn_pfttw_8\">limit <\/span><span class=\"_fadeIn_pfttw_8\">i <\/span><span class=\"_fadeIn_pfttw_8\">Czytaj dalej<\/span><span class=\"_fadeIn_pfttw_8\">, <\/span><span class=\"_fadeIn_pfttw_8\">bez <\/span><span class=\"_fadeIn_pfttw_8\">\u017ce <\/span><span class=\"_fadeIn_pfttw_8\">w <\/span><span class=\"_fadeIn_pfttw_8\">Przetwornica cz\u0119stotliwo\u015bci <\/span><span class=\"_fadeIn_pfttw_8\">w <\/span><span class=\"_fadeIn_pfttw_8\">Silnik <\/span><span class=\"_fadeIn_pfttw_8\">zintegrowany <\/span><span class=\"_fadeIn_pfttw_8\">by\u0107 <\/span><span class=\"_fadeIn_pfttw_8\">musi.<\/span><\/p>\n<p data-start=\"1013\" data-end=\"1044\"><span class=\"_fadeIn_pfttw_8\">Zalety <\/span><span class=\"_fadeIn_pfttw_8\">na <\/span><span class=\"_fadeIn_pfttw_8\">jeden <\/span><span class=\"_fadeIn_pfttw_8\">Widok:<\/span><\/p>\n<ul>\n<li data-start=\"1047\" data-end=\"1079\"><span class=\"_fadeIn_pfttw_8\">ATEX-<\/span><span class=\"_fadeIn_pfttw_8\">certyfikowany <\/span><span class=\"_fadeIn_pfttw_8\">dla <\/span><span class=\"_fadeIn_pfttw_8\">Strefa <\/span><span class=\"_fadeIn_pfttw_8\">0\/<\/span><span class=\"_fadeIn_pfttw_8\">1<\/span><\/li>\n<li data-start=\"1047\" data-end=\"1079\"><span class=\"_fadeIn_pfttw_8\">Wi\u0119ksza moc, <\/span><span class=\"_fadeIn_pfttw_8\">elektryczny <\/span><span class=\"_fadeIn_pfttw_8\">Nap\u0119d mieszad\u0142a<\/span><\/li>\n<li data-start=\"1047\" data-end=\"1079\"><span class=\"_fadeIn_pfttw_8\">Szczeg\u00f3lnie <\/span><span class=\"_fadeIn_pfttw_8\">Trwa\u0142o\u015b\u0107 <\/span><span class=\"_fadeIn_pfttw_8\">i <\/span><span class=\"_fadeIn_pfttw_8\">Niskie koszty utrzymania<\/span><\/li>\n<li data-start=\"1047\" data-end=\"1079\"><span class=\"_fadeIn_pfttw_8\">K<\/span><span class=\"_fadeIn_pfttw_8\">kompatybilny <\/span><span class=\"_fadeIn_pfttw_8\">z <\/span><span class=\"_fadeIn_pfttw_8\">zewn\u0119trzny <\/span><span class=\"_fadeIn_pfttw_8\">Przetwornica cz\u0119stotliwo\u015bci<\/span><\/li>\n<li data-start=\"1047\" data-end=\"1079\"><span class=\"_fadeIn_pfttw_8\">Prosty <\/span><span class=\"_fadeIn_pfttw_8\">Rozporz\u0105dzenie <\/span><span class=\"_fadeIn_pfttw_8\">i <\/span><span class=\"_fadeIn_pfttw_8\">System sterowania <\/span><span class=\"_fadeIn_pfttw_8\">mo\u017cliwy<\/span><\/li>\n<li data-start=\"1047\" data-end=\"1079\"><span class=\"_fadeIn_pfttw_8\">Wytrzyma\u0142y <\/span><span class=\"_fadeIn_pfttw_8\">Wykonanie <\/span><span class=\"_fadeIn_pfttw_8\">dla <\/span><span class=\"_fadeIn_pfttw_8\">Praca ci\u0105g\u0142a<\/span><\/li>\n<li data-start=\"1047\" data-end=\"1079\"><span class=\"_fadeIn_pfttw_8\">Elastyczno\u015b\u0107 <\/span><span class=\"_fadeIn_pfttw_8\">maj\u0105cy zastosowanie <\/span><span class=\"_fadeIn_pfttw_8\">w <\/span><span class=\"_fadeIn_pfttw_8\">atmosfery potencjalnie wybuchowe <\/span><span class=\"_fadeIn_pfttw_8\">Otoczenie<\/span><\/li>\n<\/ul>","protected":false},"excerpt":{"rendered":"<p><span class=\"_fadeIn_pfttw_8\">L<\/span><span class=\"_fadeIn_pfttw_8\">anglebige, <\/span><span class=\"_fadeIn_pfttw_8\">elektryczny <\/span><span class=\"_fadeIn_pfttw_8\">Nap\u0119dy mieszade\u0142 z <\/span><span class=\"_fadeIn_pfttw_8\">wysoki <\/span><span class=\"_fadeIn_pfttw_8\">Wydajno\u015b\u0107 <\/span><span class=\"_fadeIn_pfttw_8\">i <\/span><span class=\"_fadeIn_pfttw_8\">Wytrzyma\u0142o\u015b\u0107, certyfikat dla strefy ATEX 0\/1, <\/span><span class=\"_fadeIn_pfttw_8\">za po\u015brednictwem zewn\u0119trznego <\/span><span class=\"_fadeIn_pfttw_8\">Przetwornica cz\u0119stotliwo\u015bci <\/span><span class=\"_fadeIn_pfttw_8\">prosty <\/span><span class=\"_fadeIn_pfttw_8\">zasada-, <\/span><span class=\"_fadeIn_pfttw_8\">podatek <\/span><span class=\"_fadeIn_pfttw_8\">i <\/span><span class=\"_fadeIn_pfttw_8\">czytelny - <\/span><span class=\"_fadeIn_pfttw_8\">idealny <\/span><span class=\"_fadeIn_pfttw_8\">dla <\/span><span class=\"_fadeIn_pfttw_8\">w <\/span><span class=\"_fadeIn_pfttw_8\">przemys\u0142owy <\/span><span class=\"_fadeIn_pfttw_8\">Praca ci\u0105g\u0142a.<\/span><\/p>","protected":false},"featured_media":15536,"comment_status":"open","ping_status":"closed","template":"","meta":{"_acf_changed":false},"product_brand":[],"product_cat":[595,632],"product_tag":[2869,2578,2861,2862,2863,2864,2865,2866,2867,2868],"class_list":{"0":"post-13516","1":"product","2":"type-product","3":"status-publish","4":"has-post-thumbnail","6":"product_cat-ruehrwerkstechnik","7":"product_cat-ruehrwerksantriebe","8":"product_tag-atex-ruehrwerksantrieb-zone-0-1","9":"product_tag-explosionsgeschuetzter-ruehrantrieb","10":"product_tag-elektrischer-ruehrmotor-atex","11":"product_tag-ruehrwerksantrieb-mit-atex-zulassung","12":"product_tag-frequenzumrichter-optional","13":"product_tag-ruehrantrieb-elektrisch-industrie","14":"product_tag-robuster-atex-motor","15":"product_tag-zone-1-ruehrantrieb","16":"product_tag-atex-ruehrwerk-elektrisch","17":"product_tag-ex-geschuetzter-antrieb-ruehrtechnik","18":"product_shipping_class-karton-paketversand","19":"pa_antriebsart-elektrisch","20":"pa_atex-zone-0-1","21":"pa_atex-motor-ex-ii-2d-ex-h-iiic-t120c","22":"pa_atex-zonentrennung-ex-ii-1-2-g-ex-h-iic-t5-ga-gb","23":"pa_model-e-drive","24":"pa_motor-spannung-230-400v","25":"pa_nabe-gewinde-m16","26":"pa_schaltart-dreieck-stern","28":"first","29":"instock","30":"taxable","31":"shipping-taxable","32":"purchasable","33":"product-type-variable"},"bundled_by":[],"bundle_stock_status":"instock","bundle_stock_quantity":null,"bundle_virtual":false,"bundle_layout":"","bundle_add_to_cart_form_location":"","bundle_editable_in_cart":false,"bundle_sold_individually_context":"","bundle_item_grouping":"","bundle_min_size":"","bundle_max_size":"","bundle_price":[],"bundled_items":[],"bundle_sell_ids":[],"exclude_global_add_ons":[],"addons":[],"acf":[],"_links":{"self":[{"href":"https:\/\/ptm-mechatronics.com\/pl\/wp-json\/wp\/v2\/product\/13516","targetHints":{"allow":["GET"]}}],"collection":[{"href":"https:\/\/ptm-mechatronics.com\/pl\/wp-json\/wp\/v2\/product"}],"about":[{"href":"https:\/\/ptm-mechatronics.com\/pl\/wp-json\/wp\/v2\/types\/product"}],"replies":[{"embeddable":true,"href":"https:\/\/ptm-mechatronics.com\/pl\/wp-json\/wp\/v2\/comments?post=13516"}],"wp:featuredmedia":[{"embeddable":true,"href":"https:\/\/ptm-mechatronics.com\/pl\/wp-json\/wp\/v2\/media\/15536"}],"wp:attachment":[{"href":"https:\/\/ptm-mechatronics.com\/pl\/wp-json\/wp\/v2\/media?parent=13516"}],"wp:term":[{"taxonomy":"product_brand","embeddable":true,"href":"https:\/\/ptm-mechatronics.com\/pl\/wp-json\/wp\/v2\/product_brand?post=13516"},{"taxonomy":"product_cat","embeddable":true,"href":"https:\/\/ptm-mechatronics.com\/pl\/wp-json\/wp\/v2\/product_cat?post=13516"},{"taxonomy":"product_tag","embeddable":true,"href":"https:\/\/ptm-mechatronics.com\/pl\/wp-json\/wp\/v2\/product_tag?post=13516"}],"curies":[{"name":"wp","href":"https:\/\/api.w.org\/{rel}","templated":true}]}}