{"id":13457,"date":"2025-04-11T09:36:24","date_gmt":"2025-04-11T07:36:24","guid":{"rendered":"https:\/\/ptm-mechatronics.com\/?post_type=product&#038;p=13457"},"modified":"2025-11-07T15:54:50","modified_gmt":"2025-11-07T14:54:50","slug":"elektr-ruehrwerksantrieb-mit-gewindenabe-m16","status":"publish","type":"product","link":"https:\/\/ptm-mechatronics.com\/pl\/product\/elektr-ruehrwerksantrieb-mit-gewindenabe-m16\/","title":{"rendered":"Elektryczny nap\u0119d mieszad\u0142a z piast\u0105 gwintowan\u0105 M16"},"content":{"rendered":"<p data-start=\"207\" data-end=\"291\"><span class=\"_fadeIn_pfttw_8\">Elektryczny <\/span><span class=\"_fadeIn_pfttw_8\">Nap\u0119dy mieszade\u0142 - <\/span><span class=\"_fadeIn_pfttw_8\">pot\u0119\u017cny, <\/span><span class=\"_fadeIn_pfttw_8\">Trwa\u0142o\u015b\u0107 <\/span><span class=\"_fadeIn_pfttw_8\">i <\/span><span class=\"_fadeIn_pfttw_8\">Elastyczno\u015b\u0107 <\/span><span class=\"_fadeIn_pfttw_8\">sterowalny<\/span><\/p>\n<p data-start=\"293\" data-end=\"625\"><span class=\"_fadeIn_pfttw_8\">Nasz <\/span><span class=\"_fadeIn_pfttw_8\">elektryczny <\/span><span class=\"_fadeIn_pfttw_8\">Nap\u0119dy mieszade\u0142<\/span> <span class=\"_fadeIn_pfttw_8\">przekona\u0107 <\/span><span class=\"_fadeIn_pfttw_8\">poprzez <\/span><span class=\"_fadeIn_pfttw_8\">wysoki <\/span><span class=\"_fadeIn_pfttw_8\">Wydajno\u015b\u0107<\/span><span class=\"_fadeIn_pfttw_8\">, <\/span><span class=\"_fadeIn_pfttw_8\">Solidno\u015b\u0107<\/span> <span class=\"_fadeIn_pfttw_8\">i <\/span><span class=\"_fadeIn_pfttw_8\">jeden <\/span><span class=\"_fadeIn_pfttw_8\">d\u0142ugi <\/span><span class=\"_fadeIn_pfttw_8\">\u017bywotno\u015b\u0107<\/span><span class=\"_fadeIn_pfttw_8\">, <\/span><span class=\"_fadeIn_pfttw_8\">co <\/span><span class=\"_fadeIn_pfttw_8\">oni <\/span><span class=\"_fadeIn_pfttw_8\">idealny <\/span><span class=\"_fadeIn_pfttw_8\">dla <\/span><span class=\"_fadeIn_pfttw_8\">w <\/span><span class=\"_fadeIn_pfttw_8\">przemys\u0142owy <\/span><span class=\"_fadeIn_pfttw_8\">Praca ci\u0105g\u0142a<\/span> <span class=\"_fadeIn_pfttw_8\">sprawia - <\/span><span class=\"_fadeIn_pfttw_8\">r\u00f3wnie\u017c <\/span><span class=\"_fadeIn_pfttw_8\">pod <\/span><span class=\"_fadeIn_pfttw_8\">wymagaj\u0105cy <\/span><span class=\"_fadeIn_pfttw_8\">Warunki. <\/span><span class=\"_fadeIn_pfttw_8\">Ty <\/span><span class=\"_fadeIn_pfttw_8\">s\u0105 <\/span><span class=\"_fadeIn_pfttw_8\">Wszechstronno\u015b\u0107 <\/span><span class=\"_fadeIn_pfttw_8\">maj\u0105cy zastosowanie <\/span><span class=\"_fadeIn_pfttw_8\">w <\/span><span class=\"_fadeIn_pfttw_8\">Obszary <\/span><span class=\"_fadeIn_pfttw_8\">jak <\/span><span class=\"_fadeIn_pfttw_8\">Chemia, <\/span><span class=\"_fadeIn_pfttw_8\">Farmaceutyki, <\/span><span class=\"_fadeIn_pfttw_8\">\u017bywno\u015b\u0107 <\/span><span class=\"_fadeIn_pfttw_8\">i <\/span><span class=\"_fadeIn_pfttw_8\">In\u017cynieria procesowa<\/span><span class=\"_fadeIn_pfttw_8\">.<\/span><\/p>\n<p data-start=\"627\" data-end=\"909\"><span class=\"_fadeIn_pfttw_8\">W <\/span><span class=\"_fadeIn_pfttw_8\">Po\u0142\u0105czenie <\/span><span class=\"_fadeIn_pfttw_8\">z <\/span><span class=\"_fadeIn_pfttw_8\">jeden <\/span><span class=\"_fadeIn_pfttw_8\">osobno <\/span><span class=\"_fadeIn_pfttw_8\">dost\u0119pny <\/span><span class=\"_fadeIn_pfttw_8\">Przetwornica cz\u0119stotliwo\u015bci<\/span> <span class=\"_fadeIn_pfttw_8\">urlop <\/span><span class=\"_fadeIn_pfttw_8\">sam <\/span><span class=\"_fadeIn_pfttw_8\">w <\/span><span class=\"_fadeIn_pfttw_8\">Nap\u0119dy <\/span><span class=\"_fadeIn_pfttw_8\">precyzyjny <\/span><span class=\"_fadeIn_pfttw_8\">regulowa\u0107, <\/span><span class=\"_fadeIn_pfttw_8\">limit <\/span><span class=\"_fadeIn_pfttw_8\">i <\/span><span class=\"_fadeIn_pfttw_8\">Czytaj dalej<\/span><span class=\"_fadeIn_pfttw_8\">. <\/span><span class=\"_fadeIn_pfttw_8\">Wi\u0119c <\/span><span class=\"_fadeIn_pfttw_8\">puszka <\/span><span class=\"_fadeIn_pfttw_8\">Pr\u0119dko\u015b\u0107 <\/span><span class=\"_fadeIn_pfttw_8\">i <\/span><span class=\"_fadeIn_pfttw_8\">Wydajno\u015b\u0107 <\/span><span class=\"_fadeIn_pfttw_8\">indywidualny <\/span><span class=\"_fadeIn_pfttw_8\">na <\/span><span class=\"_fadeIn_pfttw_8\">w <\/span><span class=\"_fadeIn_pfttw_8\">odpowiedni <\/span><span class=\"_fadeIn_pfttw_8\">Proces <\/span><span class=\"_fadeIn_pfttw_8\">dostosowany <\/span><span class=\"_fadeIn_pfttw_8\">sta\u0107 si\u0119 - <\/span><span class=\"_fadeIn_pfttw_8\">ca\u0142o\u015b\u0107 <\/span><span class=\"_fadeIn_pfttw_8\">bez <\/span><span class=\"_fadeIn_pfttw_8\">opracowanie <\/span><span class=\"_fadeIn_pfttw_8\">Integracja technologii <\/span><span class=\"_fadeIn_pfttw_8\">w <\/span><span class=\"_fadeIn_pfttw_8\">Silnik <\/span><span class=\"_fadeIn_pfttw_8\">siebie.<\/span><\/p>\n<p data-start=\"911\" data-end=\"942\"><span class=\"_fadeIn_pfttw_8\">Zalety <\/span><span class=\"_fadeIn_pfttw_8\">na <\/span><span class=\"_fadeIn_pfttw_8\">jeden <\/span><span class=\"_fadeIn_pfttw_8\">Widok:<\/span><\/p>\n<ul>\n<li data-start=\"945\" data-end=\"994\"><span class=\"_fadeIn_pfttw_8\">Wi\u0119ksza moc, <\/span><span class=\"_fadeIn_pfttw_8\">elektryczny <\/span><span class=\"_fadeIn_pfttw_8\">Nap\u0119d mieszad\u0142a<\/span><\/li>\n<li data-start=\"945\" data-end=\"994\"><span class=\"_fadeIn_pfttw_8\">Szczeg\u00f3lnie <\/span><span class=\"_fadeIn_pfttw_8\">Trwa\u0142o\u015b\u0107 <\/span><span class=\"_fadeIn_pfttw_8\">i <\/span><span class=\"_fadeIn_pfttw_8\">solidny<\/span><\/li>\n<li data-start=\"945\" data-end=\"994\"><span class=\"_fadeIn_pfttw_8\">Idealny <\/span><span class=\"_fadeIn_pfttw_8\">dla <\/span><span class=\"_fadeIn_pfttw_8\">w <\/span><span class=\"_fadeIn_pfttw_8\">Praca ci\u0105g\u0142a<\/span><\/li>\n<li data-start=\"945\" data-end=\"994\"><span class=\"_fadeIn_pfttw_8\">Kompatybilno\u015b\u0107 <\/span><span class=\"_fadeIn_pfttw_8\">z <\/span><span class=\"_fadeIn_pfttw_8\">zewn\u0119trzny <\/span><span class=\"_fadeIn_pfttw_8\">Przetwornice cz\u0119stotliwo\u015bci<\/span><\/li>\n<li data-start=\"945\" data-end=\"994\"><span class=\"_fadeIn_pfttw_8\">Prosty <\/span><span class=\"_fadeIn_pfttw_8\">Rozporz\u0105dzenie <\/span><span class=\"_fadeIn_pfttw_8\">i <\/span><span class=\"_fadeIn_pfttw_8\">Kontrola (<\/span><span class=\"_fadeIn_pfttw_8\">opcjonalnie)<\/span><\/li>\n<li data-start=\"945\" data-end=\"994\"><span class=\"_fadeIn_pfttw_8\">Elastyczno\u015b\u0107 <\/span><span class=\"_fadeIn_pfttw_8\">maj\u0105cy zastosowanie <\/span><span class=\"_fadeIn_pfttw_8\">w <\/span><span class=\"_fadeIn_pfttw_8\">\u015arodowiska przemys\u0142owe<\/span><\/li>\n<\/ul>","protected":false},"excerpt":{"rendered":"<p><span class=\"_fadeIn_pfttw_8\">L<\/span><span class=\"_fadeIn_pfttw_8\">anglebige, <\/span><span class=\"_fadeIn_pfttw_8\">elektryczny <\/span><span class=\"_fadeIn_pfttw_8\">Nap\u0119dy mieszade\u0142 z <\/span><span class=\"_fadeIn_pfttw_8\">wysoki <\/span><span class=\"_fadeIn_pfttw_8\">Wydajno\u015b\u0107 <\/span><span class=\"_fadeIn_pfttw_8\">i <\/span><span class=\"_fadeIn_pfttw_8\">Solidno\u015b\u0107, <\/span><span class=\"_fadeIn_pfttw_8\">za po\u015brednictwem zewn\u0119trznego <\/span><span class=\"_fadeIn_pfttw_8\">Przetwornica cz\u0119stotliwo\u015bci <\/span><span class=\"_fadeIn_pfttw_8\">prosty <\/span><span class=\"_fadeIn_pfttw_8\">zasada-, <\/span><span class=\"_fadeIn_pfttw_8\">podatek <\/span><span class=\"_fadeIn_pfttw_8\">i <\/span><span class=\"_fadeIn_pfttw_8\">czytelny - <\/span><span class=\"_fadeIn_pfttw_8\">idealny <\/span><span class=\"_fadeIn_pfttw_8\">dla <\/span><span class=\"_fadeIn_pfttw_8\">w <\/span><span class=\"_fadeIn_pfttw_8\">przemys\u0142owy <\/span><span class=\"_fadeIn_pfttw_8\">Praca ci\u0105g\u0142a.<\/span><\/p>","protected":false},"featured_media":15419,"comment_status":"open","ping_status":"closed","template":"","meta":{"_acf_changed":false},"product_brand":[],"product_cat":[595,632],"product_tag":[2856,2857,2858,2859,2860,2624,2852,2853,2854,2855],"class_list":{"0":"post-13457","1":"product","2":"type-product","3":"status-publish","4":"has-post-thumbnail","6":"product_cat-ruehrwerkstechnik","7":"product_cat-ruehrwerksantriebe","8":"product_tag-robuster-ruehrmotor","9":"product_tag-langlebiger-ruehrmotor","10":"product_tag-antriebstechnik-ruehrwerk","11":"product_tag-ruehrantrieb-steuern","12":"product_tag-elektrischer-antrieb-industrie","13":"product_tag-industrieller-ruehrwerksantrieb","14":"product_tag-elektrischer-ruehrwerksantrieb","15":"product_tag-ruehrwerksmotor-elektrisch","16":"product_tag-frequenzumrichter-ruehrwerk","17":"product_tag-regelbarer-ruehrantrieb","18":"product_shipping_class-karton-paketversand","19":"pa_antriebsart-elektrisch","20":"pa_model-e-drive","21":"pa_motor-spannung-230-400v","22":"pa_nabe-gewinde-m16","23":"pa_schaltart-dreieck-stern","25":"first","26":"instock","27":"taxable","28":"shipping-taxable","29":"purchasable","30":"product-type-variable"},"bundled_by":[],"bundle_stock_status":"instock","bundle_stock_quantity":null,"bundle_virtual":false,"bundle_layout":"","bundle_add_to_cart_form_location":"","bundle_editable_in_cart":false,"bundle_sold_individually_context":"","bundle_item_grouping":"","bundle_min_size":"","bundle_max_size":"","bundle_price":[],"bundled_items":[],"bundle_sell_ids":[],"exclude_global_add_ons":[],"addons":[],"acf":[],"_links":{"self":[{"href":"https:\/\/ptm-mechatronics.com\/pl\/wp-json\/wp\/v2\/product\/13457","targetHints":{"allow":["GET"]}}],"collection":[{"href":"https:\/\/ptm-mechatronics.com\/pl\/wp-json\/wp\/v2\/product"}],"about":[{"href":"https:\/\/ptm-mechatronics.com\/pl\/wp-json\/wp\/v2\/types\/product"}],"replies":[{"embeddable":true,"href":"https:\/\/ptm-mechatronics.com\/pl\/wp-json\/wp\/v2\/comments?post=13457"}],"wp:featuredmedia":[{"embeddable":true,"href":"https:\/\/ptm-mechatronics.com\/pl\/wp-json\/wp\/v2\/media\/15419"}],"wp:attachment":[{"href":"https:\/\/ptm-mechatronics.com\/pl\/wp-json\/wp\/v2\/media?parent=13457"}],"wp:term":[{"taxonomy":"product_brand","embeddable":true,"href":"https:\/\/ptm-mechatronics.com\/pl\/wp-json\/wp\/v2\/product_brand?post=13457"},{"taxonomy":"product_cat","embeddable":true,"href":"https:\/\/ptm-mechatronics.com\/pl\/wp-json\/wp\/v2\/product_cat?post=13457"},{"taxonomy":"product_tag","embeddable":true,"href":"https:\/\/ptm-mechatronics.com\/pl\/wp-json\/wp\/v2\/product_tag?post=13457"}],"curies":[{"name":"wp","href":"https:\/\/api.w.org\/{rel}","templated":true}]}}