{"id":13435,"date":"2025-04-07T09:56:22","date_gmt":"2025-04-07T07:56:22","guid":{"rendered":"https:\/\/ptm-mechatronics.com\/?post_type=product&#038;p=13435"},"modified":"2025-11-07T15:54:40","modified_gmt":"2025-11-07T14:54:40","slug":"wellendichtring-ptfe-fda-weiss","status":"publish","type":"product","link":"https:\/\/ptm-mechatronics.com\/pl\/product\/wellendichtring-ptfe-fda-weiss\/","title":{"rendered":"Uszczelka olejowa PTFE FDA bia\u0142a"},"content":{"rendered":"<p class=\"\" data-start=\"187\" data-end=\"307\">Uszczelnienie wa\u0142u PTFE bia\u0142e (zgodne z FDA) do silnik\u00f3w pneumatycznych PTM - higieniczne rozwi\u0105zanie uszczelniaj\u0105ce spe\u0142niaj\u0105ce najwy\u017csze wymagania<\/p>\n<p class=\"\" data-start=\"309\" data-end=\"733\">Bia\u0142e uszczelnienie wa\u0142u PTFE (zgodne z FDA) spe\u0142nia najwy\u017csze wymagania w zakresie higieny, odporno\u015bci chemicznej i stabilno\u015bci temperaturowej. Zastosowany materia\u0142 PTFE o jako\u015bci spo\u017cywczej jest zatwierdzony zgodnie z wytycznymi FDA i dlatego idealnie nadaje si\u0119 do zastosowa\u0144 w przemy\u015ble spo\u017cywczym, kosmetycznym i farmaceutycznym.<\/p>\n<p class=\"\" data-start=\"735\" data-end=\"1054\">Dzi\u0119ki niskiemu tarciu, odpornej na zu\u017cycie powierzchni i doskona\u0142ej odporno\u015bci na agresywne media, \u015brodki czyszcz\u0105ce i wysokie temperatury, pier\u015bcie\u0144 uszczelniaj\u0105cy jest idealny do stosowania w procesach wra\u017cliwych na higien\u0119 - czy to do konserwacji zapobiegawczej, czy jako trwa\u0142a cz\u0119\u015b\u0107 zamienna.<\/p>\n<p class=\"\" data-start=\"1056\" data-end=\"1087\">Zalety w skr\u00f3cie:<\/p>\n<ul>\n<li data-start=\"1090\" data-end=\"1124\">Nadaje si\u0119 do silnik\u00f3w pneumatycznych PTM<\/li>\n<li data-start=\"1090\" data-end=\"1124\">PTFE bia\u0142y, zgodny z FDA<\/li>\n<li data-start=\"1090\" data-end=\"1124\">Bezpieczny dla \u017cywno\u015bci i higieniczny<\/li>\n<li data-start=\"1090\" data-end=\"1124\">Odporno\u015b\u0107 na chemikalia i temperatur\u0119<\/li>\n<li data-start=\"1090\" data-end=\"1124\">Niskie tarcie i odporno\u015b\u0107 na zu\u017cycie<\/li>\n<li data-start=\"1090\" data-end=\"1124\">Idealny do zastosowa\u0144 wymagaj\u0105cych zachowania higieny<\/li>\n<li data-start=\"1090\" data-end=\"1124\">\u0141atwy w utrzymaniu i trwa\u0142y<\/li>\n<\/ul>","protected":false},"excerpt":{"rendered":"<p>Higieniczne, odporne na chemikalia i temperatur\u0119 uszczelnienie, idealne do stosowania w przemy\u015ble spo\u017cywczym, farmaceutycznym i kosmetycznym.<\/p>","protected":false},"featured_media":15374,"comment_status":"open","ping_status":"closed","template":"","meta":{"_acf_changed":false},"product_brand":[],"product_cat":[2745],"product_tag":[2807,2808,2809,2810,2811,2812,2813,2790,2805,2806],"class_list":{"0":"post-13435","1":"product","2":"type-product","3":"status-publish","4":"has-post-thumbnail","6":"product_cat-ersatzteile","7":"product_tag-ptfe-dichtungsring-lebensmittel","8":"product_tag-hygienedichtung-druckluftmotor","9":"product_tag-ruehrwerksantrieb-fda-konform","10":"product_tag-wellendichtring-pharmaindustrie","11":"product_tag-ptfe-weiss-dichtung","12":"product_tag-fda-konforme-ruehrwerksdichtung","13":"product_tag-lebensmitteltechnik-dichtungsring","14":"product_tag-ptm-ersatzteile-kaufen","15":"product_tag-ptfe-wellendichtring-weiss","16":"product_tag-fda-dichtung-ptm","17":"product_shipping_class-karton-paketversand","19":"first","20":"instock","21":"taxable","22":"shipping-taxable","23":"purchasable","24":"product-type-variable"},"bundled_by":[],"bundle_stock_status":"instock","bundle_stock_quantity":null,"bundle_virtual":false,"bundle_layout":"","bundle_add_to_cart_form_location":"","bundle_editable_in_cart":false,"bundle_sold_individually_context":"","bundle_item_grouping":"","bundle_min_size":"","bundle_max_size":"","bundle_price":[],"bundled_items":[],"bundle_sell_ids":[],"exclude_global_add_ons":[],"addons":[],"acf":[],"_links":{"self":[{"href":"https:\/\/ptm-mechatronics.com\/pl\/wp-json\/wp\/v2\/product\/13435","targetHints":{"allow":["GET"]}}],"collection":[{"href":"https:\/\/ptm-mechatronics.com\/pl\/wp-json\/wp\/v2\/product"}],"about":[{"href":"https:\/\/ptm-mechatronics.com\/pl\/wp-json\/wp\/v2\/types\/product"}],"replies":[{"embeddable":true,"href":"https:\/\/ptm-mechatronics.com\/pl\/wp-json\/wp\/v2\/comments?post=13435"}],"wp:featuredmedia":[{"embeddable":true,"href":"https:\/\/ptm-mechatronics.com\/pl\/wp-json\/wp\/v2\/media\/15374"}],"wp:attachment":[{"href":"https:\/\/ptm-mechatronics.com\/pl\/wp-json\/wp\/v2\/media?parent=13435"}],"wp:term":[{"taxonomy":"product_brand","embeddable":true,"href":"https:\/\/ptm-mechatronics.com\/pl\/wp-json\/wp\/v2\/product_brand?post=13435"},{"taxonomy":"product_cat","embeddable":true,"href":"https:\/\/ptm-mechatronics.com\/pl\/wp-json\/wp\/v2\/product_cat?post=13435"},{"taxonomy":"product_tag","embeddable":true,"href":"https:\/\/ptm-mechatronics.com\/pl\/wp-json\/wp\/v2\/product_tag?post=13435"}],"curies":[{"name":"wp","href":"https:\/\/api.w.org\/{rel}","templated":true}]}}