{"id":13432,"date":"2025-04-07T09:42:20","date_gmt":"2025-04-07T07:42:20","guid":{"rendered":"https:\/\/ptm-mechatronics.com\/?post_type=product&#038;p=13432"},"modified":"2025-11-07T15:54:40","modified_gmt":"2025-11-07T14:54:40","slug":"wellendichtring-ptfe-schwarz","status":"publish","type":"product","link":"https:\/\/ptm-mechatronics.com\/pl\/product\/wellendichtring-ptfe-schwarz\/","title":{"rendered":"Uszczelka wa\u0142u PTFE czarna"},"content":{"rendered":"<p class=\"\" data-start=\"184\" data-end=\"311\">Uszczelka olejowa PTFE\/EPDM w kolorze czarnym do silnik\u00f3w pneumatycznych PTM - wszechstronna, wysokowydajna uszczelka do zastosowa\u0144 przemys\u0142owych<\/p>\n<p class=\"\" data-start=\"313\" data-end=\"784\">Czarne uszczelnienie olejowe PTFE\/EPDM oferuje doskona\u0142e po\u0142\u0105czenie odporno\u015bci chemicznej, odporno\u015bci termicznej i odporno\u015bci mechanicznej. Po\u0142\u0105czenie PTFE (politetrafluoroetylenu) i EPDM (kauczuku etylenowo-propylenowo-dienowego) zapewnia d\u0142ugotrwa\u0142e uszczelnienie o niskim wsp\u00f3\u0142czynniku tarcia, nawet w wymagaj\u0105cych warunkach pracy.<\/p>\n<p class=\"\" data-start=\"786\" data-end=\"1104\">Dzi\u0119ki wysokiej odporno\u015bci na oleje, chemikalia, opary i \u015brodki czyszcz\u0105ce, to uszczelnienie wa\u0142u jest idealne do stosowania w przemy\u015ble spo\u017cywczym, chemicznym, farmaceutycznym i in\u017cynierii procesowej. Idealne do konserwacji zapobiegawczej lub jako cz\u0119\u015b\u0107 zamienna zapewniaj\u0105ca bezawaryjn\u0105 prac\u0119.<\/p>\n<p class=\"\" data-start=\"1106\" data-end=\"1137\">Zalety w skr\u00f3cie:<\/p>\n<ul>\n<li data-start=\"1140\" data-end=\"1187\">Nadaje si\u0119 do silnik\u00f3w i nap\u0119d\u00f3w pneumatycznych PTM<\/li>\n<li data-start=\"1140\" data-end=\"1187\">Wysokiej jako\u015bci po\u0142\u0105czenie PTFE\/EPDM<\/li>\n<li data-start=\"1140\" data-end=\"1187\">Odporno\u015b\u0107 na chemikalia, wod\u0119 i opary<\/li>\n<li data-start=\"1140\" data-end=\"1187\">Wysoka tolerancja na temperatur\u0119<\/li>\n<li data-start=\"1140\" data-end=\"1187\">Niskie tarcie i odporno\u015b\u0107 na zu\u017cycie<\/li>\n<li data-start=\"1140\" data-end=\"1187\">Dla wymagaj\u0105cych proces\u00f3w higienicznych<\/li>\n<li data-start=\"1140\" data-end=\"1187\">\u0141atwy w utrzymaniu i trwa\u0142y<\/li>\n<\/ul>","protected":false},"excerpt":{"rendered":"<p>Trwa\u0142e uszczelnienie o niskim wsp\u00f3\u0142czynniku tarcia i wysokiej odporno\u015bci na chemikalia, opary i temperatury - idealne do zastosowa\u0144 przemys\u0142owych i higienicznych.<\/p>","protected":false},"featured_media":15373,"comment_status":"open","ping_status":"closed","template":"","meta":{"_acf_changed":false},"product_brand":[],"product_cat":[2745],"product_tag":[2800,2801,2802,2803,2804,2780,2789,2797,2798,2799],"class_list":{"0":"post-13432","1":"product","2":"type-product","3":"status-publish","4":"has-post-thumbnail","6":"product_cat-ersatzteile","7":"product_tag-industrie-wellendichtring-ptfe","8":"product_tag-epdm-dichtung-ruehrwerk","9":"product_tag-hygienedichtung-antriebstechnik","10":"product_tag-langlebige-wellendichtung","11":"product_tag-chemikalienbestaendige-dichtung","12":"product_tag-ptm-ersatzteil-kaufen","13":"product_tag-ruehrwerksantrieb-dichtung","14":"product_tag-ptfe-epdm-wellendichtring","15":"product_tag-wellendichtung-schwarz-ptm","16":"product_tag-dichtung-druckluftmotor-ptm","17":"product_shipping_class-karton-paketversand","19":"first","20":"instock","21":"taxable","22":"shipping-taxable","23":"purchasable","24":"product-type-variable"},"bundled_by":[],"bundle_stock_status":"instock","bundle_stock_quantity":null,"bundle_virtual":false,"bundle_layout":"","bundle_add_to_cart_form_location":"","bundle_editable_in_cart":false,"bundle_sold_individually_context":"","bundle_item_grouping":"","bundle_min_size":"","bundle_max_size":"","bundle_price":[],"bundled_items":[],"bundle_sell_ids":[],"exclude_global_add_ons":[],"addons":[],"acf":[],"_links":{"self":[{"href":"https:\/\/ptm-mechatronics.com\/pl\/wp-json\/wp\/v2\/product\/13432","targetHints":{"allow":["GET"]}}],"collection":[{"href":"https:\/\/ptm-mechatronics.com\/pl\/wp-json\/wp\/v2\/product"}],"about":[{"href":"https:\/\/ptm-mechatronics.com\/pl\/wp-json\/wp\/v2\/types\/product"}],"replies":[{"embeddable":true,"href":"https:\/\/ptm-mechatronics.com\/pl\/wp-json\/wp\/v2\/comments?post=13432"}],"wp:featuredmedia":[{"embeddable":true,"href":"https:\/\/ptm-mechatronics.com\/pl\/wp-json\/wp\/v2\/media\/15373"}],"wp:attachment":[{"href":"https:\/\/ptm-mechatronics.com\/pl\/wp-json\/wp\/v2\/media?parent=13432"}],"wp:term":[{"taxonomy":"product_brand","embeddable":true,"href":"https:\/\/ptm-mechatronics.com\/pl\/wp-json\/wp\/v2\/product_brand?post=13432"},{"taxonomy":"product_cat","embeddable":true,"href":"https:\/\/ptm-mechatronics.com\/pl\/wp-json\/wp\/v2\/product_cat?post=13432"},{"taxonomy":"product_tag","embeddable":true,"href":"https:\/\/ptm-mechatronics.com\/pl\/wp-json\/wp\/v2\/product_tag?post=13432"}],"curies":[{"name":"wp","href":"https:\/\/api.w.org\/{rel}","templated":true}]}}