{"id":13424,"date":"2025-04-04T09:51:39","date_gmt":"2025-04-04T07:51:39","guid":{"rendered":"https:\/\/ptm-mechatronics.com\/?post_type=product&#038;p=13424"},"modified":"2025-11-07T15:54:39","modified_gmt":"2025-11-07T14:54:39","slug":"wellendichtring-nbr","status":"publish","type":"product","link":"https:\/\/ptm-mechatronics.com\/pl\/product\/wellendichtring-nbr\/","title":{"rendered":"Uszczelnienie wa\u0142u NBR"},"content":{"rendered":"<p class=\"\" data-start=\"208\" data-end=\"309\">Uszczelnienie wa\u0142u NBR do silnik\u00f3w i nap\u0119d\u00f3w pneumatycznych PTM - sprawdzone rozwi\u0105zanie uszczelniaj\u0105ce do konserwacji<\/p>\n<p class=\"\" data-start=\"311\" data-end=\"641\">Uszczelnienie wa\u0142u NBR zosta\u0142o specjalnie zaprojektowane do konserwacji i serwisowania silnik\u00f3w pneumatycznych PTM i nap\u0119d\u00f3w mieszade\u0142. Wykonane z wytrzyma\u0142ej gumy nitrylowej (NBR), zapewnia niezawodne uszczelnienie przed olejami, smarami i innymi nieagresywnymi mediami - idealne do ci\u0105g\u0142ego u\u017cytku przemys\u0142owego.<\/p>\n<p class=\"\" data-start=\"643\" data-end=\"964\">Dzi\u0119ki dobrej odporno\u015bci na \u015bcieranie i odporno\u015bci na temperatur\u0119 do oko\u0142o +100 \u00b0C, uszczelnienie wa\u0142u NBR jest idealne do standardowych zastosowa\u0144 w in\u017cynierii mechanicznej i instalacyjnej. Pomaga zapobiega\u0107 wyciekom, zmniejsza\u0107 zu\u017cycie i trwale wyd\u0142u\u017ca\u0107 \u017cywotno\u015b\u0107 silnik\u00f3w i nap\u0119d\u00f3w PTM.<\/p>\n<p class=\"\" data-start=\"966\" data-end=\"997\">Zalety w skr\u00f3cie:<\/p>\n<ul>\n<li data-start=\"1000\" data-end=\"1034\">Dla silnik\u00f3w\/nap\u0119d\u00f3w PTM<\/li>\n<li data-start=\"1000\" data-end=\"1034\">Wytrzyma\u0142y materia\u0142 NBR<\/li>\n<li data-start=\"1000\" data-end=\"1034\">Odporno\u015b\u0107 na oleje i smary<\/li>\n<li data-start=\"1000\" data-end=\"1034\">Idealny do standardowych zastosowa\u0144<\/li>\n<li data-start=\"1000\" data-end=\"1034\">Do konserwacji i wymiany<\/li>\n<li data-start=\"1000\" data-end=\"1034\">Dobra ochrona przed zu\u017cyciem<\/li>\n<\/ul>","protected":false},"excerpt":{"rendered":"<p>Niezawodne uszczelnienie przed olejami i smarami, idealne do standardowych zastosowa\u0144 przemys\u0142owych.<\/p>","protected":false},"featured_media":15371,"comment_status":"open","ping_status":"closed","template":"","meta":{"_acf_changed":false},"product_brand":[],"product_cat":[2745],"product_tag":[2788,2789,2790,2791,2792,2793,2794,2795,2796,2787],"class_list":{"0":"post-13424","1":"product","2":"type-product","3":"status-publish","4":"has-post-thumbnail","6":"product_cat-ersatzteile","7":"product_tag-dichtung-druckluftmotor","8":"product_tag-ruehrwerksantrieb-dichtung","9":"product_tag-ptm-ersatzteile-kaufen","10":"product_tag-wellendichtung-nbr","11":"product_tag-ptm-wartungsdichtung","12":"product_tag-nitrilkautschuk-dichtungsring","13":"product_tag-ptm-motor-dichtung","14":"product_tag-ruehrwerk-wellendichtring","15":"product_tag-industrie-dichtung-nbr","16":"product_tag-nbr-wellendichtring-ptm","17":"product_shipping_class-karton-paketversand","19":"first","20":"instock","21":"taxable","22":"shipping-taxable","23":"purchasable","24":"product-type-variable"},"bundled_by":[],"bundle_stock_status":"instock","bundle_stock_quantity":null,"bundle_virtual":false,"bundle_layout":"","bundle_add_to_cart_form_location":"","bundle_editable_in_cart":false,"bundle_sold_individually_context":"","bundle_item_grouping":"","bundle_min_size":"","bundle_max_size":"","bundle_price":[],"bundled_items":[],"bundle_sell_ids":[],"exclude_global_add_ons":[],"addons":[],"acf":[],"_links":{"self":[{"href":"https:\/\/ptm-mechatronics.com\/pl\/wp-json\/wp\/v2\/product\/13424","targetHints":{"allow":["GET"]}}],"collection":[{"href":"https:\/\/ptm-mechatronics.com\/pl\/wp-json\/wp\/v2\/product"}],"about":[{"href":"https:\/\/ptm-mechatronics.com\/pl\/wp-json\/wp\/v2\/types\/product"}],"replies":[{"embeddable":true,"href":"https:\/\/ptm-mechatronics.com\/pl\/wp-json\/wp\/v2\/comments?post=13424"}],"wp:featuredmedia":[{"embeddable":true,"href":"https:\/\/ptm-mechatronics.com\/pl\/wp-json\/wp\/v2\/media\/15371"}],"wp:attachment":[{"href":"https:\/\/ptm-mechatronics.com\/pl\/wp-json\/wp\/v2\/media?parent=13424"}],"wp:term":[{"taxonomy":"product_brand","embeddable":true,"href":"https:\/\/ptm-mechatronics.com\/pl\/wp-json\/wp\/v2\/product_brand?post=13424"},{"taxonomy":"product_cat","embeddable":true,"href":"https:\/\/ptm-mechatronics.com\/pl\/wp-json\/wp\/v2\/product_cat?post=13424"},{"taxonomy":"product_tag","embeddable":true,"href":"https:\/\/ptm-mechatronics.com\/pl\/wp-json\/wp\/v2\/product_tag?post=13424"}],"curies":[{"name":"wp","href":"https:\/\/api.w.org\/{rel}","templated":true}]}}