{"id":13393,"date":"2025-04-03T09:53:46","date_gmt":"2025-04-03T07:53:46","guid":{"rendered":"https:\/\/ptm-mechatronics.com\/?post_type=product&#038;p=13393"},"modified":"2025-11-07T15:54:39","modified_gmt":"2025-11-07T14:54:39","slug":"kugellager-serviceset-fuer-ptm-druckluftmotoren-und-antriebe","status":"publish","type":"product","link":"https:\/\/ptm-mechatronics.com\/pl\/product\/kugellager-serviceset-fuer-ptm-druckluftmotoren-und-antriebe\/","title":{"rendered":"Zestaw serwisowy \u0142o\u017cysk kulkowych do silnik\u00f3w pneumatycznych i nap\u0119d\u00f3w PTM"},"content":{"rendered":"<p class=\"\" data-start=\"159\" data-end=\"235\">\u0141o\u017cyska kulkowe do silnik\u00f3w pneumatycznych PTM - precyzyjne, trwa\u0142e, wydajne<\/p>\n<p class=\"\" data-start=\"237\" data-end=\"605\">\u0141o\u017cyska kulkowe do silnik\u00f3w i nap\u0119d\u00f3w pneumatycznych PTM zapewniaj\u0105 p\u0142ynn\u0105 prac\u0119, d\u0142ug\u0105 \u017cywotno\u015b\u0107 i maksymaln\u0105 obci\u0105\u017calno\u015b\u0107 w warunkach przemys\u0142owych. S\u0105 one specjalnie dostosowane do wymaga\u0144 technologii mieszade\u0142 i nap\u0119d\u00f3w PTM oraz zapewniaj\u0105 precyzyjny obr\u00f3t i d\u0142ugotrwa\u0142\u0105, bezawaryjn\u0105 prac\u0119 nap\u0119d\u00f3w spr\u0119\u017conego powietrza.<\/p>\n<p class=\"\" data-start=\"607\" data-end=\"881\">Wykonane z wysokiej jako\u015bci materia\u0142\u00f3w i zoptymalizowane do pracy w wymagaj\u0105cych \u015brodowiskach, \u0142o\u017cyska kulkowe maj\u0105 decyduj\u0105cy wp\u0142yw na wydajno\u015b\u0107 i sprawno\u015b\u0107 nap\u0119du.<\/p>\n<p class=\"\" data-start=\"883\" data-end=\"914\">Zalety w skr\u00f3cie:<\/p>\n<ul>\n<li data-start=\"917\" data-end=\"945\">Idealne dopasowanie do nap\u0119d\u00f3w PTM<\/li>\n<li data-start=\"917\" data-end=\"945\">Wysoka dok\u0142adno\u015b\u0107 pracy<\/li>\n<li data-start=\"917\" data-end=\"945\">Solidna jako\u015b\u0107 przemys\u0142owa<\/li>\n<li data-start=\"917\" data-end=\"945\">D\u0142uga \u017cywotno\u015b\u0107<\/li>\n<li data-start=\"917\" data-end=\"945\">Niskie tarcie podczas pracy<\/li>\n<li data-start=\"917\" data-end=\"945\">Niskie koszty utrzymania<\/li>\n<li data-start=\"917\" data-end=\"945\">Idealny do wymiany lub serwisu<\/li>\n<\/ul>\n<p>Zapoznaj si\u0119 z przegl\u0105dem w sekcji Pobieranie, aby znale\u017a\u0107 odpowiedni zestaw dla swojego modelu.<\/p>","protected":false},"excerpt":{"rendered":"<p>Precyzyjna praca przy niskim tarciu i maksymalna \u017cywotno\u015b\u0107 w ci\u0105g\u0142ym u\u017cytkowaniu przemys\u0142owym - idealna jako wysokiej jako\u015bci cz\u0119\u015b\u0107 zamienna zapewniaj\u0105ca niezawodne dzia\u0142anie.<\/p>","protected":false},"featured_media":15534,"comment_status":"closed","ping_status":"closed","template":"","meta":{"_acf_changed":false},"product_brand":[],"product_cat":[2745],"product_tag":[2774,2775,2776,2767,2768,2769,2770,2771,2772,2773],"class_list":{"0":"post-13393","1":"product","2":"type-product","3":"status-publish","4":"has-post-thumbnail","6":"product_cat-ersatzteile","7":"product_tag-praezisionslager-ptm","8":"product_tag-ersatzteil-ptm-antrieb","9":"product_tag-rillenkugellager-druckluftantrieb","10":"product_tag-kugellager-ptm","11":"product_tag-ptm-antrieb-ersatzteile","12":"product_tag-kugellager-druckluftmotor","13":"product_tag-industrie-kugellager","14":"product_tag-lager-fuer-druckluftmotor","15":"product_tag-ptm-motorlager","16":"product_tag-kugellager-kaufen","17":"product_shipping_class-karton-paketversand","19":"first","20":"instock","21":"taxable","22":"shipping-taxable","23":"purchasable","24":"product-type-variable"},"bundled_by":[],"bundle_stock_status":"instock","bundle_stock_quantity":null,"bundle_virtual":false,"bundle_layout":"","bundle_add_to_cart_form_location":"","bundle_editable_in_cart":false,"bundle_sold_individually_context":"","bundle_item_grouping":"","bundle_min_size":"","bundle_max_size":"","bundle_price":[],"bundled_items":[],"bundle_sell_ids":[],"exclude_global_add_ons":[],"addons":[],"acf":[],"_links":{"self":[{"href":"https:\/\/ptm-mechatronics.com\/pl\/wp-json\/wp\/v2\/product\/13393","targetHints":{"allow":["GET"]}}],"collection":[{"href":"https:\/\/ptm-mechatronics.com\/pl\/wp-json\/wp\/v2\/product"}],"about":[{"href":"https:\/\/ptm-mechatronics.com\/pl\/wp-json\/wp\/v2\/types\/product"}],"replies":[{"embeddable":true,"href":"https:\/\/ptm-mechatronics.com\/pl\/wp-json\/wp\/v2\/comments?post=13393"}],"wp:featuredmedia":[{"embeddable":true,"href":"https:\/\/ptm-mechatronics.com\/pl\/wp-json\/wp\/v2\/media\/15534"}],"wp:attachment":[{"href":"https:\/\/ptm-mechatronics.com\/pl\/wp-json\/wp\/v2\/media?parent=13393"}],"wp:term":[{"taxonomy":"product_brand","embeddable":true,"href":"https:\/\/ptm-mechatronics.com\/pl\/wp-json\/wp\/v2\/product_brand?post=13393"},{"taxonomy":"product_cat","embeddable":true,"href":"https:\/\/ptm-mechatronics.com\/pl\/wp-json\/wp\/v2\/product_cat?post=13393"},{"taxonomy":"product_tag","embeddable":true,"href":"https:\/\/ptm-mechatronics.com\/pl\/wp-json\/wp\/v2\/product_tag?post=13393"}],"curies":[{"name":"wp","href":"https:\/\/api.w.org\/{rel}","templated":true}]}}