{"id":13375,"date":"2025-04-03T08:58:00","date_gmt":"2025-04-03T06:58:00","guid":{"rendered":"https:\/\/ptm-mechatronics.com\/?post_type=product&#038;p=13375"},"modified":"2025-11-07T15:54:39","modified_gmt":"2025-11-07T14:54:39","slug":"dichtung-serviceset-fuer-ptm-druckluftmotoren-und-antriebe","status":"publish","type":"product","link":"https:\/\/ptm-mechatronics.com\/pl\/product\/dichtung-serviceset-fuer-ptm-druckluftmotoren-und-antriebe\/","title":{"rendered":"Zestaw serwisowy uszczelek do silnik\u00f3w pneumatycznych i nap\u0119d\u00f3w PTM"},"content":{"rendered":"<p class=\"\" data-start=\"150\" data-end=\"235\">Zestaw serwisowy uszczelek do silnik\u00f3w pneumatycznych i nap\u0119d\u00f3w PTM - niezawodny, dopasowany, trwa\u0142y<\/p>\n<p class=\"\" data-start=\"237\" data-end=\"651\">Zestaw serwisowy uszczelek do silnik\u00f3w i nap\u0119d\u00f3w pneumatycznych PTM zawiera wszystkie uszczelki niezb\u0119dne do profesjonalnej konserwacji i serwisowania komponent\u00f3w PTM. Precyzyjnie dopasowane uszczelki wykonane z wysokiej jako\u015bci materia\u0142\u00f3w zapewniaj\u0105 niezawodne uszczelnienie, wyd\u0142u\u017caj\u0105 \u017cywotno\u015b\u0107 silnik\u00f3w pneumatycznych i nap\u0119d\u00f3w oraz zapewniaj\u0105 bezawaryjn\u0105 prac\u0119 - nawet w wymagaj\u0105cych warunkach.<\/p>\n<p class=\"\" data-start=\"653\" data-end=\"822\">Zestaw jest precyzyjnie dopasowany do zespo\u0142\u00f3w i modeli technologii nap\u0119du i mieszad\u0142a PTM i jest idealny do planowanych okres\u00f3w mi\u0119dzyobs\u0142ugowych.<\/p>\n<p class=\"\" data-start=\"824\" data-end=\"855\">Zalety w skr\u00f3cie:<\/p>\n<ul data-start=\"856\" data-end=\"1060\">\n<li class=\"\" data-start=\"856\" data-end=\"895\">\n<p class=\"\" data-start=\"858\" data-end=\"895\">Kompatybilno\u015b\u0107 z silnikami i nap\u0119dami pneumatycznymi PTM<\/p>\n<\/li>\n<li class=\"\" data-start=\"896\" data-end=\"921\">\n<p class=\"\" data-start=\"898\" data-end=\"921\">Precyzyjnie dopasowane uszczelki<\/p>\n<\/li>\n<li class=\"\" data-start=\"922\" data-end=\"949\">\n<p class=\"\" data-start=\"924\" data-end=\"949\">Wysokiej jako\u015bci materia\u0142y<\/p>\n<\/li>\n<li class=\"\" data-start=\"950\" data-end=\"972\">\n<p class=\"\" data-start=\"952\" data-end=\"972\">D\u0142ugotrwa\u0142a ochrona<\/p>\n<\/li>\n<li class=\"\" data-start=\"973\" data-end=\"1002\">\n<p class=\"\" data-start=\"975\" data-end=\"1002\">Do konserwacji i napraw<\/p>\n<\/li>\n<li class=\"\" data-start=\"1003\" data-end=\"1032\">\n<p class=\"\" data-start=\"1005\" data-end=\"1032\">Zwi\u0119ksza bezpiecze\u0144stwo pracy<\/p>\n<\/li>\n<li class=\"\" data-start=\"1033\" data-end=\"1060\">\n<p class=\"\" data-start=\"1035\" data-end=\"1060\">Minimalizacja przestoj\u00f3w<\/p>\n<\/li>\n<\/ul>\n<p>Uszczelnienie wa\u0142u nale\u017cy zamawia\u0107 oddzielnie. Niekt\u00f3re zestawy serwisowe s\u0105 przeznaczone dla kilku wariant\u00f3w silnik\u00f3w i nap\u0119d\u00f3w, a zatem mog\u0105 zawiera\u0107 wi\u0119cej uszczelek ni\u017c jest to wymagane dla pojedynczego zastosowania (przyk\u0142adowy obraz produktu).<\/p>","protected":false},"excerpt":{"rendered":"<p>Precyzyjnie dopasowane, wysokiej jako\u015bci uszczelki zapewniaj\u0105 niezawodn\u0105 konserwacj\u0119, wyd\u0142u\u017con\u0105 \u017cywotno\u015b\u0107 i maksymaln\u0105 niezawodno\u015b\u0107 dzia\u0142ania nap\u0119d\u00f3w spr\u0119\u017conego powietrza.<\/p>","protected":false},"featured_media":15533,"comment_status":"closed","ping_status":"closed","template":"","meta":{"_acf_changed":false},"product_brand":[],"product_cat":[2745],"product_tag":[2751,2752,2753,2754,2755,2756,2747,2748,2749,2750],"class_list":{"0":"post-13375","1":"product","2":"type-product","3":"status-publish","4":"has-post-thumbnail","6":"product_cat-ersatzteile","7":"product_tag-ersatzteile-ptm-motor","8":"product_tag-wartungsset-druckluftantrieb","9":"product_tag-dichtungsservice-ptm","10":"product_tag-druckluftmotor-reparieren","11":"product_tag-ptm-ersatzdichtungen","12":"product_tag-industrieantrieb-dichtung","13":"product_tag-dichtungsset-ptm","14":"product_tag-serviceset-druckluftmotor","15":"product_tag-ptm-antrieb-dichtung","16":"product_tag-dichtungssatz-druckluftantrieb","17":"product_shipping_class-karton-paketversand","19":"first","20":"instock","21":"taxable","22":"shipping-taxable","23":"purchasable","24":"product-type-variable"},"bundled_by":[],"bundle_stock_status":"instock","bundle_stock_quantity":null,"bundle_virtual":false,"bundle_layout":"","bundle_add_to_cart_form_location":"","bundle_editable_in_cart":false,"bundle_sold_individually_context":"","bundle_item_grouping":"","bundle_min_size":"","bundle_max_size":"","bundle_price":[],"bundled_items":[],"bundle_sell_ids":[],"exclude_global_add_ons":[],"addons":[],"acf":[],"_links":{"self":[{"href":"https:\/\/ptm-mechatronics.com\/pl\/wp-json\/wp\/v2\/product\/13375","targetHints":{"allow":["GET"]}}],"collection":[{"href":"https:\/\/ptm-mechatronics.com\/pl\/wp-json\/wp\/v2\/product"}],"about":[{"href":"https:\/\/ptm-mechatronics.com\/pl\/wp-json\/wp\/v2\/types\/product"}],"replies":[{"embeddable":true,"href":"https:\/\/ptm-mechatronics.com\/pl\/wp-json\/wp\/v2\/comments?post=13375"}],"wp:featuredmedia":[{"embeddable":true,"href":"https:\/\/ptm-mechatronics.com\/pl\/wp-json\/wp\/v2\/media\/15533"}],"wp:attachment":[{"href":"https:\/\/ptm-mechatronics.com\/pl\/wp-json\/wp\/v2\/media?parent=13375"}],"wp:term":[{"taxonomy":"product_brand","embeddable":true,"href":"https:\/\/ptm-mechatronics.com\/pl\/wp-json\/wp\/v2\/product_brand?post=13375"},{"taxonomy":"product_cat","embeddable":true,"href":"https:\/\/ptm-mechatronics.com\/pl\/wp-json\/wp\/v2\/product_cat?post=13375"},{"taxonomy":"product_tag","embeddable":true,"href":"https:\/\/ptm-mechatronics.com\/pl\/wp-json\/wp\/v2\/product_tag?post=13375"}],"curies":[{"name":"wp","href":"https:\/\/api.w.org\/{rel}","templated":true}]}}