{"id":13335,"date":"2025-03-31T11:08:31","date_gmt":"2025-03-31T09:08:31","guid":{"rendered":"https:\/\/ptm-mechatronics.com\/?post_type=product&#038;p=13335"},"modified":"2026-02-23T13:00:12","modified_gmt":"2026-02-23T12:00:12","slug":"schraegblattmischer-klappbar","status":"publish","type":"product","link":"https:\/\/ptm-mechatronics.com\/pl\/product\/schraegblattmischer-klappbar\/","title":{"rendered":"Pochylony mikser \u0142opatkowy na zawiasach"},"content":{"rendered":"<p class=\"\" data-start=\"136\" data-end=\"226\">Mieszad\u0142o z pochylonymi \u0142opatkami - wydajne mieszanie lepkich medi\u00f3w i wymagaj\u0105cych proces\u00f3w<\/p>\n<p class=\"\" data-start=\"228\" data-end=\"580\">Mieszad\u0142o z pochylonymi \u0142opatkami imponuje swoj\u0105 osiow\u0105 charakterystyk\u0105 przenoszenia z lekko promieniowym komponentem i generuje turbulentny przep\u0142yw, kt\u00f3ry umo\u017cliwia szczeg\u00f3lnie skuteczne mieszanie. Jego solidna konstrukcja sprawia, \u017ce idealnie nadaje si\u0119 do substancji o wysokiej lepko\u015bci i szerokiego zakresu zastosowa\u0144 przemys\u0142owych.<\/p>\n<p class=\"\" data-start=\"582\" data-end=\"773\">Typowe zastosowania obejmuj\u0105 homogenizacj\u0119, dyspergowanie i zawieszanie szerokiej gamy medi\u00f3w - od proces\u00f3w chemicznych po produkcj\u0119 \u017cywno\u015bci i kosmetyk\u00f3w.<\/p>\n<p data-start=\"582\" data-end=\"773\">Podczas obracania mieszad\u0142o sk\u0142adane rozk\u0142ada si\u0119 automatycznie za pomoc\u0105 si\u0142y od\u015brodkowej z \u00d850 mm do \u00d8150 lub 200 mm po z\u0142o\u017ceniu, umo\u017cliwiaj\u0105c w ten spos\u00f3b wydajne mieszanie nawet w przypadku w\u0105skich otwor\u00f3w na pojemniki.<\/p>\n<p class=\"\" data-start=\"775\" data-end=\"806\">Zalety w skr\u00f3cie:<\/p>\n<ul>\n<li data-start=\"809\" data-end=\"846\">Przenoszenie osiowe do lekko promieniowego<\/li>\n<li data-start=\"809\" data-end=\"846\">Przep\u0142yw turbulentny zapewniaj\u0105cy intensywne mieszanie<\/li>\n<li data-start=\"809\" data-end=\"846\">Odpowiedni do lepkich medi\u00f3w<\/li>\n<li data-start=\"809\" data-end=\"846\">Idealny do homogenizacji, dyspergowania i zawieszania<\/li>\n<li data-start=\"809\" data-end=\"846\">Wszechstronny w u\u017cyciu<\/li>\n<li data-start=\"809\" data-end=\"846\">Wysoka niezawodno\u015b\u0107 procesu<\/li>\n<\/ul>","protected":false},"excerpt":{"rendered":"<p>Osiowe (lekko promieniowe) mieszad\u0142o z turbulentnym przep\u0142ywem, idealne do homogenizacji, dyspergowania i zawieszania nawet bardzo lepkich substancji.<\/p>","protected":false},"featured_media":15348,"comment_status":"closed","ping_status":"closed","template":"","meta":{"_acf_changed":false},"product_brand":[],"product_cat":[595,631],"product_tag":[2731,2732,2733,2706,2715,2735,2726,2727,2728,2729,2730],"class_list":{"0":"post-13335","1":"product","2":"type-product","3":"status-publish","4":"has-post-thumbnail","6":"product_cat-ruehrwerkstechnik","7":"product_cat-ruehrorgane","8":"product_tag-industrielles-ruehrwerkzeug","9":"product_tag-turbulente-stroemung","10":"product_tag-mischtechnik-industrie","11":"product_tag-ruehrorgan-kaufen","12":"product_tag-ruehrorgan-axial","13":"product_tag-schragblattmischer","14":"product_tag-schraegblattruehrer","15":"product_tag-ruehrwerk-viskose-medien","16":"product_tag-ruehrtechnik-homogenisieren","17":"product_tag-dispergieren-ruehrwerk","18":"product_tag-suspendieren-mischtechnik","19":"product_shipping_class-karton-paketversand","20":"pa_blatt-4-blaettrig-28x2","21":"pa_blattanstellung-1060","22":"pa_gewicht-03kg","23":"pa_material-v4a-edelstahl-1-4571","24":"pa_oberflaeche-glasperlengestrahlt","25":"pa_schiebenabe-20mm","27":"first","28":"instock","29":"taxable","30":"shipping-taxable","31":"purchasable","32":"product-type-variable"},"bundled_by":[],"bundle_stock_status":"instock","bundle_stock_quantity":null,"bundle_virtual":false,"bundle_layout":"","bundle_add_to_cart_form_location":"","bundle_editable_in_cart":false,"bundle_sold_individually_context":"","bundle_item_grouping":"","bundle_min_size":"","bundle_max_size":"","bundle_price":[],"bundled_items":[],"bundle_sell_ids":[],"exclude_global_add_ons":[],"addons":[],"acf":[],"_links":{"self":[{"href":"https:\/\/ptm-mechatronics.com\/pl\/wp-json\/wp\/v2\/product\/13335","targetHints":{"allow":["GET"]}}],"collection":[{"href":"https:\/\/ptm-mechatronics.com\/pl\/wp-json\/wp\/v2\/product"}],"about":[{"href":"https:\/\/ptm-mechatronics.com\/pl\/wp-json\/wp\/v2\/types\/product"}],"replies":[{"embeddable":true,"href":"https:\/\/ptm-mechatronics.com\/pl\/wp-json\/wp\/v2\/comments?post=13335"}],"wp:featuredmedia":[{"embeddable":true,"href":"https:\/\/ptm-mechatronics.com\/pl\/wp-json\/wp\/v2\/media\/15348"}],"wp:attachment":[{"href":"https:\/\/ptm-mechatronics.com\/pl\/wp-json\/wp\/v2\/media?parent=13335"}],"wp:term":[{"taxonomy":"product_brand","embeddable":true,"href":"https:\/\/ptm-mechatronics.com\/pl\/wp-json\/wp\/v2\/product_brand?post=13335"},{"taxonomy":"product_cat","embeddable":true,"href":"https:\/\/ptm-mechatronics.com\/pl\/wp-json\/wp\/v2\/product_cat?post=13335"},{"taxonomy":"product_tag","embeddable":true,"href":"https:\/\/ptm-mechatronics.com\/pl\/wp-json\/wp\/v2\/product_tag?post=13335"}],"curies":[{"name":"wp","href":"https:\/\/api.w.org\/{rel}","templated":true}]}}