{"id":13312,"date":"2025-03-31T10:12:27","date_gmt":"2025-03-31T08:12:27","guid":{"rendered":"https:\/\/ptm-mechatronics.com\/?post_type=product&#038;p=13312"},"modified":"2025-11-07T15:54:32","modified_gmt":"2025-11-07T14:54:32","slug":"scheibenruehrer","status":"publish","type":"product","link":"https:\/\/ptm-mechatronics.com\/pl\/product\/scheibenruehrer\/","title":{"rendered":"Mieszad\u0142o tarczowe"},"content":{"rendered":"<p class=\"\" data-start=\"123\" data-end=\"202\">Mieszad\u0142o tarczowe - silne \u015bcinanie zapewniaj\u0105ce wydajne gazowanie i emulgowanie<\/p>\n<p class=\"\" data-start=\"204\" data-end=\"491\">Mieszad\u0142o tarczowe to pot\u0119\u017cne, promieniowo przenosz\u0105ce mieszad\u0142o, kt\u00f3re generuje silne si\u0142y \u015bcinaj\u0105ce, szczeg\u00f3lnie w obszarze bezpo\u015bredniego strumienia wylotowego. W\u0142a\u015bciwo\u015bci te sprawiaj\u0105, \u017ce mieszad\u0142o to idealnie nadaje si\u0119 do zastosowa\u0144 zorientowanych na proces i wymagaj\u0105cych du\u017cego nak\u0142adu energii.<\/p>\n<p class=\"\" data-start=\"493\" data-end=\"805\">W praktyce mieszad\u0142o tarczowe jest cz\u0119sto wykorzystywane do napowietrzania cieczy, na przyk\u0142ad w przemy\u015ble chemicznym, biotechnologii lub oczyszczaniu \u015bciek\u00f3w. Imponuje r\u00f3wnie\u017c wysok\u0105 wydajno\u015bci\u0105 i r\u00f3wnomiern\u0105 dyspersj\u0105 podczas emulgowania niemieszaj\u0105cych si\u0119 faz.<\/p>\n<p class=\"\" data-start=\"807\" data-end=\"838\">Zalety w skr\u00f3cie:<\/p>\n<ul>\n<li data-start=\"841\" data-end=\"874\">Zachowanie mieszaj\u0105ce przy przenoszeniu promieniowym<\/li>\n<li data-start=\"841\" data-end=\"874\">Silne si\u0142y \u015bcinaj\u0105ce<\/li>\n<li data-start=\"841\" data-end=\"874\">Idealny do fumigacji<\/li>\n<li data-start=\"841\" data-end=\"874\">Wydajna emulgacja<\/li>\n<li data-start=\"841\" data-end=\"874\">Wszechstronny w u\u017cyciu<\/li>\n<li data-start=\"841\" data-end=\"874\">Jako\u015b\u0107 przemys\u0142owa<\/li>\n<\/ul>","protected":false},"excerpt":{"rendered":"<p>Mieszad\u0142o promieniowe z silnymi si\u0142ami \u015bcinaj\u0105cymi w obszarze wylotu, idealne do proces\u00f3w gazowania i emulgowania r\u00f3\u017cnych faz w zastosowaniach przemys\u0142owych.<\/p>","protected":false},"featured_media":15531,"comment_status":"closed","ping_status":"closed","template":"","meta":{"_acf_changed":false},"product_brand":[],"product_cat":[595,631],"product_tag":[2717,2718,2719,2720,2721,2722,2723,2724,2510],"class_list":{"0":"post-13312","1":"product","2":"type-product","3":"status-publish","4":"has-post-thumbnail","6":"product_cat-ruehrwerkstechnik","7":"product_cat-ruehrorgane","8":"product_tag-ruehrorgan-radial","9":"product_tag-ruehrwerk-begasung","10":"product_tag-emulgieren-ruehrtechnik","11":"product_tag-ruehrorgan-mit-scherkraeften","12":"product_tag-ruehrwerk-emulsion","13":"product_tag-industrie-ruehrtechnik","14":"product_tag-ruehrwerkzeug-kaufen","15":"product_tag-mischtechnik-scherung","16":"product_tag-scheibenruehrer","17":"product_shipping_class-karton-paketversand","18":"pa_material-v4a-edelstahl-1-4404","19":"pa_schiebenabe-20mm","21":"first","22":"instock","23":"taxable","24":"shipping-taxable","25":"purchasable","26":"product-type-variable"},"bundled_by":[],"bundle_stock_status":"instock","bundle_stock_quantity":null,"bundle_virtual":false,"bundle_layout":"","bundle_add_to_cart_form_location":"","bundle_editable_in_cart":false,"bundle_sold_individually_context":"","bundle_item_grouping":"","bundle_min_size":"","bundle_max_size":"","bundle_price":[],"bundled_items":[],"bundle_sell_ids":[],"exclude_global_add_ons":[],"addons":[],"acf":[],"_links":{"self":[{"href":"https:\/\/ptm-mechatronics.com\/pl\/wp-json\/wp\/v2\/product\/13312","targetHints":{"allow":["GET"]}}],"collection":[{"href":"https:\/\/ptm-mechatronics.com\/pl\/wp-json\/wp\/v2\/product"}],"about":[{"href":"https:\/\/ptm-mechatronics.com\/pl\/wp-json\/wp\/v2\/types\/product"}],"replies":[{"embeddable":true,"href":"https:\/\/ptm-mechatronics.com\/pl\/wp-json\/wp\/v2\/comments?post=13312"}],"wp:featuredmedia":[{"embeddable":true,"href":"https:\/\/ptm-mechatronics.com\/pl\/wp-json\/wp\/v2\/media\/15531"}],"wp:attachment":[{"href":"https:\/\/ptm-mechatronics.com\/pl\/wp-json\/wp\/v2\/media?parent=13312"}],"wp:term":[{"taxonomy":"product_brand","embeddable":true,"href":"https:\/\/ptm-mechatronics.com\/pl\/wp-json\/wp\/v2\/product_brand?post=13312"},{"taxonomy":"product_cat","embeddable":true,"href":"https:\/\/ptm-mechatronics.com\/pl\/wp-json\/wp\/v2\/product_cat?post=13312"},{"taxonomy":"product_tag","embeddable":true,"href":"https:\/\/ptm-mechatronics.com\/pl\/wp-json\/wp\/v2\/product_tag?post=13312"}],"curies":[{"name":"wp","href":"https:\/\/api.w.org\/{rel}","templated":true}]}}