{"id":13293,"date":"2025-03-31T09:49:05","date_gmt":"2025-03-31T07:49:05","guid":{"rendered":"https:\/\/ptm-mechatronics.com\/?post_type=product&#038;p=13293"},"modified":"2026-04-14T13:31:19","modified_gmt":"2026-04-14T11:31:19","slug":"becherruehrorgan-eco-cup","status":"publish","type":"product","link":"https:\/\/ptm-mechatronics.com\/pl\/product\/becherruehrorgan-eco-cup\/","title":{"rendered":"Mieszad\u0142o do kubk\u00f3w eco-Cup"},"content":{"rendered":"<h2 data-start=\"102\" data-end=\"193\"><span style=\"font-size: 75%\">Wydajne mieszanie przy minimalnym \u015bcinaniu - mieszad\u0142a kube\u0142kowe do delikatnych proces\u00f3w mieszania<\/span><\/h2>\n<p class=\"\" data-start=\"195\" data-end=\"482\">Nasze wysokiej jako\u015bci mieszad\u0142a do zlewek wykonane z wysokogatunkowej stali nierdzewnej V4A 1.4404 zapewniaj\u0105 delikatne i wydajne mieszanie - nawet przy niskich pr\u0119dko\u015bciach. Ich specjalna konstrukcja sprawia, \u017ce idealnie nadaj\u0105 si\u0119 do wra\u017cliwych medi\u00f3w i delikatnych mieszanek, gdzie wymagane s\u0105 niskie si\u0142y \u015bcinaj\u0105ce.<\/p>\n<p class=\"\" data-start=\"484\" data-end=\"861\">Dzi\u0119ki funkcji mieszad\u0142a wolnoobrotowego, mieszad\u0142a kubkowe generuj\u0105 laminarny przep\u0142yw z osiowym przenoszeniem, co gwarantuje r\u00f3wnomierne mieszanie, kt\u00f3re jest \u0142agodne dla produktu. Sprawia to, \u017ce s\u0105 one idealnym rozwi\u0105zaniem do zastosowa\u0144 w przemy\u015ble farmaceutycznym, spo\u017cywczym i kosmetycznym, a tak\u017ce w innych obszarach, w kt\u00f3rych integralno\u015b\u0107 produktu jest najwy\u017cszym priorytetem.<\/p>\n<p class=\"\" data-start=\"863\" data-end=\"892\">Zalety w skr\u00f3cie:<\/p>\n<ul>\n<li data-start=\"895\" data-end=\"944\">Wydajny efekt mieszania przy niskich pr\u0119dko\u015bciach<\/li>\n<li data-start=\"895\" data-end=\"944\">Szczeg\u00f3lnie nadaje si\u0119 do wra\u017cliwych medi\u00f3w<\/li>\n<li data-start=\"895\" data-end=\"944\">Minimalne \u015bcinanie chroni struktur\u0119 produktu<\/li>\n<li data-start=\"895\" data-end=\"944\">Przep\u0142yw laminarny z osiowym profilem transportowym<\/li>\n<li data-start=\"895\" data-end=\"944\">Idealny do wymagaj\u0105cych proces\u00f3w mieszania we wra\u017cliwych bran\u017cach<\/li>\n<\/ul>","protected":false},"excerpt":{"rendered":"<p>Wydajne i delikatne mieszanie przy niskich pr\u0119dko\u015bciach dzi\u0119ki laminarnemu przep\u0142ywowi z osiowym przenoszeniem - idealne do wra\u017cliwych mieszanek o minimalnym napr\u0119\u017ceniu \u015bcinaj\u0105cym.<\/p>","protected":false},"featured_media":15333,"comment_status":"closed","ping_status":"closed","template":"","meta":{"_acf_changed":false},"product_brand":[],"product_cat":[595,631],"product_tag":[2708,2709,2710,2711,2712,2713,2714,2715,2705,2706,2707],"class_list":{"0":"post-13293","1":"product","2":"type-product","3":"status-publish","4":"has-post-thumbnail","6":"product_cat-ruehrwerkstechnik","7":"product_cat-ruehrorgane","8":"product_tag-mischtechnik-schonend","9":"product_tag-ruehrwerkzeug-sensibel","10":"product_tag-ruehrorgan-niedrige-drehzahl","11":"product_tag-ruehrwerk-pharma","12":"product_tag-ruehrsystem-laminar","13":"product_tag-mischtechnik-geringe-scherung","14":"product_tag-langsamlaeufer-ruehrwerk","15":"product_tag-ruehrorgan-axial","16":"product_tag-becherruehrorgan","17":"product_tag-ruehrorgan-kaufen","18":"product_tag-ruehrtechnik-industrie","19":"product_shipping_class-karton-paketversand","20":"pa_material-v4a-edelstahl-1-4404","22":"first","23":"instock","24":"taxable","25":"shipping-taxable","26":"purchasable","27":"product-type-variable"},"bundled_by":[],"bundle_stock_status":"instock","bundle_stock_quantity":null,"bundle_virtual":false,"bundle_layout":"","bundle_add_to_cart_form_location":"","bundle_editable_in_cart":false,"bundle_sold_individually_context":"","bundle_item_grouping":"","bundle_min_size":"","bundle_max_size":"","bundle_price":[],"bundled_items":[],"bundle_sell_ids":[],"exclude_global_add_ons":[],"addons":[],"acf":[],"_links":{"self":[{"href":"https:\/\/ptm-mechatronics.com\/pl\/wp-json\/wp\/v2\/product\/13293","targetHints":{"allow":["GET"]}}],"collection":[{"href":"https:\/\/ptm-mechatronics.com\/pl\/wp-json\/wp\/v2\/product"}],"about":[{"href":"https:\/\/ptm-mechatronics.com\/pl\/wp-json\/wp\/v2\/types\/product"}],"replies":[{"embeddable":true,"href":"https:\/\/ptm-mechatronics.com\/pl\/wp-json\/wp\/v2\/comments?post=13293"}],"wp:featuredmedia":[{"embeddable":true,"href":"https:\/\/ptm-mechatronics.com\/pl\/wp-json\/wp\/v2\/media\/15333"}],"wp:attachment":[{"href":"https:\/\/ptm-mechatronics.com\/pl\/wp-json\/wp\/v2\/media?parent=13293"}],"wp:term":[{"taxonomy":"product_brand","embeddable":true,"href":"https:\/\/ptm-mechatronics.com\/pl\/wp-json\/wp\/v2\/product_brand?post=13293"},{"taxonomy":"product_cat","embeddable":true,"href":"https:\/\/ptm-mechatronics.com\/pl\/wp-json\/wp\/v2\/product_cat?post=13293"},{"taxonomy":"product_tag","embeddable":true,"href":"https:\/\/ptm-mechatronics.com\/pl\/wp-json\/wp\/v2\/product_tag?post=13293"}],"curies":[{"name":"wp","href":"https:\/\/api.w.org\/{rel}","templated":true}]}}