{"id":13289,"date":"2025-03-28T08:12:18","date_gmt":"2025-03-28T07:12:18","guid":{"rendered":"https:\/\/ptm-mechatronics.com\/?post_type=product&#038;p=13289"},"modified":"2025-11-07T15:54:20","modified_gmt":"2025-11-07T14:54:20","slug":"dissolverscheibe","status":"publish","type":"product","link":"https:\/\/ptm-mechatronics.com\/pl\/product\/dissolverscheibe\/","title":{"rendered":"Dysk rozpuszczaj\u0105cy"},"content":{"rendered":"<p data-start=\"168\" data-end=\"476\">Mieszad\u0142o dissolver jest idealnym rozwi\u0105zaniem dla wymagaj\u0105cych proces\u00f3w mieszania w przemy\u015ble. Dzi\u0119ki specjalnej geometrii i pot\u0119\u017cnym si\u0142om \u015bcinaj\u0105cym zapewnia jednorodne mieszanie szerokiej gamy materia\u0142\u00f3w - od bardzo lepkich cieczy po substancje o konsystencji pasty.<\/p>\n<h3 data-start=\"478\" data-end=\"513\">Cechy i korzy\u015bci:<\/h3>\n<ul data-start=\"514\" data-end=\"1013\">\n<li data-start=\"514\" data-end=\"611\">Wysoki efekt \u015bcinania - szybka i jednolita dyspersja cia\u0142 sta\u0142ych i cieczy<\/li>\n<li data-start=\"612\" data-end=\"683\">Wydajne mieszanie - optymalna jednorodno\u015b\u0107 bez tworzenia si\u0119 grudek<\/li>\n<li data-start=\"684\" data-end=\"779\">Solidna konstrukcja - wysokiej jako\u015bci materia\u0142y zapewniaj\u0105ce d\u0142ug\u0105 \u017cywotno\u015b\u0107 i wysok\u0105 wytrzyma\u0142o\u015b\u0107<\/li>\n<li data-start=\"780\" data-end=\"897\">Wszechstronne zastosowania - nadaje si\u0119 do farb, lakier\u00f3w, klej\u00f3w, kosmetyk\u00f3w, chemikali\u00f3w i wielu innych.<\/li>\n<li data-start=\"898\" data-end=\"1013\">Dostosowanie - dost\u0119pne w r\u00f3\u017cnych \u015brednicach i wersjach dostosowanych do konkretnych wymaga\u0144.<\/li>\n<\/ul>\n<h3 data-start=\"1015\" data-end=\"1040\">Funkcjonalno\u015b\u0107:<\/h3>\n<p data-start=\"1041\" data-end=\"1315\">Dzi\u0119ki du\u017cej pr\u0119dko\u015bci i specjalnie ukszta\u0142towanemu narz\u0119dziu mieszaj\u0105cemu, rozpuszczalnik generuje intensywne turbulencje, kt\u00f3re umo\u017cliwiaj\u0105 szybkie rozbijanie i rozprowadzanie cz\u0105stek. W ten spos\u00f3b powstaj\u0105 szczeg\u00f3lnie drobne dyspersje o optymalnych w\u0142a\u015bciwo\u015bciach przetw\u00f3rczych.<\/p>\n<h3 data-start=\"1317\" data-end=\"1346\">Obszary zastosowa\u0144:<\/h3>\n<ul data-start=\"1347\" data-end=\"1478\">\n<li data-start=\"1347\" data-end=\"1370\">Przemys\u0142 chemiczny<\/li>\n<li data-start=\"1371\" data-end=\"1401\">Produkcja farb i lakier\u00f3w<\/li>\n<li data-start=\"1402\" data-end=\"1443\">Produkcja \u017cywno\u015bci i kosmetyk\u00f3w<\/li>\n<li data-start=\"1444\" data-end=\"1478\">Chemia budowlana i technologia klejenia<\/li>\n<\/ul>\n<p data-start=\"1480\" data-end=\"1623\">Mieszad\u0142o rozpuszczaj\u0105ce to niezawodne, wydajne i ekonomiczne rozwi\u0105zanie do proces\u00f3w mieszania.<\/p>","protected":false},"excerpt":{"rendered":"<p>Mieszad\u0142o Dissolver o du\u017cej sile \u015bcinaj\u0105cej zapewnia skuteczne mieszanie i jednorodn\u0105 dyspersj\u0119.<\/p>","protected":false},"featured_media":15529,"comment_status":"open","ping_status":"closed","template":"","meta":{"_acf_changed":false},"product_brand":[],"product_cat":[1421,595,631],"product_tag":[2503,2504,2505,2495,2506,2496,2507,2497,2508,2498,2509,2499,2500,2501,2502],"class_list":{"0":"post-13289","1":"product","2":"type-product","3":"status-publish","4":"has-post-thumbnail","6":"product_cat-zubehoer-ruehrwerkstechnik","7":"product_cat-ruehrwerkstechnik","8":"product_cat-ruehrorgane","9":"product_tag-ruehrwerkzeug","10":"product_tag-lack-und-farbherstellung","11":"product_tag-chemische-industrie","12":"product_tag-dissolver","13":"product_tag-kosmetikproduktion","14":"product_tag-ruehrorgan","15":"product_tag-bauchemie","16":"product_tag-industriemischer","17":"product_tag-hochviskose-fluessigkeiten","18":"product_tag-hochleistungsmischer","19":"product_tag-effiziente-mischprozesse","20":"product_tag-scherkraefte","21":"product_tag-dispergieren","22":"product_tag-homogene-durchmischung","23":"product_tag-mischtechnik","24":"product_shipping_class-karton-paketversand","25":"pa_material-v4a-edelstahl-1-4571","26":"pa_montage-schiebenabe","28":"first","29":"outofstock","30":"taxable","31":"shipping-taxable","32":"product-type-simple"},"bundled_by":[],"bundle_stock_status":"outofstock","bundle_stock_quantity":null,"bundle_virtual":false,"bundle_layout":"","bundle_add_to_cart_form_location":"","bundle_editable_in_cart":false,"bundle_sold_individually_context":"","bundle_item_grouping":"","bundle_min_size":"","bundle_max_size":"","bundle_price":[],"bundled_items":[],"bundle_sell_ids":[],"exclude_global_add_ons":[],"addons":[],"acf":[],"_links":{"self":[{"href":"https:\/\/ptm-mechatronics.com\/pl\/wp-json\/wp\/v2\/product\/13289","targetHints":{"allow":["GET"]}}],"collection":[{"href":"https:\/\/ptm-mechatronics.com\/pl\/wp-json\/wp\/v2\/product"}],"about":[{"href":"https:\/\/ptm-mechatronics.com\/pl\/wp-json\/wp\/v2\/types\/product"}],"replies":[{"embeddable":true,"href":"https:\/\/ptm-mechatronics.com\/pl\/wp-json\/wp\/v2\/comments?post=13289"}],"wp:featuredmedia":[{"embeddable":true,"href":"https:\/\/ptm-mechatronics.com\/pl\/wp-json\/wp\/v2\/media\/15529"}],"wp:attachment":[{"href":"https:\/\/ptm-mechatronics.com\/pl\/wp-json\/wp\/v2\/media?parent=13289"}],"wp:term":[{"taxonomy":"product_brand","embeddable":true,"href":"https:\/\/ptm-mechatronics.com\/pl\/wp-json\/wp\/v2\/product_brand?post=13289"},{"taxonomy":"product_cat","embeddable":true,"href":"https:\/\/ptm-mechatronics.com\/pl\/wp-json\/wp\/v2\/product_cat?post=13289"},{"taxonomy":"product_tag","embeddable":true,"href":"https:\/\/ptm-mechatronics.com\/pl\/wp-json\/wp\/v2\/product_tag?post=13289"}],"curies":[{"name":"wp","href":"https:\/\/api.w.org\/{rel}","templated":true}]}}