{"id":13183,"date":"2025-03-25T10:36:17","date_gmt":"2025-03-25T09:36:17","guid":{"rendered":"https:\/\/ptm-mechatronics.com\/?post_type=product&#038;p=13183"},"modified":"2025-11-07T15:54:22","modified_gmt":"2025-11-07T14:54:22","slug":"ruehrwerksantrieb-eco-seal-g1-inox-mit-platzsparender-befestigung-und-gewindenabe","status":"publish","type":"product","link":"https:\/\/ptm-mechatronics.com\/pl\/product\/ruehrwerksantrieb-eco-seal-g1-inox-mit-platzsparender-befestigung-und-gewindenabe\/","title":{"rendered":"Nap\u0119d mieszad\u0142a eco-Seal G1\u2033 INOX z kompaktowym mocowaniem i piast\u0105 gwintowan\u0105"},"content":{"rendered":"<h2><span style=\"font-size: 75%;\">Nap\u0119d mieszad\u0142a ATEX do ma\u0142ych zbiornik\u00f3w i zbiornik\u00f3w ci\u015bnieniowych - kompaktowy, wydajny i przeciwwybuchowy<\/span><\/h2>\n<p class=\"\" data-start=\"160\" data-end=\"631\">Energooszcz\u0119dny nap\u0119d mieszad\u0142a z certyfikatem ATEX wykonany z wysokiej jako\u015bci stali nierdzewnej V4A 1.4404 zosta\u0142 opracowany specjalnie do u\u017cytku w ma\u0142ych pojemnikach i zbiornikach ci\u015bnieniowych i oferuje niezawodne rozwi\u0105zanie do zastosowa\u0144 higienicznych, potencjalnie wybuchowych i wymagaj\u0105cych du\u017cej przestrzeni. Dzi\u0119ki innowacyjnemu ko\u0142nierzowi oddzielaj\u0105cemu strefy, mo\u017cliwa jest praca w strefach ATEX 0\/1 - idealna do zastosowa\u0144 w przemy\u015ble chemicznym, spo\u017cywczym lub farmaceutycznym, gdzie wymagane jest maksymalne bezpiecze\u0144stwo i higiena.<\/p>\n<h3 class=\"\" data-start=\"633\" data-end=\"712\"><span style=\"font-size: 75%;\">Oszcz\u0119dno\u015b\u0107 miejsca i wydajno\u015b\u0107 - specjalnie zaprojektowany do ma\u0142ych pojemnik\u00f3w<\/span><\/h3>\n<p class=\"\" data-start=\"713\" data-end=\"987\">Dzi\u0119ki \u015brednicy przy\u0142\u0105cza od 35 do 50 mm si\u0142ownik idealnie pasuje do standardowych otwor\u00f3w zbiornik\u00f3w ci\u015bnieniowych. Dostarczona nakr\u0119tka zabezpieczaj\u0105ca ze stali nierdzewnej umo\u017cliwia prost\u0105 i bezpieczn\u0105 instalacj\u0119 od do\u0142u, nawet w ograniczonych przestrzeniach.<\/p>\n<p class=\"\" data-start=\"989\" data-end=\"1217\">Pomimo kompaktowej konstrukcji, nap\u0119d imponuje wysokim momentem obrotowym i zapewnia jednorodny efekt mieszania, nawet w przypadku medi\u00f3w o wysokiej lepko\u015bci. Aplikacje nadci\u015bnieniowe i pr\u00f3\u017cniowe mog\u0105 by\u0107 r\u00f3wnie\u017c realizowane bez \u017cadnych problem\u00f3w.<\/p>\n<p class=\"\" data-start=\"1219\" data-end=\"1510\">Jego czysto mechaniczna konstrukcja zapewnia ekstremaln\u0105 wytrzyma\u0142o\u015b\u0107, jest \u0142atwa w utrzymaniu i gwarantuje d\u0142ug\u0105 \u017cywotno\u015b\u0107. Cicha i zajmuj\u0105ca niewiele miejsca konstrukcja sprawia, \u017ce jest to idealne rozwi\u0105zanie do kompaktowych, higienicznych proces\u00f3w mieszania w wymagaj\u0105cych warunkach.<\/p>\n<h3 class=\"\" data-start=\"1517\" data-end=\"1551\">Zalety w skr\u00f3cie<\/h3>\n<ul>\n<li data-start=\"1554\" data-end=\"1585\">Odpowiedni dla stref ATEX 0\/1<\/li>\n<li data-start=\"1554\" data-end=\"1585\">Kompatybilny z ma\u0142ymi pojemnikami (przy\u0142\u0105cze 35-50 mm)<\/li>\n<li data-start=\"1554\" data-end=\"1585\">Wykonana z wysokiej jako\u015bci stali nierdzewnej V4A 1.4404<\/li>\n<li data-start=\"1554\" data-end=\"1585\">Najwy\u017csze wymagania higieniczne<\/li>\n<li data-start=\"1554\" data-end=\"1585\">Wysoki moment obrotowy dla medi\u00f3w o wysokiej lepko\u015bci<\/li>\n<li data-start=\"1554\" data-end=\"1585\">Dla ci\u015bnienia dodatniego i ujemnego<\/li>\n<li data-start=\"1554\" data-end=\"1585\">Niski poziom ha\u0142asu, oszcz\u0119dno\u015b\u0107 miejsca, wytrzyma\u0142o\u015b\u0107<\/li>\n<\/ul>","protected":false},"excerpt":{"rendered":"<p>Energooszcz\u0119dny nap\u0119d mieszad\u0142a z certyfikatem ATEX wykonany z wysokiej jako\u015bci stali nierdzewnej V4A 1.4404 do ma\u0142ych zbiornik\u00f3w i zbiornik\u00f3w ci\u015bnieniowych - kompaktowa konstrukcja, wysoki moment obrotowy, odpowiedni do stref ATEX 0\/1, w tym nakr\u0119tka zabezpieczaj\u0105ca u\u0142atwiaj\u0105ca monta\u017c.<\/p>","protected":false},"featured_media":15525,"comment_status":"open","ping_status":"closed","template":"","meta":{"_acf_changed":false},"product_brand":[],"product_cat":[595,632],"product_tag":[2675,2687,2665,2676,2688,2666,2677,2667,2678,2668,2679,2669,2680,2670,2682,2671,2683,2672,2684,2673,2685,2674,2686],"class_list":{"0":"post-13183","1":"product","2":"type-product","3":"status-publish","4":"has-post-thumbnail","6":"product_cat-ruehrwerkstechnik","7":"product_cat-ruehrwerksantriebe","8":"product_tag-platzsparender-edelstahl-ruehrwerksmotor","9":"product_tag-sterilisierbarer-ruehrantrieb-1-4404","10":"product_tag-atex-ruehrwerksantrieb-v4a","11":"product_tag-geraeuscharmer-ruehrantrieb-v4a","12":"product_tag-reinraum-ruehrwerksmotor-din-14644","13":"product_tag-hygienischer-ruehrwerksmotor-edelstahl-1-4404","14":"product_tag-unterdruck-ruehrwerksmotor-edelstahl","15":"product_tag-ruehrwerksmotor-kleinbehaelter-edelstahl","16":"product_tag-ueberdruck-ruehrwerk-1-4404","17":"product_tag-ruehrwerksantrieb-drucktank-v4a","18":"product_tag-hygienischer-ruehrwerksantrieb-edelstahl","19":"product_tag-kompakter-ruehrwerksmotor-edelstahl","20":"product_tag-ruehrwerksantrieb-mit-kontermutter-v4a","21":"product_tag-explosionsgeschuetzter-ruehrwerksantrieb-1-4404","22":"product_tag-ruehrmotor-druckbehaelter-hygienisch","23":"product_tag-ruehrwerk-zone-0-edelstahl","24":"product_tag-kleiner-atex-ruehrantrieb-v4a","25":"product_tag-zonentrennflansch-ruehrantrieb-hygienisch","26":"product_tag-langlebiger-edelstahl-ruehrwerksmotor","27":"product_tag-v4a-edelstahl-ruehrwerksantrieb","28":"product_tag-ruehrwerksmotor-pharmaindustrie-edelstahl","29":"product_tag-ruehrwerk-fuer-hochviskose-medien-v4a","30":"product_tag-lebensmittelkonformer-ruehrwerksantrieb-v4a","31":"product_shipping_class-karton-paketversand","32":"pa_antriebsart-pneumatisch","33":"pa_antriebswelle-ptm-gewindenabe-m12","34":"pa_atex-zone-0-1","35":"pa_dichtung-ptfe","36":"pa_drehzahl-0-300-1-min","37":"pa_ex-gas-ex-ii-1-2-g-ex-h-iic-t5-ga-gb","38":"pa_ex-staub-ex-ii-1-2-d-ex-h-iiic-t100c-da-db","39":"pa_geraeuschpegel-75db","40":"pa_labs-oel-und-silikonfrei","41":"pa_material-gehaeuse-v4a-edelstahl-1-4404-elektropoliert","42":"pa_model-eco-seal-atex-zone-0-1-edelstahl","43":"pa_schutzart-ip67","44":"pa_steckverschraubung-abluft-schlauch-o10mm","45":"pa_steckverschraubung-zuluft-schlauch-o6mm","46":"pa_versorgung-5-6bar","48":"first","49":"instock","50":"taxable","51":"shipping-taxable","52":"purchasable","53":"product-type-variable"},"bundled_by":[],"bundle_stock_status":"instock","bundle_stock_quantity":null,"bundle_virtual":false,"bundle_layout":"","bundle_add_to_cart_form_location":"","bundle_editable_in_cart":false,"bundle_sold_individually_context":"","bundle_item_grouping":"","bundle_min_size":"","bundle_max_size":"","bundle_price":[],"bundled_items":[],"bundle_sell_ids":[],"exclude_global_add_ons":[],"addons":[],"acf":[],"_links":{"self":[{"href":"https:\/\/ptm-mechatronics.com\/pl\/wp-json\/wp\/v2\/product\/13183","targetHints":{"allow":["GET"]}}],"collection":[{"href":"https:\/\/ptm-mechatronics.com\/pl\/wp-json\/wp\/v2\/product"}],"about":[{"href":"https:\/\/ptm-mechatronics.com\/pl\/wp-json\/wp\/v2\/types\/product"}],"replies":[{"embeddable":true,"href":"https:\/\/ptm-mechatronics.com\/pl\/wp-json\/wp\/v2\/comments?post=13183"}],"wp:featuredmedia":[{"embeddable":true,"href":"https:\/\/ptm-mechatronics.com\/pl\/wp-json\/wp\/v2\/media\/15525"}],"wp:attachment":[{"href":"https:\/\/ptm-mechatronics.com\/pl\/wp-json\/wp\/v2\/media?parent=13183"}],"wp:term":[{"taxonomy":"product_brand","embeddable":true,"href":"https:\/\/ptm-mechatronics.com\/pl\/wp-json\/wp\/v2\/product_brand?post=13183"},{"taxonomy":"product_cat","embeddable":true,"href":"https:\/\/ptm-mechatronics.com\/pl\/wp-json\/wp\/v2\/product_cat?post=13183"},{"taxonomy":"product_tag","embeddable":true,"href":"https:\/\/ptm-mechatronics.com\/pl\/wp-json\/wp\/v2\/product_tag?post=13183"}],"curies":[{"name":"wp","href":"https:\/\/api.w.org\/{rel}","templated":true}]}}