{"id":13148,"date":"2025-03-24T11:43:05","date_gmt":"2025-03-24T10:43:05","guid":{"rendered":"https:\/\/ptm-mechatronics.com\/?post_type=product&#038;p=13148"},"modified":"2026-05-04T10:32:57","modified_gmt":"2026-05-04T08:32:57","slug":"ruehrwerksantrieb-eco-seal-inox-atex-zone-0-1-mit-gewindenabe","status":"publish","type":"product","link":"https:\/\/ptm-mechatronics.com\/pl\/product\/ruehrwerksantrieb-eco-seal-inox-atex-zone-0-1-mit-gewindenabe\/","title":{"rendered":"Nap\u0119d mieszad\u0142a eco-Seal INOX, strefa ATEX 0\/1, z piast\u0105 gwintowan\u0105"},"content":{"rendered":"<p><span style=\"font-size: 105%;\">Nap\u0119d mieszad\u0142a ATEX wykonany ze stali nierdzewnej V4A - odpowiedni do pomieszcze\u0144 czystych, przemys\u0142u spo\u017cywczego i farmaceutycznego, strefa 0\/1<\/span><\/p>\n<p class=\"\" data-start=\"194\" data-end=\"618\">Energooszcz\u0119dny nap\u0119d mieszad\u0142a z certyfikatem ATEX zosta\u0142 opracowany specjalnie z my\u015bl\u0105 o wymagaj\u0105cych przemys\u0142owych procesach mieszania we wra\u017cliwych higienicznie i zagro\u017conych wybuchem obszarach. Dzi\u0119ki schematowi wiercenia PTM nap\u0119d mo\u017cna szybko i \u0142atwo zintegrowa\u0107 z istniej\u0105cymi systemami. Dzi\u0119ki zintegrowanemu ko\u0142nierzowi oddzielaj\u0105cemu strefy, praca w strefach ATEX 0\/1 jest niezawodna i bezpieczna.<\/p>\n<p class=\"\" data-start=\"620\" data-end=\"1032\">Dzi\u0119ki wysokiemu momentowi obrotowemu nap\u0119d zapewnia jednorodne, homogeniczne mieszanie nawet w przypadku medi\u00f3w o wysokiej lepko\u015bci. System z \u0142atwo\u015bci\u0105 radzi sobie r\u00f3wnie\u017c z aplikacjami w warunkach nadci\u015bnienia lub podci\u015bnienia. Kompaktowa, cicha konstrukcja oszcz\u0119dza miejsce i poprawia \u015brodowisko pracy, a czysto mechaniczna konstrukcja zapewnia maksymaln\u0105 wytrzyma\u0142o\u015b\u0107 i brak konieczno\u015bci konserwacji.<\/p>\n<p class=\"\" data-start=\"1034\" data-end=\"1090\">Si\u0142ownik jest wykonany ze stali nierdzewnej V4A 1.4404:<\/p>\n<ul>\n<li data-start=\"1093\" data-end=\"1131\">Zgodno\u015b\u0107 z wymaganiami bran\u017cy farmaceutycznej i spo\u017cywczej,<\/li>\n<li data-start=\"1093\" data-end=\"1131\">odporno\u015b\u0107 na kwasy i chemikalia,<\/li>\n<li data-start=\"1093\" data-end=\"1131\">sterylizowalne i<\/li>\n<li data-start=\"1093\" data-end=\"1131\">Wodoodporno\u015b\u0107 IP67.<\/li>\n<\/ul>\n<p class=\"\" data-start=\"1225\" data-end=\"1652\">Powierzchnia jest elektropolerowana, aby zminimalizowa\u0107 przyczepno\u015b\u0107 zarazk\u00f3w i umo\u017cliwi\u0107 \u0142atwe czyszczenie. Innowacyjna konstrukcja z mi\u0119kkimi kraw\u0119dziami zapobiega zabrudzeniom naro\u017cnik\u00f3w i podci\u0119\u0107, a tym samym spe\u0142nia najwy\u017csze wymagania w zakresie technologii pomieszcze\u0144 czystych (sklasyfikowane zgodnie z norm\u0105 DIN 14644). W celu zapewnienia trwa\u0142ej higieny etykiety s\u0105 grawerowane laserowo zamiast konwencjonalnych naklejek.<\/p>\n<p class=\"\" data-start=\"1654\" data-end=\"1899\">Ten nap\u0119d mieszad\u0142a jest idealnym rozwi\u0105zaniem dla bran\u017c o najwy\u017cszych wymaganiach w zakresie bezpiecze\u0144stwa, higieny i wydajno\u015bci - np. w przemy\u015ble farmaceutycznym, produkcji \u017cywno\u015bci, produkcji kosmetyk\u00f3w lub in\u017cynierii proces\u00f3w chemicznych.<\/p>","protected":false},"excerpt":{"rendered":"<p>Energooszcz\u0119dny nap\u0119d mieszad\u0142a z certyfikatem ATEX wykonany z elektropolerowanej stali nierdzewnej V4A - higieniczny, wytrzyma\u0142y, cichy i idealny do medi\u00f3w o wysokiej lepko\u015bci, a tak\u017ce do zastosowa\u0144 w pomieszczeniach czystych i strefach Ex.<\/p>","protected":false},"featured_media":15518,"comment_status":"open","ping_status":"closed","template":"","meta":{"_acf_changed":false},"product_brand":[],"product_cat":[595,632],"product_tag":[2641,2642,2626,2643,2633,2644,2634,2645,2635,2646,2636,2647,2637,2648,2638,2649,2576,2639,2609,2640],"class_list":{"0":"post-13148","1":"product","2":"type-product","3":"status-publish","4":"has-post-thumbnail","6":"product_cat-ruehrwerkstechnik","7":"product_cat-ruehrwerksantriebe","8":"product_tag-ip68-ruehrwerksmotor","9":"product_tag-sterilisierbarer-ruehrantrieb","10":"product_tag-platzsparender-ruehrwerksmotor","11":"product_tag-chemikalienbestaendiger-antrieb","12":"product_tag-atex-ruehrwerksantrieb","13":"product_tag-elektropolierter-edelstahlmotor","14":"product_tag-explosionsgeschuetzter-antrieb","15":"product_tag-hygienischer-ruehrwerksantrieb","16":"product_tag-ruehrwerksmotor-zone-0","17":"product_tag-soft-edge-design-antrieb","18":"product_tag-zonentrennflansch-ruehrwerk","19":"product_tag-din-14644-ruehrwerk","20":"product_tag-ruehrwerk-fuer-hochviskose-medien","21":"product_tag-wartungsarmer-antrieb","22":"product_tag-v4a-edelstahl-ruehrwerksmotor","23":"product_tag-geraeuscharmer-ruehrantrieb","24":"product_tag-energieeffizienter-ruehrwerksmotor","25":"product_tag-lebensmittelkonformer-ruehrwerksantrieb","26":"product_tag-ruehrwerksmotor-fuer-reinraeume","27":"product_tag-pharma-ruehrwerk","28":"product_shipping_class-karton-paketversand","29":"pa_antriebsart-pneumatisch","30":"pa_antriebswelle-eco-seal-1800-3600-m16","31":"pa_antriebswelle-eco-seal-450-900-m12","32":"pa_atex-zone-0-1","33":"pa_dichtung-ptfe-fda-konform","34":"pa_durchmesser-108mm","35":"pa_ex-gas-ex-ii-1-2-g-ex-h-iic-t5-ga-gb","36":"pa_ex-staub-ex-ii-1-2-d-ex-h-iiic-t100c-da-db","37":"pa_geraeuschpegel-75db","38":"pa_labs-oel-und-silikonfrei","39":"pa_material-gehaeuse-v4a-edelstahl-1-4404-elektropoliert","40":"pa_model-eco-seal-atex-zone-0-1-edelstahl","41":"pa_reinraumklassifizierung-iso1-nach-din14644","42":"pa_schutzart-ip67","43":"pa_steckverschraubung-abluft-schlauch-o10mm","44":"pa_steckverschraubung-zuluft-schlauch-o6mm","45":"pa_versorgung-5-6bar","47":"first","48":"instock","49":"taxable","50":"shipping-taxable","51":"purchasable","52":"product-type-variable"},"bundled_by":[],"bundle_stock_status":"instock","bundle_stock_quantity":null,"bundle_virtual":false,"bundle_layout":"","bundle_add_to_cart_form_location":"","bundle_editable_in_cart":false,"bundle_sold_individually_context":"","bundle_item_grouping":"","bundle_min_size":"","bundle_max_size":"","bundle_price":[],"bundled_items":[],"bundle_sell_ids":[],"exclude_global_add_ons":[],"addons":[],"acf":[],"_links":{"self":[{"href":"https:\/\/ptm-mechatronics.com\/pl\/wp-json\/wp\/v2\/product\/13148","targetHints":{"allow":["GET"]}}],"collection":[{"href":"https:\/\/ptm-mechatronics.com\/pl\/wp-json\/wp\/v2\/product"}],"about":[{"href":"https:\/\/ptm-mechatronics.com\/pl\/wp-json\/wp\/v2\/types\/product"}],"replies":[{"embeddable":true,"href":"https:\/\/ptm-mechatronics.com\/pl\/wp-json\/wp\/v2\/comments?post=13148"}],"wp:featuredmedia":[{"embeddable":true,"href":"https:\/\/ptm-mechatronics.com\/pl\/wp-json\/wp\/v2\/media\/15518"}],"wp:attachment":[{"href":"https:\/\/ptm-mechatronics.com\/pl\/wp-json\/wp\/v2\/media?parent=13148"}],"wp:term":[{"taxonomy":"product_brand","embeddable":true,"href":"https:\/\/ptm-mechatronics.com\/pl\/wp-json\/wp\/v2\/product_brand?post=13148"},{"taxonomy":"product_cat","embeddable":true,"href":"https:\/\/ptm-mechatronics.com\/pl\/wp-json\/wp\/v2\/product_cat?post=13148"},{"taxonomy":"product_tag","embeddable":true,"href":"https:\/\/ptm-mechatronics.com\/pl\/wp-json\/wp\/v2\/product_tag?post=13148"}],"curies":[{"name":"wp","href":"https:\/\/api.w.org\/{rel}","templated":true}]}}