{"id":13123,"date":"2025-03-20T10:04:30","date_gmt":"2025-03-20T09:04:30","guid":{"rendered":"https:\/\/ptm-mechatronics.com\/?post_type=product&#038;p=13123"},"modified":"2026-05-04T10:36:46","modified_gmt":"2026-05-04T08:36:46","slug":"ruehrwerksantrieb-eco-seal-atex-zone-0-1-mit-gewindenabe","status":"publish","type":"product","link":"https:\/\/ptm-mechatronics.com\/pl\/product\/ruehrwerksantrieb-eco-seal-atex-zone-0-1-mit-gewindenabe\/","title":{"rendered":"Nap\u0119d mieszad\u0142a eco-Seal, strefa ATEX 0\/1, z piast\u0105 gwintowan\u0105"},"content":{"rendered":"<h3 data-start=\"0\" data-end=\"106\">Energooszcz\u0119dny nap\u0119d mieszad\u0142a z certyfikatem ATEX - wydajny, bezpieczny i zr\u00f3wnowa\u017cony<\/h3>\n<p data-start=\"108\" data-end=\"475\">Energooszcz\u0119dny nap\u0119d mieszad\u0142a z certyfikatem ATEX zosta\u0142 opracowany specjalnie do u\u017cytku w strefach zagro\u017conych wybuchem i mo\u017ce by\u0107 \u0142atwo i bezpo\u015brednio instalowany dzi\u0119ki schematowi wiercenia PTM. Dzi\u0119ki zintegrowanemu ko\u0142nierzowi oddzielaj\u0105cemu strefy, zosta\u0142 zaprojektowany do bezpiecznej pracy w strefach ATEX 0\/1 i spe\u0142nia najwy\u017csze standardy bezpiecze\u0144stwa.<\/p>\n<p data-start=\"477\" data-end=\"953\">Dzi\u0119ki wysokiemu momentowi obrotowemu nap\u0119d zapewnia jednorodny efekt mieszania, nawet w przypadku medi\u00f3w o wysokiej lepko\u015bci. Mo\u017ce by\u0107 r\u00f3wnie\u017c stosowany w aplikacjach nadci\u015bnieniowych i podci\u015bnieniowych, co czyni go szczeg\u00f3lnie wszechstronnym. Jego cicha i zajmuj\u0105ca niewiele miejsca konstrukcja zapewnia optymaln\u0105 integracj\u0119 z istniej\u0105cymi systemami, a czysto mechaniczna konstrukcja zapewnia wyj\u0105tkow\u0105 wytrzyma\u0142o\u015b\u0107, trwa\u0142o\u015b\u0107 i niskie koszty konserwacji.<\/p>\n<p data-start=\"955\" data-end=\"1102\">Jego wysoka wydajno\u015b\u0107 energetyczna zmniejsza zu\u017cycie energii, optymalizuje dzia\u0142anie i przyczynia si\u0119 do zr\u00f3wnowa\u017conego rozwoju proces\u00f3w produkcyjnych.<\/p>\n<h3 data-start=\"1104\" data-end=\"1139\">Cechy i korzy\u015bci:<\/h3>\n<ul>\n<li data-start=\"1140\" data-end=\"1713\">Certyfikat ATEX dla stref 0\/1 - maksymalne bezpiecze\u0144stwo w \u015brodowiskach zagro\u017conych wybuchem<\/li>\n<li data-start=\"1140\" data-end=\"1713\">Energooszcz\u0119dny i wydajny - Wysoka wydajno\u015b\u0107 dla zoptymalizowanych proces\u00f3w i zmniejszonego zu\u017cycia energii<\/li>\n<li data-start=\"1140\" data-end=\"1713\">Wysoki moment obrotowy - doskona\u0142e rezultaty nawet w przypadku medi\u00f3w o wysokiej lepko\u015bci<\/li>\n<li data-start=\"1140\" data-end=\"1713\">Aplikacje z dodatnim i ujemnym ci\u015bnieniem - Wszechstronne zastosowanie dla r\u00f3\u017cnych wymaga\u0144 procesowych<\/li>\n<li data-start=\"1140\" data-end=\"1713\">Oszcz\u0119dno\u015b\u0107 miejsca i niski poziom ha\u0142asu - Kompaktowa konstrukcja u\u0142atwiaj\u0105ca integracj\u0119<\/li>\n<li data-start=\"1140\" data-end=\"1713\">Niezwykle wytrzyma\u0142a i niewymagaj\u0105ca konserwacji - czysto mechaniczna konstrukcja zapewniaj\u0105ca maksymaln\u0105 niezawodno\u015b\u0107<\/li>\n<\/ul>\n<p data-start=\"1715\" data-end=\"1892\">Ten wysokiej jako\u015bci, energooszcz\u0119dny nap\u0119d mieszad\u0142a ATEX jest idealnym rozwi\u0105zaniem do zastosowa\u0144 przemys\u0142owych wymagaj\u0105cych wydajno\u015bci, bezpiecze\u0144stwa i zr\u00f3wnowa\u017conego rozwoju.<\/p>","protected":false},"excerpt":{"rendered":"<p>Mocny, wydajny nap\u0119d mieszad\u0142a z ko\u0142nierzem oddzielaj\u0105cym strefy dla stref ATEX 0\/1 dla \u0142atwej instalacji w istniej\u0105cych systemach<\/p>","protected":false},"featured_media":15514,"comment_status":"open","ping_status":"closed","template":"","meta":{"_acf_changed":false},"product_brand":[],"product_cat":[595,632],"product_tag":[2600,2623,2624,2625,2626,2627,2575,2628,2576,2629,2581,2630,2585,2620,2631,2588,2621,2632,2599,2622],"class_list":{"0":"post-13123","1":"product","2":"type-product","3":"status-publish","4":"has-post-thumbnail","6":"product_cat-ruehrwerkstechnik","7":"product_cat-ruehrwerksantriebe","8":"product_tag-ruehrwerksmotor-fuer-hochviskose-medien","9":"product_tag-ruehrwerksmotor-mit-optimiertem-energieverbrauch","10":"product_tag-industrieller-ruehrwerksantrieb","11":"product_tag-robuster-ruehrwerksmotor","12":"product_tag-platzsparender-ruehrwerksmotor","13":"product_tag-ruehrwerksmotor-fuer-explosionsgefaehrdete-bereiche","14":"product_tag-atex-zertifizierter-ruehrwerksantrieb","15":"product_tag-ptm-bohrbild-ruehrwerksantrieb","16":"product_tag-energieeffizienter-ruehrwerksmotor","17":"product_tag-ruehrwerksmotor-fuer-ueber-und-unterdruckanwendungen","18":"product_tag-geraeuscharmer-ruehrwerksantrieb","19":"product_tag-wartungsarmer-ruehrwerksmotor","20":"product_tag-langlebiger-ruehrwerksmotor","21":"product_tag-ruehrwerksantrieb-fuer-zone-0-1","22":"product_tag-zuverlaessiger-ruehrwerksmotor-fuer-industrieanwendungen","23":"product_tag-leistungsstarker-ruehrwerksantrieb","24":"product_tag-atex-ruehrwerksmotor-mit-zonentrennflansch","25":"product_tag-nachhaltiger-antrieb-fuer-ruehrwerke","26":"product_tag-explosionsgeschuetzter-ruehrwerksmotor","27":"product_tag-nachhaltiger-ruehrwerksmotor","28":"product_shipping_class-karton-paketversand","29":"pa_antriebsart-pneumatisch","30":"pa_antriebswelle-eco-seal-450-900-m12","31":"pa_antriebswelle-eco-seal-1800-3600-m16","32":"pa_atex-zone-0-1","33":"pa_dichtung-ptfe","34":"pa_durchmesser-108mm","35":"pa_ex-gas-ex-ii-1-2-g-ex-h-iic-t5-ga-gb","36":"pa_ex-staub-ex-ii-1-2-d-ex-h-iiic-t100c-da-db","37":"pa_geraeuschpegel-75db","38":"pa_labs-oel-und-silikonfrei","39":"pa_material-gehaeuse-aluminium-eloxiert","40":"pa_model-eco-seal-atex-zone-0-1","41":"pa_schutzart-ip67","42":"pa_steckverschraubung-abluft-eco-seal-1800-3600-schlauch-o12mm","43":"pa_steckverschraubung-abluft-eco-seal-450-900-schlauch-o10mm","44":"pa_steckverschraubung-zuluft-eco-seal-450-900-schlauch-o6mm","45":"pa_steckverschraubung-zuluft-eco-seal-1800-3600-schlauch-o8mm","46":"pa_versorgung-5-6bar","48":"first","49":"instock","50":"taxable","51":"shipping-taxable","52":"purchasable","53":"product-type-variable"},"bundled_by":[],"bundle_stock_status":"instock","bundle_stock_quantity":null,"bundle_virtual":false,"bundle_layout":"","bundle_add_to_cart_form_location":"","bundle_editable_in_cart":false,"bundle_sold_individually_context":"","bundle_item_grouping":"","bundle_min_size":"","bundle_max_size":"","bundle_price":[],"bundled_items":[],"bundle_sell_ids":[],"exclude_global_add_ons":[],"addons":[],"acf":[],"_links":{"self":[{"href":"https:\/\/ptm-mechatronics.com\/pl\/wp-json\/wp\/v2\/product\/13123","targetHints":{"allow":["GET"]}}],"collection":[{"href":"https:\/\/ptm-mechatronics.com\/pl\/wp-json\/wp\/v2\/product"}],"about":[{"href":"https:\/\/ptm-mechatronics.com\/pl\/wp-json\/wp\/v2\/types\/product"}],"replies":[{"embeddable":true,"href":"https:\/\/ptm-mechatronics.com\/pl\/wp-json\/wp\/v2\/comments?post=13123"}],"wp:featuredmedia":[{"embeddable":true,"href":"https:\/\/ptm-mechatronics.com\/pl\/wp-json\/wp\/v2\/media\/15514"}],"wp:attachment":[{"href":"https:\/\/ptm-mechatronics.com\/pl\/wp-json\/wp\/v2\/media?parent=13123"}],"wp:term":[{"taxonomy":"product_brand","embeddable":true,"href":"https:\/\/ptm-mechatronics.com\/pl\/wp-json\/wp\/v2\/product_brand?post=13123"},{"taxonomy":"product_cat","embeddable":true,"href":"https:\/\/ptm-mechatronics.com\/pl\/wp-json\/wp\/v2\/product_cat?post=13123"},{"taxonomy":"product_tag","embeddable":true,"href":"https:\/\/ptm-mechatronics.com\/pl\/wp-json\/wp\/v2\/product_tag?post=13123"}],"curies":[{"name":"wp","href":"https:\/\/api.w.org\/{rel}","templated":true}]}}