{"id":13105,"date":"2025-03-20T08:11:35","date_gmt":"2025-03-20T07:11:35","guid":{"rendered":"https:\/\/ptm-mechatronics.com\/?post_type=product&#038;p=13105"},"modified":"2025-11-07T15:53:57","modified_gmt":"2025-11-07T14:53:57","slug":"ruehrwerksantrieb-eco-drive-inox-mit-gewindenabe","status":"publish","type":"product","link":"https:\/\/ptm-mechatronics.com\/pl\/product\/ruehrwerksantrieb-eco-drive-inox-mit-gewindenabe\/","title":{"rendered":"Nap\u0119d mieszad\u0142a eco-Drive INOX, ATEX Strefa 1, z piast\u0105 gwintowan\u0105"},"content":{"rendered":"<h3 data-start=\"0\" data-end=\"96\">Nap\u0119d mieszad\u0142a z certyfikatem ATEX - higieniczny, wydajny i energooszcz\u0119dny<\/h3>\n<p data-start=\"98\" data-end=\"479\">Energooszcz\u0119dny nap\u0119d mieszad\u0142a z certyfikatem ATEX zosta\u0142 opracowany specjalnie z my\u015bl\u0105 o wymagaj\u0105cych procesach mieszania, homogenizacji i mieszania w \u015brodowiskach wra\u017cliwych pod wzgl\u0119dem higieny. Dzi\u0119ki wysokiemu momentowi obrotowemu nap\u0119d zapewnia jednorodne mieszanie, nawet w przypadku medi\u00f3w o wysokiej lepko\u015bci i w ekstremalnych warunkach.<\/p>\n<p data-start=\"481\" data-end=\"749\">Uk\u0142ad otwor\u00f3w PTM pozwala na bezpo\u015bredni monta\u017c nap\u0119du, a jego cicha i zajmuj\u0105ca niewiele miejsca konstrukcja umo\u017cliwia elastyczn\u0105 integracj\u0119 z istniej\u0105cymi systemami. Jego czysto mechaniczna konstrukcja sprawia, \u017ce jest niezwykle wytrzyma\u0142y i \u0142atwy w utrzymaniu.<\/p>\n<p data-start=\"751\" data-end=\"883\">Wykonany z wysokiej jako\u015bci stali nierdzewnej V4A 1.4404 nap\u0119d mieszad\u0142a spe\u0142nia najwy\u017csze standardy higieny i bezpiecze\u0144stwa:<\/p>\n<ul>\n<li data-start=\"885\" data-end=\"1535\">Zgodno\u015b\u0107 z wymaganiami przemys\u0142u farmaceutycznego i spo\u017cywczego - idealne do zastosowa\u0144 spo\u017cywczych, farmaceutycznych i w pomieszczeniach czystych<\/li>\n<li data-start=\"885\" data-end=\"1535\">Odporno\u015b\u0107 na kwasy i chemikalia - Odporno\u015b\u0107 na agresywne media<\/li>\n<li data-start=\"885\" data-end=\"1535\">Mo\u017cliwo\u015b\u0107 sterylizacji i wodoodporno\u015b\u0107 IP67 - dla maksymalnej higieny i trwa\u0142o\u015bci<\/li>\n<li data-start=\"885\" data-end=\"1535\">Pomieszczenia czyste sklasyfikowane zgodnie z norm\u0105 DIN 14644 - dla najwy\u017cszych wymaga\u0144 czysto\u015bci<\/li>\n<li data-start=\"885\" data-end=\"1535\">Konstrukcja z mi\u0119kkimi kraw\u0119dziami - bez brudnych naro\u017cnik\u00f3w i podci\u0119\u0107 dla optymalnego czyszczenia<\/li>\n<li data-start=\"885\" data-end=\"1535\">Elektropolerowana powierzchnia - minimalizuje przywieranie zarazk\u00f3w i u\u0142atwia czyszczenie<\/li>\n<li data-start=\"885\" data-end=\"1535\">Higieniczne grawerowanie laserowe zamiast naklejek - odporne na \u015bcieranie i trwa\u0142e, idealne do sterylnych \u015brodowisk<\/li>\n<\/ul>\n<p data-start=\"1537\" data-end=\"1717\">Ten nap\u0119d mieszad\u0142a jest idealnym rozwi\u0105zaniem dla ka\u017cdego, kto poszukuje wysokowydajnej, higienicznej i trwa\u0142ej technologii mieszania do zastosowa\u0144 o krytycznym znaczeniu dla higieny.<\/p>","protected":false},"excerpt":{"rendered":"<p>Nap\u0119d mieszad\u0142a z certyfikatem ATEX - wydajne, energooszcz\u0119dne i niewymagaj\u0105ce konserwacji rozwi\u0105zanie do przemys\u0142owych proces\u00f3w mieszania, idealne do medi\u00f3w o wysokiej lepko\u015bci i potencjalnie wybuchowej atmosferze.<\/p>","protected":false},"featured_media":15509,"comment_status":"open","ping_status":"closed","template":"","meta":{"_acf_changed":false},"product_brand":[],"product_cat":[595,632],"product_tag":[2604,2594,2605,2595,2606,2596,2607,2597,2608,2598,2609,2599,2610,2600,2611,2575,2601,2612,2576,2602,2585,2603],"class_list":{"0":"post-13105","1":"product","2":"type-product","3":"status-publish","4":"has-post-thumbnail","6":"product_cat-ruehrwerkstechnik","7":"product_cat-ruehrwerksantriebe","8":"product_tag-chemikalienbestaendiger-ruehrwerksmotor","9":"product_tag-hygienischer-ruehrwerksmotor","10":"product_tag-ip68-wasserdichter-ruehrwerksmotor","11":"product_tag-ruehrwerksmotor-aus-v4a-edelstahl","12":"product_tag-sterilisierbarer-ruehrwerksmotor","13":"product_tag-elektropolierter-edelstahl-ruehrwerksmotor","14":"product_tag-vibrationsarmer-ruehrwerksantrieb","15":"product_tag-reinraum-ruehrwerksmotor-iso-1","16":"product_tag-soft-edge-design-ruehrwerksmotor","17":"product_tag-din-14644-ruehrwerksantrieb","18":"product_tag-ruehrwerksmotor-fuer-reinraeume","19":"product_tag-explosionsgeschuetzter-ruehrwerksmotor","20":"product_tag-hygienische-lasergravur-ruehrwerksmotor","21":"product_tag-ruehrwerksmotor-fuer-hochviskose-medien","22":"product_tag-edelstahl-ruehrwerksantrieb-fuer-reinraum","23":"product_tag-atex-zertifizierter-ruehrwerksantrieb","24":"product_tag-ruehrwerksmotor-fuer-lebensmittelindustrie","25":"product_tag-hygienischer-antrieb-fuer-pharmaindustrie","26":"product_tag-energieeffizienter-ruehrwerksmotor","27":"product_tag-ruehrwerksmotor-fuer-pharmaindustrie","28":"product_tag-langlebiger-ruehrwerksmotor","29":"product_tag-saeurebestaendiger-ruehrwerksmotor","30":"product_shipping_class-karton-paketversand","31":"pa_antriebsart-pneumatisch","32":"pa_antriebswelle-eco-drive-1800-3600-m16","33":"pa_antriebswelle-eco-drive-450-900-m12","34":"pa_atex-zone-122122","35":"pa_dichtung-ptfe-fda-konform","36":"pa_durchmesser-eco-drive-450-900-108mm","37":"pa_durchmesser-eco-drive-1800-3600-169mm","38":"pa_ex-gas-ex-ii-2-g-ex-h-iic-t5-gb-x","39":"pa_ex-staub-ex-ii-2-d-ex-h-iiic-t100c-db-x","40":"pa_geraeuschpegel-75db","41":"pa_labs-oel-und-silikonfrei","42":"pa_material-gehaeuse-v4a-edelstahl-1-4404-elektropoliert","43":"pa_model-eco-drive-atex-zone-1-edelstahl","44":"pa_reinraumklassifizierung-iso1-nach-din14644","45":"pa_schutzart-ip67","46":"pa_steckverschraubung-abluft-eco-drive-450-900-schlauch-o10mm","47":"pa_steckverschraubung-abluft-eco-drive-1800-3600-schlauch-o12mm","48":"pa_steckverschraubung-zuluft-eco-drive-450-900-schlauch-o6mm","49":"pa_steckverschraubung-zuluft-eco-drive-1800-3600-schlauch-o8mm","50":"pa_versorgung-5-6bar","52":"first","53":"instock","54":"taxable","55":"shipping-taxable","56":"purchasable","57":"product-type-variable"},"bundled_by":[],"bundle_stock_status":"instock","bundle_stock_quantity":null,"bundle_virtual":false,"bundle_layout":"","bundle_add_to_cart_form_location":"","bundle_editable_in_cart":false,"bundle_sold_individually_context":"","bundle_item_grouping":"","bundle_min_size":"","bundle_max_size":"","bundle_price":[],"bundled_items":[],"bundle_sell_ids":[],"exclude_global_add_ons":[],"addons":[],"acf":[],"_links":{"self":[{"href":"https:\/\/ptm-mechatronics.com\/pl\/wp-json\/wp\/v2\/product\/13105","targetHints":{"allow":["GET"]}}],"collection":[{"href":"https:\/\/ptm-mechatronics.com\/pl\/wp-json\/wp\/v2\/product"}],"about":[{"href":"https:\/\/ptm-mechatronics.com\/pl\/wp-json\/wp\/v2\/types\/product"}],"replies":[{"embeddable":true,"href":"https:\/\/ptm-mechatronics.com\/pl\/wp-json\/wp\/v2\/comments?post=13105"}],"wp:featuredmedia":[{"embeddable":true,"href":"https:\/\/ptm-mechatronics.com\/pl\/wp-json\/wp\/v2\/media\/15509"}],"wp:attachment":[{"href":"https:\/\/ptm-mechatronics.com\/pl\/wp-json\/wp\/v2\/media?parent=13105"}],"wp:term":[{"taxonomy":"product_brand","embeddable":true,"href":"https:\/\/ptm-mechatronics.com\/pl\/wp-json\/wp\/v2\/product_brand?post=13105"},{"taxonomy":"product_cat","embeddable":true,"href":"https:\/\/ptm-mechatronics.com\/pl\/wp-json\/wp\/v2\/product_cat?post=13105"},{"taxonomy":"product_tag","embeddable":true,"href":"https:\/\/ptm-mechatronics.com\/pl\/wp-json\/wp\/v2\/product_tag?post=13105"}],"curies":[{"name":"wp","href":"https:\/\/api.w.org\/{rel}","templated":true}]}}