{"id":13091,"date":"2025-03-19T12:16:46","date_gmt":"2025-03-19T11:16:46","guid":{"rendered":"https:\/\/ptm-mechatronics.com\/?post_type=product&#038;p=13091"},"modified":"2025-11-07T15:53:57","modified_gmt":"2025-11-07T14:53:57","slug":"ruehrwerksantrieb-eco-drive-inox-atex-zone-1-mit-schnellwechselsystem-2","status":"publish","type":"product","link":"https:\/\/ptm-mechatronics.com\/pl\/product\/ruehrwerksantrieb-eco-drive-inox-atex-zone-1-mit-schnellwechselsystem-2\/","title":{"rendered":"Nap\u0119d mieszad\u0142a eco-Drive, ATEX Strefa 1, z systemem szybkiej wymiany"},"content":{"rendered":"<h3 data-start=\"63\" data-end=\"155\">Nap\u0119d mieszad\u0142a z certyfikatem ATEX - mocny, energooszcz\u0119dny i wytrzyma\u0142y<\/h3>\n<p data-start=\"157\" data-end=\"396\">Energooszcz\u0119dny nap\u0119d mieszad\u0142a imponuje wysok\u0105 wydajno\u015bci\u0105 i wszechstronno\u015bci\u0105. Dzi\u0119ki certyfikacji ATEX idealnie nadaje si\u0119 do u\u017cytku w strefach zagro\u017conych wybuchem i zapewnia maksymalne bezpiecze\u0144stwo.<\/p>\n<ul>\n<li data-start=\"398\" data-end=\"1252\">Bezpo\u015bredni monta\u017c: Nap\u0119d mo\u017cna \u0142atwo zamontowa\u0107 za pomoc\u0105 wzoru wiercenia PTM, co umo\u017cliwia szybk\u0105 i \u0142atw\u0105 integracj\u0119 z istniej\u0105cymi systemami mieszade\u0142.<\/li>\n<li data-start=\"398\" data-end=\"1252\">Szybka wymiana wa\u0142u mieszad\u0142a: Dzi\u0119ki systemowi szybkiej wymiany eco-Quick mo\u017cna wymieni\u0107 mieszad\u0142o w kilka sekund jednym ruchem.<\/li>\n<li data-start=\"398\" data-end=\"1252\">Wysoka sprawno\u015b\u0107 i wydajno\u015b\u0107: Dzi\u0119ki wysokiemu momentowi obrotowemu nap\u0119d mieszad\u0142a zapewnia jednorodne mieszanie, nawet w przypadku medi\u00f3w o wysokiej lepko\u015bci.<\/li>\n<li data-start=\"398\" data-end=\"1252\">Oszcz\u0119dno\u015b\u0107 miejsca i niski poziom ha\u0142asu: Kompaktowa konstrukcja umo\u017cliwia instalacj\u0119 na niewielkiej przestrzeni, a cicha praca zapewnia przyjemne \u015brodowisko pracy.<\/li>\n<li data-start=\"398\" data-end=\"1252\">Wyj\u0105tkowa wytrzyma\u0142o\u015b\u0107: czysto mechaniczna konstrukcja sprawia, \u017ce nap\u0119d jest wyj\u0105tkowo wytrzyma\u0142y, \u0142atwy w utrzymaniu i trwa\u0142y.<\/li>\n<\/ul>\n<p data-start=\"1254\" data-end=\"1418\">Ten pot\u0119\u017cny nap\u0119d mieszad\u0142a jest idealnym wyborem do zastosowa\u0144 przemys\u0142owych, w kt\u00f3rych wydajno\u015b\u0107, bezpiecze\u0144stwo i trwa\u0142o\u015b\u0107 s\u0105 najwa\u017cniejsze.<\/p>","protected":false},"excerpt":{"rendered":"<p>Nap\u0119d mieszad\u0142a z certyfikatem ATEX - wydajne, energooszcz\u0119dne i niewymagaj\u0105ce konserwacji rozwi\u0105zanie do przemys\u0142owych proces\u00f3w mieszania, idealne do medi\u00f3w o wysokiej lepko\u015bci i w strefach zagro\u017conych wybuchem. Z systemem szybkiej wymiany wa\u0142\u00f3w mieszad\u0142a.<\/p>","protected":false},"featured_media":15507,"comment_status":"open","ping_status":"closed","template":"","meta":{"_acf_changed":false},"product_brand":[],"product_cat":[595,632],"product_tag":[2585,2575,2586,2576,2587,2577,2588,2578,2589,2579,2590,2580,2591,2581,2592,2582,2583,2584],"class_list":{"0":"post-13091","1":"product","2":"type-product","3":"status-publish","4":"has-post-thumbnail","6":"product_cat-ruehrwerkstechnik","7":"product_cat-ruehrwerksantriebe","8":"product_tag-langlebiger-ruehrwerksmotor","9":"product_tag-atex-zertifizierter-ruehrwerksantrieb","10":"product_tag-ruehrwerksantrieb-fuer-mischprozesse","11":"product_tag-energieeffizienter-ruehrwerksmotor","12":"product_tag-sicherer-ruehrwerksmotor","13":"product_tag-ruehrwerksantrieb-fuer-hochviskose-medien","14":"product_tag-leistungsstarker-ruehrwerksantrieb","15":"product_tag-explosionsgeschuetzter-ruehrantrieb","16":"product_tag-vibrationsarmer-ruehrantrieb","17":"product_tag-ruehrantrieb-mit-hohem-drehmoment","18":"product_tag-ruehrwerksmotor-fuer-chemische-industrie","19":"product_tag-robuster-und-wartungsarmer-ruehrwerksmotor","20":"product_tag-atex-konformer-ruehrwerksmotor","21":"product_tag-geraeuscharmer-ruehrwerksantrieb","22":"product_tag-praeziser-ruehrwerksantrieb","23":"product_tag-ruehrwerksmotor-fuer-industrieanwendungen","24":"product_tag-effizienter-ruehrwerksantrieb","25":"product_tag-industrieller-ruehrantrieb","26":"product_shipping_class-karton-paketversand","27":"pa_antriebsart-pneumatisch","28":"pa_antriebswelle-eco-drive-450-900-eco-quick-v2","29":"pa_antriebswelle-eco-drive-450-900-eco-quick-v3","30":"pa_atex-zone-122122","31":"pa_dichtung-ptfe","32":"pa_durchmesser-eco-drive-450-900-108mm","33":"pa_durchmesser-eco-drive-1800-3600-169mm","34":"pa_ex-gas-ex-ii-2-g-ex-h-iic-t5-gb-x","35":"pa_ex-staub-ex-ii-2-d-ex-h-iiic-t100c-db-x","36":"pa_geraeuschpegel-75db","37":"pa_labs-oel-und-silikonfrei","38":"pa_material-gehaeuse-aluminium-eloxiert","39":"pa_model-eco-drive-atex-zone-1","40":"pa_schutzart-ip67","41":"pa_steckverschraubung-abluft-eco-drive-450-900-schlauch-o10mm","42":"pa_steckverschraubung-abluft-eco-drive-1800-3600-schlauch-o12mm","43":"pa_steckverschraubung-zuluft-eco-drive-450-900-schlauch-o6mm","44":"pa_steckverschraubung-zuluft-eco-drive-1800-3600-schlauch-o8mm","45":"pa_versorgung-5-6bar","47":"first","48":"instock","49":"taxable","50":"shipping-taxable","51":"purchasable","52":"product-type-variable"},"bundled_by":[],"bundle_stock_status":"instock","bundle_stock_quantity":null,"bundle_virtual":false,"bundle_layout":"","bundle_add_to_cart_form_location":"","bundle_editable_in_cart":false,"bundle_sold_individually_context":"","bundle_item_grouping":"","bundle_min_size":"","bundle_max_size":"","bundle_price":[],"bundled_items":[],"bundle_sell_ids":[],"exclude_global_add_ons":[],"addons":[],"acf":[],"_links":{"self":[{"href":"https:\/\/ptm-mechatronics.com\/pl\/wp-json\/wp\/v2\/product\/13091","targetHints":{"allow":["GET"]}}],"collection":[{"href":"https:\/\/ptm-mechatronics.com\/pl\/wp-json\/wp\/v2\/product"}],"about":[{"href":"https:\/\/ptm-mechatronics.com\/pl\/wp-json\/wp\/v2\/types\/product"}],"replies":[{"embeddable":true,"href":"https:\/\/ptm-mechatronics.com\/pl\/wp-json\/wp\/v2\/comments?post=13091"}],"wp:featuredmedia":[{"embeddable":true,"href":"https:\/\/ptm-mechatronics.com\/pl\/wp-json\/wp\/v2\/media\/15507"}],"wp:attachment":[{"href":"https:\/\/ptm-mechatronics.com\/pl\/wp-json\/wp\/v2\/media?parent=13091"}],"wp:term":[{"taxonomy":"product_brand","embeddable":true,"href":"https:\/\/ptm-mechatronics.com\/pl\/wp-json\/wp\/v2\/product_brand?post=13091"},{"taxonomy":"product_cat","embeddable":true,"href":"https:\/\/ptm-mechatronics.com\/pl\/wp-json\/wp\/v2\/product_cat?post=13091"},{"taxonomy":"product_tag","embeddable":true,"href":"https:\/\/ptm-mechatronics.com\/pl\/wp-json\/wp\/v2\/product_tag?post=13091"}],"curies":[{"name":"wp","href":"https:\/\/api.w.org\/{rel}","templated":true}]}}