{"id":13047,"date":"2025-02-25T08:42:33","date_gmt":"2025-02-25T07:42:33","guid":{"rendered":"https:\/\/ptm-mechatronics.com\/?post_type=product&#038;p=13047"},"modified":"2025-11-07T15:53:40","modified_gmt":"2025-11-07T14:53:40","slug":"scheibenruehrer-mit-ruehrwelle","status":"publish","type":"product","link":"https:\/\/ptm-mechatronics.com\/pl\/product\/scheibenruehrer-mit-ruehrwelle\/","title":{"rendered":"Mieszad\u0142o tarczowe z wa\u0142em mieszaj\u0105cym"},"content":{"rendered":"<p data-start=\"76\" data-end=\"467\">Mieszad\u0142o tarczowe to wydajne urz\u0105dzenie mieszaj\u0105ce, kt\u00f3re idealnie nadaje si\u0119 do dyspergowania, homogenizacji i emulgowania cieczy i cia\u0142 sta\u0142ych. Dzi\u0119ki specjalnej geometrii mieszad\u0142o generuje du\u017ce si\u0142y \u015bcinaj\u0105ce i zapewnia r\u00f3wnomierne mieszanie w przemy\u015ble chemicznym, produkcji farb i lakier\u00f3w, a tak\u017ce w produkcji \u017cywno\u015bci i kosmetyk\u00f3w.<\/p>\n<h3 data-start=\"469\" data-end=\"504\">Cechy i korzy\u015bci:<\/h3>\n<ul data-start=\"505\" data-end=\"958\">\n<li data-start=\"505\" data-end=\"591\">Wysoki efekt \u015bcinania dla optymalnego rozdrabniania i rozprowadzania cz\u0105stek<\/li>\n<li data-start=\"592\" data-end=\"666\">Wydajne mieszanie cieczy i past o wysokiej lepko\u015bci<\/li>\n<li data-start=\"667\" data-end=\"764\">Solidna konstrukcja wykonana z wysokiej jako\u015bci stali nierdzewnej zapewnia trwa\u0142o\u015b\u0107 i odporno\u015b\u0107 na korozj\u0119<\/li>\n<li data-start=\"765\" data-end=\"857\">Wszechstronne zastosowanie w przemy\u015ble chemicznym, farmaceutycznym i kosmetycznym<\/li>\n<li data-start=\"858\" data-end=\"958\">Mo\u017cliwo\u015b\u0107 dostosowania - r\u00f3\u017cne \u015brednice i materia\u0142y do konkretnych zastosowa\u0144<\/li>\n<\/ul>\n<h3 data-start=\"960\" data-end=\"985\">Funkcjonalno\u015b\u0107:<\/h3>\n<p data-start=\"986\" data-end=\"1264\">Dzi\u0119ki obracaj\u0105cej si\u0119 tarczy mieszad\u0142o tarczowe generuje intensywne turbulencje, kt\u00f3re skutecznie rozpraszaj\u0105 cia\u0142a sta\u0142e i jednorodnie mieszaj\u0105 ciecze. W ten spos\u00f3b powstaj\u0105 niezwykle drobne emulsje i jednolite dyspersje, kt\u00f3re oferuj\u0105 optymalne w\u0142a\u015bciwo\u015bci przetw\u00f3rcze.<\/p>\n<h3 data-start=\"1266\" data-end=\"1295\">Obszary zastosowa\u0144:<\/h3>\n<ul data-start=\"1296\" data-end=\"1447\">\n<li data-start=\"1296\" data-end=\"1325\">Przemys\u0142 farb i lakier\u00f3w<\/li>\n<li data-start=\"1326\" data-end=\"1370\">Produkcja chemiczna i farmaceutyczna<\/li>\n<li data-start=\"1371\" data-end=\"1412\">Kosmetyki i produkcja \u017cywno\u015bci<\/li>\n<li data-start=\"1413\" data-end=\"1447\">Chemia budowlana i technologia klejenia<\/li>\n<\/ul>\n<p data-start=\"1449\" data-end=\"1569\">Mieszad\u0142o tarczowe zapewnia maksymaln\u0105 wydajno\u015b\u0107 i niezmiennie wysok\u0105 jako\u015b\u0107 proces\u00f3w mieszania.<\/p>","protected":false},"excerpt":{"rendered":"<p>Mieszad\u0142o tarczowe z wysokimi si\u0142ami \u015bcinaj\u0105cymi do skutecznej dyspersji, homogenizacji i emulgowania.<\/p>","protected":false},"featured_media":15496,"comment_status":"open","ping_status":"closed","template":"","meta":{"_acf_changed":false},"product_brand":[],"product_cat":[595,596,1421],"product_tag":[2511,2512,2496,2513,2497,2514,2498,2515,2499,2516,2500,2517,2502,2505,2507,2510],"class_list":{"0":"post-13047","1":"product","2":"type-product","3":"status-publish","4":"has-post-thumbnail","6":"product_cat-ruehrwerkstechnik","7":"product_cat-laborruehrer","8":"product_cat-zubehoer-ruehrwerkstechnik","9":"product_tag-ruehrwerk","10":"product_tag-homogenisieren","11":"product_tag-ruehrorgan","12":"product_tag-emulgieren","13":"product_tag-industriemischer","14":"product_tag-farben-und-lackherstellung","15":"product_tag-hochleistungsmischer","16":"product_tag-lebensmittelproduktion","17":"product_tag-scherkraefte","18":"product_tag-kosmetikherstellung","19":"product_tag-dispergieren","20":"product_tag-edelstahl-ruehrwerk","21":"product_tag-mischtechnik","22":"product_tag-chemische-industrie","23":"product_tag-bauchemie","24":"product_tag-scheibenruehrer","25":"product_shipping_class-karton-paketversand","26":"pa_material-v4a-edelstahl-1-4404","28":"first","29":"outofstock","30":"taxable","31":"shipping-taxable","32":"product-type-simple"},"bundled_by":[],"bundle_stock_status":"outofstock","bundle_stock_quantity":null,"bundle_virtual":false,"bundle_layout":"","bundle_add_to_cart_form_location":"","bundle_editable_in_cart":false,"bundle_sold_individually_context":"","bundle_item_grouping":"","bundle_min_size":"","bundle_max_size":"","bundle_price":[],"bundled_items":[],"bundle_sell_ids":[],"exclude_global_add_ons":[],"addons":[],"acf":[],"_links":{"self":[{"href":"https:\/\/ptm-mechatronics.com\/pl\/wp-json\/wp\/v2\/product\/13047","targetHints":{"allow":["GET"]}}],"collection":[{"href":"https:\/\/ptm-mechatronics.com\/pl\/wp-json\/wp\/v2\/product"}],"about":[{"href":"https:\/\/ptm-mechatronics.com\/pl\/wp-json\/wp\/v2\/types\/product"}],"replies":[{"embeddable":true,"href":"https:\/\/ptm-mechatronics.com\/pl\/wp-json\/wp\/v2\/comments?post=13047"}],"wp:featuredmedia":[{"embeddable":true,"href":"https:\/\/ptm-mechatronics.com\/pl\/wp-json\/wp\/v2\/media\/15496"}],"wp:attachment":[{"href":"https:\/\/ptm-mechatronics.com\/pl\/wp-json\/wp\/v2\/media?parent=13047"}],"wp:term":[{"taxonomy":"product_brand","embeddable":true,"href":"https:\/\/ptm-mechatronics.com\/pl\/wp-json\/wp\/v2\/product_brand?post=13047"},{"taxonomy":"product_cat","embeddable":true,"href":"https:\/\/ptm-mechatronics.com\/pl\/wp-json\/wp\/v2\/product_cat?post=13047"},{"taxonomy":"product_tag","embeddable":true,"href":"https:\/\/ptm-mechatronics.com\/pl\/wp-json\/wp\/v2\/product_tag?post=13047"}],"curies":[{"name":"wp","href":"https:\/\/api.w.org\/{rel}","templated":true}]}}