{"id":12810,"date":"2025-01-22T08:51:12","date_gmt":"2025-01-22T07:51:12","guid":{"rendered":"https:\/\/ptm-mechatronics.com\/?post_type=product&#038;p=12810"},"modified":"2026-03-09T11:20:49","modified_gmt":"2026-03-09T10:20:49","slug":"druckluftmotor-inox-pmo450-mit-anschlussblock","status":"publish","type":"product","link":"https:\/\/ptm-mechatronics.com\/pl\/product\/druckluftmotor-inox-pmo450-mit-anschlussblock\/","title":{"rendered":"Silnik pneumatyczny INOX, PMO450 z blokiem przy\u0142\u0105czeniowym"},"content":{"rendered":"<h1><span style=\"font-size: 90%;\">Silniki pneumatyczne PTM - wydajne, trwa\u0142e i wszechstronne rozwi\u0105zania nap\u0119dowe<\/span><\/h1>\n<p>Silniki pneumatyczne PTM zapewniaj\u0105 maksymaln\u0105 sprawno\u015b\u0107 i wyj\u0105tkow\u0105 wydajno\u015b\u0107 w zastosowaniach przemys\u0142owych. Dzi\u0119ki solidnej, czysto mechanicznej konstrukcji i innowacyjnej technologii t\u0142oka promieniowego, stanowi\u0105 one niezawodne rozwi\u0105zanie do nap\u0119d\u00f3w w maszynach i systemach, a tak\u017ce do precyzyjnych ruch\u00f3w obrotowych i wahad\u0142owych. Zintegrowany blok zacisk\u00f3w zapewnia d\u0142u\u017csz\u0105 \u017cywotno\u015b\u0107 produktu w przypadku zastosowa\u0144 w jednym kierunku obrotu (z piast\u0105 skierowan\u0105 w lewo).<\/p>\n<h4>Wa\u017cne cechy silnik\u00f3w pneumatycznych PTM<\/h4>\n<ul>\n<li>Wydajna technologia: zasada dzia\u0142ania t\u0142oka promieniowego zapewnia maksymaln\u0105 wydajno\u015b\u0107 i minimalne zu\u017cycie powietrza.<\/li>\n<li>Wysoki ud\u017awig: Mo\u017cliwo\u015b\u0107 obracania zgodnie z ruchem wskaz\u00f3wek zegara i przeciwnie do ruchu wskaz\u00f3wek zegara, mo\u017ce by\u0107 \u0142adowany do zatrzymania.<\/li>\n<li>Kompaktowa konstrukcja: \u0141atwa integracja, nawet tam, gdzie przestrze\u0144 jest ograniczona.<\/li>\n<li>Op\u0142acalno\u015b\u0107: Nowoczesna, energooszcz\u0119dna alternatywa dla konwencjonalnych silnik\u00f3w \u0142opatkowych.<\/li>\n<\/ul>\n<h3>Model INOX - specjalnie do wymagaj\u0105cych zastosowa\u0144<\/h3>\n<p>Model INOX jest wersj\u0105 premium dla \u015brodowisk o surowych wymaganiach w zakresie bezpiecze\u0144stwa i higieny:<\/p>\n<ul>\n<li>Certyfikat ATEX: Ochrona przeciwwybuchowa dla stref 1, 2, 21 i 22.<\/li>\n<li>Zgodno\u015b\u0107 z przepisami dotycz\u0105cymi \u017cywno\u015bci i farmaceutyk\u00f3w: Odpowiedni dla bran\u017c o najwy\u017cszych wymaganiach higienicznych.<\/li>\n<li>Klasa czysto\u015bci ISO1: Idealna do pomieszcze\u0144 czystych zgodnie z norm\u0105 DIN 14644.<\/li>\n<li>Wodoodporny i wytrzyma\u0142y: Stopie\u0144 ochrony IP67, odporno\u015b\u0107 na kwasy i chemikalia.<\/li>\n<\/ul>\n<h4>Dlaczego warto wybra\u0107 silniki pneumatyczne PTM?<\/h4>\n<p>Silniki pneumatyczne PTM zapewniaj\u0105 wydajne, trwa\u0142e i energooszcz\u0119dne rozwi\u0105zania, kt\u00f3re obni\u017caj\u0105 koszty i zwi\u0119kszaj\u0105 produktywno\u015b\u0107. Model INOX jest szczeg\u00f3lnie imponuj\u0105cy w sektorach takich jak produkcja \u017cywno\u015bci, przemys\u0142 farmaceutyczny i inne zastosowania o krytycznym znaczeniu dla higieny.<\/p>","protected":false},"excerpt":{"rendered":"<p>Mocny, energooszcz\u0119dny i o minimalnym zu\u017cyciu powietrza. Oferuje wysok\u0105 wydajno\u015b\u0107 i wysoki moment obrotowy. Posiada certyfikat ATEX, jest zgodna z przepisami dotycz\u0105cymi \u017cywno\u015bci i farmaceutyk\u00f3w, nadaje si\u0119 do pomieszcze\u0144 czystych klasy ISO1, jest wodoodporna zgodnie z IP67 oraz odporna na kwasy i chemikalia. Idealne rozwi\u0105zanie do wymagaj\u0105cych zastosowa\u0144 o najwy\u017cszych wymaganiach w zakresie higieny i wydajno\u015bci. Wyposa\u017cone w blok przy\u0142\u0105czeniowy zapewniaj\u0105cy d\u0142ug\u0105 prac\u0119 w jednym kierunku obrot\u00f3w.<\/p>","protected":false},"featured_media":15382,"comment_status":"open","ping_status":"closed","template":"","meta":{"_acf_changed":false},"product_brand":[],"product_cat":[428,560],"product_tag":[],"class_list":{"0":"post-12810","1":"product","2":"type-product","3":"status-publish","4":"has-post-thumbnail","6":"product_cat-antriebstechnik","7":"product_cat-druckluftmotor-inox","8":"product_shipping_class-karton-paketversand","9":"pa_antriebsart-pneumatisch","10":"pa_antriebswelle-edelstahl-o14mm-mit-passfeder-5n9","11":"pa_atex-zone-122122","12":"pa_dichtung-ptfe-fda-konform","13":"pa_durchmesser-99mm","14":"pa_ex-gas-ex-ii-2-g-ex-h-iic-t5-gb-x","15":"pa_ex-staub-ex-ii-2-d-ex-h-iiic-t100c-db-x","16":"pa_geraeuschpegel-75db","17":"pa_labs-oel-und-silikonfrei","18":"pa_material-gehaeuse-v4a-edelstahl-1-4404-elektropoliert","19":"pa_model-pmo-450-inox","20":"pa_reinraumklassifizierung-iso1-nach-din14644","21":"pa_schutzart-ip67","22":"pa_steckverschraubung-abluft-schlauch-o10mm","23":"pa_steckverschraubung-zuluft-schlauch-o6mm","24":"pa_versorgung-5-6bar","26":"first","27":"instock","28":"taxable","29":"shipping-taxable","30":"purchasable","31":"product-type-variable"},"bundled_by":[],"bundle_stock_status":"instock","bundle_stock_quantity":null,"bundle_virtual":false,"bundle_layout":"","bundle_add_to_cart_form_location":"","bundle_editable_in_cart":false,"bundle_sold_individually_context":"","bundle_item_grouping":"","bundle_min_size":"","bundle_max_size":"","bundle_price":[],"bundled_items":[],"bundle_sell_ids":[],"exclude_global_add_ons":[],"addons":[],"acf":[],"_links":{"self":[{"href":"https:\/\/ptm-mechatronics.com\/pl\/wp-json\/wp\/v2\/product\/12810","targetHints":{"allow":["GET"]}}],"collection":[{"href":"https:\/\/ptm-mechatronics.com\/pl\/wp-json\/wp\/v2\/product"}],"about":[{"href":"https:\/\/ptm-mechatronics.com\/pl\/wp-json\/wp\/v2\/types\/product"}],"replies":[{"embeddable":true,"href":"https:\/\/ptm-mechatronics.com\/pl\/wp-json\/wp\/v2\/comments?post=12810"}],"wp:featuredmedia":[{"embeddable":true,"href":"https:\/\/ptm-mechatronics.com\/pl\/wp-json\/wp\/v2\/media\/15382"}],"wp:attachment":[{"href":"https:\/\/ptm-mechatronics.com\/pl\/wp-json\/wp\/v2\/media?parent=12810"}],"wp:term":[{"taxonomy":"product_brand","embeddable":true,"href":"https:\/\/ptm-mechatronics.com\/pl\/wp-json\/wp\/v2\/product_brand?post=12810"},{"taxonomy":"product_cat","embeddable":true,"href":"https:\/\/ptm-mechatronics.com\/pl\/wp-json\/wp\/v2\/product_cat?post=12810"},{"taxonomy":"product_tag","embeddable":true,"href":"https:\/\/ptm-mechatronics.com\/pl\/wp-json\/wp\/v2\/product_tag?post=12810"}],"curies":[{"name":"wp","href":"https:\/\/api.w.org\/{rel}","templated":true}]}}