{"id":12765,"date":"2025-01-21T09:39:24","date_gmt":"2025-01-21T08:39:24","guid":{"rendered":"https:\/\/ptm-mechatronics.com\/?post_type=product&#038;p=12765"},"modified":"2026-03-09T11:30:57","modified_gmt":"2026-03-09T10:30:57","slug":"druckluftmotor-atex-pmo900-mit-anschlussblock","status":"publish","type":"product","link":"https:\/\/ptm-mechatronics.com\/pl\/product\/druckluftmotor-atex-pmo900-mit-anschlussblock\/","title":{"rendered":"Silnik pneumatyczny ATEX, PMO900 z blokiem przy\u0142\u0105czeniowym"},"content":{"rendered":"<div id=\"tab-description\" class=\"woocommerce-Tabs-panel woocommerce-Tabs-panel--description panel entry-content active\" role=\"tabpanel\" aria-labelledby=\"tab-title-description\">\n<p>Silniki pneumatyczne PTM to idealne rozwi\u0105zanie do wymagaj\u0105cych zastosowa\u0144 przemys\u0142owych, w kt\u00f3rych najwa\u017cniejsza jest solidno\u015b\u0107 i wydajno\u015b\u0107. Dzi\u0119ki czysto mechanicznej konstrukcji i imponuj\u0105cej wydajno\u015bci nadaj\u0105 si\u0119 do szerokiego zakresu zastosowa\u0144 - od integracji z systemami i maszynami po precyzyjne generowanie ruch\u00f3w obrotowych i wahad\u0142owych. Zintegrowany blok po\u0142\u0105czeniowy zapewnia d\u0142u\u017csz\u0105 \u017cywotno\u015b\u0107 produktu w przypadku zastosowa\u0144 w jednym kierunku obrotu (z piast\u0105 skierowan\u0105 w lewo).<\/p>\n<h4>Zalety w skr\u00f3cie<\/h4>\n<ul>\n<li>Innowacyjna zasada dzia\u0142ania t\u0142oka promieniowego: wysoka wydajno\u015b\u0107 przy minimalnym zu\u017cyciu powietrza w po\u0142\u0105czeniu z wysokim momentem obrotowym.<\/li>\n<li>Ekonomiczna alternatywa: nowoczesne i ekonomiczne rozwi\u0105zanie w por\u00f3wnaniu z konwencjonalnymi silnikami \u0142opatkowymi.<\/li>\n<li>Elastyczno\u015b\u0107 w u\u017cyciu: Mo\u017ce by\u0107 obs\u0142ugiwany zar\u00f3wno w kierunku zgodnym, jak i przeciwnym do ruchu wskaz\u00f3wek zegara, mo\u017ce by\u0107 \u0142adowany do zatrzymania.<\/li>\n<li>Kompaktowa konstrukcja: Idealny do u\u017cytku nawet tam, gdzie przestrze\u0144 jest ograniczona.<\/li>\n<\/ul>\n<h4>Do bezpiecznego u\u017cytku w \u015brodowiskach zagro\u017conych wybuchem<\/h4>\n<p>Model ATEX silnik\u00f3w pneumatycznych PTM zapewnia niezawodn\u0105 ochron\u0119 przeciwwybuchow\u0105 i spe\u0142nia wymagania stref ATEX 1, 2, 21 i 22, dzi\u0119ki czemu idealnie nadaje si\u0119 do zastosowa\u0144 o krytycznym znaczeniu dla bezpiecze\u0144stwa.<\/p>\n<p>Silniki pneumatyczne PTM \u0142\u0105cz\u0105 w sobie wydajno\u015b\u0107, sprawno\u015b\u0107 i wszechstronno\u015b\u0107 - to idealny wyb\u00f3r dla nowoczesnych wymaga\u0144 przemys\u0142owych.<\/p>\n<\/div>","protected":false},"excerpt":{"rendered":"<p>Mocny silnik pneumatyczny, energooszcz\u0119dny, o niskim zu\u017cyciu powietrza, bardzo wysokiej sprawno\u015bci i bardzo wysokim momencie obrotowym. Bezpieczna ochrona przeciwwybuchowa w strefach ATEX 1, 2, 21 i 22. Wyposa\u017cony w blok przy\u0142\u0105czeniowy zapewniaj\u0105cy d\u0142ug\u0105 prac\u0119 w jednym kierunku obrot\u00f3w.<\/p>","protected":false},"featured_media":15312,"comment_status":"open","ping_status":"closed","template":"","meta":{"_acf_changed":false},"product_brand":[],"product_cat":[428,463],"product_tag":[],"class_list":{"0":"post-12765","1":"product","2":"type-product","3":"status-publish","4":"has-post-thumbnail","6":"product_cat-antriebstechnik","7":"product_cat-druckluftmotor-atex","8":"product_shipping_class-karton-paketversand","9":"pa_antriebsart-pneumatisch","10":"pa_antriebswelle-o14mm-mit-passfeder-5n9","11":"pa_atex-zone-122122","12":"pa_dichtung-ptfe","13":"pa_durchmesser-99mm","14":"pa_ex-gas-ex-ii-2-g-ex-h-iic-t5-gb-x","15":"pa_ex-staub-ex-ii-2-d-ex-h-iiic-t100c-db-x","16":"pa_geraeuschpegel-75db","17":"pa_labs-oel-und-silikonfrei","18":"pa_material-gehaeuse-aluminium-eloxiert","19":"pa_model-pmo-900-ex","20":"pa_schutzart-ip67","21":"pa_steckverschraubung-abluft-schlauch-o10mm","22":"pa_steckverschraubung-zuluft-schlauch-o6mm","23":"pa_versorgung-5-6bar","25":"first","26":"instock","27":"taxable","28":"shipping-taxable","29":"purchasable","30":"product-type-variable"},"bundled_by":[],"bundle_stock_status":"instock","bundle_stock_quantity":null,"bundle_virtual":false,"bundle_layout":"","bundle_add_to_cart_form_location":"","bundle_editable_in_cart":false,"bundle_sold_individually_context":"","bundle_item_grouping":"","bundle_min_size":"","bundle_max_size":"","bundle_price":[],"bundled_items":[],"bundle_sell_ids":[],"exclude_global_add_ons":[],"addons":[],"acf":[],"_links":{"self":[{"href":"https:\/\/ptm-mechatronics.com\/pl\/wp-json\/wp\/v2\/product\/12765","targetHints":{"allow":["GET"]}}],"collection":[{"href":"https:\/\/ptm-mechatronics.com\/pl\/wp-json\/wp\/v2\/product"}],"about":[{"href":"https:\/\/ptm-mechatronics.com\/pl\/wp-json\/wp\/v2\/types\/product"}],"replies":[{"embeddable":true,"href":"https:\/\/ptm-mechatronics.com\/pl\/wp-json\/wp\/v2\/comments?post=12765"}],"wp:featuredmedia":[{"embeddable":true,"href":"https:\/\/ptm-mechatronics.com\/pl\/wp-json\/wp\/v2\/media\/15312"}],"wp:attachment":[{"href":"https:\/\/ptm-mechatronics.com\/pl\/wp-json\/wp\/v2\/media?parent=12765"}],"wp:term":[{"taxonomy":"product_brand","embeddable":true,"href":"https:\/\/ptm-mechatronics.com\/pl\/wp-json\/wp\/v2\/product_brand?post=12765"},{"taxonomy":"product_cat","embeddable":true,"href":"https:\/\/ptm-mechatronics.com\/pl\/wp-json\/wp\/v2\/product_cat?post=12765"},{"taxonomy":"product_tag","embeddable":true,"href":"https:\/\/ptm-mechatronics.com\/pl\/wp-json\/wp\/v2\/product_tag?post=12765"}],"curies":[{"name":"wp","href":"https:\/\/api.w.org\/{rel}","templated":true}]}}