{"id":12730,"date":"2025-01-20T10:45:42","date_gmt":"2025-01-20T09:45:42","guid":{"rendered":"https:\/\/ptm-mechatronics.com\/?post_type=product&#038;p=12730"},"modified":"2026-01-28T13:57:17","modified_gmt":"2026-01-28T12:57:17","slug":"druckluftmotor-basic-pmo1800-mit-anschlussblock","status":"publish","type":"product","link":"https:\/\/ptm-mechatronics.com\/pl\/product\/druckluftmotor-basic-pmo1800-mit-anschlussblock\/","title":{"rendered":"Podstawowy silnik pneumatyczny, PMO1800 z blokiem przy\u0142\u0105czeniowym"},"content":{"rendered":"<p>Silniki pneumatyczne PTM imponuj\u0105 niezwykle solidn\u0105, czysto mechaniczn\u0105 konstrukcj\u0105 i wyj\u0105tkow\u0105 wydajno\u015bci\u0105. Mog\u0105 by\u0107 wykorzystywane w szerokim zakresie zastosowa\u0144 - zar\u00f3wno jako nap\u0119d w maszynach i systemach, jak i do generowania ruch\u00f3w obrotowych i wahad\u0142owych. Dzi\u0119ki zaawansowanej konstrukcji i innowacyjnej technologii stanowi\u0105 nowoczesn\u0105, oszcz\u0119dn\u0105 alternatyw\u0119 dla konwencjonalnych silnik\u00f3w \u0142opatkowych. Zintegrowany blok przy\u0142\u0105czeniowy zapewnia d\u0142u\u017csz\u0105 \u017cywotno\u015b\u0107 produktu w przypadku zastosowa\u0144 w jednym kierunku obrotu (z piast\u0105 skierowan\u0105 w lewo).<\/p>\n<h4>Wydajna technologia t\u0142oka promieniowego<\/h4>\n<p>Silniki pneumatyczne PTM s\u0105 oparte na wysoce wydajnej zasadzie t\u0142oka promieniowego, kt\u00f3ra charakteryzuje si\u0119 minimalnym zu\u017cyciem powietrza i imponuj\u0105co wysok\u0105 wydajno\u015bci\u0105. Nawet w wymagaj\u0105cych zastosowaniach, silniki zapewniaj\u0105 wyj\u0105tkowy moment obrotowy i pozostaj\u0105 spr\u0119\u017cyste a\u017c do zatrzymania. Praca jest mo\u017cliwa zar\u00f3wno w kierunku przeciwnym, jak i zgodnym z ruchem wskaz\u00f3wek zegara, co gwarantuje maksymaln\u0105 elastyczno\u015b\u0107.<\/p>\n<h4>Kompaktowy i elastyczny<\/h4>\n<p>Dzi\u0119ki niewielkim rozmiarom silniki pneumatyczne PTM mo\u017cna \u0142atwo zintegrowa\u0107 z niemal ka\u017cdym zastosowaniem. Bezproblemowo wpasowuj\u0105 si\u0119 w istniej\u0105ce systemy i oferuj\u0105 rozwi\u0105zanie oszcz\u0119dzaj\u0105ce miejsce dzi\u0119ki niewielkim rozmiarom i wysokiej wydajno\u015bci.<\/p>\n<h4>Zalety w skr\u00f3cie:<\/h4>\n<ul>\n<li>Solidna, czysto mechaniczna konstrukcja<\/li>\n<li>Wysoce wydajna technologia t\u0142oka promieniowego zapewniaj\u0105ca niskie zu\u017cycie powietrza<\/li>\n<li>Wysoka wydajno\u015b\u0107 i znakomity moment obrotowy<\/li>\n<li>Kompaktowy rozmiar u\u0142atwiaj\u0105cy integracj\u0119<\/li>\n<li>Obroty w kierunku przeciwnym do ruchu wskaz\u00f3wek zegara i w kierunku zgodnym z ruchem wskaz\u00f3wek zegara oraz mo\u017cliwo\u015b\u0107 \u0142adowania do zatrzymania<\/li>\n<li>Stopie\u0144 ochrony IP67: bryzgoszczelny i zanurzalny<\/li>\n<\/ul>","protected":false},"excerpt":{"rendered":"<p>Mocny silnik pneumatyczny, niezwykle wydajny i mocny, niskie zu\u017cycie powietrza, wysoka wydajno\u015b\u0107 i wysoki moment obrotowy. Wyposa\u017cony w blok przy\u0142\u0105czeniowy zapewniaj\u0105cy d\u0142ug\u0105 prac\u0119 w jednym kierunku obrot\u00f3w.<\/p>","protected":false},"featured_media":15431,"comment_status":"open","ping_status":"closed","template":"","meta":{"_acf_changed":false},"product_brand":[],"product_cat":[428,429],"product_tag":[],"class_list":{"0":"post-12730","1":"product","2":"type-product","3":"status-publish","4":"has-post-thumbnail","6":"product_cat-antriebstechnik","7":"product_cat-druckluftmotor-basic","8":"product_shipping_class-karton-paketversand","9":"pa_antriebsart-pneumatisch","10":"pa_antriebswelle-o19mm-mit-passfeder-6n9","11":"pa_dichtung-nbr","12":"pa_durchmesser-159mm","13":"pa_geraeuschpegel-75db","14":"pa_labs-oel-und-silikonfrei","15":"pa_material-gehaeuse-aluminium-eloxiert","16":"pa_model-pmo-1800-ba","17":"pa_schutzart-ip67","18":"pa_steckverschraubung-abluft-schlauch-o12mm","19":"pa_steckverschraubung-zuluft-schlauch-o8mm","20":"pa_versorgung-5-6bar","22":"first","23":"instock","24":"taxable","25":"shipping-taxable","26":"purchasable","27":"product-type-variable"},"bundled_by":[],"bundle_stock_status":"instock","bundle_stock_quantity":null,"bundle_virtual":false,"bundle_layout":"","bundle_add_to_cart_form_location":"","bundle_editable_in_cart":false,"bundle_sold_individually_context":"","bundle_item_grouping":"","bundle_min_size":"","bundle_max_size":"","bundle_price":[],"bundled_items":[],"bundle_sell_ids":[],"exclude_global_add_ons":[],"addons":[],"acf":[],"_links":{"self":[{"href":"https:\/\/ptm-mechatronics.com\/pl\/wp-json\/wp\/v2\/product\/12730","targetHints":{"allow":["GET"]}}],"collection":[{"href":"https:\/\/ptm-mechatronics.com\/pl\/wp-json\/wp\/v2\/product"}],"about":[{"href":"https:\/\/ptm-mechatronics.com\/pl\/wp-json\/wp\/v2\/types\/product"}],"replies":[{"embeddable":true,"href":"https:\/\/ptm-mechatronics.com\/pl\/wp-json\/wp\/v2\/comments?post=12730"}],"wp:featuredmedia":[{"embeddable":true,"href":"https:\/\/ptm-mechatronics.com\/pl\/wp-json\/wp\/v2\/media\/15431"}],"wp:attachment":[{"href":"https:\/\/ptm-mechatronics.com\/pl\/wp-json\/wp\/v2\/media?parent=12730"}],"wp:term":[{"taxonomy":"product_brand","embeddable":true,"href":"https:\/\/ptm-mechatronics.com\/pl\/wp-json\/wp\/v2\/product_brand?post=12730"},{"taxonomy":"product_cat","embeddable":true,"href":"https:\/\/ptm-mechatronics.com\/pl\/wp-json\/wp\/v2\/product_cat?post=12730"},{"taxonomy":"product_tag","embeddable":true,"href":"https:\/\/ptm-mechatronics.com\/pl\/wp-json\/wp\/v2\/product_tag?post=12730"}],"curies":[{"name":"wp","href":"https:\/\/api.w.org\/{rel}","templated":true}]}}