{"id":12662,"date":"2024-12-17T09:05:07","date_gmt":"2024-12-17T08:05:07","guid":{"rendered":"https:\/\/ptm-mechatronics.com\/?post_type=product&#038;p=12662"},"modified":"2025-11-07T15:54:22","modified_gmt":"2025-11-07T14:54:22","slug":"ruehrwerksantrieb-eco-seal-450-g1-mit-platzsparender-befestigung-und-gewindenabe","status":"publish","type":"product","link":"https:\/\/ptm-mechatronics.com\/pl\/product\/ruehrwerksantrieb-eco-seal-450-g1-mit-platzsparender-befestigung-und-gewindenabe\/","title":{"rendered":"Nap\u0119d mieszad\u0142a eco-Seal G1\u2033 z kompaktowym mocowaniem i piast\u0105 gwintowan\u0105"},"content":{"rendered":"<h2>Nap\u0119d mieszad\u0142a ATEX do ma\u0142ych zbiornik\u00f3w i zbiornik\u00f3w ci\u015bnieniowych - kompaktowy, wydajny i przeciwwybuchowy<\/h2>\n<p class=\"\" data-start=\"160\" data-end=\"631\">Energooszcz\u0119dny nap\u0119d mieszad\u0142a z certyfikatem ATEX zosta\u0142 opracowany specjalnie do u\u017cytku w ma\u0142ych pojemnikach i zbiornikach ci\u015bnieniowych i oferuje niezawodne rozwi\u0105zanie do zastosowa\u0144 higienicznych, potencjalnie wybuchowych i wymagaj\u0105cych du\u017cej przestrzeni. Dzi\u0119ki innowacyjnemu ko\u0142nierzowi oddzielaj\u0105cemu strefy, mo\u017cliwa jest praca w strefach ATEX 0\/1 - idealne rozwi\u0105zanie do zastosowa\u0144 w przemy\u015ble chemicznym, spo\u017cywczym lub farmaceutycznym, gdzie wymagane jest maksymalne bezpiecze\u0144stwo.<\/p>\n<h3 class=\"\" data-start=\"633\" data-end=\"712\">Oszcz\u0119dno\u015b\u0107 miejsca i wydajno\u015b\u0107 - specjalnie zaprojektowany do ma\u0142ych pojemnik\u00f3w<\/h3>\n<p class=\"\" data-start=\"713\" data-end=\"987\">Dzi\u0119ki \u015brednicy przy\u0142\u0105cza od 35 do 50 mm si\u0142ownik idealnie pasuje do standardowych otwor\u00f3w zbiornik\u00f3w ci\u015bnieniowych. Dostarczona nakr\u0119tka zabezpieczaj\u0105ca ze stali nierdzewnej umo\u017cliwia prost\u0105 i bezpieczn\u0105 instalacj\u0119 od do\u0142u, nawet w ograniczonych przestrzeniach.<\/p>\n<p class=\"\" data-start=\"989\" data-end=\"1217\">Pomimo kompaktowej konstrukcji, nap\u0119d imponuje wysokim momentem obrotowym i zapewnia jednorodny efekt mieszania, nawet w przypadku medi\u00f3w o wysokiej lepko\u015bci. Aplikacje nadci\u015bnieniowe i pr\u00f3\u017cniowe mog\u0105 by\u0107 r\u00f3wnie\u017c realizowane bez \u017cadnych problem\u00f3w.<\/p>\n<p class=\"\" data-start=\"1219\" data-end=\"1510\">Jego czysto mechaniczna konstrukcja zapewnia ekstremaln\u0105 wytrzyma\u0142o\u015b\u0107, jest \u0142atwa w utrzymaniu i gwarantuje d\u0142ug\u0105 \u017cywotno\u015b\u0107. Cicha i zajmuj\u0105ca niewiele miejsca konstrukcja sprawia, \u017ce jest to idealne rozwi\u0105zanie do kompaktowych, higienicznych proces\u00f3w mieszania w wymagaj\u0105cych warunkach.<\/p>\n<h3 class=\"\" data-start=\"1517\" data-end=\"1551\">Zalety w skr\u00f3cie<\/h3>\n<ul>\n<li data-start=\"1554\" data-end=\"1585\">Odpowiedni dla stref ATEX 0\/1<\/li>\n<li data-start=\"1554\" data-end=\"1585\">Kompatybilny z ma\u0142ymi pojemnikami (przy\u0142\u0105cze 35-50 mm)<\/li>\n<li data-start=\"1554\" data-end=\"1585\">W zestawie nakr\u0119tka zabezpieczaj\u0105ca ze stali nierdzewnej<\/li>\n<li data-start=\"1554\" data-end=\"1585\">Wysoki moment obrotowy dla medi\u00f3w o wysokiej lepko\u015bci<\/li>\n<li data-start=\"1554\" data-end=\"1585\">Dla ci\u015bnienia dodatniego i ujemnego<\/li>\n<li data-start=\"1554\" data-end=\"1585\">Niski poziom ha\u0142asu, oszcz\u0119dno\u015b\u0107 miejsca, wytrzyma\u0142o\u015b\u0107<\/li>\n<\/ul>","protected":false},"excerpt":{"rendered":"<p>Energooszcz\u0119dny nap\u0119d mieszad\u0142a z certyfikatem ATEX do ma\u0142ych zbiornik\u00f3w i zbiornik\u00f3w ci\u015bnieniowych - kompaktowa konstrukcja, wysoki moment obrotowy, odpowiedni do stref ATEX 0\/1, higieniczne elementy ze stali nierdzewnej, w tym nakr\u0119tka zabezpieczaj\u0105ca u\u0142atwiaj\u0105ca monta\u017c.<\/p>","protected":false},"featured_media":15484,"comment_status":"open","ping_status":"closed","template":"","meta":{"_acf_changed":false},"product_brand":[],"product_cat":[595,632],"product_tag":[2662,2652,2663,2653,2664,2585,2654,2599,2655,2656,2626,2657,2633,2658,2636,2659,2637,2660,2649,2661,2651],"class_list":{"0":"post-12662","1":"product","2":"type-product","3":"status-publish","4":"has-post-thumbnail","6":"product_cat-ruehrwerkstechnik","7":"product_cat-ruehrwerksantriebe","8":"product_tag-wartungsfreier-ruehrantrieb","9":"product_tag-ruehrwerksmotor-drucktank","10":"product_tag-ruehrwerksantrieb-fuer-lebensmittelindustrie","11":"product_tag-kompakter-ruehrantrieb","12":"product_tag-ruehrwerk-fuer-pharmaindustrie","13":"product_tag-langlebiger-ruehrwerksmotor","14":"product_tag-ruehrwerk-zone-0","15":"product_tag-explosionsgeschuetzter-ruehrwerksmotor","16":"product_tag-edelstahl-ruehrwerksantrieb","17":"product_tag-hygienischer-ruehrantrieb","18":"product_tag-platzsparender-ruehrwerksmotor","19":"product_tag-ruehrwerksmotor-mit-kontermutter","20":"product_tag-atex-ruehrwerksantrieb","21":"product_tag-ruehrwerk-35-mm","22":"product_tag-zonentrennflansch-ruehrwerk","23":"product_tag-ruehrwerk-50-mm","24":"product_tag-ruehrwerk-fuer-hochviskose-medien","25":"product_tag-ruehrwerk-fuer-ueberdruck","26":"product_tag-geraeuscharmer-ruehrantrieb","27":"product_tag-ruehrwerk-fuer-unterdruck","28":"product_tag-ruehrwerksantrieb-kleinbehaelter","29":"product_shipping_class-karton-paketversand","30":"pa_antriebsart-pneumatisch","31":"pa_antriebswelle-ptm-gewindenabe-m12","32":"pa_atex-zone-0-1","33":"pa_dichtung-ptfe","34":"pa_drehzahl-0-300-1-min","35":"pa_ex-gas-ex-ii-1-2-g-ex-h-iic-t5-ga-gb","36":"pa_ex-staub-ex-ii-1-2-d-ex-h-iiic-t100c-da-db","37":"pa_geraeuschpegel-75db","38":"pa_labs-oel-und-silikonfrei","39":"pa_material-gehaeuse-aluminium-eloxiert","40":"pa_model-eco-seal-atex-zone-0-1","41":"pa_schutzart-ip67","42":"pa_steckverschraubung-abluft-schlauch-o10mm","43":"pa_steckverschraubung-zuluft-schlauch-o6mm","44":"pa_versorgung-5-6bar","46":"first","47":"instock","48":"taxable","49":"shipping-taxable","50":"purchasable","51":"product-type-variable"},"bundled_by":[],"bundle_stock_status":"instock","bundle_stock_quantity":null,"bundle_virtual":false,"bundle_layout":"","bundle_add_to_cart_form_location":"","bundle_editable_in_cart":false,"bundle_sold_individually_context":"","bundle_item_grouping":"","bundle_min_size":"","bundle_max_size":"","bundle_price":[],"bundled_items":[],"bundle_sell_ids":[],"exclude_global_add_ons":[],"addons":[],"acf":[],"_links":{"self":[{"href":"https:\/\/ptm-mechatronics.com\/pl\/wp-json\/wp\/v2\/product\/12662","targetHints":{"allow":["GET"]}}],"collection":[{"href":"https:\/\/ptm-mechatronics.com\/pl\/wp-json\/wp\/v2\/product"}],"about":[{"href":"https:\/\/ptm-mechatronics.com\/pl\/wp-json\/wp\/v2\/types\/product"}],"replies":[{"embeddable":true,"href":"https:\/\/ptm-mechatronics.com\/pl\/wp-json\/wp\/v2\/comments?post=12662"}],"wp:featuredmedia":[{"embeddable":true,"href":"https:\/\/ptm-mechatronics.com\/pl\/wp-json\/wp\/v2\/media\/15484"}],"wp:attachment":[{"href":"https:\/\/ptm-mechatronics.com\/pl\/wp-json\/wp\/v2\/media?parent=12662"}],"wp:term":[{"taxonomy":"product_brand","embeddable":true,"href":"https:\/\/ptm-mechatronics.com\/pl\/wp-json\/wp\/v2\/product_brand?post=12662"},{"taxonomy":"product_cat","embeddable":true,"href":"https:\/\/ptm-mechatronics.com\/pl\/wp-json\/wp\/v2\/product_cat?post=12662"},{"taxonomy":"product_tag","embeddable":true,"href":"https:\/\/ptm-mechatronics.com\/pl\/wp-json\/wp\/v2\/product_tag?post=12662"}],"curies":[{"name":"wp","href":"https:\/\/api.w.org\/{rel}","templated":true}]}}