{"id":12546,"date":"2024-11-26T09:02:55","date_gmt":"2024-11-26T08:02:55","guid":{"rendered":"https:\/\/ptm-mechatronics.com\/?post_type=product&#038;p=12546"},"modified":"2025-11-07T15:52:55","modified_gmt":"2025-11-07T14:52:55","slug":"druckluftmotor-ip67-pmo450","status":"publish","type":"product","link":"https:\/\/ptm-mechatronics.com\/pl\/product\/druckluftmotor-ip67-pmo450\/","title":{"rendered":"Silnik pneumatyczny IP67, PMO450"},"content":{"rendered":"<p>Silniki pneumatyczne PTM imponuj\u0105 niezwykle solidn\u0105, czysto mechaniczn\u0105 konstrukcj\u0105 i wyj\u0105tkow\u0105 wydajno\u015bci\u0105. Mog\u0105 by\u0107 wykorzystywane w szerokim zakresie zastosowa\u0144 - zar\u00f3wno jako nap\u0119d w maszynach i systemach, jak i do generowania ruch\u00f3w obrotowych i wahad\u0142owych. Dzi\u0119ki zaawansowanej konstrukcji i innowacyjnej technologii stanowi\u0105 nowoczesn\u0105, oszcz\u0119dn\u0105 alternatyw\u0119 dla konwencjonalnych silnik\u00f3w \u0142opatkowych.<\/p>\n<h4>Wydajna technologia t\u0142oka promieniowego<\/h4>\n<p>Silniki pneumatyczne PTM s\u0105 oparte na wysoce wydajnej zasadzie t\u0142oka promieniowego, kt\u00f3ra charakteryzuje si\u0119 minimalnym zu\u017cyciem powietrza i imponuj\u0105co wysok\u0105 wydajno\u015bci\u0105. Nawet w wymagaj\u0105cych zastosowaniach, silniki zapewniaj\u0105 wyj\u0105tkowy moment obrotowy i pozostaj\u0105 spr\u0119\u017cyste a\u017c do zatrzymania. Praca jest mo\u017cliwa zar\u00f3wno w kierunku przeciwnym, jak i zgodnym z ruchem wskaz\u00f3wek zegara, co gwarantuje maksymaln\u0105 elastyczno\u015b\u0107.<\/p>\n<h4>Kompaktowy i elastyczny<\/h4>\n<p>Dzi\u0119ki niewielkim rozmiarom silniki pneumatyczne PTM mo\u017cna \u0142atwo zintegrowa\u0107 z niemal ka\u017cdym zastosowaniem. Bezproblemowo wpasowuj\u0105 si\u0119 w istniej\u0105ce systemy i oferuj\u0105 rozwi\u0105zanie oszcz\u0119dzaj\u0105ce miejsce dzi\u0119ki niewielkim rozmiarom i wysokiej wydajno\u015bci.<\/p>\n<h4>Stopie\u0144 ochrony IP67: Dla specjalnych wymaga\u0144<\/h4>\n<p>Model IP67 oferuje dodatkow\u0105 ochron\u0119: jest bryzgoszczelny i mo\u017ce wytrzyma\u0107 nawet chwilowe zanurzenie. Dzi\u0119ki temu idealnie nadaje si\u0119 do u\u017cytku w wilgotnym lub wymagaj\u0105cym \u015brodowisku.<\/p>\n<h4>Zalety w skr\u00f3cie:<\/h4>\n<ul>\n<li>Solidna, czysto mechaniczna konstrukcja<\/li>\n<li>Wysoce wydajna technologia t\u0142oka promieniowego zapewniaj\u0105ca niskie zu\u017cycie powietrza<\/li>\n<li>Wysoka wydajno\u015b\u0107 i znakomity moment obrotowy<\/li>\n<li>Kompaktowy rozmiar u\u0142atwiaj\u0105cy integracj\u0119<\/li>\n<li>Obroty w kierunku przeciwnym do ruchu wskaz\u00f3wek zegara i w kierunku zgodnym z ruchem wskaz\u00f3wek zegara oraz mo\u017cliwo\u015b\u0107 \u0142adowania do zatrzymania<\/li>\n<li>Stopie\u0144 ochrony IP67: bryzgoszczelny i zanurzalny<\/li>\n<\/ul>","protected":false},"excerpt":{"rendered":"<p>Wydajny i mocny silnik pneumatyczny, bryzgoszczelny zgodnie z IP67, niskie zu\u017cycie powietrza, wysoka wydajno\u015b\u0107, wysoki moment obrotowy.<\/p>","protected":false},"featured_media":15313,"comment_status":"open","ping_status":"closed","template":"","meta":{"_acf_changed":false},"product_brand":[],"product_cat":[496,428],"product_tag":[],"class_list":{"0":"post-12546","1":"product","2":"type-product","3":"status-publish","4":"has-post-thumbnail","6":"product_cat-druckluftmotor-ip67","7":"product_cat-antriebstechnik","8":"product_shipping_class-karton-paketversand","9":"pa_antriebsart-pneumatisch","10":"pa_antriebswelle-edelstahl-o14mm-mit-passfeder-5n9","11":"pa_dichtung-ptfe","12":"pa_durchmesser-99mm","13":"pa_geraeuschpegel-75db","14":"pa_labs-oel-und-silikonfrei","15":"pa_luftanschluesse-2xm6x075","16":"pa_material-gehaeuse-aluminium-eloxiert","17":"pa_model-pmo-450-ip67","18":"pa_schutzart-ip67","19":"pa_steckverschraubung-2xschlauch-o6mm","20":"pa_versorgung-5-6bar","22":"first","23":"instock","24":"taxable","25":"shipping-taxable","26":"purchasable","27":"product-type-variable"},"bundled_by":[],"bundle_stock_status":"instock","bundle_stock_quantity":null,"bundle_virtual":false,"bundle_layout":"","bundle_add_to_cart_form_location":"","bundle_editable_in_cart":false,"bundle_sold_individually_context":"","bundle_item_grouping":"","bundle_min_size":"","bundle_max_size":"","bundle_price":[],"bundled_items":[],"bundle_sell_ids":[],"exclude_global_add_ons":[],"addons":[],"acf":[],"_links":{"self":[{"href":"https:\/\/ptm-mechatronics.com\/pl\/wp-json\/wp\/v2\/product\/12546","targetHints":{"allow":["GET"]}}],"collection":[{"href":"https:\/\/ptm-mechatronics.com\/pl\/wp-json\/wp\/v2\/product"}],"about":[{"href":"https:\/\/ptm-mechatronics.com\/pl\/wp-json\/wp\/v2\/types\/product"}],"replies":[{"embeddable":true,"href":"https:\/\/ptm-mechatronics.com\/pl\/wp-json\/wp\/v2\/comments?post=12546"}],"wp:featuredmedia":[{"embeddable":true,"href":"https:\/\/ptm-mechatronics.com\/pl\/wp-json\/wp\/v2\/media\/15313"}],"wp:attachment":[{"href":"https:\/\/ptm-mechatronics.com\/pl\/wp-json\/wp\/v2\/media?parent=12546"}],"wp:term":[{"taxonomy":"product_brand","embeddable":true,"href":"https:\/\/ptm-mechatronics.com\/pl\/wp-json\/wp\/v2\/product_brand?post=12546"},{"taxonomy":"product_cat","embeddable":true,"href":"https:\/\/ptm-mechatronics.com\/pl\/wp-json\/wp\/v2\/product_cat?post=12546"},{"taxonomy":"product_tag","embeddable":true,"href":"https:\/\/ptm-mechatronics.com\/pl\/wp-json\/wp\/v2\/product_tag?post=12546"}],"curies":[{"name":"wp","href":"https:\/\/api.w.org\/{rel}","templated":true}]}}