{"id":10475,"date":"2024-07-16T09:34:35","date_gmt":"2024-07-16T07:34:35","guid":{"rendered":"https:\/\/ptm-mechatronics.com\/?post_type=product&#038;p=10475"},"modified":"2025-11-07T15:52:44","modified_gmt":"2025-11-07T14:52:44","slug":"ruehrwerk-fuer-schuetz-impeller-system-antrieb-atex-zone-1","status":"publish","type":"product","link":"https:\/\/ptm-mechatronics.com\/pl\/product\/ruehrwerk-fuer-schuetz-impeller-system-antrieb-atex-zone-1\/","title":{"rendered":"Mieszad\u0142o do uk\u0142adu wirnika stycznika - nap\u0119d ATEX Strefa 1"},"content":{"rendered":"<p>Nasze mieszad\u0142a do system\u00f3w wirnik\u00f3w Sch\u00fctz sk\u0142adaj\u0105 si\u0119 z wydajnego nap\u0119du pneumatycznego, belki poprzecznej wykonanej z wysokiej jako\u015bci stali nierdzewnej V4A 1.4404 oraz komory monta\u017cowej do mocowania wa\u0142u mieszad\u0142a do nap\u0119du za pomoc\u0105 naszego opatentowanego rozwi\u0105zania. <a href=\"https:\/\/ptm-mechatronics.com\/pl\/schnelle-saubere-prozesswechsel\/\" target=\"_blank\" rel=\"noopener\">System szybkiej wymiany eco-Quick<\/a>.<\/p>\n<p>Mieszad\u0142o mo\u017cna \u0142atwo przymocowa\u0107 do pojemnika za pomoc\u0105 dw\u00f3ch szybko zwalnianych zacisk\u00f3w na poprzeczce. Wa\u0142 mieszad\u0142a (trzy r\u00f3\u017cne d\u0142ugo\u015bci dost\u0119pne w sklepie, patrz akcesoria) mo\u017cna nast\u0119pnie przymocowa\u0107 za pomoc\u0105 komory monta\u017cowej z pokryw\u0105. Dzi\u0119ki naszemu systemowi szybkiej wymiany eco-Quick nie s\u0105 do tego potrzebne \u017cadne narz\u0119dzia. System eco-Quick mo\u017cna otworzy\u0107 jednym ruchem i zamkn\u0105\u0107 po w\u0142o\u017ceniu wa\u0142u mieszad\u0142a. Mieszad\u0142o jest gotowe do u\u017cycia po pod\u0142\u0105czeniu powietrza.<\/p>\n<p>Zakres dostawy bez zbiornika wirnika stycznika, bez wa\u0142u mieszad\u0142a<\/p>","protected":false},"excerpt":{"rendered":"<p>Wydajne mieszad\u0142o IBC w pe\u0142ni wyposa\u017cone w belk\u0119 poprzeczn\u0105 wykonan\u0105 z wysokiej jako\u015bci stali nierdzewnej z komor\u0105 monta\u017cow\u0105, certyfikowane dla strefy ATEX 1.<\/p>","protected":false},"featured_media":15477,"comment_status":"open","ping_status":"closed","template":"","meta":{"_acf_changed":false},"product_brand":[],"product_cat":[595,614],"product_tag":[],"class_list":{"0":"post-10475","1":"product","2":"type-product","3":"status-publish","4":"has-post-thumbnail","6":"product_cat-ruehrwerkstechnik","7":"product_cat-containerruehrwerke","8":"product_shipping_class-karton-paketversand","9":"pa_antriebsart-pneumatisch","10":"pa_atex-zone-122122","11":"pa_behaeltervolumen-ibc","12":"pa_dichtung-ptfe","13":"pa_drehmoment-32nm","14":"pa_drehzahl-0-300-1-min","15":"pa_ex-gas-ex-ii-2-g-ex-h-iic-t5-gb-x","16":"pa_ex-staub-ex-ii-2-d-ex-h-iiic-t100c-db-x","17":"pa_geeignete-ibc-groessen-600-1200-liter","18":"pa_geraeuschpegel-75db","19":"pa_labs-oel-und-silikonfrei","20":"pa_material-gehaeuse-aluminium-eloxiert","21":"pa_material-traverse-v4a-edelstahl-1-4404","22":"pa_mittlerer-luftverbrauch-200l-min","23":"pa_schutzart-ip67","24":"pa_steckverschraubung-abluft-schlauch-o12mm","25":"pa_steckverschraubung-zuluft-schlauch-o8mm","26":"pa_typ-traversenruehrwerk","27":"pa_versorgung-5-6bar","29":"first","30":"instock","31":"taxable","32":"shipping-taxable","33":"purchasable","34":"product-type-simple"},"bundled_by":[],"bundle_stock_status":"instock","bundle_stock_quantity":null,"bundle_virtual":false,"bundle_layout":"","bundle_add_to_cart_form_location":"","bundle_editable_in_cart":false,"bundle_sold_individually_context":"","bundle_item_grouping":"","bundle_min_size":"","bundle_max_size":"","bundle_price":[],"bundled_items":[],"bundle_sell_ids":[],"exclude_global_add_ons":[],"addons":[],"acf":[],"_links":{"self":[{"href":"https:\/\/ptm-mechatronics.com\/pl\/wp-json\/wp\/v2\/product\/10475","targetHints":{"allow":["GET"]}}],"collection":[{"href":"https:\/\/ptm-mechatronics.com\/pl\/wp-json\/wp\/v2\/product"}],"about":[{"href":"https:\/\/ptm-mechatronics.com\/pl\/wp-json\/wp\/v2\/types\/product"}],"replies":[{"embeddable":true,"href":"https:\/\/ptm-mechatronics.com\/pl\/wp-json\/wp\/v2\/comments?post=10475"}],"wp:featuredmedia":[{"embeddable":true,"href":"https:\/\/ptm-mechatronics.com\/pl\/wp-json\/wp\/v2\/media\/15477"}],"wp:attachment":[{"href":"https:\/\/ptm-mechatronics.com\/pl\/wp-json\/wp\/v2\/media?parent=10475"}],"wp:term":[{"taxonomy":"product_brand","embeddable":true,"href":"https:\/\/ptm-mechatronics.com\/pl\/wp-json\/wp\/v2\/product_brand?post=10475"},{"taxonomy":"product_cat","embeddable":true,"href":"https:\/\/ptm-mechatronics.com\/pl\/wp-json\/wp\/v2\/product_cat?post=10475"},{"taxonomy":"product_tag","embeddable":true,"href":"https:\/\/ptm-mechatronics.com\/pl\/wp-json\/wp\/v2\/product_tag?post=10475"}],"curies":[{"name":"wp","href":"https:\/\/api.w.org\/{rel}","templated":true}]}}