{"id":10434,"date":"2024-07-04T09:08:32","date_gmt":"2024-07-04T07:08:32","guid":{"rendered":"https:\/\/ptm-mechatronics.com\/?post_type=product&#038;p=10434"},"modified":"2025-11-07T15:52:39","modified_gmt":"2025-11-07T14:52:39","slug":"tri-clamp-ruehrwerk","status":"publish","type":"product","link":"https:\/\/ptm-mechatronics.com\/pl\/product\/tri-clamp-ruehrwerk\/","title":{"rendered":"Mieszad\u0142o Tri Clamp"},"content":{"rendered":"<p class=\"\" data-start=\"126\" data-end=\"206\">Zindywidualizowane mieszad\u0142a Tri Clamp - idealnie dopasowane do Twoich wymaga\u0144<\/p>\n<p class=\"\" data-start=\"208\" data-end=\"519\">Mieszad\u0142o Tri Clamp mo\u017cna dostosowa\u0107 do indywidualnych wymaga\u0144: Elastycznie wybierz \u017c\u0105dan\u0105 moc silnika i odpowiedni rozmiar przy\u0142\u0105cza Tri Clamp. \u0141\u0105czymy komponenty optymalnie dla danego obszaru zastosowania - precyzyjne, wydajne i zaprojektowane z my\u015bl\u0105 o najwy\u017cszej jako\u015bci.<\/p>\n<p class=\"\" data-start=\"521\" data-end=\"796\">Dost\u0119pne s\u0105 dwie opcje mocowania wa\u0142u mieszad\u0142a: Mo\u017cna wybra\u0107 klasyczn\u0105 piast\u0119 gwintowan\u0105 lub nasz opatentowany system szybkiej wymiany eco-Quick, kt\u00f3ry umo\u017cliwia wyj\u0105tkowo szybk\u0105 i \u0142atw\u0105 wymian\u0119 wa\u0142\u00f3w mieszade\u0142.<\/p>\n<p class=\"\" data-start=\"798\" data-end=\"1003\">Nasz do\u015bwiadczony zesp\u00f3\u0142 z przyjemno\u015bci\u0105 doradzi przy wyborze odpowiedniego mieszad\u0142a Tri Clamp do konkretnego zastosowania. Skontaktuj si\u0119 z nami bezpo\u015brednio - razem znajdziemy idealne rozwi\u0105zanie!<\/p>\n<p class=\"\" data-start=\"1005\" data-end=\"1126\"><em data-start=\"1005\" data-end=\"1126\">(Przyk\u0142adowe zdj\u0119cia produkt\u00f3w: Mieszad\u0142o ze stali nierdzewnej eco-Drive INOX z Tri Clamp, mieszad\u0142o ze stali nierdzewnej eco-Seal INOX z Tri Clamp)<\/em><\/p>","protected":false},"excerpt":{"rendered":"<p>Nasze konfigurowalne mieszad\u0142a Tri Clamp \u0142\u0105cz\u0105 dowolnie wybieran\u0105 moc silnika i po\u0142\u0105czenia Tri Clamp z gwintowan\u0105 piast\u0105 lub naszym opatentowanym systemem szybkiej wymiany eco-Quick.<\/p>","protected":false},"featured_media":15464,"comment_status":"open","ping_status":"closed","template":"","meta":{"_acf_changed":false},"product_brand":[],"product_cat":[595,596,632],"product_tag":[2829,2830,2831,2832,2833,2824,2825,2826,2827,2828],"class_list":{"0":"post-10434","1":"product","2":"type-product","3":"status-publish","4":"has-post-thumbnail","6":"product_cat-ruehrwerkstechnik","7":"product_cat-laborruehrer","8":"product_cat-ruehrwerksantriebe","9":"product_tag-ruehrwerk-mit-gewindenabe","10":"product_tag-motorleistung-ruehrwerk-waehlen","11":"product_tag-tri-clamp-ruehrwerk-kaufen","12":"product_tag-edelstahlruehrwerk-online","13":"product_tag-tri-clamp-ruehrtechnik","14":"product_tag-tri-clamp-ruehrwerk","15":"product_tag-edelstahlruehrwerk-tri-clamp","16":"product_tag-ruehrwerk-tri-clamp-anschluss","17":"product_tag-schnellwechselsystem-eco-quick","18":"product_tag-individuell-konfigurierbares-ruehrwerk","19":"product_shipping_class-karton-paketversand","21":"first","22":"outofstock","23":"taxable","24":"shipping-taxable","25":"product-type-simple"},"bundled_by":[],"bundle_stock_status":"outofstock","bundle_stock_quantity":null,"bundle_virtual":false,"bundle_layout":"","bundle_add_to_cart_form_location":"","bundle_editable_in_cart":false,"bundle_sold_individually_context":"","bundle_item_grouping":"","bundle_min_size":"","bundle_max_size":"","bundle_price":[],"bundled_items":[],"bundle_sell_ids":[],"exclude_global_add_ons":[],"addons":[],"acf":[],"_links":{"self":[{"href":"https:\/\/ptm-mechatronics.com\/pl\/wp-json\/wp\/v2\/product\/10434","targetHints":{"allow":["GET"]}}],"collection":[{"href":"https:\/\/ptm-mechatronics.com\/pl\/wp-json\/wp\/v2\/product"}],"about":[{"href":"https:\/\/ptm-mechatronics.com\/pl\/wp-json\/wp\/v2\/types\/product"}],"replies":[{"embeddable":true,"href":"https:\/\/ptm-mechatronics.com\/pl\/wp-json\/wp\/v2\/comments?post=10434"}],"wp:featuredmedia":[{"embeddable":true,"href":"https:\/\/ptm-mechatronics.com\/pl\/wp-json\/wp\/v2\/media\/15464"}],"wp:attachment":[{"href":"https:\/\/ptm-mechatronics.com\/pl\/wp-json\/wp\/v2\/media?parent=10434"}],"wp:term":[{"taxonomy":"product_brand","embeddable":true,"href":"https:\/\/ptm-mechatronics.com\/pl\/wp-json\/wp\/v2\/product_brand?post=10434"},{"taxonomy":"product_cat","embeddable":true,"href":"https:\/\/ptm-mechatronics.com\/pl\/wp-json\/wp\/v2\/product_cat?post=10434"},{"taxonomy":"product_tag","embeddable":true,"href":"https:\/\/ptm-mechatronics.com\/pl\/wp-json\/wp\/v2\/product_tag?post=10434"}],"curies":[{"name":"wp","href":"https:\/\/api.w.org\/{rel}","templated":true}]}}