{"id":10387,"date":"2024-06-26T08:52:52","date_gmt":"2024-06-26T06:52:52","guid":{"rendered":"https:\/\/ptm-mechatronics.com\/?post_type=product&#038;p=10387"},"modified":"2025-11-07T15:52:30","modified_gmt":"2025-11-07T14:52:30","slug":"fasswagen","status":"publish","type":"product","link":"https:\/\/ptm-mechatronics.com\/pl\/product\/fasswagen\/","title":{"rendered":"W\u00f3zek beczkowy"},"content":{"rendered":"<p>Nasze w\u00f3zki do beczek sprawiaj\u0105, \u017ce aplikacja mieszad\u0142a jest mobilna. Pozwala to na wygodne przemieszczanie b\u0119bn\u00f3w z mieszad\u0142em pomi\u0119dzy procesami. Rolki ESD zapobiegaj\u0105 \u0142adowaniu elektrostatycznemu przez \u015brodki transportu lub transportowane towary.<\/p>\n<p>Nasze w\u00f3zki do beczek produkujemy na zam\u00f3wienie. Wystarczy skontaktowa\u0107 si\u0119 z nami bezpo\u015brednio w celu ustalenia wymiar\u00f3w i wyposa\u017cenia. Nasi eksperci ch\u0119tnie doradz\u0105.<\/p>","protected":false},"excerpt":{"rendered":"<p>W\u00f3zek b\u0119bnowy z k\u00f3\u0142kami ESD do pracy mobilnej<\/p>","protected":false},"featured_media":15456,"comment_status":"open","ping_status":"closed","template":"","meta":{"_acf_changed":false},"product_brand":[],"product_cat":[595,603,612,1421],"product_tag":[],"class_list":{"0":"post-10387","1":"product","2":"type-product","3":"status-publish","4":"has-post-thumbnail","6":"product_cat-ruehrwerkstechnik","7":"product_cat-fassruehrwerke","8":"product_cat-kleingebinderuehrwerke","9":"product_cat-zubehoer-ruehrwerkstechnik","10":"product_shipping_class-karton-paketversand","12":"first","13":"outofstock","14":"taxable","15":"shipping-taxable","16":"product-type-simple"},"bundled_by":[],"bundle_stock_status":"outofstock","bundle_stock_quantity":null,"bundle_virtual":false,"bundle_layout":"","bundle_add_to_cart_form_location":"","bundle_editable_in_cart":false,"bundle_sold_individually_context":"","bundle_item_grouping":"","bundle_min_size":"","bundle_max_size":"","bundle_price":[],"bundled_items":[],"bundle_sell_ids":[],"exclude_global_add_ons":[],"addons":[],"acf":[],"_links":{"self":[{"href":"https:\/\/ptm-mechatronics.com\/pl\/wp-json\/wp\/v2\/product\/10387","targetHints":{"allow":["GET"]}}],"collection":[{"href":"https:\/\/ptm-mechatronics.com\/pl\/wp-json\/wp\/v2\/product"}],"about":[{"href":"https:\/\/ptm-mechatronics.com\/pl\/wp-json\/wp\/v2\/types\/product"}],"replies":[{"embeddable":true,"href":"https:\/\/ptm-mechatronics.com\/pl\/wp-json\/wp\/v2\/comments?post=10387"}],"wp:featuredmedia":[{"embeddable":true,"href":"https:\/\/ptm-mechatronics.com\/pl\/wp-json\/wp\/v2\/media\/15456"}],"wp:attachment":[{"href":"https:\/\/ptm-mechatronics.com\/pl\/wp-json\/wp\/v2\/media?parent=10387"}],"wp:term":[{"taxonomy":"product_brand","embeddable":true,"href":"https:\/\/ptm-mechatronics.com\/pl\/wp-json\/wp\/v2\/product_brand?post=10387"},{"taxonomy":"product_cat","embeddable":true,"href":"https:\/\/ptm-mechatronics.com\/pl\/wp-json\/wp\/v2\/product_cat?post=10387"},{"taxonomy":"product_tag","embeddable":true,"href":"https:\/\/ptm-mechatronics.com\/pl\/wp-json\/wp\/v2\/product_tag?post=10387"}],"curies":[{"name":"wp","href":"https:\/\/api.w.org\/{rel}","templated":true}]}}