{"id":30,"date":"2022-11-10T16:18:31","date_gmt":"2022-11-10T15:18:31","guid":{"rendered":"http:\/\/wp14192964.server-he.de\/bezahlmoeglichkeiten\/"},"modified":"2022-12-06T09:54:43","modified_gmt":"2022-12-06T08:54:43","slug":"bezahlmoeglichkeiten","status":"publish","type":"page","link":"https:\/\/ptm-mechatronics.com\/pl\/bezahlmoeglichkeiten\/","title":{"rendered":"Metody p\u0142atno\u015bci"},"content":{"rendered":"<section class=\"section\" id=\"section_1187429686\">\n\t\t<div class=\"section-bg fill\" >\n\t\t\t\t\t\t\t\t\t\n\t\t\t\n\n\t\t<\/div>\n\n\t\t\n\n\t\t<div class=\"section-content relative\">\n\t\t\t\n<div class=\"row\"  id=\"row-392487096\">\n\n\t<div id=\"col-1548436518\" class=\"col small-12 large-12\"  >\n\t\t\t\t<div class=\"col-inner\"  >\n\t\t\t\n\t\t\t\n<h1 class=\"nitro-offscreen\">Opcje p\u0142atno\u015bci<\/h1>\n<p class=\"nitro-offscreen\">Oferujemy nast\u0119puj\u0105ce metody p\u0142atno\u015bci. Po prostu wybierz metod\u0119 p\u0142atno\u015bci, kt\u00f3ra najbardziej Ci odpowiada.<\/p>\n<p>-Klarna<\/p>\n<p>Faktura (Zakup na konto jest przetwarzany za po\u015brednictwem dostawcy us\u0142ug p\u0142atniczych Klarna Bank AB (\u201cKlarna\u201d). Oferta opcji p\u0142atno\u015bci zakup na konto nie istnieje dla wszystkich ofert w Picadera i wymaga, mi\u0119dzy innymi, pomy\u015blnie zako\u0144czonej weryfikacji to\u017csamo\u015bci i kredytowej).<\/p>\n<p>Polecenie zap\u0142aty (kwota p\u0142atno\u015bci jest nale\u017cna do zap\u0142aty za pomoc\u0105 polecenia zap\u0142aty po zawarciu umowy i zostanie pobrana z okre\u015blonego konta przez Klarna Bank AB (\u201cKlarna\u201d) po wyra\u017anej autoryzacji).<\/p>\n<p>-Karta kredytowa<\/p>\n<p>Wygodna p\u0142atno\u015b\u0107 kart\u0105 MasterCard, Visa lub American Express<\/p>\n<p>-Giropay<\/p>\n<p>P\u0142a\u0107 szybko, \u0142atwo i bezpiecznie przelewem bankowym online.<\/p>\n<p>-Przelewy24<\/p>\n<p>Bezpieczne, nieskomplikowane i szybkie p\u0142atno\u015bci w Polsce z Przelewy24.<\/p>\n<p>-Natychmiastowy przelew bankowy<\/p>\n<p>Po prostu zap\u0142a\u0107 za pomoc\u0105 Sofort \u00dcberweisung<\/p>\n<p>-Paypal<\/p>\n<p>P\u0142a\u0107 jeszcze szybciej i bezpieczniej za pomoc\u0105 konta PayPal.<\/p>\n<p>-Apple Pay<\/p>\n<p>Teraz mo\u017cesz r\u00f3wnie\u017c p\u0142aci\u0107 bezpo\u015brednio przez telefon kom\u00f3rkowy za pomoc\u0105 Apple Pay<\/p>\n\t\t<\/div>\n\t\t\t\t\t<\/div>\n\n\t\n<\/div>\n\t\t<\/div>\n\n\t\t\n<style>\n#section_1187429686 {\n  padding-top: 30px;\n  padding-bottom: 30px;\n}\n<\/style>\n\t<\/section>","protected":false},"excerpt":{"rendered":"","protected":false},"author":51,"featured_media":0,"parent":0,"menu_order":0,"comment_status":"closed","ping_status":"closed","template":"page-blank.php","meta":{"_acf_changed":false,"footnotes":""},"class_list":["post-30","page","type-page","status-publish","hentry"],"acf":[],"_links":{"self":[{"href":"https:\/\/ptm-mechatronics.com\/pl\/wp-json\/wp\/v2\/pages\/30","targetHints":{"allow":["GET"]}}],"collection":[{"href":"https:\/\/ptm-mechatronics.com\/pl\/wp-json\/wp\/v2\/pages"}],"about":[{"href":"https:\/\/ptm-mechatronics.com\/pl\/wp-json\/wp\/v2\/types\/page"}],"author":[{"embeddable":true,"href":"https:\/\/ptm-mechatronics.com\/pl\/wp-json\/wp\/v2\/users\/51"}],"replies":[{"embeddable":true,"href":"https:\/\/ptm-mechatronics.com\/pl\/wp-json\/wp\/v2\/comments?post=30"}],"version-history":[{"count":4,"href":"https:\/\/ptm-mechatronics.com\/pl\/wp-json\/wp\/v2\/pages\/30\/revisions"}],"predecessor-version":[{"id":67,"href":"https:\/\/ptm-mechatronics.com\/pl\/wp-json\/wp\/v2\/pages\/30\/revisions\/67"}],"wp:attachment":[{"href":"https:\/\/ptm-mechatronics.com\/pl\/wp-json\/wp\/v2\/media?parent=30"}],"curies":[{"name":"wp","href":"https:\/\/api.w.org\/{rel}","templated":true}]}}