{"id":29,"date":"2022-11-10T16:18:31","date_gmt":"2022-11-10T15:18:31","guid":{"rendered":"http:\/\/wp14192964.server-he.de\/versandarten\/"},"modified":"2024-01-18T11:48:05","modified_gmt":"2024-01-18T10:48:05","slug":"versandarten","status":"publish","type":"page","link":"https:\/\/ptm-mechatronics.com\/pl\/versandarten\/","title":{"rendered":"Metody wysy\u0142ki"},"content":{"rendered":"<section class=\"section\" id=\"section_1261573995\">\n\t\t<div class=\"section-bg fill\" >\n\t\t\t\t\t\t\t\t\t\n\t\t\t\n\n\t\t<\/div>\n\n\t\t\n\n\t\t<div class=\"section-content relative\">\n\t\t\t\n<div class=\"row\"  id=\"row-1421833036\">\n\n\t<div id=\"col-292535337\" class=\"col small-12 large-12\"  >\n\t\t\t\t<div class=\"col-inner\"  >\n\t\t\t\n\t\t\t\n<h1 class=\"nitro-offscreen\">Metody wysy\u0142ki<\/h1>\n<p class=\"nitro-offscreen\">Oferujemy nast\u0119puj\u0105ce opcje wysy\u0142ki:<\/p>\n<p>UPS<\/p>\n<p>Wysy\u0142ka z UPS na terenie Niemiec za zrycza\u0142towan\u0105 op\u0142at\u0105 za wysy\u0142k\u0119 w wysoko\u015bci<\/p>\n<p>15 \u20ac dla paczek do 30 kg<br \/>\n30 \u20ac dla paczek o wadze od 30,1 do 60 kg<br \/>\n45 \u20ac dla paczek o wadze 60,1 i 90 kg.<\/p>\n<p>Wysy\u0142ka z UPS na terenie UE za sta\u0142\u0105 op\u0142at\u0105 za wysy\u0142k\u0119 w wysoko\u015bci<\/p>\n<p>30 \u20ac dla paczek do 30 kg<br \/>\n60 \u20ac dla paczek o wadze od 30,1 do 60 kg<br \/>\n90 \u20ac dla paczek o wadze 60,1 i 90 kg.<\/p>\n<p>Wysy\u0142ka przez spedytora<\/p>\n<p>Wysy\u0142ka europalety na terenie Niemiec: Kod pocztowy 0-5 300 \u20ac Kod pocztowy 6-9 150 \u20ac<br \/>\nWysy\u0142ka palety specjalnej na terenie Niemiec: kod pocztowy 0-5 600 \u20ac kod pocztowy 6-9 300 \u20ac<\/p>\n<p>Spedycja europalety na terenie UE: na \u017c\u0105danie<br \/>\nSpedycja specjalnej palety na terenie UE: na \u017c\u0105danie<\/p>\n<p>Odbi\u00f3r na miejscu<\/p>\n<p>Mo\u017cesz r\u00f3wnie\u017c wygodnie odebra\u0107 od nas sw\u00f3j produkt na miejscu.<\/p>\n\t\t<\/div>\n\t\t\t\t\t<\/div>\n\n\t\n<\/div>\n\t\t<\/div>\n\n\t\t\n<style>\n#section_1261573995 {\n  padding-top: 30px;\n  padding-bottom: 30px;\n}\n<\/style>\n\t<\/section>","protected":false},"excerpt":{"rendered":"","protected":false},"author":51,"featured_media":0,"parent":0,"menu_order":0,"comment_status":"closed","ping_status":"closed","template":"page-blank.php","meta":{"_acf_changed":false,"footnotes":""},"class_list":["post-29","page","type-page","status-publish","hentry"],"acf":[],"_links":{"self":[{"href":"https:\/\/ptm-mechatronics.com\/pl\/wp-json\/wp\/v2\/pages\/29","targetHints":{"allow":["GET"]}}],"collection":[{"href":"https:\/\/ptm-mechatronics.com\/pl\/wp-json\/wp\/v2\/pages"}],"about":[{"href":"https:\/\/ptm-mechatronics.com\/pl\/wp-json\/wp\/v2\/types\/page"}],"author":[{"embeddable":true,"href":"https:\/\/ptm-mechatronics.com\/pl\/wp-json\/wp\/v2\/users\/51"}],"replies":[{"embeddable":true,"href":"https:\/\/ptm-mechatronics.com\/pl\/wp-json\/wp\/v2\/comments?post=29"}],"version-history":[{"count":7,"href":"https:\/\/ptm-mechatronics.com\/pl\/wp-json\/wp\/v2\/pages\/29\/revisions"}],"predecessor-version":[{"id":7585,"href":"https:\/\/ptm-mechatronics.com\/pl\/wp-json\/wp\/v2\/pages\/29\/revisions\/7585"}],"wp:attachment":[{"href":"https:\/\/ptm-mechatronics.com\/pl\/wp-json\/wp\/v2\/media?parent=29"}],"curies":[{"name":"wp","href":"https:\/\/api.w.org\/{rel}","templated":true}]}}