{"id":28,"date":"2022-11-10T16:18:31","date_gmt":"2022-11-10T15:18:31","guid":{"rendered":"http:\/\/wp14192964.server-he.de\/widerrufsbelehrung\/"},"modified":"2025-06-02T13:18:38","modified_gmt":"2025-06-02T11:18:38","slug":"widerrufsbelehrung","status":"publish","type":"page","link":"https:\/\/ptm-mechatronics.com\/pl\/widerrufsbelehrung\/","title":{"rendered":"Widerrufsbelehrung"},"content":{"rendered":"<h3 data-start=\"269\" data-end=\"308\"><span class=\"_fadeIn_m1hgl_8\">Brak\u00a0<\/span><span class=\"_fadeIn_m1hgl_8\">Prawo do anulowania\u00a0<\/span><span class=\"_fadeIn_m1hgl_8\">dla\u00a0<\/span><span class=\"_fadeIn_m1hgl_8\">Przedsi\u0119biorca<\/span><\/h3>\n<p data-start=\"310\" data-end=\"601\"><span class=\"_fadeIn_m1hgl_8\">Nasz\u00a0<\/span><span class=\"_fadeIn_m1hgl_8\">Oferta\u00a0<\/span><span class=\"_fadeIn_m1hgl_8\">skierowany\u00a0<\/span><span class=\"_fadeIn_m1hgl_8\">sam\u00a0<\/span><span class=\"_fadeIn_m1hgl_8\">wy\u0142\u0105cznie\u00a0<\/span><span class=\"_fadeIn_m1hgl_8\">na\u00a0<\/span><span class=\"_fadeIn_m1hgl_8\">Przedsi\u0119biorca\u00a0<\/span><span class=\"_fadeIn_m1hgl_8\">w\u00a0<\/span><span class=\"_fadeIn_m1hgl_8\">Zmys\u0142y\u00a0<\/span><span class=\"_fadeIn_m1hgl_8\">z\u00a0<a href=\"https:\/\/www.gesetze-im-internet.de\/bgb\/__14.html\" target=\"_blank\" rel=\"noopener\">\u00a7\u00a0<\/a><\/span><span class=\"_fadeIn_m1hgl_8\">14\u00a0<\/span><span class=\"_fadeIn_m1hgl_8\">NIEMIECKI KODEKS CYWILNY<\/span><span class=\"_fadeIn_m1hgl_8\">,\u00a0<\/span><span class=\"_fadeIn_m1hgl_8\">wi\u0119c\u00a0<\/span><span class=\"_fadeIn_m1hgl_8\">na\u00a0<\/span><span class=\"_fadeIn_m1hgl_8\">naturalny\u00a0<\/span><span class=\"_fadeIn_m1hgl_8\">lub\u00a0<\/span><span class=\"_fadeIn_m1hgl_8\">legalny\u00a0<\/span><span class=\"_fadeIn_m1hgl_8\">Osoby\u00a0<\/span><span class=\"_fadeIn_m1hgl_8\">resp.\u00a0<\/span><span class=\"_fadeIn_m1hgl_8\">ze zdolno\u015bci\u0105 do czynno\u015bci prawnych\u00a0<\/span><span class=\"_fadeIn_m1hgl_8\">Partnerstwa,\u00a0<\/span><span class=\"_fadeIn_m1hgl_8\">w\u00a0<\/span><span class=\"_fadeIn_m1hgl_8\">z\u00a0<\/span><span class=\"_fadeIn_m1hgl_8\">Wnioski\u00a0<\/span><span class=\"_fadeIn_m1hgl_8\">z\u00a0<\/span><span class=\"_fadeIn_m1hgl_8\">Transakcja prawna\u00a0<\/span><span class=\"_fadeIn_m1hgl_8\">w\u00a0<\/span><span class=\"_fadeIn_m1hgl_8\">\u0106wiczenie\u00a0<\/span><span class=\"_fadeIn_m1hgl_8\">ich\u00a0<\/span><span class=\"_fadeIn_m1hgl_8\">komercyjny\u00a0<\/span><span class=\"_fadeIn_m1hgl_8\">lub\u00a0<\/span><span class=\"_fadeIn_m1hgl_8\">niezale\u017cny\u00a0<\/span><span class=\"_fadeIn_m1hgl_8\">profesjonalista\u00a0<\/span><span class=\"_fadeIn_m1hgl_8\">Aktywno\u015b\u0107\u00a0<\/span><span class=\"_fadeIn_m1hgl_8\">dzia\u0142a\u0107.<\/span><\/p>\n<p data-start=\"603\" data-end=\"659\"><span class=\"_fadeIn_m1hgl_8\">A\u00a0<\/span><span class=\"_fadeIn_m1hgl_8\">legalny\u00a0<\/span><span class=\"_fadeIn_m1hgl_8\">Prawo do anulowania\u00a0<\/span><span class=\"_fadeIn_m1hgl_8\">istnieje\u00a0<\/span><span class=\"_fadeIn_m1hgl_8\">w zwi\u0105zku z tym\u00a0<\/span><span class=\"_fadeIn_m1hgl_8\">nie.<\/span><\/p>\n<h3 data-start=\"661\" data-end=\"699\"><span class=\"_fadeIn_m1hgl_8\">Dlaczego\u00a0<\/span><span class=\"_fadeIn_m1hgl_8\">Nie dotyczy\u00a0<\/span><span class=\"_fadeIn_m1hgl_8\">w\u00a0<\/span><span class=\"_fadeIn_m1hgl_8\">Prawo do anulowania?<\/span><\/h3>\n<p data-start=\"701\" data-end=\"976\"><span class=\"_fadeIn_m1hgl_8\">The\u00a0<\/span><span class=\"_fadeIn_m1hgl_8\">Prawo do anulowania\u00a0<\/span><span class=\"_fadeIn_m1hgl_8\">do\u00a0<a href=\"https:\/\/www.gesetze-im-internet.de\/bgb\/__355.html\" target=\"_blank\" rel=\"noopener\">\u00a7\u00a0<\/a><\/span><a href=\"https:\/\/ptm-mechatronics.com\/pl\/widerrufsrecht\/_wp_link_placeholder\/\"><span class=\"_fadeIn_m1hgl_8\">355\u00a0<\/span><span class=\"_fadeIn_m1hgl_8\">NIEMIECKI KODEKS CYWILNY\u00a0<\/span><\/a><span class=\"_fadeIn_m1hgl_8\">dotyczy\u00a0<\/span><span class=\"_fadeIn_m1hgl_8\">wy\u0142\u0105cznie\u00a0<\/span><span class=\"_fadeIn_m1hgl_8\">dla\u00a0<\/span><span class=\"_fadeIn_m1hgl_8\">Konsumenci.\u00a0<\/span><span class=\"_fadeIn_m1hgl_8\">Od\u00a0<\/span><span class=\"_fadeIn_m1hgl_8\">my\u00a0<\/span><span class=\"_fadeIn_m1hgl_8\">wy\u0142\u0105cznie\u00a0<\/span><span class=\"_fadeIn_m1hgl_8\">z\u00a0<\/span><span class=\"_fadeIn_m1hgl_8\">Klienci biznesowi\u00a0<\/span><span class=\"_fadeIn_m1hgl_8\">wsp\u00f3\u0142pracowa\u0107,\u00a0<\/span><span class=\"_fadeIn_m1hgl_8\">Nie dotyczy\u00a0<\/span><span class=\"_fadeIn_m1hgl_8\">w\u00a0<\/span><span class=\"_fadeIn_m1hgl_8\">Obowi\u0105zkowe\u00a0<\/span><span class=\"_fadeIn_m1hgl_8\">do\u00a0<\/span><span class=\"_fadeIn_m1hgl_8\">Koncesja\u00a0<\/span><span class=\"_fadeIn_m1hgl_8\">jeden\u00a0<\/span><span class=\"_fadeIn_m1hgl_8\">taki\u00a0<\/span><span class=\"_fadeIn_m1hgl_8\">Prawo do odst\u0105pienia od umowy.\u00a0<\/span><span class=\"_fadeIn_m1hgl_8\">Te\u00a0<\/span><span class=\"_fadeIn_m1hgl_8\">Rozporz\u0105dzenie\u00a0<\/span><span class=\"_fadeIn_m1hgl_8\">s\u0142u\u017cy\u00a0<\/span><span class=\"_fadeIn_m1hgl_8\">w\u00a0<\/span><span class=\"_fadeIn_m1hgl_8\">Przejrzysto\u015b\u0107\u00a0<\/span><span class=\"_fadeIn_m1hgl_8\">i\u00a0<\/span><span class=\"_fadeIn_m1hgl_8\">w\u00a0<\/span><span class=\"_fadeIn_m1hgl_8\">Sprawiedliwo\u015b\u0107\u00a0<\/span><span class=\"_fadeIn_m1hgl_8\">w\u00a0<\/span><span class=\"_fadeIn_m1hgl_8\">biznes\u00a0<\/span><span class=\"_fadeIn_m1hgl_8\">Ruch drogowy.<\/span><\/p>\n<h3 data-start=\"978\" data-end=\"1015\"><span class=\"_fadeIn_m1hgl_8\">Nasz\u00a0<\/span><span class=\"_fadeIn_m1hgl_8\">dobrowolny\u00a0<\/span><span class=\"_fadeIn_m1hgl_8\">Rezerwa na warto\u015b\u0107 firmy<\/span><\/h3>\n<p data-start=\"1017\" data-end=\"1322\"><span class=\"_fadeIn_m1hgl_8\">R\u00f3wnie\u017c\u00a0<\/span><span class=\"_fadeIn_m1hgl_8\">kiedy\u00a0<\/span><span class=\"_fadeIn_m1hgl_8\">brak\u00a0<\/span><span class=\"_fadeIn_m1hgl_8\">legalny\u00a0<\/span><span class=\"_fadeIn_m1hgl_8\">Roszczenie\u00a0<\/span><span class=\"_fadeIn_m1hgl_8\">na\u00a0<\/span><span class=\"_fadeIn_m1hgl_8\">Cofni\u0119cie\u00a0<\/span><span class=\"_fadeIn_m1hgl_8\">istnieje,\u00a0<\/span><span class=\"_fadeIn_m1hgl_8\">jest\u00a0<\/span><span class=\"_fadeIn_m1hgl_8\">my\u00a0<\/span><span class=\"_fadeIn_m1hgl_8\">Tw\u00f3j\u00a0<\/span><span class=\"_fadeIn_m1hgl_8\">Zadowolenie\u00a0<\/span><span class=\"_fadeIn_m1hgl_8\">wa\u017cne.\u00a0<\/span><span class=\"_fadeIn_m1hgl_8\">Powinien\u00a0<\/span><span class=\"_fadeIn_m1hgl_8\">to\u00a0<\/span><span class=\"_fadeIn_m1hgl_8\">raz\u00a0<\/span><span class=\"_fadeIn_m1hgl_8\">do\u00a0<\/span><span class=\"_fadeIn_m1hgl_8\">problemy\u00a0<\/span><span class=\"_fadeIn_m1hgl_8\">z\u00a0<\/span><span class=\"_fadeIn_m1hgl_8\">jeden\u00a0<\/span><span class=\"_fadeIn_m1hgl_8\">dostawa\u00a0<\/span><span class=\"_fadeIn_m1hgl_8\">lub\u00a0<\/span><span class=\"_fadeIn_m1hgl_8\">jeden\u00a0<\/span><span class=\"_fadeIn_m1hgl_8\">Produkt\u00a0<\/span><span class=\"_fadeIn_m1hgl_8\">przyj\u015b\u0107,\u00a0<\/span><span class=\"_fadeIn_m1hgl_8\">zestaw\u00a0<\/span><span class=\"_fadeIn_m1hgl_8\">Ty\u00a0<\/span><span class=\"_fadeIn_m1hgl_8\">sam\u00a0<\/span><span class=\"_fadeIn_m1hgl_8\">prosz\u0119\u00a0<\/span><span class=\"_fadeIn_m1hgl_8\">z\u00a0<\/span><span class=\"_fadeIn_m1hgl_8\">my\u00a0<\/span><span class=\"_fadeIn_m1hgl_8\">w\u00a0<\/span><span class=\"_fadeIn_m1hgl_8\">Po\u0142\u0105czenie.\u00a0<\/span><span class=\"_fadeIn_m1hgl_8\">My\u00a0<\/span><span class=\"_fadeIn_m1hgl_8\">czek\u00a0<\/span><span class=\"_fadeIn_m1hgl_8\">razem\u00a0<\/span><span class=\"_fadeIn_m1hgl_8\">jeden\u00a0<\/span><span class=\"_fadeIn_m1hgl_8\">Zorientowany na klienta\u00a0<\/span><span class=\"_fadeIn_m1hgl_8\">Rozwi\u0105zanie\u00a0<\/span><span class=\"_fadeIn_m1hgl_8\">w\u00a0<\/span><span class=\"_fadeIn_m1hgl_8\">Rama\u00a0<\/span><span class=\"_fadeIn_m1hgl_8\">nasz\u00a0<\/span><span class=\"_fadeIn_m1hgl_8\">Rezerwa na warto\u015b\u0107 firmy<\/span><span class=\"_fadeIn_m1hgl_8\">.<\/span><\/p>\n<p data-start=\"1324\" data-end=\"1439\"><span class=\"_fadeIn_m1hgl_8\">Skontaktuj si\u0119 z nami\u00a0<\/span><span class=\"_fadeIn_m1hgl_8\">Ty\u00a0<\/span><span class=\"_fadeIn_m1hgl_8\">my\u00a0<\/span><span class=\"_fadeIn_m1hgl_8\">dodatkowo\u00a0<\/span><span class=\"_fadeIn_m1hgl_8\">prosty\u00a0<\/span><span class=\"_fadeIn_m1hgl_8\">za\u00a0<\/span><span class=\"_fadeIn_m1hgl_8\">E-<\/span><span class=\"_fadeIn_m1hgl_8\">Poczta\u00a0<\/span><span class=\"_fadeIn_m1hgl_8\">pod adresem info@ptm-mechatronics.<\/span><span class=\"_fadeIn_m1hgl_8\">com<\/span>\u00a0<span class=\"_fadeIn_m1hgl_8\">lub\u00a0<\/span><span class=\"_fadeIn_m1hgl_8\">telefonicznie\u00a0<\/span><span class=\"_fadeIn_m1hgl_8\">pod +<\/span><span class=\"_fadeIn_m1hgl_8\">49 8134 25 797 0<\/span><span class=\"_fadeIn_m1hgl_8\">.<\/span><\/p>\n<h3 data-start=\"1441\" data-end=\"1466\"><span class=\"_fadeIn_m1hgl_8\">Wi\u0119cej\u00a0<\/span><span class=\"_fadeIn_m1hgl_8\">Informacje na temat<\/span><\/h3>\n<p data-start=\"1468\" data-end=\"1655\"><span class=\"_fadeIn_m1hgl_8\">Szczeg\u00f3\u0142owy\u00a0<\/span><span class=\"_fadeIn_m1hgl_8\">Informacje na temat\u00a0<\/span><span class=\"_fadeIn_m1hgl_8\">Znajd\u017a\u00a0<\/span><span class=\"_fadeIn_m1hgl_8\">Ty\u00a0<\/span><span class=\"_fadeIn_m1hgl_8\">w\u00a0<\/span><span class=\"_fadeIn_m1hgl_8\">nasze\u00a0<\/span><a href=\"https:\/\/ptm-mechatronics.com\/pl\/agb\/\" target=\"_blank\" rel=\"noopener\"><span class=\"_fadeIn_m1hgl_8\">Og\u00f3lne\u00a0<\/span><span class=\"_fadeIn_m1hgl_8\">Warunki (<\/span><span class=\"_fadeIn_m1hgl_8\">GTC)<\/span><\/a><span class=\"_fadeIn_m1hgl_8\">,\u00a0<\/span><span class=\"_fadeIn_m1hgl_8\">w\u00a0<\/span><span class=\"_fadeIn_m1hgl_8\">te\u00a0<\/span><span class=\"_fadeIn_m1hgl_8\">r\u00f3wnie\u017c\u00a0<\/span><span class=\"_fadeIn_m1hgl_8\">regulowany\u00a0<\/span><span class=\"_fadeIn_m1hgl_8\">jest,\u00a0<\/span><span class=\"_fadeIn_m1hgl_8\">\u017ce\u00a0<\/span><span class=\"_fadeIn_m1hgl_8\">nasz\u00a0<\/span><span class=\"_fadeIn_m1hgl_8\">Oferta\u00a0<\/span><span class=\"_fadeIn_m1hgl_8\">wy\u0142\u0105cznie\u00a0<\/span><span class=\"_fadeIn_m1hgl_8\">dla\u00a0<\/span><span class=\"_fadeIn_m1hgl_8\">komercyjny\u00a0<\/span><span class=\"_fadeIn_m1hgl_8\">Klienci\u00a0<\/span><span class=\"_fadeIn_m1hgl_8\">dotyczy.<\/span><\/p>","protected":false},"excerpt":{"rendered":"<p>Kein\u00a0Widerrufsrecht\u00a0f\u00fcr\u00a0Unternehmer Unser\u00a0Angebot\u00a0richtet\u00a0sich\u00a0ausschlie\u00dflich\u00a0an\u00a0Unternehmer\u00a0im\u00a0Sinne\u00a0des\u00a0\u00a7\u00a014\u00a0BGB,\u00a0also\u00a0an\u00a0nat\u00fcrliche\u00a0oder\u00a0juristische\u00a0Personen\u00a0bzw.\u00a0rechtsf\u00e4hige\u00a0Personengesellschaften,\u00a0die\u00a0bei\u00a0Abschluss\u00a0des\u00a0Rechtsgesch\u00e4fts\u00a0in\u00a0Aus\u00fcbung\u00a0ihrer\u00a0gewerblichen\u00a0oder\u00a0selbstst\u00e4ndigen\u00a0beruflichen\u00a0T\u00e4tigkeit\u00a0handeln. Ein\u00a0gesetzliches\u00a0Widerrufsrecht\u00a0besteht\u00a0daher\u00a0nicht. Warum\u00a0entf\u00e4llt\u00a0das\u00a0Widerrufsrecht? Das\u00a0Widerrufsrecht\u00a0nach\u00a0\u00a7\u00a0355\u00a0BGB\u00a0gilt\u00a0ausschlie\u00dflich\u00a0f\u00fcr\u00a0Verbraucher.\u00a0Da\u00a0wir\u00a0ausschlie\u00dflich\u00a0mit\u00a0Gesch\u00e4ftskunden\u00a0zusammenarbeiten,\u00a0entf\u00e4llt\u00a0die\u00a0Pflicht\u00a0zur\u00a0Einr\u00e4umung\u00a0eines\u00a0solchen\u00a0Widerrufsrechts.\u00a0Diese\u00a0Regelung\u00a0dient\u00a0der\u00a0Klarheit\u00a0und\u00a0der\u00a0Fairness\u00a0im\u00a0gesch\u00e4ftlichen\u00a0Verkehr. Unsere\u00a0freiwillige\u00a0Kulanzregelung Auch\u00a0wenn\u00a0kein\u00a0gesetzlicher\u00a0Anspruch\u00a0auf\u00a0Widerruf\u00a0besteht,\u00a0ist\u00a0uns\u00a0Ihre\u00a0Zufriedenheit\u00a0wichtig.\u00a0Sollte\u00a0es\u00a0einmal\u00a0zu\u00a0Problemen\u00a0mit\u00a0einer\u00a0Lieferung\u00a0oder\u00a0einem\u00a0Produkt\u00a0kommen,\u00a0setzen\u00a0Sie\u00a0sich\u00a0bitte\u00a0mit\u00a0uns\u00a0in\u00a0Verbindung.\u00a0Wir\u00a0pr\u00fcfen\u00a0gemeinsam\u00a0eine\u00a0kundenorientierte\u00a0L\u00f6sung\u00a0im\u00a0Rahmen\u00a0unserer\u00a0Kulanzregelung. Kontaktieren\u00a0Sie\u00a0uns\u00a0dazu\u00a0einfach\u00a0per\u00a0E-Mail\u00a0unter info@ptm-mechatronics.com\u00a0oder\u00a0telefonisch\u00a0unter +49 8134 25 797 0. Weitere\u00a0Informationen Ausf\u00fchrliche\u00a0Informationen\u00a0finden\u00a0Sie\u00a0in\u00a0unseren\u00a0Allgemeinen\u00a0Gesch\u00e4ftsbedingungen (AGB),\u00a0in\u00a0denen\u00a0auch\u00a0geregelt\u00a0ist,\u00a0dass\u00a0unser\u00a0Angebot\u00a0ausschlie\u00dflich\u00a0f\u00fcr\u00a0gewerbliche\u00a0Kunden\u00a0gilt.<\/p>","protected":false},"author":51,"featured_media":0,"parent":0,"menu_order":0,"comment_status":"closed","ping_status":"closed","template":"page-blank.php","meta":{"_acf_changed":false,"footnotes":""},"class_list":["post-28","page","type-page","status-publish","hentry"],"acf":[],"_links":{"self":[{"href":"https:\/\/ptm-mechatronics.com\/pl\/wp-json\/wp\/v2\/pages\/28","targetHints":{"allow":["GET"]}}],"collection":[{"href":"https:\/\/ptm-mechatronics.com\/pl\/wp-json\/wp\/v2\/pages"}],"about":[{"href":"https:\/\/ptm-mechatronics.com\/pl\/wp-json\/wp\/v2\/types\/page"}],"author":[{"embeddable":true,"href":"https:\/\/ptm-mechatronics.com\/pl\/wp-json\/wp\/v2\/users\/51"}],"replies":[{"embeddable":true,"href":"https:\/\/ptm-mechatronics.com\/pl\/wp-json\/wp\/v2\/comments?post=28"}],"version-history":[{"count":8,"href":"https:\/\/ptm-mechatronics.com\/pl\/wp-json\/wp\/v2\/pages\/28\/revisions"}],"predecessor-version":[{"id":13766,"href":"https:\/\/ptm-mechatronics.com\/pl\/wp-json\/wp\/v2\/pages\/28\/revisions\/13766"}],"wp:attachment":[{"href":"https:\/\/ptm-mechatronics.com\/pl\/wp-json\/wp\/v2\/media?parent=28"}],"curies":[{"name":"wp","href":"https:\/\/api.w.org\/{rel}","templated":true}]}}