{"id":15999,"date":"2026-01-28T11:12:58","date_gmt":"2026-01-28T10:12:58","guid":{"rendered":"https:\/\/ptm-mechatronics.com\/?page_id=15999"},"modified":"2026-05-07T08:56:17","modified_gmt":"2026-05-07T06:56:17","slug":"dokumentation","status":"publish","type":"page","link":"https:\/\/ptm-mechatronics.com\/pl\/dokumentation\/","title":{"rendered":"Dokumentacja"},"content":{"rendered":"<div class=\"banner has-hover\" id=\"banner-1913746792\">\n          <div class=\"banner-inner fill\">\n        <div class=\"banner-bg fill\" >\n                                                \n                    <\/div>\n\t\t\n        <div class=\"banner-layers container\">\n            <div class=\"fill banner-link\"><\/div>            \n   <div id=\"text-box-207568674\" class=\"text-box banner-layer x50 md-x50 lg-x50 y50 md-y50 lg-y50 res-text\">\n                                <div class=\"text-box-content text dark\">\n              \n              <div class=\"text-inner text-center\">\n                  \n<h1><span style=\"font-size: 90%;\">Dokumentacja<\/span><\/h1>\n              <\/div>\n           <\/div>\n                            \n<style>\n#text-box-207568674 {\n  width: 60%;\n}\n#text-box-207568674 .text-box-content {\n  font-size: 100%;\n}\n<\/style>\n    <\/div>\n \n        <\/div>\n      <\/div>\n\n            \n<style>\n#banner-1913746792 {\n  padding-top: 200px;\n}\n<\/style>\n  <\/div>\n\n\n\n\t<section class=\"section\" id=\"section_1585197372\">\n\t\t<div class=\"section-bg fill\" >\n\t\t\t\t\t\t\t\t\t\n\t\t\t\n\n\t\t<\/div>\n\n\t\t\n\n\t\t<div class=\"section-content relative\">\n\t\t\t\n<div class=\"row row-small align-equal\"  id=\"row-1914562473\">\n\n\t<div id=\"col-375998868\" class=\"col medium-3 small-12 large-3\"  >\n\t\t\t\t<div class=\"col-inner\" style=\"background-color:rgb(41, 109, 173);\" >\n\t\t\t\n\t\t\t\n\t<div id=\"text-4285837317\" class=\"text\">\n\t\t\n<p>Model<\/p>\n\t\t\n<style>\n#text-4285837317 {\n  text-align: center;\n  color: rgb(255, 255, 255);\n}\n#text-4285837317 > * {\n  color: rgb(255, 255, 255);\n}\n<\/style>\n\t<\/div>\n\t\n\t\t<\/div>\n\t\t\t\t\n<style>\n#col-375998868 > .col-inner {\n  padding: 10px 10px 0px 10px;\n}\n<\/style>\n\t<\/div>\n\n\t\n\n\t<div id=\"col-1472972315\" class=\"col medium-3 small-12 large-3\"  >\n\t\t\t\t<div class=\"col-inner\" style=\"background-color:rgb(41, 109, 173);\" >\n\t\t\t\n\t\t\t\n\t<div id=\"text-2092200620\" class=\"text\">\n\t\t\n<p>Dokument<\/p>\n\t\t\n<style>\n#text-2092200620 {\n  text-align: center;\n  color: rgb(255, 255, 255);\n}\n#text-2092200620 > * {\n  color: rgb(255, 255, 255);\n}\n<\/style>\n\t<\/div>\n\t\n\t\t<\/div>\n\t\t\t\t\n<style>\n#col-1472972315 > .col-inner {\n  padding: 10px 10px 0px 10px;\n}\n<\/style>\n\t<\/div>\n\n\t\n\n\t<div id=\"col-2137627132\" class=\"col medium-3 small-12 large-3\"  >\n\t\t\t\t<div class=\"col-inner\" style=\"background-color:rgb(41, 109, 173);\" >\n\t\t\t\n\t\t\t\n\t<div id=\"text-2927825005\" class=\"text\">\n\t\t\n<p>J\u0119zyk<\/p>\n\t\t\n<style>\n#text-2927825005 {\n  text-align: center;\n  color: rgb(255, 255, 255);\n}\n#text-2927825005 > * {\n  color: rgb(255, 255, 255);\n}\n<\/style>\n\t<\/div>\n\t\n\t\t<\/div>\n\t\t\t\t\n<style>\n#col-2137627132 > .col-inner {\n  padding: 10px 10px 0px 10px;\n}\n<\/style>\n\t<\/div>\n\n\t\n\n\t<div id=\"col-322981245\" class=\"col medium-3 small-12 large-3\"  >\n\t\t\t\t<div class=\"col-inner\" style=\"background-color:rgb(41, 109, 173);\" >\n\t\t\t\n\t\t\t\n\t<div id=\"text-3969127230\" class=\"text\">\n\t\t\n<p>pobieranie<\/p>\n\t\t\n<style>\n#text-3969127230 {\n  text-align: center;\n  color: rgb(255, 255, 255);\n}\n#text-3969127230 > * {\n  color: rgb(255, 255, 255);\n}\n<\/style>\n\t<\/div>\n\t\n\t\t<\/div>\n\t\t\t\t\n<style>\n#col-322981245 > .col-inner {\n  padding: 10px 10px 0px 10px;\n}\n<\/style>\n\t<\/div>\n\n\t\n<\/div>\n<div class=\"row row-small align-equal\"  id=\"row-1375177874\">\n\n\t<div id=\"col-418665988\" class=\"col medium-3 small-12 large-3\"  >\n\t\t\t\t<div class=\"col-inner\" style=\"background-color:rgb(239, 239, 239);\" >\n\t\t\t\n\t\t\t\n<p>Silniki pneumatyczne<br \/>BASIC, ATEX, INOX, IP67<br \/>0450\/0900\/1800\/3600\/7200<\/p>\n\t\t<\/div>\n\t\t\t\t\n<style>\n#col-418665988 > .col-inner {\n  padding: 10px 10px 0px 10px;\n}\n<\/style>\n\t<\/div>\n\n\t\n\n\t<div id=\"col-2054955438\" class=\"col medium-3 small-12 large-3\"  >\n\t\t\t\t<div class=\"col-inner\" style=\"background-color:rgb(239, 239, 239);\" >\n\t\t\t\n\t\t\t\n<p>Instrukcja monta\u017cu i obs\u0142ugi<\/p>\n\t\t<\/div>\n\t\t\t\t\n<style>\n#col-2054955438 > .col-inner {\n  padding: 10px 10px 0px 10px;\n}\n<\/style>\n\t<\/div>\n\n\t\n\n\t<div id=\"col-1720472687\" class=\"col medium-3 small-12 large-3\"  >\n\t\t\t\t<div class=\"col-inner\" style=\"background-color:rgb(239, 239, 239);\" >\n\t\t\t\n\t\t\t\n<p>Niemiecki \/ Angielski<\/p>\n\t\t<\/div>\n\t\t\t\t\n<style>\n#col-1720472687 > .col-inner {\n  padding: 10px 10px 0px 10px;\n}\n<\/style>\n\t<\/div>\n\n\t\n\n\t<div id=\"col-450432428\" class=\"col medium-3 small-12 large-3\"  >\n\t\t\t\t<div class=\"col-inner text-center\"  >\n\t\t\t\n\t\t\t\n<a href=\"https:\/\/ptm-mechatronics.com\/wp-content\/uploads\/2026\/01\/PMO_V4.pdf\" target=\"_blank\" class=\"button primary expand\" rel=\"noopener\" style=\"border-radius:10px;\">\n\t\t<span>Instrukcja obs\u0142ugi V4<\/span>\n\t<\/a>\n\n\t\t<\/div>\n\t\t\t\t\t<\/div>\n\n\t\n<\/div>\n<div class=\"row row-small align-equal\"  id=\"row-2073042161\">\n\n\t<div id=\"col-437279265\" class=\"col medium-3 small-12 large-3\"  >\n\t\t\t\t<div class=\"col-inner\" style=\"background-color:rgb(239, 239, 239);\" >\n\t\t\t\n\t\t\t\n<p>Mieszad\u0142o nap\u0119dza pneumatycznie.<br \/>eco, eco-Drive<br \/>0450\/0900\/1800\/3600\/6500<\/p>\n\t\t<\/div>\n\t\t\t\t\n<style>\n#col-437279265 > .col-inner {\n  padding: 10px 10px 0px 10px;\n}\n<\/style>\n\t<\/div>\n\n\t\n\n\t<div id=\"col-1898350665\" class=\"col medium-3 small-12 large-3\"  >\n\t\t\t\t<div class=\"col-inner\" style=\"background-color:rgb(239, 239, 239);\" >\n\t\t\t\n\t\t\t\n<p>Instrukcja monta\u017cu i obs\u0142ugi<\/p>\n\t\t<\/div>\n\t\t\t\t\n<style>\n#col-1898350665 > .col-inner {\n  padding: 10px 10px 0px 10px;\n}\n<\/style>\n\t<\/div>\n\n\t\n\n\t<div id=\"col-2027186900\" class=\"col medium-3 small-12 large-3\"  >\n\t\t\t\t<div class=\"col-inner\" style=\"background-color:rgb(239, 239, 239);\" >\n\t\t\t\n\t\t\t\n<p>Niemiecki \/ Angielski<\/p>\n\t\t<\/div>\n\t\t\t\t\n<style>\n#col-2027186900 > .col-inner {\n  padding: 10px 10px 0px 10px;\n}\n<\/style>\n\t<\/div>\n\n\t\n\n\t<div id=\"col-362839962\" class=\"col medium-3 small-12 large-3\"  >\n\t\t\t\t<div class=\"col-inner text-center\"  >\n\t\t\t\n\t\t\t\n<a href=\"https:\/\/ptm-mechatronics.com\/wp-content\/uploads\/2026\/01\/eco_V2.pdf\" target=\"_blank\" class=\"button primary expand\" rel=\"noopener\" style=\"border-radius:10px;\">\n\t\t<span>Instrukcja obs\u0142ugi V2<\/span>\n\t<\/a>\n\n<a href=\"https:\/\/ptm-mechatronics.com\/wp-content\/uploads\/2026\/04\/eco_V3.pdf\" target=\"_blank\" class=\"button primary expand\" rel=\"noopener\" style=\"border-radius:10px;\">\n\t\t<span>Instrukcja obs\u0142ugi V3<\/span>\n\t<\/a>\n\n\t\t<\/div>\n\t\t\t\t\t<\/div>\n\n\t\n<\/div>\n<div class=\"row row-small align-equal\"  id=\"row-2026659563\">\n\n\t<div id=\"col-218783332\" class=\"col medium-3 small-12 large-3\"  >\n\t\t\t\t<div class=\"col-inner\" style=\"background-color:rgb(239, 239, 239);\" >\n\t\t\t\n\t\t\t\n<p>Mieszad\u0142o nap\u0119dza pneumatycznie.<br \/>eco-Seal light, eco-Seal pro, eco-Seal INOX<\/p>\n\t\t<\/div>\n\t\t\t\t\n<style>\n#col-218783332 > .col-inner {\n  padding: 10px 10px 0px 10px;\n}\n<\/style>\n\t<\/div>\n\n\t\n\n\t<div id=\"col-1159393455\" class=\"col medium-3 small-12 large-3\"  >\n\t\t\t\t<div class=\"col-inner\" style=\"background-color:rgb(239, 239, 239);\" >\n\t\t\t\n\t\t\t\n<p>Instrukcja obs\u0142ugi<\/p>\n\t\t<\/div>\n\t\t\t\t\n<style>\n#col-1159393455 > .col-inner {\n  padding: 10px 10px 0px 10px;\n}\n<\/style>\n\t<\/div>\n\n\t\n\n\t<div id=\"col-200431567\" class=\"col medium-3 small-12 large-3\"  >\n\t\t\t\t<div class=\"col-inner\" style=\"background-color:rgb(239, 239, 239);\" >\n\t\t\t\n\t\t\t\n<p>Niemiecki \/ Angielski<\/p>\n\t\t<\/div>\n\t\t\t\t\n<style>\n#col-200431567 > .col-inner {\n  padding: 10px 10px 0px 10px;\n}\n<\/style>\n\t<\/div>\n\n\t\n\n\t<div id=\"col-748753099\" class=\"col medium-3 small-12 large-3\"  >\n\t\t\t\t<div class=\"col-inner text-center\"  >\n\t\t\t\n\t\t\t\n<a href=\"https:\/\/ptm-mechatronics.com\/wp-content\/uploads\/2026\/01\/Seal_V3.pdf\" target=\"_blank\" class=\"button primary expand\" rel=\"noopener\" style=\"border-radius:10px;\">\n\t\t<span>Instrukcja obs\u0142ugi V3<\/span>\n\t<\/a>\n\n\t\t<\/div>\n\t\t\t\t\t<\/div>\n\n\t\n<\/div>\n<div class=\"row row-small align-equal\"  id=\"row-8271619\">\n\n\t<div id=\"col-1644771192\" class=\"col medium-3 small-12 large-3\"  >\n\t\t\t\t<div class=\"col-inner\" style=\"background-color:rgb(239, 239, 239);\" >\n\t\t\t\n\t\t\t\n<p>Mieszad\u0142o nap\u0119dzane elektrycznie.<br \/>eDrive<br \/>1200\/1600<\/p>\n\t\t<\/div>\n\t\t\t\t\n<style>\n#col-1644771192 > .col-inner {\n  padding: 10px 10px 0px 10px;\n}\n<\/style>\n\t<\/div>\n\n\t\n\n\t<div id=\"col-1042734904\" class=\"col medium-3 small-12 large-3\"  >\n\t\t\t\t<div class=\"col-inner\" style=\"background-color:rgb(239, 239, 239);\" >\n\t\t\t\n\t\t\t\n<p>Instrukcja obs\u0142ugi<\/p>\n\t\t<\/div>\n\t\t\t\t\n<style>\n#col-1042734904 > .col-inner {\n  padding: 10px 10px 0px 10px;\n}\n<\/style>\n\t<\/div>\n\n\t\n\n\t<div id=\"col-1181433808\" class=\"col medium-3 small-12 large-3\"  >\n\t\t\t\t<div class=\"col-inner\" style=\"background-color:rgb(239, 239, 239);\" >\n\t\t\t\n\t\t\t\n<p>Niemiecki \/ Angielski<\/p>\n\t\t<\/div>\n\t\t\t\t\n<style>\n#col-1181433808 > .col-inner {\n  padding: 10px 10px 0px 10px;\n}\n<\/style>\n\t<\/div>\n\n\t\n\n\t<div id=\"col-886997134\" class=\"col medium-3 small-12 large-3\"  >\n\t\t\t\t<div class=\"col-inner text-center\"  >\n\t\t\t\n\t\t\t\n<a href=\"https:\/\/ptm-mechatronics.com\/wp-content\/uploads\/2026\/01\/e-Drive_V1.pdf\" target=\"_blank\" class=\"button primary expand\" rel=\"noopener\" style=\"border-radius:10px;\">\n\t\t<span>Instrukcja obs\u0142ugi V1<\/span>\n\t<\/a>\n\n\t\t<\/div>\n\t\t\t\t\t<\/div>\n\n\t\n<\/div>\n<div class=\"row row-small align-equal\"  id=\"row-1704553931\">\n\n\t<div id=\"col-986190884\" class=\"col medium-3 small-12 large-3\"  >\n\t\t\t\t<div class=\"col-inner\" style=\"background-color:rgb(239, 239, 239);\" >\n\t\t\t\n\t\t\t\n<p>Mieszad\u0142o laboratoryjne<br \/>eco-Lab<br \/>450\/450G\/900\/900G<\/p>\n\t\t<\/div>\n\t\t\t\t\n<style>\n#col-986190884 > .col-inner {\n  padding: 10px 10px 0px 10px;\n}\n<\/style>\n\t<\/div>\n\n\t\n\n\t<div id=\"col-249764730\" class=\"col medium-3 small-12 large-3\"  >\n\t\t\t\t<div class=\"col-inner\" style=\"background-color:rgb(239, 239, 239);\" >\n\t\t\t\n\t\t\t\n<p>Instrukcja obs\u0142ugi<\/p>\n\t\t<\/div>\n\t\t\t\t\n<style>\n#col-249764730 > .col-inner {\n  padding: 10px 10px 0px 10px;\n}\n<\/style>\n\t<\/div>\n\n\t\n\n\t<div id=\"col-470758125\" class=\"col medium-3 small-12 large-3\"  >\n\t\t\t\t<div class=\"col-inner\" style=\"background-color:rgb(239, 239, 239);\" >\n\t\t\t\n\t\t\t\n<p>Niemiecki \/ Angielski<\/p>\n\t\t<\/div>\n\t\t\t\t\n<style>\n#col-470758125 > .col-inner {\n  padding: 10px 10px 0px 10px;\n}\n<\/style>\n\t<\/div>\n\n\t\n\n\t<div id=\"col-556700433\" class=\"col medium-3 small-12 large-3\"  >\n\t\t\t\t<div class=\"col-inner text-center\"  >\n\t\t\t\n\t\t\t\n<a href=\"https:\/\/ptm-mechatronics.com\/wp-content\/uploads\/2026\/01\/Lab_V1.pdf\" target=\"_blank\" class=\"button primary expand\" rel=\"noopener\" style=\"border-radius:10px;\">\n\t\t<span>Instrukcja obs\u0142ugi V1<\/span>\n\t<\/a>\n\n\t\t<\/div>\n\t\t\t\t\t<\/div>\n\n\t\n<\/div>\n<div class=\"row row-small align-equal\"  id=\"row-1162057390\">\n\n\t<div id=\"col-1692058185\" class=\"col medium-3 small-12 large-3\"  >\n\t\t\t\t<div class=\"col-inner\" style=\"background-color:rgb(239, 239, 239);\" >\n\t\t\t\n\t\t\t\n<p>Mikser r\u0119czny<br \/>eco-Up<br \/>450\/900\/900G\/1800<\/p>\n\t\t<\/div>\n\t\t\t\t\n<style>\n#col-1692058185 > .col-inner {\n  padding: 10px 10px 0px 10px;\n}\n<\/style>\n\t<\/div>\n\n\t\n\n\t<div id=\"col-744572664\" class=\"col medium-3 small-12 large-3\"  >\n\t\t\t\t<div class=\"col-inner\" style=\"background-color:rgb(239, 239, 239);\" >\n\t\t\t\n\t\t\t\n<p>Instrukcja obs\u0142ugi<\/p>\n\t\t<\/div>\n\t\t\t\t\n<style>\n#col-744572664 > .col-inner {\n  padding: 10px 10px 0px 10px;\n}\n<\/style>\n\t<\/div>\n\n\t\n\n\t<div id=\"col-2085944258\" class=\"col medium-3 small-12 large-3\"  >\n\t\t\t\t<div class=\"col-inner\" style=\"background-color:rgb(239, 239, 239);\" >\n\t\t\t\n\t\t\t\n<p>Niemiecki \/ Angielski<\/p>\n\t\t<\/div>\n\t\t\t\t\n<style>\n#col-2085944258 > .col-inner {\n  padding: 10px 10px 0px 10px;\n}\n<\/style>\n\t<\/div>\n\n\t\n\n\t<div id=\"col-1548752244\" class=\"col medium-3 small-12 large-3\"  >\n\t\t\t\t<div class=\"col-inner text-center\"  >\n\t\t\t\n\t\t\t\n<a href=\"https:\/\/ptm-mechatronics.com\/wp-content\/uploads\/2026\/01\/Up_V1.pdf\" target=\"_blank\" class=\"button primary expand\" rel=\"noopener\" style=\"border-radius:10px;\">\n\t\t<span>Instrukcja obs\u0142ugi V1<\/span>\n\t<\/a>\n\n\t\t<\/div>\n\t\t\t\t\t<\/div>\n\n\t\n<\/div>\n<div class=\"row row-small align-equal\"  id=\"row-1825922179\">\n\n\t<div id=\"col-698061717\" class=\"col medium-3 small-12 large-3\"  >\n\t\t\t\t<div class=\"col-inner\" style=\"background-color:rgb(239, 239, 239);\" >\n\t\t\t\n\t\t\t\n<p>System szybkiej wymiany wa\u0142\u00f3w mieszad\u0142a<br \/>eco-Quick V2, V3, V4<\/p>\n\t\t<\/div>\n\t\t\t\t\n<style>\n#col-698061717 > .col-inner {\n  padding: 10px 10px 0px 10px;\n}\n<\/style>\n\t<\/div>\n\n\t\n\n\t<div id=\"col-2004794798\" class=\"col medium-3 small-12 large-3\"  >\n\t\t\t\t<div class=\"col-inner\" style=\"background-color:rgb(239, 239, 239);\" >\n\t\t\t\n\t\t\t\n<p>Instrukcja obs\u0142ugi<\/p>\n\t\t<\/div>\n\t\t\t\t\n<style>\n#col-2004794798 > .col-inner {\n  padding: 10px 10px 0px 10px;\n}\n<\/style>\n\t<\/div>\n\n\t\n\n\t<div id=\"col-1442703882\" class=\"col medium-3 small-12 large-3\"  >\n\t\t\t\t<div class=\"col-inner\" style=\"background-color:rgb(239, 239, 239);\" >\n\t\t\t\n\t\t\t\n<p>Niemiecki \/ Angielski<\/p>\n\t\t<\/div>\n\t\t\t\t\n<style>\n#col-1442703882 > .col-inner {\n  padding: 10px 10px 0px 10px;\n}\n<\/style>\n\t<\/div>\n\n\t\n\n\t<div id=\"col-1438788183\" class=\"col medium-3 small-12 large-3\"  >\n\t\t\t\t<div class=\"col-inner text-center\"  >\n\t\t\t\n\t\t\t\n<a href=\"https:\/\/ptm-mechatronics.com\/wp-content\/uploads\/2026\/04\/EQ_V2-V3-V4.pdf\" target=\"_blank\" class=\"button primary expand\" rel=\"noopener\" style=\"border-radius:10px;\">\n\t\t<span>Instrukcja obs\u0142ugi V1<\/span>\n\t<\/a>\n\n\t\t<\/div>\n\t\t\t\t\t<\/div>\n\n\t\n<\/div>\n<div class=\"row row-small align-equal\"  id=\"row-1190032993\">\n\n\t<div id=\"col-1399846894\" class=\"col medium-3 small-12 large-3\"  >\n\t\t\t\t<div class=\"col-inner\" style=\"background-color:rgb(239, 239, 239);\" >\n\t\t\t\n\t\t\t\n<p>Mikser stoj\u0105cy eco-Station pro<br \/>10-60 litr\u00f3w \/ 30-200 litr\u00f3w \/ 60-1000 litr\u00f3w<\/p>\n\t\t<\/div>\n\t\t\t\t\n<style>\n#col-1399846894 > .col-inner {\n  padding: 10px 10px 0px 10px;\n}\n<\/style>\n\t<\/div>\n\n\t\n\n\t<div id=\"col-1223636487\" class=\"col medium-3 small-12 large-3\"  >\n\t\t\t\t<div class=\"col-inner\" style=\"background-color:rgb(239, 239, 239);\" >\n\t\t\t\n\t\t\t\n<p>Instrukcja monta\u017cu i obs\u0142ugi<\/p>\n\t\t<\/div>\n\t\t\t\t\n<style>\n#col-1223636487 > .col-inner {\n  padding: 10px 10px 0px 10px;\n}\n<\/style>\n\t<\/div>\n\n\t\n\n\t<div id=\"col-1808820940\" class=\"col medium-3 small-12 large-3\"  >\n\t\t\t\t<div class=\"col-inner\" style=\"background-color:rgb(239, 239, 239);\" >\n\t\t\t\n\t\t\t\n<p>Niemiecki \/ Angielski<\/p>\n\t\t<\/div>\n\t\t\t\t\n<style>\n#col-1808820940 > .col-inner {\n  padding: 10px 10px 0px 10px;\n}\n<\/style>\n\t<\/div>\n\n\t\n\n\t<div id=\"col-1281404791\" class=\"col medium-3 small-12 large-3\"  >\n\t\t\t\t<div class=\"col-inner text-center\"  >\n\t\t\t\n\t\t\t\n<a href=\"https:\/\/ptm-mechatronics.com\/wp-content\/uploads\/2026\/05\/eco-Station_pro_V1.pdf\" target=\"_blank\" class=\"button primary expand\" rel=\"noopener\" style=\"border-radius:10px;\">\n\t\t<span>Instrukcja obs\u0142ugi V1<\/span>\n\t<\/a>\n\n<a href=\"https:\/\/ptm-mechatronics.com\/wp-content\/uploads\/2026\/05\/Konformitaetserklaerung-eco-Station-pro.pdf\" target=\"_blank\" class=\"button primary expand\" rel=\"noopener\" style=\"border-radius:10px;\">\n\t\t<span>Deklaracja zgodno\u015bci<\/span>\n\t<\/a>\n\n<a href=\"https:\/\/ptm-mechatronics.com\/wp-content\/uploads\/2026\/05\/ATEX-Certification-eco-Station-Pro.pdf\" target=\"_blank\" class=\"button primary expand\" rel=\"noopener\" style=\"border-radius:10px;\">\n\t\t<span>Certyfikat ATEX<\/span>\n\t<\/a>\n\n\t\t<\/div>\n\t\t\t\t\t<\/div>\n\n\t\n<\/div>\n\t\t<\/div>\n\n\t\t\n<style>\n#section_1585197372 {\n  padding-top: 30px;\n  padding-bottom: 30px;\n}\n<\/style>\n\t<\/section>\n\t\n\n\t<section class=\"section st-kontakt pt-60 pb-60 col-pb-0\" id=\"section_578905846\">\n\t\t<div class=\"section-bg fill\" >\n\t\t\t<img loading=\"lazy\" decoding=\"async\" width=\"1600\" height=\"444\" src=\"https:\/\/ptm-mechatronics.com\/wp-content\/uploads\/2024\/10\/BG_kontakt.png\" class=\"bg attachment-original size-original\" alt=\"\" \/>\t\t\t\t\t\t\n\t\t\t\n\n\t\t<\/div>\n\n\t\t\n\n\t\t<div class=\"section-content relative\">\n\t\t\t\r\n\r\n<div class=\"row\"  id=\"row-297551600\">\r\n\r\n\n\t<div id=\"col-453195970\" class=\"col small-12 large-12\"  >\n\t\t\t\t<div class=\"col-inner\"  >\n\t\t\t\n\t\t\t\r\n\r\n\t<div id=\"text-3595635773\" class=\"text\">\n\t\t\r\n\r\n<h3>Kontakt i porady<\/h3>\r\n<p>Potrzebujesz porady dotycz\u0105cej naszych produkt\u00f3w? Nasi eksperci z przyjemno\u015bci\u0105 zajm\u0105 si\u0119 Twoj\u0105 pro\u015bb\u0105:<\/p>\r\n<h4><a href=\"mailto:info@ptm-mechatronics.com\">info@ptm-mechatronics.com<\/a><br \/>\r\n<a href=\"tel:+498134257970\">+49 8134 \/ 25 797 0<\/a><\/h4>\r\n\t\t\n<style>\n#text-3595635773 {\n  color: rgb(255, 255, 255);\n}\n#text-3595635773 > * {\n  color: rgb(255, 255, 255);\n}\n<\/style>\n\t<\/div>\n\t\r\n\r\n\t\t<\/div>\n\t\t\t\t\t<\/div>\n\n\t\r\n\r\n<\/div>\r\n\r\n\t\t<\/div>\n\n\t\t\n<style>\n#section_578905846 {\n  padding-top: 30px;\n  padding-bottom: 30px;\n}\n#section_578905846 .section-bg img {\n  object-position: 84% 53%;\n}\n<\/style>\n\t<\/section>\n\t\r\n\n\t<section class=\"section pb-60 pt-60 besuchen\" id=\"section_111647944\">\n\t\t<div class=\"section-bg fill\" >\n\t\t\t\t\t\t\t\t\t\n\t\t\t\n\n\t\t<\/div>\n\n\t\t\n\n\t\t<div class=\"section-content relative\">\n\t\t\t\r\n\r\n<div class=\"row align-center\"  id=\"row-1097303007\">\r\n\r\n\n\t<div id=\"col-1335969316\" class=\"col small-12 large-12\"  >\n\t\t\t\t<div class=\"col-inner text-center\"  >\n\t\t\t\n\t\t\t\r\n\r\n\t<div id=\"text-2365805000\" class=\"text title-box\">\n\t\t\r\n\r\n<h3>Mo\u017cna nas r\u00f3wnie\u017c odwiedzi\u0107 pod adresem<\/h3>\r\n\t\t\n<style>\n#text-2365805000 {\n  text-align: center;\n}\n<\/style>\n\t<\/div>\n\t\r\n\r\n\t\t<\/div>\n\t\t\t\t\t<\/div>\n\n\t\r\n\r\n<\/div>\r\n<div class=\"row align-middle align-center\" style=\"max-width:605px\" id=\"row-620065828\">\r\n\r\n\n\t<div id=\"col-800016387\" class=\"col medium-4 small-12 large-4\"  >\n\t\t\t\t<div class=\"col-inner\"  >\n\t\t\t\n\t\t\t\r\n\r\n\t<div class=\"img has-hover x md-x lg-x y md-y lg-y\" id=\"image_40532544\">\n\t\t<a class=\"\" href=\"https:\/\/www.linkedin.com\/company\/68597546\/\" target=\"_blank\" rel=\"noopener\">\t\t\t\t\t\t<div class=\"img-inner dark\" >\n\t\t\t<img loading=\"lazy\" decoding=\"async\" width=\"480\" height=\"209\" src=\"https:\/\/ptm-mechatronics.com\/wp-content\/uploads\/2024\/10\/PTM-mechatronics-bei-LinkedIn-480x209-1.png\" class=\"attachment-original size-original\" alt=\"\" srcset=\"https:\/\/ptm-mechatronics.com\/wp-content\/uploads\/2024\/10\/PTM-mechatronics-bei-LinkedIn-480x209-1.png 480w, https:\/\/ptm-mechatronics.com\/wp-content\/uploads\/2024\/10\/PTM-mechatronics-bei-LinkedIn-480x209-1-300x131.png 300w, https:\/\/ptm-mechatronics.com\/wp-content\/uploads\/2024\/10\/PTM-mechatronics-bei-LinkedIn-480x209-1-100x44.png 100w, https:\/\/ptm-mechatronics.com\/wp-content\/uploads\/2024\/10\/PTM-mechatronics-bei-LinkedIn-480x209-1-447x195.png 447w\" sizes=\"auto, (max-width: 480px) 100vw, 480px\" \/>\t\t\t\t\t\t\n\t\t\t\t\t<\/div>\n\t\t\t\t\t\t<\/a>\t\t\n<style>\n#image_40532544 {\n  width: 100%;\n}\n<\/style>\n\t<\/div>\n\t\r\n\r\n\r\n\t\t<\/div>\n\t\t\t\t\t<\/div>\n\n\t\r\n\n\t<div id=\"col-427786114\" class=\"col medium-4 small-12 large-4\"  >\n\t\t\t\t<div class=\"col-inner\"  >\n\t\t\t\n\t\t\t\r\n\r\n\t<div class=\"img has-hover x md-x lg-x y md-y lg-y\" id=\"image_1767717618\">\n\t\t<a class=\"\" href=\"https:\/\/www.xing.com\/pages\/ptm-mechatronics-gmbh\" target=\"_blank\" rel=\"noopener\">\t\t\t\t\t\t<div class=\"img-inner dark\" >\n\t\t\t<img loading=\"lazy\" decoding=\"async\" width=\"300\" height=\"130\" src=\"https:\/\/ptm-mechatronics.com\/wp-content\/uploads\/2024\/10\/Xing-1-e1530203231869-300x130-1.jpg\" class=\"attachment-original size-original\" alt=\"\" srcset=\"https:\/\/ptm-mechatronics.com\/wp-content\/uploads\/2024\/10\/Xing-1-e1530203231869-300x130-1.jpg 300w, https:\/\/ptm-mechatronics.com\/wp-content\/uploads\/2024\/10\/Xing-1-e1530203231869-300x130-1-100x43.jpg 100w\" sizes=\"auto, (max-width: 300px) 100vw, 300px\" \/>\t\t\t\t\t\t\n\t\t\t\t\t<\/div>\n\t\t\t\t\t\t<\/a>\t\t\n<style>\n#image_1767717618 {\n  width: 100%;\n}\n<\/style>\n\t<\/div>\n\t\r\n\r\n\r\n\t\t<\/div>\n\t\t\t\t\t<\/div>\n\n\t\r\n\n\t<div id=\"col-1206166243\" class=\"col medium-4 small-12 large-4\"  >\n\t\t\t\t<div class=\"col-inner\"  >\n\t\t\t\n\t\t\t\r\n\r\n\t<div class=\"img has-hover x md-x lg-x y md-y lg-y\" id=\"image_1134815791\">\n\t\t<a class=\"\" href=\"https:\/\/www.youtube.com\/@ptmmechatronicsgmbh806\" target=\"_blank\" rel=\"noopener\">\t\t\t\t\t\t<div class=\"img-inner dark\" >\n\t\t\t<img loading=\"lazy\" decoding=\"async\" width=\"300\" height=\"133\" src=\"https:\/\/ptm-mechatronics.com\/wp-content\/uploads\/2024\/10\/Youtube-1-e1530203212402-300x133-1.jpg\" class=\"attachment-original size-original\" alt=\"\" srcset=\"https:\/\/ptm-mechatronics.com\/wp-content\/uploads\/2024\/10\/Youtube-1-e1530203212402-300x133-1.jpg 300w, https:\/\/ptm-mechatronics.com\/wp-content\/uploads\/2024\/10\/Youtube-1-e1530203212402-300x133-1-100x44.jpg 100w\" sizes=\"auto, (max-width: 300px) 100vw, 300px\" \/>\t\t\t\t\t\t\n\t\t\t\t\t<\/div>\n\t\t\t\t\t\t<\/a>\t\t\n<style>\n#image_1134815791 {\n  width: 100%;\n}\n<\/style>\n\t<\/div>\n\t\r\n\r\n\r\n\t\t<\/div>\n\t\t\t\t\t<\/div>\n\n\t\r\n\r\n<\/div>\r\n\r\n\t\t<\/div>\n\n\t\t\n<style>\n#section_111647944 {\n  padding-top: 30px;\n  padding-bottom: 30px;\n  background-color: rgb(255, 255, 255);\n}\n<\/style>\n\t<\/section>","protected":false},"excerpt":{"rendered":"","protected":false},"author":5,"featured_media":0,"parent":0,"menu_order":0,"comment_status":"closed","ping_status":"closed","template":"","meta":{"_acf_changed":false,"footnotes":""},"class_list":["post-15999","page","type-page","status-publish","hentry"],"acf":[],"_links":{"self":[{"href":"https:\/\/ptm-mechatronics.com\/pl\/wp-json\/wp\/v2\/pages\/15999","targetHints":{"allow":["GET"]}}],"collection":[{"href":"https:\/\/ptm-mechatronics.com\/pl\/wp-json\/wp\/v2\/pages"}],"about":[{"href":"https:\/\/ptm-mechatronics.com\/pl\/wp-json\/wp\/v2\/types\/page"}],"author":[{"embeddable":true,"href":"https:\/\/ptm-mechatronics.com\/pl\/wp-json\/wp\/v2\/users\/5"}],"replies":[{"embeddable":true,"href":"https:\/\/ptm-mechatronics.com\/pl\/wp-json\/wp\/v2\/comments?post=15999"}],"version-history":[{"count":8,"href":"https:\/\/ptm-mechatronics.com\/pl\/wp-json\/wp\/v2\/pages\/15999\/revisions"}],"predecessor-version":[{"id":16259,"href":"https:\/\/ptm-mechatronics.com\/pl\/wp-json\/wp\/v2\/pages\/15999\/revisions\/16259"}],"wp:attachment":[{"href":"https:\/\/ptm-mechatronics.com\/pl\/wp-json\/wp\/v2\/media?parent=15999"}],"curies":[{"name":"wp","href":"https:\/\/api.w.org\/{rel}","templated":true}]}}