{"id":15788,"date":"2025-12-11T09:40:03","date_gmt":"2025-12-11T08:40:03","guid":{"rendered":"https:\/\/ptm-mechatronics.com\/?page_id=15788"},"modified":"2025-12-12T09:56:24","modified_gmt":"2025-12-12T08:56:24","slug":"wartung","status":"publish","type":"page","link":"https:\/\/ptm-mechatronics.com\/pl\/wartung\/","title":{"rendered":"Konserwacja"},"content":{"rendered":"<div class=\"banner has-hover\" id=\"banner-1022180577\">\n          <div class=\"banner-inner fill\">\n        <div class=\"banner-bg fill\" >\n            <img loading=\"lazy\" decoding=\"async\" width=\"1484\" height=\"585\" src=\"https:\/\/ptm-mechatronics.com\/wp-content\/uploads\/2024\/10\/Kolben-und-Motor-Hintergrund.jpg\" class=\"bg attachment-original size-original\" alt=\"\" \/>                        <div class=\"overlay\"><\/div>            \n                    <\/div>\n\t\t\n        <div class=\"banner-layers container\">\n            <div class=\"fill banner-link\"><\/div>            \n   <div id=\"text-box-1552853637\" class=\"text-box banner-layer x5 md-x95 lg-x95 y50 md-y50 lg-y50 res-text\">\n                     <div data-animate=\"fadeInDown\">           <div class=\"text-box-content text dark\">\n              \n              <div class=\"text-inner text-center\">\n                  \n<h1 class=\"uppercase\"><span style=\"font-size: 75%;\">Konserwacja i serwisowanie<\/span><\/h1>\n<p>Regularna konserwacja i profesjonalny serwis gwarantuj\u0105, \u017ce nap\u0119dy i mieszad\u0142a PTM b\u0119d\u0105 nadal w pe\u0142ni wykorzystywa\u0107 sw\u00f3j potencja\u0142. Nasi technicy serwisowi zapewniaj\u0105 optymalne warunki pracy poprzez ukierunkowane kontrole, czyszczenie i wymian\u0119 kluczowych komponent\u00f3w - w celu zapewnienia wydajnych, stabilnych i niezawodnych proces\u00f3w produkcyjnych.<\/p>\n              <\/div>\n           <\/div>\n       <\/div>                     \n<style>\n#text-box-1552853637 {\n  width: 91%;\n}\n#text-box-1552853637 .text-box-content {\n  font-size: 100%;\n}\n@media (min-width:550px) {\n  #text-box-1552853637 {\n    width: 52%;\n  }\n}\n@media (min-width:850px) {\n  #text-box-1552853637 {\n    width: 41%;\n  }\n}\n<\/style>\n    <\/div>\n \n        <\/div>\n      <\/div>\n\n            \n<style>\n#banner-1022180577 {\n  padding-top: 354px;\n}\n#banner-1022180577 .overlay {\n  background-color: rgba(61, 70, 77, 0.767);\n}\n#banner-1022180577 .banner-bg img {\n  object-position: 0% 78%;\n}\n@media (min-width:550px) {\n  #banner-1022180577 {\n    padding-top: 321px;\n  }\n}\n@media (min-width:850px) {\n  #banner-1022180577 {\n    padding-top: 417px;\n  }\n}\n<\/style>\n  <\/div>\n\n\n\n  <div class=\"banner has-hover hide-for-small\" id=\"banner-1088983083\">\n          <div class=\"banner-inner fill\">\n        <div class=\"banner-bg fill\" >\n                                                \n                    <\/div>\n\t\t\n        <div class=\"banner-layers container\">\n            <div class=\"fill banner-link\"><\/div>            \n   <div id=\"text-box-1805808954\" class=\"text-box banner-layer x50 md-x50 lg-x50 y10 md-y10 lg-y10 res-text\">\n                                <div class=\"text-box-content text dark\">\n              \n              <div class=\"text-inner text-center\">\n                  \n<h3 class=\"uppercase\"><span style=\"font-size: 75%;\">Nasze zalecenia dotycz\u0105ce cz\u0119stotliwo\u015bci konserwacji<\/span><\/h3>\n\t<div id=\"gap-2042627182\" class=\"gap-element clearfix\" style=\"display:block; height:auto;\">\n\t\t\n<style>\n#gap-2042627182 {\n  padding-top: 50px;\n}\n<\/style>\n\t<\/div>\n\t\n<div class=\"row\"  id=\"row-214426437\">\n\n\t<div id=\"col-993912165\" class=\"col medium-4 small-12 large-4\"  >\n\t\t\t\t<div class=\"col-inner\"  >\n\t\t\t\n\t<div class=\"is-border\"\n\t\tstyle=\"border-width:1px 1px 1px 1px;\">\n\t<\/div>\n\t\t\t\n<p>Grupa produkt\u00f3w<\/p>\n\t\t<\/div>\n\t\t\t\t\t<\/div>\n\n\t\n\n\t<div id=\"col-1014274988\" class=\"col medium-4 small-12 large-4\"  >\n\t\t\t\t<div class=\"col-inner\"  >\n\t\t\t\n\t<div class=\"is-border\"\n\t\tstyle=\"border-width:1px 1px 1px 1px;\">\n\t<\/div>\n\t\t\t\n<p>Interwa\u0142<\/p>\n\t\t<\/div>\n\t\t\t\t\t<\/div>\n\n\t\n\n\t<div id=\"col-1241250554\" class=\"col medium-4 small-12 large-4\"  >\n\t\t\t\t<div class=\"col-inner\"  >\n\t\t\t\n\t<div class=\"is-border\"\n\t\tstyle=\"border-width:1px 1px 1px 1px;\">\n\t<\/div>\n\t\t\t\n<p>U\u017cycie<\/p>\n\t\t<\/div>\n\t\t\t\t\t<\/div>\n\n\t\n<\/div>\n<div class=\"row row-collapse align-equal row-divided\"  id=\"row-2016978253\">\n\n\t<div id=\"col-1579979641\" class=\"col medium-4 small-12 large-4\"  >\n\t\t\t\t<div class=\"col-inner\"  >\n\t\t\t\n\t\t\t\n<p>Silniki pneumatyczne<br \/>\n&amp; nap\u0119dy mieszade\u0142<\/p>\n\t\t<\/div>\n\t\t\t\t\t<\/div>\n\n\t\n\n\t<div id=\"col-1907883215\" class=\"col medium-4 small-12 large-4\"  >\n\t\t\t\t<div class=\"col-inner\"  >\n\t\t\t\n\t\t\t\n<p>36 miesi\u0119cy<\/p>\n<p>12 miesi\u0119cy<\/p>\n\t\t<\/div>\n\t\t\t\t\t<\/div>\n\n\t\n\n\t<div id=\"col-275814003\" class=\"col medium-4 small-12 large-4\"  >\n\t\t\t\t<div class=\"col-inner\"  >\n\t\t\t\n\t\t\t\n<p>W przypadku sporadycznego dzia\u0142ania<\/p>\n<p>Do pracy ci\u0105g\u0142ej<\/p>\n\t\t<\/div>\n\t\t\t\t\t<\/div>\n\n\t\n<\/div>\n<div class=\"row row-collapse align-equal row-divided\"  id=\"row-2063628420\">\n\n\t<div id=\"col-974048057\" class=\"col medium-4 small-12 large-4\"  >\n\t\t\t\t<div class=\"col-inner\"  >\n\t\t\t\n\t\t\t\n<p>Systemy mieszania<br \/>\n<span style=\"font-size: 80%;\">(stojaki, os\u0142ony, kratownice)<\/span><\/p>\n\t\t<\/div>\n\t\t\t\t\t<\/div>\n\n\t\n\n\t<div id=\"col-971675597\" class=\"col medium-4 small-12 large-4\"  >\n\t\t\t\t<div class=\"col-inner\"  >\n\t\t\t\n\t\t\t\n<p>12 miesi\u0119cy<\/p>\n\t\t<\/div>\n\t\t\t\t\t<\/div>\n\n\t\n\n\t<div id=\"col-1174329934\" class=\"col medium-4 small-12 large-4\"  >\n\t\t\t\t<div class=\"col-inner\"  >\n\t\t\t\n\t\t\t\n<p>Niezale\u017cnie od aplikacji<\/p>\n\t\t<\/div>\n\t\t\t\t\t<\/div>\n\n\t\n<\/div>\n\t<div id=\"gap-1379342378\" class=\"gap-element clearfix\" style=\"display:block; height:auto;\">\n\t\t\n<style>\n#gap-1379342378 {\n  padding-top: 30px;\n}\n<\/style>\n\t<\/div>\n\t\n              <\/div>\n           <\/div>\n                            \n<style>\n#text-box-1805808954 {\n  width: 87%;\n}\n#text-box-1805808954 .text-box-content {\n  font-size: 100%;\n}\n@media (min-width:850px) {\n  #text-box-1805808954 {\n    width: 70%;\n  }\n}\n<\/style>\n    <\/div>\n \n        <\/div>\n      <\/div>\n\n            \n<style>\n#banner-1088983083 {\n  padding-top: 770px;\n}\n@media (min-width:550px) {\n  #banner-1088983083 {\n    padding-top: 450px;\n  }\n}\n<\/style>\n  <\/div>\n\n\n\n  <div class=\"banner has-hover show-for-small\" id=\"banner-334433243\">\n          <div class=\"banner-inner fill\">\n        <div class=\"banner-bg fill\" >\n                                                \n                    <\/div>\n\t\t\n        <div class=\"banner-layers container\">\n            <div class=\"fill banner-link\"><\/div>            \n   <div id=\"text-box-1462030867\" class=\"text-box banner-layer x50 md-x50 lg-x50 y10 md-y10 lg-y10 res-text\">\n                                <div class=\"text-box-content text dark\">\n              \n              <div class=\"text-inner text-center\">\n                  \n<h3 class=\"uppercase\"><span style=\"font-size: 75%;\">Nasze zalecenia dotycz\u0105ce cz\u0119stotliwo\u015bci konserwacji<\/span><\/h3>\n\t<div id=\"gap-1374332230\" class=\"gap-element clearfix\" style=\"display:block; height:auto;\">\n\t\t\n<style>\n#gap-1374332230 {\n  padding-top: 20px;\n}\n@media (min-width:550px) {\n  #gap-1374332230 {\n    padding-top: 50px;\n  }\n}\n<\/style>\n\t<\/div>\n\t\n<div class=\"row row-collapse align-equal row-divided\"  id=\"row-1403263551\">\n\n\t<div id=\"col-331111549\" class=\"col medium-4 small-12 large-4\"  >\n\t\t\t\t<div class=\"col-inner\"  >\n\t\t\t\n\t<div class=\"is-border\"\n\t\tstyle=\"border-width:1px 1px 1px 1px;\">\n\t<\/div>\n\t\t\t\n<p>Silniki pneumatyczne<br \/>\n&amp; nap\u0119dy mieszade\u0142<\/p>\n\t\t<\/div>\n\t\t\t\t\t<\/div>\n\n\t\n\n\t<div id=\"col-958755928\" class=\"col medium-4 small-12 large-4\"  >\n\t\t\t\t<div class=\"col-inner\"  >\n\t\t\t\n\t\t\t\n<p>W przypadku sporadycznego dzia\u0142ania:<br \/>\n36 miesi\u0119cy<\/p>\n\t\t<\/div>\n\t\t\t\t\t<\/div>\n\n\t\n\n\t<div id=\"col-1387151179\" class=\"col medium-4 small-12 large-4\"  >\n\t\t\t\t<div class=\"col-inner\"  >\n\t\t\t\n\t\t\t\n<p>Do pracy ci\u0105g\u0142ej:<br \/>\n12 miesi\u0119cy<\/p>\n\t\t<\/div>\n\t\t\t\t\t<\/div>\n\n\t\n<\/div>\n<div class=\"row row-collapse align-equal row-divided\"  id=\"row-492349507\">\n\n\t<div id=\"col-799310752\" class=\"col medium-4 small-12 large-4\"  >\n\t\t\t\t<div class=\"col-inner\"  >\n\t\t\t\n\t<div class=\"is-border\"\n\t\tstyle=\"border-width:1px 1px 1px 1px;\">\n\t<\/div>\n\t\t\t\n<p>Systemy mieszania<br \/>\n<span style=\"font-size: 80%;\">(stojaki, os\u0142ony, kratownice)<\/span><\/p>\n\t\t<\/div>\n\t\t\t\t\t<\/div>\n\n\t\n\n\t<div id=\"col-1980824182\" class=\"col medium-4 small-12 large-4\"  >\n\t\t\t\t<div class=\"col-inner\"  >\n\t\t\t\n\t\t\t\n<p>Niezale\u017cnie od zastosowania:<br \/>\n12 miesi\u0119cy<\/p>\n\t\t<\/div>\n\t\t\t\t\t<\/div>\n\n\t\n<\/div>\n              <\/div>\n           <\/div>\n                            \n<style>\n#text-box-1462030867 {\n  width: 87%;\n}\n#text-box-1462030867 .text-box-content {\n  font-size: 100%;\n}\n@media (min-width:850px) {\n  #text-box-1462030867 {\n    width: 70%;\n  }\n}\n<\/style>\n    <\/div>\n \n        <\/div>\n      <\/div>\n\n            \n<style>\n#banner-334433243 {\n  padding-top: 522px;\n}\n@media (min-width:550px) {\n  #banner-334433243 {\n    padding-top: 450px;\n  }\n}\n<\/style>\n  <\/div>\n\n\n\n\t<section class=\"section\" id=\"section_567307458\">\n\t\t<div class=\"section-bg fill\" >\n\t\t\t\t\t\t\t\t\t\n\t\t\t\n\n\t\t<\/div>\n\n\t\t\n\n\t\t<div class=\"section-content relative\">\n\t\t\t\n<div class=\"row row-collapse align-middle align-center\"  id=\"row-1413510997\">\n\n\t<div id=\"col-493336126\" class=\"col medium-2 small-12 large-2\"  >\n\t\t\t\t<div class=\"col-inner text-center\"  >\n\t\t\t\n\t\t\t\n\t<div class=\"img has-hover x md-x lg-x y md-y lg-y\" id=\"image_543220482\">\n\t\t\t\t\t\t\t\t<div class=\"img-inner dark\" >\n\t\t\t<img loading=\"lazy\" decoding=\"async\" width=\"300\" height=\"263\" src=\"https:\/\/ptm-mechatronics.com\/wp-content\/uploads\/2024\/09\/atex-300x263-1-1.png\" class=\"attachment-large size-large\" alt=\"\" srcset=\"https:\/\/ptm-mechatronics.com\/wp-content\/uploads\/2024\/09\/atex-300x263-1-1.png 300w, https:\/\/ptm-mechatronics.com\/wp-content\/uploads\/2024\/09\/atex-300x263-1-1-100x88.png 100w\" sizes=\"auto, (max-width: 300px) 100vw, 300px\" \/>\t\t\t\t\t\t\n\t\t\t\t\t<\/div>\n\t\t\t\t\t\t\t\t\n<style>\n#image_543220482 {\n  width: 52%;\n}\n@media (min-width:550px) {\n  #image_543220482 {\n    width: 76%;\n  }\n}\n<\/style>\n\t<\/div>\n\t\n\t\t<\/div>\n\t\t\t\t\t<\/div>\n\n\t\n\n\t<div id=\"col-1525158216\" class=\"col medium-10 small-12 large-10\"  >\n\t\t\t\t<div class=\"col-inner\"  >\n\t\t\t\n\t<div class=\"is-border\"\n\t\tstyle=\"border-width:2px 2px 2px 2px;\">\n\t<\/div>\n\t\t\t\n\t<div id=\"text-2939475286\" class=\"text\">\n\t\t\n<h3 style=\"text-align: center;\"><span style=\"font-size: 100%;\">Bezpiecze\u0144stwo ATEX bez stresu<\/span><\/h3>\n<p>Regularne kontrole s\u0105 wymagane przez prawo w strefie ATEX. Brzmi to jak du\u017cy wysi\u0142ek - ale nie musi tak by\u0107 dla Ciebie. Zajmujemy si\u0119 wszystkimi obowi\u0105zkowymi testami: nie tylko dla naszego urz\u0105dzenia, ale tak\u017ce dla wszystkich do\u0142\u0105czonych komponent\u00f3w, cz\u0119\u015bci \u0142\u0105cz\u0105cych i odpowiednich interakcji w systemie.<\/p>\n<p>Oznacza to mniej pracy, brak niepewno\u015bci i pewno\u015b\u0107, \u017ce wszystko zostanie wykonane zgodnie z planem. <a href=\"https:\/\/eur-lex.europa.eu\/legal-content\/DE\/ALL\/?uri=celex:32014L0034\" target=\"_blank\" rel=\"noopener\"><span style=\"color: #c6c6c6;\">Dyrektywa 2014\/34\/UE<\/span><\/a>, <a href=\"https:\/\/www.gesetze-im-internet.de\/betrsichv_2015\/\" target=\"_blank\" rel=\"noopener\"><span style=\"color: #c6c6c6;\">BetrSichV<\/span><\/a> i <span style=\"color: #c6c6c6;\"><a style=\"color: #c6c6c6;\" href=\"https:\/\/www.baua.de\/DE\/Angebote\/Regelwerk\/TRBS\/TRBS-1201\" target=\"_blank\" rel=\"noopener\">TRBS 1201<\/a><\/span> jest rzetelnie testowany.<\/p>\n<p>W skr\u00f3cie: Ty koncentrujesz si\u0119 na swoim procesie - my dbamy o bezpiecze\u0144stwo przeciwwybuchowe.<\/p>\n\t\t\n<style>\n#text-2939475286 {\n  text-align: left;\n  color: rgb(255, 255, 255);\n}\n#text-2939475286 > * {\n  color: rgb(255, 255, 255);\n}\n<\/style>\n\t<\/div>\n\t\n\t\t<\/div>\n\t\t\t\t\n<style>\n#col-1525158216 > .col-inner {\n  padding: 10px 10px 10px 20px;\n}\n<\/style>\n\t<\/div>\n\n\t\n<\/div>\n\t\t<\/div>\n\n\t\t\n<style>\n#section_567307458 {\n  padding-top: 20px;\n  padding-bottom: 20px;\n  background-color: rgb(61, 70, 77);\n}\n@media (min-width:550px) {\n  #section_567307458 {\n    padding-top: 30px;\n    padding-bottom: 30px;\n  }\n}\n<\/style>\n\t<\/section>\n\t\n\n  <div class=\"banner has-hover\" id=\"banner-218578148\">\n          <div class=\"banner-inner fill\">\n        <div class=\"banner-bg fill\" >\n            <img loading=\"lazy\" decoding=\"async\" width=\"2264\" height=\"1259\" src=\"https:\/\/ptm-mechatronics.com\/wp-content\/uploads\/2025\/12\/Freundlicher-Mann-im-Business-Outfit-2-3.jpg\" class=\"bg attachment-original size-original\" alt=\"\" \/>                                    \n                    <\/div>\n\t\t\n        <div class=\"banner-layers container\">\n            <div class=\"fill banner-link\"><\/div>            \n   <div id=\"text-box-1994359196\" class=\"text-box banner-layer x5 md-x5 lg-x15 y50 md-y50 lg-y30 res-text\">\n                     <div data-animate=\"fadeInDown\">           <div class=\"text-box-content text dark\">\n              \n              <div class=\"text-inner text-center\">\n                  \n<h3 class=\"uppercase\">Um\u00f3w si\u0119 na spotkanie<\/h3>\n<p>Um\u00f3w si\u0119 na wizyt\u0119 serwisow\u0105 z jednym z naszych technik\u00f3w serwisowych.<\/p>\n<a href=\"https:\/\/calendly.com\/ptmca\/30min\" target=\"_blank\" class=\"button primary\" rel=\"noopener\" style=\"border-radius:10px;\">\n\t\t<span>Um\u00f3w si\u0119 na spotkanie<\/span>\n\t<\/a>\n\n              <\/div>\n           <\/div>\n       <\/div>                     \n<style>\n#text-box-1994359196 {\n  width: 62%;\n}\n#text-box-1994359196 .text-box-content {\n  font-size: 100%;\n}\n@media (min-width:550px) {\n  #text-box-1994359196 {\n    width: 56%;\n  }\n}\n@media (min-width:850px) {\n  #text-box-1994359196 {\n    width: 43%;\n  }\n}\n<\/style>\n    <\/div>\n \n        <\/div>\n      <\/div>\n\n            \n<style>\n#banner-218578148 {\n  padding-top: 307px;\n}\n@media (min-width:550px) {\n  #banner-218578148 {\n    padding-top: 368px;\n  }\n}\n@media (min-width:850px) {\n  #banner-218578148 {\n    padding-top: 516px;\n  }\n}\n<\/style>\n  <\/div>","protected":false},"excerpt":{"rendered":"","protected":false},"author":5,"featured_media":13684,"parent":0,"menu_order":0,"comment_status":"closed","ping_status":"closed","template":"","meta":{"_acf_changed":false,"footnotes":""},"class_list":["post-15788","page","type-page","status-publish","has-post-thumbnail","hentry"],"acf":[],"_links":{"self":[{"href":"https:\/\/ptm-mechatronics.com\/pl\/wp-json\/wp\/v2\/pages\/15788","targetHints":{"allow":["GET"]}}],"collection":[{"href":"https:\/\/ptm-mechatronics.com\/pl\/wp-json\/wp\/v2\/pages"}],"about":[{"href":"https:\/\/ptm-mechatronics.com\/pl\/wp-json\/wp\/v2\/types\/page"}],"author":[{"embeddable":true,"href":"https:\/\/ptm-mechatronics.com\/pl\/wp-json\/wp\/v2\/users\/5"}],"replies":[{"embeddable":true,"href":"https:\/\/ptm-mechatronics.com\/pl\/wp-json\/wp\/v2\/comments?post=15788"}],"version-history":[{"count":7,"href":"https:\/\/ptm-mechatronics.com\/pl\/wp-json\/wp\/v2\/pages\/15788\/revisions"}],"predecessor-version":[{"id":15865,"href":"https:\/\/ptm-mechatronics.com\/pl\/wp-json\/wp\/v2\/pages\/15788\/revisions\/15865"}],"wp:featuredmedia":[{"embeddable":true,"href":"https:\/\/ptm-mechatronics.com\/pl\/wp-json\/wp\/v2\/media\/13684"}],"wp:attachment":[{"href":"https:\/\/ptm-mechatronics.com\/pl\/wp-json\/wp\/v2\/media?parent=15788"}],"curies":[{"name":"wp","href":"https:\/\/api.w.org\/{rel}","templated":true}]}}