{"id":13599,"date":"2025-05-14T09:37:19","date_gmt":"2025-05-14T07:37:19","guid":{"rendered":"https:\/\/ptm-mechatronics.com\/?page_id=13599"},"modified":"2025-05-14T09:41:19","modified_gmt":"2025-05-14T07:41:19","slug":"widerrufsrecht","status":"publish","type":"page","link":"https:\/\/ptm-mechatronics.com\/pl\/widerrufsrecht\/","title":{"rendered":"Prawo do anulowania"},"content":{"rendered":"<section class=\"section\" id=\"section_1347236025\">\n\t\t<div class=\"section-bg fill\" >\n\t\t\t\t\t\t\t\t\t<div class=\"section-bg-overlay absolute fill\"><\/div>\n\t\t\t\n\n\t\t<\/div>\n\n\t\t\n\n\t\t<div class=\"section-content relative\">\n\t\t\t\n<h3 data-start=\"269\" data-end=\"308\"><span class=\"_fadeIn_m1hgl_8\">Brak <\/span><span class=\"_fadeIn_m1hgl_8\">Prawo do anulowania <\/span><span class=\"_fadeIn_m1hgl_8\">dla <\/span><span class=\"_fadeIn_m1hgl_8\">Przedsi\u0119biorca<\/span><\/h3>\n<p data-start=\"310\" data-end=\"601\"><span class=\"_fadeIn_m1hgl_8\">Nasz <\/span><span class=\"_fadeIn_m1hgl_8\">Oferta <\/span><span class=\"_fadeIn_m1hgl_8\">skierowany <\/span><span class=\"_fadeIn_m1hgl_8\">sam <\/span><span class=\"_fadeIn_m1hgl_8\">wy\u0142\u0105cznie <\/span><span class=\"_fadeIn_m1hgl_8\">na <\/span><span class=\"_fadeIn_m1hgl_8\">Przedsi\u0119biorca <\/span><span class=\"_fadeIn_m1hgl_8\">w <\/span><span class=\"_fadeIn_m1hgl_8\">Zmys\u0142y <\/span><span class=\"_fadeIn_m1hgl_8\">z <a href=\"https:\/\/www.gesetze-im-internet.de\/bgb\/__14.html\" target=\"_blank\" rel=\"noopener\">\u00a7 <\/a><\/span><span class=\"_fadeIn_m1hgl_8\">14 <\/span><span class=\"_fadeIn_m1hgl_8\">NIEMIECKI KODEKS CYWILNY<\/span><span class=\"_fadeIn_m1hgl_8\">, <\/span><span class=\"_fadeIn_m1hgl_8\">wi\u0119c <\/span><span class=\"_fadeIn_m1hgl_8\">na <\/span><span class=\"_fadeIn_m1hgl_8\">naturalny <\/span><span class=\"_fadeIn_m1hgl_8\">lub <\/span><span class=\"_fadeIn_m1hgl_8\">legalny <\/span><span class=\"_fadeIn_m1hgl_8\">Osoby <\/span><span class=\"_fadeIn_m1hgl_8\">resp. <\/span><span class=\"_fadeIn_m1hgl_8\">ze zdolno\u015bci\u0105 do czynno\u015bci prawnych <\/span><span class=\"_fadeIn_m1hgl_8\">Partnerstwa, <\/span><span class=\"_fadeIn_m1hgl_8\">w <\/span><span class=\"_fadeIn_m1hgl_8\">z <\/span><span class=\"_fadeIn_m1hgl_8\">Wnioski <\/span><span class=\"_fadeIn_m1hgl_8\">z <\/span><span class=\"_fadeIn_m1hgl_8\">Transakcja prawna <\/span><span class=\"_fadeIn_m1hgl_8\">w <\/span><span class=\"_fadeIn_m1hgl_8\">\u0106wiczenie <\/span><span class=\"_fadeIn_m1hgl_8\">ich <\/span><span class=\"_fadeIn_m1hgl_8\">komercyjny <\/span><span class=\"_fadeIn_m1hgl_8\">lub <\/span><span class=\"_fadeIn_m1hgl_8\">niezale\u017cny <\/span><span class=\"_fadeIn_m1hgl_8\">profesjonalista <\/span><span class=\"_fadeIn_m1hgl_8\">Aktywno\u015b\u0107 <\/span><span class=\"_fadeIn_m1hgl_8\">dzia\u0142a\u0107.<\/span><\/p>\n<p data-start=\"603\" data-end=\"659\"><span class=\"_fadeIn_m1hgl_8\">A <\/span><span class=\"_fadeIn_m1hgl_8\">legalny <\/span><span class=\"_fadeIn_m1hgl_8\">Prawo do anulowania <\/span><span class=\"_fadeIn_m1hgl_8\">istnieje <\/span><span class=\"_fadeIn_m1hgl_8\">w zwi\u0105zku z tym <\/span><span class=\"_fadeIn_m1hgl_8\">nie.<\/span><\/p>\n<h3 data-start=\"661\" data-end=\"699\"><span class=\"_fadeIn_m1hgl_8\">Dlaczego <\/span><span class=\"_fadeIn_m1hgl_8\">Nie dotyczy <\/span><span class=\"_fadeIn_m1hgl_8\">w <\/span><span class=\"_fadeIn_m1hgl_8\">Prawo do anulowania?<\/span><\/h3>\n<p data-start=\"701\" data-end=\"976\"><span class=\"_fadeIn_m1hgl_8\">The <\/span><span class=\"_fadeIn_m1hgl_8\">Prawo do anulowania <\/span><span class=\"_fadeIn_m1hgl_8\">do <a href=\"https:\/\/www.gesetze-im-internet.de\/bgb\/__355.html\" target=\"_blank\" rel=\"noopener\">\u00a7 <\/a><\/span><a href=\"\/pl\/_wp_link_placeholder\/\"><span class=\"_fadeIn_m1hgl_8\">355 <\/span><span class=\"_fadeIn_m1hgl_8\">NIEMIECKI KODEKS CYWILNY <\/span><\/a><span class=\"_fadeIn_m1hgl_8\">dotyczy <\/span><span class=\"_fadeIn_m1hgl_8\">wy\u0142\u0105cznie <\/span><span class=\"_fadeIn_m1hgl_8\">dla <\/span><span class=\"_fadeIn_m1hgl_8\">Konsumenci. <\/span><span class=\"_fadeIn_m1hgl_8\">Od <\/span><span class=\"_fadeIn_m1hgl_8\">my <\/span><span class=\"_fadeIn_m1hgl_8\">wy\u0142\u0105cznie <\/span><span class=\"_fadeIn_m1hgl_8\">z <\/span><span class=\"_fadeIn_m1hgl_8\">Klienci biznesowi <\/span><span class=\"_fadeIn_m1hgl_8\">wsp\u00f3\u0142pracowa\u0107, <\/span><span class=\"_fadeIn_m1hgl_8\">Nie dotyczy <\/span><span class=\"_fadeIn_m1hgl_8\">w <\/span><span class=\"_fadeIn_m1hgl_8\">Obowi\u0105zkowe <\/span><span class=\"_fadeIn_m1hgl_8\">do <\/span><span class=\"_fadeIn_m1hgl_8\">Koncesja <\/span><span class=\"_fadeIn_m1hgl_8\">jeden <\/span><span class=\"_fadeIn_m1hgl_8\">taki <\/span><span class=\"_fadeIn_m1hgl_8\">Prawo do odst\u0105pienia od umowy. <\/span><span class=\"_fadeIn_m1hgl_8\">Te <\/span><span class=\"_fadeIn_m1hgl_8\">Rozporz\u0105dzenie <\/span><span class=\"_fadeIn_m1hgl_8\">s\u0142u\u017cy <\/span><span class=\"_fadeIn_m1hgl_8\">w <\/span><span class=\"_fadeIn_m1hgl_8\">Przejrzysto\u015b\u0107 <\/span><span class=\"_fadeIn_m1hgl_8\">i <\/span><span class=\"_fadeIn_m1hgl_8\">w <\/span><span class=\"_fadeIn_m1hgl_8\">Sprawiedliwo\u015b\u0107 <\/span><span class=\"_fadeIn_m1hgl_8\">w <\/span><span class=\"_fadeIn_m1hgl_8\">biznes <\/span><span class=\"_fadeIn_m1hgl_8\">Ruch drogowy.<\/span><\/p>\n<h3 data-start=\"978\" data-end=\"1015\"><span class=\"_fadeIn_m1hgl_8\">Nasz <\/span><span class=\"_fadeIn_m1hgl_8\">dobrowolny <\/span><span class=\"_fadeIn_m1hgl_8\">Rezerwa na warto\u015b\u0107 firmy<\/span><\/h3>\n<p data-start=\"1017\" data-end=\"1322\"><span class=\"_fadeIn_m1hgl_8\">R\u00f3wnie\u017c <\/span><span class=\"_fadeIn_m1hgl_8\">kiedy <\/span><span class=\"_fadeIn_m1hgl_8\">brak <\/span><span class=\"_fadeIn_m1hgl_8\">legalny <\/span><span class=\"_fadeIn_m1hgl_8\">Roszczenie <\/span><span class=\"_fadeIn_m1hgl_8\">na <\/span><span class=\"_fadeIn_m1hgl_8\">Cofni\u0119cie <\/span><span class=\"_fadeIn_m1hgl_8\">istnieje, <\/span><span class=\"_fadeIn_m1hgl_8\">jest <\/span><span class=\"_fadeIn_m1hgl_8\">my <\/span><span class=\"_fadeIn_m1hgl_8\">Tw\u00f3j <\/span><span class=\"_fadeIn_m1hgl_8\">Zadowolenie <\/span><span class=\"_fadeIn_m1hgl_8\">wa\u017cne. <\/span><span class=\"_fadeIn_m1hgl_8\">Powinien <\/span><span class=\"_fadeIn_m1hgl_8\">to <\/span><span class=\"_fadeIn_m1hgl_8\">raz <\/span><span class=\"_fadeIn_m1hgl_8\">do <\/span><span class=\"_fadeIn_m1hgl_8\">problemy <\/span><span class=\"_fadeIn_m1hgl_8\">z <\/span><span class=\"_fadeIn_m1hgl_8\">jeden <\/span><span class=\"_fadeIn_m1hgl_8\">dostawa <\/span><span class=\"_fadeIn_m1hgl_8\">lub <\/span><span class=\"_fadeIn_m1hgl_8\">jeden <\/span><span class=\"_fadeIn_m1hgl_8\">Produkt <\/span><span class=\"_fadeIn_m1hgl_8\">przyj\u015b\u0107, <\/span><span class=\"_fadeIn_m1hgl_8\">zestaw <\/span><span class=\"_fadeIn_m1hgl_8\">Ty <\/span><span class=\"_fadeIn_m1hgl_8\">sam <\/span><span class=\"_fadeIn_m1hgl_8\">prosz\u0119 <\/span><span class=\"_fadeIn_m1hgl_8\">z <\/span><span class=\"_fadeIn_m1hgl_8\">my <\/span><span class=\"_fadeIn_m1hgl_8\">w <\/span><span class=\"_fadeIn_m1hgl_8\">Po\u0142\u0105czenie. <\/span><span class=\"_fadeIn_m1hgl_8\">My <\/span><span class=\"_fadeIn_m1hgl_8\">czek <\/span><span class=\"_fadeIn_m1hgl_8\">razem <\/span><span class=\"_fadeIn_m1hgl_8\">jeden <\/span><span class=\"_fadeIn_m1hgl_8\">Zorientowany na klienta <\/span><span class=\"_fadeIn_m1hgl_8\">Rozwi\u0105zanie <\/span><span class=\"_fadeIn_m1hgl_8\">w <\/span><span class=\"_fadeIn_m1hgl_8\">Rama <\/span><span class=\"_fadeIn_m1hgl_8\">nasz <\/span><span class=\"_fadeIn_m1hgl_8\">Rezerwa na warto\u015b\u0107 firmy<\/span><span class=\"_fadeIn_m1hgl_8\">.<\/span><\/p>\n<p data-start=\"1324\" data-end=\"1439\"><span class=\"_fadeIn_m1hgl_8\">Skontaktuj si\u0119 z nami <\/span><span class=\"_fadeIn_m1hgl_8\">Ty <\/span><span class=\"_fadeIn_m1hgl_8\">my <\/span><span class=\"_fadeIn_m1hgl_8\">dodatkowo <\/span><span class=\"_fadeIn_m1hgl_8\">prosty <\/span><span class=\"_fadeIn_m1hgl_8\">za <\/span><span class=\"_fadeIn_m1hgl_8\">E-<\/span><span class=\"_fadeIn_m1hgl_8\">Poczta <\/span><span class=\"_fadeIn_m1hgl_8\">pod adresem info@ptm-mechatronics.<\/span><span class=\"_fadeIn_m1hgl_8\">com<\/span> <span class=\"_fadeIn_m1hgl_8\">lub <\/span><span class=\"_fadeIn_m1hgl_8\">telefonicznie <\/span><span class=\"_fadeIn_m1hgl_8\">pod +<\/span><span class=\"_fadeIn_m1hgl_8\">49 8134 25 797 0<\/span><span class=\"_fadeIn_m1hgl_8\">.<\/span><\/p>\n<h3 data-start=\"1441\" data-end=\"1466\"><span class=\"_fadeIn_m1hgl_8\">Wi\u0119cej <\/span><span class=\"_fadeIn_m1hgl_8\">Informacje na temat<\/span><\/h3>\n<p data-start=\"1468\" data-end=\"1655\"><span class=\"_fadeIn_m1hgl_8\">Szczeg\u00f3\u0142owy <\/span><span class=\"_fadeIn_m1hgl_8\">Informacje na temat <\/span><span class=\"_fadeIn_m1hgl_8\">Znajd\u017a <\/span><span class=\"_fadeIn_m1hgl_8\">Ty <\/span><span class=\"_fadeIn_m1hgl_8\">w <\/span><span class=\"_fadeIn_m1hgl_8\">nasze <\/span><a href=\"https:\/\/ptm-mechatronics.com\/pl\/agb\/\" target=\"_blank\" rel=\"noopener\"><span class=\"_fadeIn_m1hgl_8\">Og\u00f3lne <\/span><span class=\"_fadeIn_m1hgl_8\">Warunki (<\/span><span class=\"_fadeIn_m1hgl_8\">GTC)<\/span><\/a><span class=\"_fadeIn_m1hgl_8\">, <\/span><span class=\"_fadeIn_m1hgl_8\">w <\/span><span class=\"_fadeIn_m1hgl_8\">te <\/span><span class=\"_fadeIn_m1hgl_8\">r\u00f3wnie\u017c <\/span><span class=\"_fadeIn_m1hgl_8\">regulowany <\/span><span class=\"_fadeIn_m1hgl_8\">jest, <\/span><span class=\"_fadeIn_m1hgl_8\">\u017ce <\/span><span class=\"_fadeIn_m1hgl_8\">nasz <\/span><span class=\"_fadeIn_m1hgl_8\">Oferta <\/span><span class=\"_fadeIn_m1hgl_8\">wy\u0142\u0105cznie <\/span><span class=\"_fadeIn_m1hgl_8\">dla <\/span><span class=\"_fadeIn_m1hgl_8\">komercyjny <\/span><span class=\"_fadeIn_m1hgl_8\">Klienci <\/span><span class=\"_fadeIn_m1hgl_8\">dotyczy.<\/span><\/p>\n\t\t<\/div>\n\n\t\t\n<style>\n#section_1347236025 {\n  padding-top: 30px;\n  padding-bottom: 30px;\n}\n#section_1347236025 .section-bg-overlay {\n  background-color: rgba(255, 255, 255, 0.459);\n}\n<\/style>\n\t<\/section>","protected":false},"excerpt":{"rendered":"","protected":false},"author":5,"featured_media":0,"parent":0,"menu_order":0,"comment_status":"closed","ping_status":"closed","template":"","meta":{"_acf_changed":false,"footnotes":""},"class_list":["post-13599","page","type-page","status-publish","hentry"],"acf":[],"_links":{"self":[{"href":"https:\/\/ptm-mechatronics.com\/pl\/wp-json\/wp\/v2\/pages\/13599","targetHints":{"allow":["GET"]}}],"collection":[{"href":"https:\/\/ptm-mechatronics.com\/pl\/wp-json\/wp\/v2\/pages"}],"about":[{"href":"https:\/\/ptm-mechatronics.com\/pl\/wp-json\/wp\/v2\/types\/page"}],"author":[{"embeddable":true,"href":"https:\/\/ptm-mechatronics.com\/pl\/wp-json\/wp\/v2\/users\/5"}],"replies":[{"embeddable":true,"href":"https:\/\/ptm-mechatronics.com\/pl\/wp-json\/wp\/v2\/comments?post=13599"}],"version-history":[{"count":6,"href":"https:\/\/ptm-mechatronics.com\/pl\/wp-json\/wp\/v2\/pages\/13599\/revisions"}],"predecessor-version":[{"id":13608,"href":"https:\/\/ptm-mechatronics.com\/pl\/wp-json\/wp\/v2\/pages\/13599\/revisions\/13608"}],"wp:attachment":[{"href":"https:\/\/ptm-mechatronics.com\/pl\/wp-json\/wp\/v2\/media?parent=13599"}],"curies":[{"name":"wp","href":"https:\/\/api.w.org\/{rel}","templated":true}]}}